{"id":129,"date":"2021-11-27T02:48:18","date_gmt":"2021-11-27T05:48:18","guid":{"rendered":"https:\/\/famaura.com.br\/home\/?page_id=129"},"modified":"2021-12-18T19:23:39","modified_gmt":"2021-12-18T22:23:39","slug":"termos-de-uso","status":"publish","type":"page","link":"https:\/\/famaura.com.br\/home\/termos-de-uso\/","title":{"rendered":"Termos de Uso"},"content":{"rendered":"<p><span style=\"font-weight: 400;\">Os termos de uso s\u00e3o regras do que voc\u00ea pode ou n\u00e3o fazer com os produtos <\/span><b><i>FaMaura Designs<\/i><\/b><\/p>\n<p><span style=\"font-weight: 400;\">Regras essas que s\u00e3o vari\u00e1veis de acordo com cada categoria de produtos aqui em nossa loja.<\/span><\/p>\n<p><span style=\"font-weight: 400;\">\u00c9 vari\u00e1vel tamb\u00e9m de acordo com cada designer, esses aqui s\u00e3o os termos by <\/span><b><i>FaMaura Designs<\/i><\/b><span style=\"font-weight: 400;\">, leia com aten\u00e7\u00e3o.<\/span><\/p>\n<p><span style=\"font-weight: 400;\">Quaisquer d\u00favidas, entre em contato pelo <\/span><b><i>e-mail: fa.maura@hotmail.com<\/i><\/b><\/p>\n<p><span style=\"font-weight: 400;\">&nbsp;<\/span><\/p>\n<p><b><i>Produtos de Uso Pessoal &amp; Scrap para Venda &#8211; Personal Use &amp; Scrap for Hire (S4H) .<br><\/i><\/b><span style=\"font-weight: 400;\">Os produtos com a licen\u00e7a de<\/span><b><i> Uso Pessoal<\/i><\/b><b>, <\/b><span style=\"font-weight: 400;\">s\u00e3o produtos no qual voc\u00ea pode usar para criar produtos f\u00edsicos para uso pessoal e para presentear.<\/span><\/p>\n<p><span style=\"font-weight: 400;\">Os produtos com a licen\u00e7a de uso <\/span><b><i>Scrap for Hire (S4H) &#8211; Scrap para Venda<\/i><\/b><span style=\"font-weight: 400;\">, s\u00e3o produtos que voc\u00ea pode comprar e usar para criar produtos f\u00edsicos para venda.<\/span><\/p>\n<p><span style=\"font-weight: 400;\">Os produtos <\/span><b><i>FaMaura Designs<\/i><\/b><span style=\"font-weight: 400;\"> listados abaixo voc\u00ea pode comprar e fazer produtos f\u00edsicos para venda, sem nenhuma taxa extra para uso, desde que seja feito em pouca escala e artesanal, respeitando o <\/span><b><i>Termos de Uso Pessoal &amp; Scrap for Hire ( Scrap para Venda)<\/i><\/b><\/p>\n<p><a href=\"https:\/\/famaura.com.br\/home\/categoria-produto\/produtos-digitais\/alfabetos\/\"><b><i>Alfabetos<\/i><\/b><span style=\"font-weight: 400;\"><br><\/span><\/a><a href=\"https:\/\/famaura.com.br\/home\/categoria-produto\/produtos-digitais\/cards\/\"><b><i>Cards<\/i><\/b><span style=\"font-weight: 400;\"><br><\/span><\/a><a href=\"https:\/\/famaura.com.br\/home\/categoria-produto\/produtos-digitais\/cliparts\/\"><b><i>Cliparts<\/i><\/b><span style=\"font-weight: 400;\"><br><\/span><\/a><a href=\"https:\/\/famaura.com.br\/home\/categoria-produto\/produtos-digitais\/embellishment\/\"><b><i>Embellishment<\/i><\/b><span style=\"font-weight: 400;\"><br><\/span><\/a><a href=\"https:\/\/famaura.com.br\/home\/categoria-produto\/produtos-digitais\/kits-digitais\/\"><b><i>Kits Digitais<\/i><\/b><span style=\"font-weight: 400;\"><br><\/span><\/a><a href=\"https:\/\/famaura.com.br\/home\/categoria-produto\/produtos-digitais\/papeis-digitais\/\"><b><i>Pap\u00e9is Digitais<\/i><\/b><span style=\"font-weight: 400;\"><br><\/span><\/a><a href=\"https:\/\/famaura.com.br\/home\/categoria-produto\/produtos-digitais\/printables\/\"><b><i>Printables<\/i><\/b><span style=\"font-weight: 400;\"><br><\/span><\/a><a href=\"https:\/\/famaura.com.br\/home\/categoria-produto\/produtos-digitais\/quick-page\/\"><b><i>Quick Page<\/i><\/b><b><i><\/i><\/b><\/a><\/p>\n<p><\/p>\n<p><b><i>Termos de Uso \u2013 Uso Comercial (Produtos para Designers de Kits Digitais)<\/i><\/b><b><i><br><\/i><\/b><span style=\"font-weight: 400;\">Os produtos com a licen\u00e7a de<\/span><b><i> Uso Comercial FaMaura Designs<\/i><\/b><b>, <\/b><span style=\"font-weight: 400;\">s\u00e3o produtos no qual voc\u00ea pode usar para compor seus kits digitais para venda, n\u00e3o ultrapassando mais que 25% de produtos <\/span><b><i>FaMaura Designs<\/i><\/b><span style=\"font-weight: 400;\"> em seus kits. <\/span><span style=\"font-weight: 400;\"><br><\/span><span style=\"font-weight: 400;\"><br><\/span><span style=\"font-weight: 400;\">Quando utilizados os produtos de uso comercial para compor seus kits, voc\u00ea tamb\u00e9m deve incluir nos seus termos de uso, parte dos termos de uso de uso pessoal <\/span><b><i>FaMaura Designs<\/i><\/b><span style=\"font-weight: 400;\">, do que \u00e9 permitido ou n\u00e3o.<\/span><span style=\"font-weight: 400;\"><br><\/span><span style=\"font-weight: 400;\">D\u00favidas entre em contato por e-mail.<\/span><span style=\"font-weight: 400;\"><br><\/span><span style=\"font-weight: 400;\"><br><\/span><span style=\"font-weight: 400;\">No momento n\u00e3o temos na loja produtos de uso comercial para designers, assim que tiver a lista ser\u00e1 atualizada aqui.<\/span><span style=\"font-weight: 400;\"><br><\/span><span style=\"font-weight: 400;\">Os produtos de uso comercial para designers, ser\u00e3o identificados na loja como <\/span><b><i>CUse<\/i><\/b><span style=\"font-weight: 400;\"><br><\/span><span style=\"font-weight: 400;\"><br><\/span><b><\/b><b>Sobre a impress\u00e3o em gr\u00e1fica.<\/b><b><br><\/b><span style=\"font-weight: 400;\">Todos os produtos listados acima voc\u00ea pode imprimir em gr\u00e1fica, desde que seja usado por quem os comprou, em pequena escala, para <\/span><b>uso pessoal<\/b><span style=\"font-weight: 400;\"> ou para <\/span><b>venda de produto f\u00edsico<\/b><span style=\"font-weight: 400;\">, n\u00e3o \u00e9&nbsp; autorizado a impress\u00e3o de lotes dos produtos para serem comercializados impressos, para cursos, doa\u00e7\u00e3o ou vendas on-line.<\/span><\/p>\n<p><span style=\"font-weight: 400;\">Caso necessite de algo espec\u00edfico que n\u00e3o encontre aqui no termos, entre em contato.<\/span><span style=\"font-weight: 400;\"><br><\/span><span style=\"font-weight: 400;\"><br><\/span><\/p>\n<p><em><strong>Sobre os freebies<br><\/strong><\/em>Os freebies s\u00e3o oferecidos de acordo com&nbsp; cada a\u00e7\u00e3o, por tempo limitado.<\/p>\n<p>\u00c9 importante enfatizar que a inte\u00e7\u00e3o de oferecer freebie \u00e9 para que as pessoas tenham a oportunidade de conhecer os produtos <em><strong>FaMaura Designs<\/strong><\/em>.<\/p>\n<p>Os freebies s\u00e3o de uso pessoal ou scrap para venda, mais respeitando os termos, mesmo sendo oferecido na a\u00e7\u00e3o como free, <em><strong>voc\u00ea n\u00e3o pode<\/strong><\/em> disponibilizar os arquivos, \u00e9 contra as politicas de uso <em><strong>FaMaura Designs<\/strong><\/em>.<\/p>\n<p><em>Caso deseje compartilhar a a\u00e7\u00e3o e o freebie,<\/em><em><strong> voc\u00ea deve<\/strong><\/em> enviar o link da loja para que a pessoa baixe o dela.<\/p>\n<p>Cada ordem de compra possui um n\u00famero, esse n\u00famero \u00e9 a sua autoriza\u00e7\u00e3o de uso, que \u00e9 de uso pessoal, intransferiv\u00e9l e&nbsp; n\u00e3o coletivo.<\/p>\n<p>Ao fazer a compra em nossa loja, os produtos que voc\u00ea comprou o direito de uso est\u00e3o registrados em seu nome.<\/p>\n<p>Voc\u00ea possui o direito de us\u00e1-los, n\u00e3o s\u00e3o seus, s\u00e3o de propiedade <em><strong>FaMaura Designs.<\/strong><\/em><\/p><em><strong>\n<\/strong><\/em><p><em><strong><\/strong><\/em>Vale lembrar que o bom senso e respeito deve ser sempre mantido em nossa comunidade.<\/p>\n<p><\/p>\n<p><b><i>Termos de Uso \u2013 Uso Pessoal<\/i><\/b><\/p>\n<p><span style=\"font-weight: 400;\">Para usar os produtos de <\/span><b><i>FaMaura Designs<\/i><\/b><span style=\"font-weight: 400;\">, voc\u00ea dever\u00e1 concordar com os termos de uso a seguir.<\/span><\/p>\n<p><span style=\"font-weight: 400;\">Por favor, leia tudo com aten\u00e7\u00e3o.<\/span><\/p>\n<p><b><i>Voc\u00ea<\/i><\/b> <span style=\"font-weight: 400;\">tem autoriza\u00e7\u00e3o para usar estes produtos em projetos pessoais e de Artesanato Profissional.<\/span><\/p>\n<p><b><i>Voc\u00ea<\/i><\/b> <span style=\"font-weight: 400;\">poder\u00e1 usar em seus pr\u00f3prios projetos, por\u00e9m voc\u00ea n\u00e3o deve oferec\u00ea-los em nenhuma outra cole\u00e7\u00e3o de kits, em nenhum web site, individualmente e nem tampouco para venda ou distribui\u00e7\u00e3o gratuita.<\/span><\/p>\n<p><span style=\"font-weight: 400;\">Tamb\u00e9m n\u00e3o \u00e9 permitido alterar os arquivos originais ou oferec\u00ea-los como se fossem de sua propriedade.<\/span><\/p>\n<p><span style=\"font-weight: 400;\">Todos estes produtos e imagens s\u00e3o de propriedade exclusiva de <\/span><b><i>FaMaura Designs<\/i><\/b><span style=\"font-weight: 400;\"> com todos os direitos de autor reservados e est\u00e3o protegidos por lei.<\/span><span style=\"font-weight: 400;\"><br><\/span><span style=\"font-weight: 400;\"><br><\/span><span style=\"font-weight: 400;\">As leis de Copyright permitem que estes produtos sejam usados na venda de produtos artesanais diretamente ao consumidor sem infringir nenhuma lei de propriedade.<\/span><\/p>\n<p><span style=\"font-weight: 400;\">Estes n\u00e3o foram vendidos a voc\u00ea e nem se tornaram de sua propriedade.<\/span><\/p>\n<p><b><i>Voc\u00ea <\/i><\/b><span style=\"font-weight: 400;\">apenas possui uma licen\u00e7a para us\u00e1-los.<\/span><span style=\"font-weight: 400;\"><br><\/span><\/p>\n<p><\/p>\n<p><b><i>VOC\u00ca PODE:<\/i><\/b><\/p>\n<p><b><i>Voc\u00ea pode usar<\/i><\/b><span style=\"font-weight: 400;\"> estes produtos em suas p\u00e1ginas de scrapbook comerciais (albuns e fotolivros para terceiros)&nbsp; ou pessoais.Uso dos produtos para revenda com o prop\u00f3sito de incrementar seu trabalho:<\/span><\/p>\n<p><span style=\"font-weight: 400;\">Nossa inten\u00e7\u00e3o \u00e9 proporcionar elementos para artesanato e trabalhos manuais.<\/span><\/p>\n<p><span style=\"font-weight: 400;\">O uso destas imagens em grande escala de produ\u00e7\u00e3o requer contato para autoriza\u00e7\u00e3o ou n\u00e3o.<\/span><span style=\"font-weight: 400;\"><br><\/span><span style=\"font-weight: 400;\"><br><\/span><b><i>Voc\u00ea<\/i><\/b><span style=\"font-weight: 400;\"> dever\u00e1 submeter os layouts criados com estes produtos para publica\u00e7\u00e3o em redes sociais, revistas, galerias de scrapbook com os devidos cr\u00e9ditos de propriedade para <\/span><b><i>FaMaura Designs<\/i><\/b><span style=\"font-weight: 400;\">.<\/span><span style=\"font-weight: 400;\"><br><\/span><span style=\"font-weight: 400;\"><br><\/span><span style=\"font-weight: 400;\"><br><\/span><b><i>VOC\u00ca N\u00c3O PODE:<\/i><\/b><\/p>\n<p><b><i>Voc\u00ea n\u00e3o pode<\/i><\/b><span style=\"font-weight: 400;\"> declarar estes produtos como se fossem seus.<\/span><span style=\"font-weight: 400;\"><br><\/span><span style=\"font-weight: 400;\"><br><\/span><b><i>Voc\u00ea n\u00e3o <\/i><\/b><span style=\"font-weight: 400;\">pode alterar estes produtos e depois dizer que s\u00e3o seus.<\/span><span style=\"font-weight: 400;\"><br><\/span><span style=\"font-weight: 400;\"><br><\/span><b><i>Voc\u00ea n\u00e3o<\/i><\/b><span style=\"font-weight: 400;\"> pode usar estes produtos&nbsp; para adicion\u00e1-los aos seus pr\u00f3prios para afirmar que sejam seus.<\/span><span style=\"font-weight: 400;\"><br><\/span><span style=\"font-weight: 400;\"><br><\/span><b><i>Voc\u00ea n\u00e3o<\/i><\/b><span style=\"font-weight: 400;\"> pode transformar qualquer produto <\/span><b><i>FaMaura Designs<\/i><\/b><span style=\"font-weight: 400;\"> em gifs, cliparts ou brushes para uso em programas gr\u00e1ficos e redistribu\u00ed-los de forma alguma.<\/span><span style=\"font-weight: 400;\"><br><\/span><span style=\"font-weight: 400;\"><br><\/span><b><i>Voc\u00ea n\u00e3o<\/i><\/b><span style=\"font-weight: 400;\"> pode oferecer qualquer imagem dos produtos de <\/span><b><i>FaMaura Designs<\/i><\/b><span style=\"font-weight: 400;\"> em nenhum web site para download, nem enviar para listas de email, comunidades da Internet, Grupos , Canais ou por qualquer outro meio.<\/span><span style=\"font-weight: 400;\"><br><\/span><span style=\"font-weight: 400;\"><br><\/span><b><i>VOC\u00ca N\u00c3O PODE<\/i><\/b><span style=\"font-weight: 400;\"> reproduzir estes produtos em bordados digitais para revender.<\/span><\/p>\n<p><b><i>VOC\u00ca N\u00c3O PODE<\/i><\/b><span style=\"font-weight: 400;\"> fazer carimbos com estes produtos.<\/span><\/p>\n<p><b><i>VOC\u00ca N\u00c3O PODE<\/i><\/b><span style=\"font-weight: 400;\"> fazer kits de bordados manuais<\/span><\/p>\n<p><b><i>VOC\u00ca N\u00c3O PODE<\/i><\/b><span style=\"font-weight: 400;\"> compor kits para Scrapbook.<\/span><\/p>\n<p><b><i>VOC\u00ca N\u00c3O PODE<\/i><\/b><span style=\"font-weight: 400;\"> adicionar ou incluir estes produtos em programas para computador ou Softwares.<\/span><\/p>\n<p><b><i>VOC\u00ca N\u00c3O PODE<\/i><\/b><span style=\"font-weight: 400;\"> usar estes produtos em p\u00e1ginas de web sites.<\/span><\/p>\n<p><b><i>VOC\u00ca N\u00c3O PODE<\/i><\/b><span style=\"font-weight: 400;\"> usar estes produtos em logotipos e logomarcas<\/span><\/p>\n<p><b><i>VOC\u00ca N\u00c3O PODE<\/i><\/b><span style=\"font-weight: 400;\"> usar estes produtos em fotoprodutos, como canecas, camisetas, banners, painel de festas.<\/span><\/p>\n<p><b><i>VOC\u00ca N\u00c3O PODE <\/i><\/b><span style=\"font-weight: 400;\">usar estes produtos como moldes para bonecos nem os produzir para os mesmo.<\/span><span style=\"font-weight: 400;\"><br><\/span><span style=\"font-weight: 400;\"><br><\/span><b><i>VOC\u00ca N\u00c3O PODE <\/i><\/b><span style=\"font-weight: 400;\">usar estes produtos como moldes para&nbsp; pintura, seja ela de qualquer natureza.<\/span><\/p>\n<p><span style=\"font-weight: 400;\">Se voc\u00ea tiver alguma d\u00favida que n\u00e3o esteja respondida nesta licen\u00e7a de uso, favor contatar Fabiana Maura atrav\u00e9s do e-mail.<\/span><span style=\"font-weight: 400;\"><br><\/span><span style=\"font-weight: 400;\"><br><\/span><\/p>\n<p><\/p>\n<p><b><i>Termos de Uso \u2013 ScrapDecor\/Hibrido\/ScrapFesta&nbsp;<\/i><\/b><\/p>\n<p><span style=\"font-weight: 400;\">Para usar os produtos&nbsp; de<\/span><b>&nbsp; <\/b><b><i>FaMaura Designs<\/i><\/b><span style=\"font-weight: 400;\">, voc\u00ea dever\u00e1 concordar com os termos de uso a seguir.<\/span><\/p>\n<p><span style=\"font-weight: 400;\">Por favor, leia tudo com aten\u00e7\u00e3o.<\/span><\/p>\n<p><b><i>Voc\u00ea <\/i><\/b><span style=\"font-weight: 400;\">tem autoriza\u00e7\u00e3o para usar estes produtos em projetos pessoais e de Artesanato Profissional.<\/span><\/p>\n<p><b><i>Voc\u00ea<\/i><\/b><span style=\"font-weight: 400;\"> poder\u00e1 usar em seus pr\u00f3prios projetos, por\u00e9m voc\u00ea n\u00e3o deve oferec\u00ea-los em nenhuma outra cole\u00e7\u00e3o de gr\u00e1ficos, em nenhum web site, individualmente e nem tampouco para venda ou distribui\u00e7\u00e3o gratuita.<\/span><\/p>\n<p><span style=\"font-weight: 400;\">Tamb\u00e9m n\u00e3o \u00e9 permitido alterar os arquivos originais ou oferec\u00ea-los como se fossem de sua propriedade.<\/span><\/p>\n<p><span style=\"font-weight: 400;\">Todos estes produtos s\u00e3o de propriedade exclusiva de <\/span><b><i>FaMaura Designs<\/i><\/b><span style=\"font-weight: 400;\"> com todos os direitos de autor reservados.<\/span><\/p>\n<p><span style=\"font-weight: 400;\">Estes n\u00e3o foram vendidos a voc\u00ea e nem se tornaram de sua propriedade. <\/span><span style=\"font-weight: 400;\"><br><\/span><b><i>Voc\u00ea<\/i><\/b><span style=\"font-weight: 400;\"> apenas possui uma licen\u00e7a para us\u00e1-los.<\/span><\/p>\n<p><b>VOC\u00ca PODE:<\/b><\/p>\n<p><span style=\"font-weight: 400;\">Voc\u00ea pode usar estes produtos em scrap decor, scrapfesta, scrap hibrido comerciais ou pessoais.<\/span><\/p>\n<p><span style=\"font-weight: 400;\">Uso dos produtos para revenda com o prop\u00f3sito de incrementar seu trabalho:<\/span><\/p>\n<p><span style=\"font-weight: 400;\">As leis de Copyright permitem que estes produtos sejam usados na venda de produtos artesanais diretamente ao consumidor sem infringir nenhuma lei de propriedade.<\/span><\/p>\n<p><span style=\"font-weight: 400;\">Nossa inten\u00e7\u00e3o \u00e9 proporcionar elementos para artesanato e trabalhos manuais.<\/span><\/p>\n<p><span style=\"font-weight: 400;\">O uso destas imagens em grande escala de produ\u00e7\u00e3o requer autoriza\u00e7\u00e3o, entre em contato.<\/span><\/p>\n<p><b><i>Voc\u00ea<\/i><\/b><span style=\"font-weight: 400;\"> dever\u00e1 submeter as pe\u00e7as criadas com estes gr\u00e1ficos para publica\u00e7\u00e3o em redes sociais, revistas, galerias, blogs, lojas com os devidos cr\u00e9ditos de propriedade para <\/span><b><i>FaMaura Designs,<\/i><\/b><span style=\"font-weight: 400;\"> bem como utilizar o n\u00famero de sua ordem de compra como n\u00famero de licen\u00e7a de uso&nbsp; e autoriza\u00e7\u00e3o, lembrando que o seu cadastro na loja, deve conter al\u00e9m do seu nome verdadeiro o nome da sua empresa, assim evitando problemas futuros, com a licen\u00e7a de uso.<\/span><\/p>\n<p><b>VOC\u00ca N\u00c3O PODE:<\/b><\/p>\n<p><b>Voc\u00ea n\u00e3o pode<\/b><span style=\"font-weight: 400;\"> declarar estes produtos como se fossem seus.<\/span><\/p>\n<p><b>Voc\u00ea n\u00e3o pode<\/b><span style=\"font-weight: 400;\"> alterar estes produtos e depois dizer que s\u00e3o seus.<\/span><\/p>\n<p><b>Voc\u00ea n\u00e3o pode <\/b><span style=\"font-weight: 400;\">usar estes produtos para adicion\u00e1-los aos seus pr\u00f3prios para afirmar que s\u00e3o seus.<\/span><\/p>\n<p><b>Voc\u00ea n\u00e3o pode<\/b><span style=\"font-weight: 400;\"> transformar qualquer gr\u00e1fico de <\/span><b><i>FaMaura Designs<\/i><\/b><span style=\"font-weight: 400;\"> em gifs, cliparts ou brushes para uso em programas gr\u00e1ficos redistribu\u00ed-los de forma alguma.<\/span><\/p>\n<p><b>Voc\u00ea n\u00e3o pode <\/b><span style=\"font-weight: 400;\">oferecer qualquer imagem dos produtos de <\/span><b><i>FaMaura Designs<\/i><\/b><span style=\"font-weight: 400;\"> em nenhum web site para download, nem enviar para listas de email, comunidades da Internet, Grupos, canal ou em por qualquer outro meio.<\/span><\/p>\n<p><span style=\"font-weight: 400;\">Ao compr\u00e1-los, voc\u00ea comprou o direito de us\u00e1-los em seus projetos, isso n\u00e3o lhe d\u00e1 o direito de os revender, distribuir gratuitamente&nbsp; ou troc\u00e1-los.<\/span><\/p>\n<p><b>VOC\u00ca N\u00c3O PODE<\/b><span style=\"font-weight: 400;\"> adicionar ou incluir estes produtos ou desenhos em programas para computador ou Softwares.<\/span><\/p>\n<p><b>VOC\u00ca N\u00c3O PODE<\/b><span style=\"font-weight: 400;\"> usar estes produtos ou desenhos em p\u00e1ginas de web sites.<\/span><\/p>\n<p><b>VOC\u00ca N\u00c3O PODE <\/b><span style=\"font-weight: 400;\">usar estes produtos ou desenhos em logotipos e logomarcas<\/span><\/p>\n<p><b>VOC\u00ca N\u00c3O PODE<\/b><span style=\"font-weight: 400;\"> usar estes produtos em foto produtos.<\/span><\/p>\n<p><b>VOC\u00ca N\u00c3O PODE<\/b><span style=\"font-weight: 400;\"> usar estes gr\u00e1ficos ou desenhos como moldes para bonecos nem os produzir para os mesmo.<\/span><\/p>\n<p><span style=\"font-weight: 400;\">Se voc\u00ea tiver alguma d\u00favida que n\u00e3o esteja respondida nesta licen\u00e7a de uso, favor contatar Fabiana Maura atrav\u00e9s do e-mail.<\/span><span style=\"font-weight: 400;\"><br><\/span><span style=\"font-weight: 400;\"><br><\/span><\/p>\n<p><\/p>\n<p><b><i>Termos de Uso \u2013 Uso Comercial <\/i><\/b><b><i><br><\/i><\/b><span style=\"font-weight: 400;\">Estes termos de uso s\u00e3o v\u00e1lidos somente para produtos comerciais para designers de Kits Digitais.<\/span><\/p>\n<p><span style=\"font-weight: 400;\">A licen\u00e7a de uso comercial, permite a cria\u00e7\u00e3o de outros produtos para scrapbooking digital <\/span><span style=\"font-weight: 400;\"><br><\/span><span style=\"font-weight: 400;\"><br><\/span><span style=\"font-weight: 400;\">Usando produtos comerciais de <\/span><b><i>FaMaura Designs<\/i><\/b><span style=\"font-weight: 400;\"> , voc\u00ea est\u00e1 concordando com os termos abaixo, ent\u00e3o por favor leia com aten\u00e7\u00e3o.<\/span><\/p>\n<p><b><i>Voc\u00ea n\u00e3o pode:<\/i><\/b><b><i><br><\/i><\/b><b><i>Voc\u00ea n\u00e3o pode<\/i><\/b><span style=\"font-weight: 400;\"> vender meus produtos em sua forma original, individualmente;<\/span><\/p>\n<p><b><i>Voc\u00ea n\u00e3o pode<\/i><\/b><span style=\"font-weight: 400;\"> usar meus produtos comerciais para fazer outros produtos comerciais.<\/span><\/p>\n<p><span style=\"font-weight: 400;\">Quando criar Cart\u00f5es, P\u00e1ginas Prontas e \u00c1lbuns de Fotografias Digitais, o produto final precisa ser salvo com formato .png, ou .jpg com as camadas unidas, n\u00e3o em camadas ou elementos individuais;<\/span><\/p>\n<p><b><i>Voc\u00ea n\u00e3o<\/i><\/b><span style=\"font-weight: 400;\"> pode criar um kit ou um pacote somente com produtos comerciais. Os produtos comerciais <\/span><b><i>FaMaura Designs <\/i><\/b><span style=\"font-weight: 400;\">s\u00f3 poder\u00e3o ser inclu\u00eddos em 25% da composi\u00e7\u00e3o de um kit;<\/span><\/p>\n<p><b><i>Voc\u00ea n\u00e3o<\/i><\/b><span style=\"font-weight: 400;\"> pode usar meus produtos em publica\u00e7\u00f5es ou P\u00e1ginas de Internet ilegais.<\/span><\/p>\n<p><b><i>Voc\u00ea n\u00e3o<\/i><\/b><span style=\"font-weight: 400;\"> pode re-configurar as cores de meus produtos, ou alter\u00e1-los em escala cinza para revend\u00ea-los como templates;<\/span><\/p>\n<p><b><i>Voc\u00ea n\u00e3o<\/i><\/b><span style=\"font-weight: 400;\"> pode re-configurar ou alter\u00e1-los e revend\u00ea-los como arquivos de corte para qualquer equipamento;<\/span><\/p>\n<p><b><i>Voc\u00ea n\u00e3o<\/i><\/b><span style=\"font-weight: 400;\"> pode oferecer estes produtos em nenhuma p\u00e1gina de Internet para download, como Grupos, Canais e Redes Sociais ou inclu\u00ed-los em uma cole\u00e7\u00e3o de produtos publicados na internet ou outros.<\/span><\/p>\n<p><b><i>Voc\u00ea n\u00e3o<\/i><\/b><span style=\"font-weight: 400;\"> pode usar estes produtos em produtos como foto produtos (camisetas, copos, canetas, canecas, etc)<\/span><\/p>\n<p><b><i>Voc\u00ea n\u00e3o<\/i><\/b><span style=\"font-weight: 400;\"> pode usar os produtos <\/span><b><i>FaMaura Designs<\/i><\/b><span style=\"font-weight: 400;\"> em logotipo e logomarcas.<\/span><span style=\"font-weight: 400;\"><br><\/span><\/p>\n<p><\/p>\n<p><b><i>Voc\u00ea pode:<\/i><\/b><\/p>\n<p><b><i>Voc\u00ea pode<\/i><\/b><span style=\"font-weight: 400;\"> alterar o tamanho e a cor;<\/span><\/p>\n<p><b><i>Voc\u00ea pode<\/i><\/b><span style=\"font-weight: 400;\"> usar os produtos comerciais para criar Kits Digitais, P\u00e1ginas Prontas, \u00c1lbuns de Fotografias Digitais, Cart\u00f5es, Papelaria em geral.<\/span><span style=\"font-weight: 400;\"><br><\/span><span style=\"font-weight: 400;\">produzir para os mesmo.<\/span><\/p>\n<p><span style=\"font-weight: 400;\">Se voc\u00ea tiver alguma d\u00favida que n\u00e3o esteja respondida nesta licen\u00e7a de uso, favor contatar Fabiana Maura atrav\u00e9s do e-mail.<\/span><span style=\"font-weight: 400;\"><br><\/span><span style=\"font-weight: 400;\">Espero, sinceramente, que voc\u00ea aprecie o trabalho e que este seja lhe motivo de alegria e divers\u00e3o.<\/span><\/p>\n<p><span style=\"font-weight: 400;\">Abra\u00e7os carinhosos e \u201cHappy Scrapping\u201d.<\/span><\/p>\n<p><b>A licen\u00e7a de uso dos produtos \u00e9 o n\u00famero da sua ordem de compra.<\/b><b><br><\/b><b>Para evitarmos problemas com a pirataria e uso indevido das imagens, mantenha seu cadastro atualizado com o nome da sua empresa e seu nome de pessoa f\u00edsica.<\/b><\/p>\n<p><b>Sempre leia o meu TOU antes de comprar qualquer produto, d\u00favidas me escreva.<\/b><\/p>\n<p><span style=\"font-weight: 400;\">atualizado em dezembro 2021 Fa Maura Designs<\/span><\/p>\n\n\n<div id=\"section-g5f0204\" class=\"wp-block-gutentor-e6 alignfull section-g5f0204 gutentor-element gutentor-element-image\"><div class=\"gutentor-element-image-box\"><div class=\"gutentor-image-thumb\"><img decoding=\"async\" class=\"normal-image\" src=\"https:\/\/famaura.com.br\/home\/wp-content\/uploads\/2021\/12\/SeparacaoBlog.png\"\/><\/div><\/div><\/div>\n","protected":false},"excerpt":{"rendered":"<p>Os termos de uso s\u00e3o regras do que voc\u00ea pode ou n\u00e3o fazer com os produtos FaMaura Designs Regras essas que s\u00e3o vari\u00e1veis de acordo com cada categoria de produtos aqui em nossa loja. \u00c9 vari\u00e1vel tamb\u00e9m de acordo com cada designer, esses aqui s\u00e3o os termos by FaMaura Designs, leia com aten\u00e7\u00e3o. Quaisquer d\u00favidas, entre em contato pelo e-mail: fa.maura@hotmail.com &nbsp; Produtos de Uso Pessoal &amp; Scrap para Venda &#8211; Personal Use &amp; Scrap for Hire (S4H) .Os produtos com a licen\u00e7a de Uso Pessoal, s\u00e3o produtos no qual&hellip;<\/p>\n","protected":false},"author":1,"featured_media":0,"parent":0,"menu_order":0,"comment_status":"closed","ping_status":"closed","template":"","meta":{"jetpack_post_was_ever_published":false,"footnotes":""},"class_list":["post-129","page","type-page","status-publish","hentry"],"jetpack_sharing_enabled":true,"_links":{"self":[{"href":"https:\/\/famaura.com.br\/home\/wp-json\/wp\/v2\/pages\/129","targetHints":{"allow":["GET"]}}],"collection":[{"href":"https:\/\/famaura.com.br\/home\/wp-json\/wp\/v2\/pages"}],"about":[{"href":"https:\/\/famaura.com.br\/home\/wp-json\/wp\/v2\/types\/page"}],"author":[{"embeddable":true,"href":"https:\/\/famaura.com.br\/home\/wp-json\/wp\/v2\/users\/1"}],"replies":[{"embeddable":true,"href":"https:\/\/famaura.com.br\/home\/wp-json\/wp\/v2\/comments?post=129"}],"version-history":[{"count":0,"href":"https:\/\/famaura.com.br\/home\/wp-json\/wp\/v2\/pages\/129\/revisions"}],"wp:attachment":[{"href":"https:\/\/famaura.com.br\/home\/wp-json\/wp\/v2\/media?parent=129"}],"curies":[{"name":"wp","href":"https:\/\/api.w.org\/{rel}","templated":true}]}}