{"id":2,"date":"2021-11-27T02:49:06","date_gmt":"2021-11-27T02:49:06","guid":{"rendered":"https:\/\/famaura.com.br\/home\/?page_id=2"},"modified":"2023-11-03T20:08:13","modified_gmt":"2023-11-03T23:08:13","slug":"faq","status":"publish","type":"page","link":"https:\/\/famaura.com.br\/home\/faq\/","title":{"rendered":"FAQ      Ajuda"},"content":{"rendered":"\n<p><strong><em>Sobre os produtos famaura&nbsp;<\/em><\/strong><\/p>\n\n\n\n<p>Os produtos famaura, s\u00e3o produtos digitais, todos eles criados dentro da t\u00e9cnica de scrapbooking digital, ou seja, n\u00e3o s\u00e3o produtos f\u00edsicos, s\u00e3o produtos que para serem usados voc\u00ea precisa de um programa de edi\u00e7\u00e3o de imagens e impressora para impress\u00e3o.<\/p>\n\n\n\n<p>Os produtos de scrapbooking digital, podem ser usados para: <br>cria\u00e7\u00e3o de layouts <br>cria\u00e7\u00e3o de mini \u00e1lbuns<br>cria\u00e7\u00e3o de projetos de decora\u00e7\u00e3o<br>cria\u00e7\u00e3o de produtos de scrapfesta<\/p>\n\n\n\n<blockquote class=\"wp-block-quote has-text-align-left is-layout-flow wp-block-quote-is-layout-flow\">\n<p><strong><em>Onde encontro os produtos?<\/em><\/strong><br><br>Os produtos que s\u00e3o vendidos somente aqui na loja, n\u00e3o comercializamos em nenhuma outra plataforma\/site. <br>N\u00e3o temos parceria de vendas.<\/p>\n<\/blockquote>\n\n\n\n<blockquote class=\"wp-block-quote has-text-align-left is-layout-flow wp-block-quote-is-layout-flow\">\n<p>Veja aqui  como navegar pela loja<\/p>\n<cite>Acesse &gt;&gt;<a href=\"https:\/\/youtu.be\/Uaeg7bUgvrc\">esse v\u00eddeo aqui em nosso canal <\/a>&lt;&lt; para ver como navegar pela loja<\/cite><\/blockquote>\n\n\n\n<p><\/p>\n\n\n\n<blockquote class=\"wp-block-quote has-text-align-left is-layout-flow wp-block-quote-is-layout-flow\">\n<p><strong><em>Como comprar os produtos famaura?<\/em><\/strong><br><br>Ao acessar a loja voc\u00ea deve criar a sua conta, adicionar o produto no carrinho e finalizar a compra, para isso voc\u00ea deve escolher a forma de pagamento e caso tenha cupom inserir no campo indicado, completar o pagamento.<br>Fique atento a sua conta de e-mail, as compras s\u00e3o atualizados e voc\u00ea receber\u00e1 e-mails avisando. Por favor, cheque sua caixa de entrada, lixo eletr\u00f4nico ou caixa de spam.<\/p>\n<\/blockquote>\n\n\n\n<blockquote class=\"wp-block-quote has-text-align-left is-layout-flow wp-block-quote-is-layout-flow\">\n<p><strong><em>Quais as formas de pagamento?<\/em><\/strong><\/p>\n<cite><strong>Voc\u00ea pode escolher o pagamento de acordo com a sua necessidade, pagando via cart\u00e3o de cr\u00e9dito, d\u00e9bito ou PIX.<br><\/strong><br><strong>Para <\/strong><em><span style=\"background-color:rgba(0, 0, 0, 0)\" class=\"has-inline-color has-vivid-cyan-blue-color\">clientes residente fora do Brasil<\/span><\/em><strong>, selecione a op\u00e7\u00e3o de pagamento via<\/strong><em> <span style=\"background-color:rgba(0, 0, 0, 0)\" class=\"has-inline-color has-vivid-cyan-blue-color\">Paypal<\/span><\/em><strong>, ela vai te redirecionar para o site do paypal<\/strong>,  <strong>o<\/strong> <strong>download \u00e9 liberado automaticamente ap\u00f3s a confirma\u00e7\u00e3o do pagamento.<\/strong> <br><br><strong>Para <\/strong><em><span style=\"background-color:rgba(0, 0, 0, 0)\" class=\"has-inline-color has-vivid-cyan-blue-color\">clientes residente no Brasil<\/span><\/em><strong>, acesse a op\u00e7\u00e3o <em><span style=\"background-color:rgba(0, 0, 0, 0)\" class=\"has-inline-color has-vivid-cyan-blue-color\">Mercado Pago<\/span><\/em> ou <\/strong><em><span style=\"background-color:rgba(0, 0, 0, 0)\" class=\"has-inline-color has-vivid-cyan-blue-color\">Pix<\/span><\/em><strong>.<br>Ao escolher a op\u00e7\u00e3o Mercado Pago, o download \u00e9 liberado automaticamente ap\u00f3s a confirma\u00e7\u00e3o do pagamento.<br><br>Para pagamento via <em><span style=\"background-color:rgba(0, 0, 0, 0)\" class=\"has-inline-color has-vivid-cyan-blue-color\">PIX<\/span><\/em>, entre na loja, fa\u00e7a a sua compra, finalize clicando na op\u00e7\u00e3o de pagamento via Pix, conclua a compra.<br>Nos envie o valor da sua compra para o PIX com a chave que \u00e9 nosso e-mail: <\/strong>pix@famaura.com.br<strong><br>Envie o comprovante para que possamos liberar a usa ordem, logo que o pagamento for aprovado, liberaremos a sua compra.<\/strong> Enviar comprovante para o e-mail:fa.maura@hotmail.com<br> <p><em><span style=\"background-color:rgba(0, 0, 0, 0)\" class=\"has-inline-color has-vivid-red-color\">Fique atento a sua conta de e-mail, as compras s\u00e3o atualizados e voc\u00ea receber\u00e1 e-mails avisando. Por favor, cheque sua caixa de entrada, lixo eletr\u00f4nico ou caixa de spam, caso tenha algum problema entre em contato.<\/span><\/em><\/p> <\/cite><\/blockquote>\n\n\n\n<blockquote class=\"wp-block-quote has-text-align-left is-layout-flow wp-block-quote-is-layout-flow\">\n<p><strong><em>J\u00e1 fiz o pagamento, ele j\u00e1 foi confirmado, como baixo os arquivos?<\/em><\/strong><\/p>\n<cite><strong>\u00c9 muito simples, vamos l\u00e1, siga os passos:<br>&nbsp;1- fa\u00e7a o login <br>2- entre na sua conta aqui:<br><\/strong><a href=\"https:\/\/famaura.com.br\/home\/minha-conta\/downloads\/\"><em>https:\/\/famaura.com.br\/home\/minha-conta\/downloads\/<\/em><\/a><\/cite><\/blockquote>\n\n\n\n<section id=\"81b1fb\" class=\"section-81b1fb gutentor-module gutentor-module-tabs gutentor-tabs-layout-horizontal gutentor-tabs-pos-top\"><div class=\"grid-container\"><div class=\"gutentor-module-tabs-wrap gutentor-tabs-style-fill\" data-id=\"81b1fb\"><div class=\"gutentor-module-tabs-nav\"><span class=\"gutentor-module-tabs-item gm-tt-81b1fb gutentor-tabs-nav-active\" tabindex=\"0\"><span class=\"gutentor-module-tabs-title\">Acesso aos Produtos<\/span><\/span><span class=\"gutentor-module-tabs-item gm-tt-81b1fb\" tabindex=\"0\"><span class=\"gutentor-module-tabs-title\">Acesso aos Cursos<\/span><\/span><\/div><div class=\"gutentor-module-tabs-body\">\n<div class=\"wp-block-gutentor-m7-tab gutentor-module-tabs-content gm-tc-81b1fb gutentor-tabs-content-active\">\n<p><strong>Para baixar os produtos digitais da loja fa\u00e7a login em sua conta e siga os passos:<br>1- fa\u00e7a o login <br>2- entre na sua conta aqui:<br><\/strong><a href=\"https:\/\/famaura.com.br\/home\/minha-conta\/downloads\/\"><em>https:\/\/famaura.com.br\/home\/minha-conta\/downloads\/<\/em><\/a> <\/p>\n\n\n\n<figure class=\"wp-block-embed is-type-video is-provider-youtube wp-block-embed-youtube wp-embed-aspect-16-9 wp-has-aspect-ratio\"><div class=\"wp-block-embed__wrapper\">\n<iframe title=\"Como Baixar os Produtos e Como Acessar a \u00c1rea de Cursos FaMaura\" width=\"640\" height=\"360\" src=\"https:\/\/www.youtube.com\/embed\/krQMkQzP9DM?feature=oembed\" frameborder=\"0\" allow=\"accelerometer; autoplay; clipboard-write; encrypted-media; gyroscope; picture-in-picture; web-share\" referrerpolicy=\"strict-origin-when-cross-origin\" allowfullscreen><\/iframe>\n<\/div><\/figure>\n<\/div>\n\n\n\n<div class=\"wp-block-gutentor-m7-tab gutentor-module-tabs-content gm-tc-81b1fb\">\n<p><strong>Para ter acesso aos cursos da loja, fa\u00e7a login em sua conta e siga os passos:<br>1- fa\u00e7a o login<br>2- entre na sua conta aqui:<\/strong><br>h<a rel=\"noreferrer noopener\" href=\"\/\/famaura.com.br\/home\/painel\/\" target=\"_blank\">ttps:\/\/famaura.com.br\/home\/painel\/<\/a><strong><br><\/strong><\/p>\n\n\n\n<figure class=\"wp-block-embed is-type-video is-provider-youtube wp-block-embed-youtube wp-embed-aspect-16-9 wp-has-aspect-ratio\"><div class=\"wp-block-embed__wrapper\">\n<iframe title=\"Como Baixar os Produtos e Como Acessar a \u00c1rea de Cursos FaMaura\" width=\"640\" height=\"360\" src=\"https:\/\/www.youtube.com\/embed\/krQMkQzP9DM?start=113&#038;feature=oembed\" frameborder=\"0\" allow=\"accelerometer; autoplay; clipboard-write; encrypted-media; gyroscope; picture-in-picture; web-share\" referrerpolicy=\"strict-origin-when-cross-origin\" allowfullscreen><\/iframe>\n<\/div><\/figure>\n<\/div>\n<\/div><\/div><\/div><\/section>\n\n\n\n<section id=\"584b49\" class=\"section-584b49 gutentor-module gutentor-module-tabs gutentor-tabs-layout-horizontal gutentor-tabs-pos-top\"><div class=\"grid-container\"><div class=\"gutentor-module-tabs-wrap gutentor-tabs-style-fill\" data-id=\"584b49\"><div class=\"gutentor-module-tabs-nav\"><span class=\"gutentor-module-tabs-item gm-tt-584b49 gutentor-tabs-nav-active\" tabindex=\"0\"><span class=\"gutentor-module-tabs-title\">Acesso aos Produtos<\/span><\/span><span class=\"gutentor-module-tabs-item gm-tt-584b49\" tabindex=\"0\"><span class=\"gutentor-module-tabs-title\">Acesso aos Cursos<\/span><\/span><\/div><div class=\"gutentor-module-tabs-body\">\n<div class=\"wp-block-gutentor-m7-tab gutentor-module-tabs-content gm-tc-584b49 gutentor-tabs-content-active\">\n<p><strong>Para baixar os produtos digitais da loja fa\u00e7a login em sua conta e siga os passos:<br>1- fa\u00e7a o login <br>2- entre na sua conta aqui:<br><\/strong><a href=\"https:\/\/famaura.com.br\/home\/minha-conta\/downloads\/\"><em>https:\/\/famaura.com.br\/home\/minha-conta\/downloads\/<\/em><\/a> <\/p>\n\n\n\n<figure class=\"wp-block-embed is-type-video is-provider-youtube wp-block-embed-youtube wp-embed-aspect-16-9 wp-has-aspect-ratio\"><div class=\"wp-block-embed__wrapper\">\n<iframe title=\"Como Baixar os Produtos e Como Acessar a \u00c1rea de Cursos FaMaura\" width=\"640\" height=\"360\" src=\"https:\/\/www.youtube.com\/embed\/krQMkQzP9DM?feature=oembed\" frameborder=\"0\" allow=\"accelerometer; autoplay; clipboard-write; encrypted-media; gyroscope; picture-in-picture; web-share\" referrerpolicy=\"strict-origin-when-cross-origin\" allowfullscreen><\/iframe>\n<\/div><\/figure>\n<\/div>\n\n\n\n<div class=\"wp-block-gutentor-m7-tab gutentor-module-tabs-content gm-tc-584b49\">\n<p><strong>Para ter acesso aos cursos da loja, fa\u00e7a login em sua conta e siga os passos:<br>1- fa\u00e7a o login<br>2- entre na sua conta aqui:<\/strong><br>h<a rel=\"noreferrer noopener\" href=\"\/\/famaura.com.br\/home\/painel\/\" target=\"_blank\">ttps:\/\/famaura.com.br\/home\/painel\/<\/a><strong><br><\/strong><\/p>\n\n\n\n<figure class=\"wp-block-embed is-type-video is-provider-youtube wp-block-embed-youtube wp-embed-aspect-16-9 wp-has-aspect-ratio\"><div class=\"wp-block-embed__wrapper\">\n<iframe title=\"Como Navegar Pela Loja FaMaura  2022\" width=\"640\" height=\"360\" src=\"https:\/\/www.youtube.com\/embed\/Uaeg7bUgvrc?start=840&#038;feature=oembed\" frameborder=\"0\" allow=\"accelerometer; autoplay; clipboard-write; encrypted-media; gyroscope; picture-in-picture; web-share\" referrerpolicy=\"strict-origin-when-cross-origin\" allowfullscreen><\/iframe>\n<\/div><\/figure>\n<\/div>\n<\/div><\/div><\/div><\/section>\n\n\n\n<blockquote class=\"wp-block-quote has-text-align-left is-layout-flow wp-block-quote-is-layout-flow\">\n<p><strong><em>J\u00e1 fiz o meu pedido, j\u00e1 paguei e ainda n\u00e3o foi liberado, o que devo fazer?<\/em><\/strong><\/p>\n<cite><strong>Os pedidos que forem escolhidos como forma de pagamento o<\/strong> <strong><em><span class=\"has-inline-color has-vivid-cyan-blue-color\">PayPal<\/span><\/em><\/strong> <strong>e<\/strong> <em><strong><span class=\"has-inline-color has-vivid-cyan-blue-color\">MercadoPago<\/span><\/strong><\/em> <strong>aprovados, s\u00e3o liberados automaticamente, os pagamento feitos via<\/strong> <strong><em><span class=\"has-inline-color has-vivid-cyan-blue-color\">PIX<\/span><\/em><\/strong>, <strong>ser\u00e3o liberados ap\u00f3s a confirma\u00e7\u00e3o do pagamento, caso venha a ter qualquer problema entre em contato pelo e-mail:<em><span class=\"has-inline-color has-vivid-cyan-blue-color\">fa.maura@hotmail.com<\/span><\/em><\/strong><\/cite><\/blockquote>\n\n\n\n<blockquote class=\"wp-block-quote has-text-align-left is-layout-flow wp-block-quote-is-layout-flow\">\n<p><strong><em>Baixei os produtos mas aparece um arquivo que n\u00e3o sei , oque fazer?<\/em><\/strong><\/p>\n<cite><strong>Os arquivos digitais s\u00e3o armazenados em uma pasta zipada, ou seja, compactamos os arquivos para que eles fiquem &#8220;juntinhos e unidos&#8221; em um formato um pouquinho menor , o arquivo ZIP.<br>Para descompactar esse arquivo voc\u00ea precisa ter no seu equipamento um programa instalado para que isso aconte\u00e7a, o winzip.<\/strong><br>&gt;&gt;<a rel=\"noreferrer noopener\" href=\"https:\/\/www.youtube.com\/watch?v=S-PKuoEYUVc\" data-type=\"URL\" data-id=\"https:\/\/www.youtube.com\/watch?v=S-PKuoEYUVc\" target=\"_blank\">Veja aqui o v\u00eddeo de como descompactar&lt;&lt;<\/a> <\/cite><\/blockquote>\n\n\n\n<blockquote class=\"wp-block-quote has-text-align-left is-layout-flow wp-block-quote-is-layout-flow\">\n<p><strong><em>Baixei os arquivos, mas d\u00e1 erro e agora?<\/em><\/strong><\/p>\n<cite><strong>Provavelmente a sua conex\u00e3o estava oscilando no momento em que os arquivos estavam sendo baixados, se voc\u00ea possui uma conex\u00e3o com velocidade baixa, baixe um arquivo por vez e escolha um hor\u00e1rio que ela esteja est\u00e1vel para fazer os downloads.<br>Voc\u00ea tem at\u00e9 5 tentativas para baixar, caso o problema persista entre em contato.<\/strong><\/cite><\/blockquote>\n\n\n\n<blockquote class=\"wp-block-quote has-text-align-left is-layout-flow wp-block-quote-is-layout-flow\">\n<p><strong><em>Comprei os produtos baixei, mas perdi tudo, tive problemas de armazenamento, o que fa\u00e7o?<\/em><\/strong><\/p>\n<cite><strong>Infelizmente, n\u00e3o poderemos te ajudar, todos os pedidos ficam dispon\u00edveis durante 5 dias, \u00e0 partir da aprova\u00e7\u00e3o do pagamento e voc\u00ea pode baixar at\u00e9 5 vezes cada pacote zipado, muitos deles algum tempo depois sai do nosso cat\u00e1lago.<br><br>O armazenamento com seguran\u00e7a do que voc\u00ea comprou, depende apenas de voc\u00ea.<br>A sugest\u00e3o \u00e9 voc\u00ea gravar em CD\/DVD ou deixar em um HD externo, para usar os produtos futuramente.<\/strong><\/cite><\/blockquote>\n\n\n\n<blockquote class=\"wp-block-quote has-text-align-left is-layout-flow wp-block-quote-is-layout-flow\">\n<p><strong><em>Comprei um produto e n\u00e3o era ele que queria, quero trocar posso?<\/em><\/strong><\/p>\n<cite><strong>Todos os produtos deste site s\u00e3o bens digitais, n\u00e3o fazemos devolu\u00e7\u00e3o&nbsp; e trocas, atente-se ao realizar a compra, se \u00e9 realmente o produto que voc\u00ea precisa, lei inclusive a descri\u00e7\u00e3o, caso tenha d\u00favidas entre em contato.<\/strong><\/cite><\/blockquote>\n\n\n\n<blockquote class=\"wp-block-quote has-text-align-left is-layout-flow wp-block-quote-is-layout-flow\">\n<p><strong><em>Comprei os produtos o que posso fazer com eles?<\/em><\/strong><\/p>\n<cite><strong>Voc\u00ea pode ler os termos de uso dos produtos aqui <br>www.famaura.com.br\/tous<\/strong><\/cite><\/blockquote>\n\n\n\n<blockquote class=\"wp-block-quote has-text-align-left is-layout-flow wp-block-quote-is-layout-flow\">\n<p><strong><em>Comprei os produtos , estou perdida e agora?<\/em><\/strong><\/p>\n<cite><strong>Voc\u00ea pode acessar o canal FaMaura, l\u00e1 tem v\u00e1rias dicas, PAP\u2019s&nbsp; e inspira\u00e7\u00e3o para os projetos<br><a href=\"https:\/\/www.youtube.com\/user\/TheFaMaura\/videos\">https:\/\/www.youtube.com\/user\/TheFaMaura\/videos<\/a><\/strong><\/cite><\/blockquote>\n\n\n\n<blockquote class=\"wp-block-quote has-text-align-left is-layout-flow wp-block-quote-is-layout-flow\">\n<p class=\"has-text-align-left\"><strong><em>Tenho cr\u00e9ditos para resgatar como fa\u00e7o?<\/em><\/strong><\/p>\n<cite><strong>Voc\u00ea pode acessar a sua conta em : <a href=\"https:\/\/famaura.com.br\/home\/minha-conta\/\">https:\/\/famaura.com.br\/home\/minha-conta\/<\/a><\/strong> <br><strong>Clicar na op\u00e7\u00e3o cr\u00e9dito loja<\/strong> <strong>em:<\/strong> <a href=\"https:\/\/famaura.com.br\/home\/my-account\/store-credit\/\"><strong>https:\/\/famaura.com.br\/home\/my-account\/store-credit\/<\/strong><\/a> <strong>para ver o seu  saldo.<\/strong><br><strong>Para aplicar na sua compra \u00e9 muito simples, l\u00e1 na finaliza\u00e7\u00e3o do seu pedido, clique na op\u00e7\u00e3o como mostra a imagem abaixo.<\/strong><\/cite><\/blockquote>\n\n\n<div class=\"wp-block-image\">\n<figure class=\"aligncenter size-full\"><img fetchpriority=\"high\" decoding=\"async\" width=\"800\" height=\"375\" src=\"https:\/\/famaura.com.br\/home\/wp-content\/uploads\/2023\/11\/AplicarCredito.jpg\" alt=\"\" class=\"wp-image-34188\" srcset=\"https:\/\/famaura.com.br\/home\/wp-content\/uploads\/2023\/11\/AplicarCredito.jpg 800w, https:\/\/famaura.com.br\/home\/wp-content\/uploads\/2023\/11\/AplicarCredito-768x360.jpg 768w, https:\/\/famaura.com.br\/home\/wp-content\/uploads\/2023\/11\/AplicarCredito-600x281.jpg 600w, https:\/\/famaura.com.br\/home\/wp-content\/uploads\/2023\/11\/AplicarCredito-48x23.jpg 48w\" sizes=\"(max-width: 800px) 100vw, 800px\" \/><\/figure>\n<\/div>\n\n\n<p><strong>Sobre impress\u00e3o:<\/strong><\/p>\n\n\n\n<p>Os produtos FaMaura, s\u00e3o produtos digitais de alta qualidade, portanto ao fazer os seus trabalhos, voc\u00ea precisa tamb\u00e9m trabalhar em alta qualidade, para que a impress\u00e3o fique com a qualidade na qual foi criado.<\/p>\n\n\n\n<p>Voc\u00ea pode imprimir seus projetos em gr\u00e1ficas r\u00e1pidas ou em casa.<\/p>\n\n\n\n<p>Voc\u00ea pode imprimir em pap\u00e9is de diferentes gramaturas, lembrando que se deve respeitar as recomenda\u00e7\u00f5es do fabricante, as impress\u00f5es podem ser feitas tanto a laser como a jato de tinta.<br><br>Sobre os tipos de pap\u00e9is vai muito de gosto e de qual se adequa ao seu equipamento, tipo de trabalho e valor agregado ao produto final.<br>A maioria das impressoras a laser, quando usado toners de boa qualidade, tem uma impress\u00e3o perfeita e muito profissional.<\/p>\n\n\n\n<p>Indicamos tamb\u00e9m para impress\u00e3o a jato de tinta, para os nossos projetos usamos uma epson L380, com tinta original, mas voc\u00ea pode utilizar qualquer uma dessa linha desde que seja a com bulk ink original de f\u00e1brica.<\/p>\n\n\n\n<p>Para maior prote\u00e7\u00e3o, \u00e9 recomendado fazer a lamina\u00e7\u00e3o com bopp ou PET PE, no qual existe v\u00e1rios tipos no mercado.<\/p>\n\n\n\n<p><br><br><\/p>\n\n\n\n<p><strong><em>Tipos de pap\u00e9is que podemos usar?<\/em><\/strong><br><br>Vale lembrar que voc\u00ea deve fazer teste, para ver qual \u00e9 o seu preferido.<br><br><\/p>\n\n\n\n<p><strong><em>Seque os tipos de pap\u00e9is que testamos:<\/em><\/strong><\/p>\n\n\n\n<p>Papel offset<\/p>\n\n\n\n<p>Papel offset adesivo<\/p>\n\n\n\n<p>Papel couche fosco<\/p>\n\n\n\n<p>Papel couche fosco adesivo<\/p>\n\n\n\n<p>Papel couche brilho (para impressora a laser)<\/p>\n\n\n\n<p>Papel couche brilho adesivo (para impressora a laser)<\/p>\n\n\n\n<p>Papel opalina<br><br>Papel vegetal<br><br>Para fazer o corte, usamos uma plotter de recorte chamada silhouette portrait e silhouette curio.<\/p>\n\n\n\n<p>Voc\u00ea pode ver os v\u00eddeos do canal FaMaura, tem dicas de impress\u00e3o e papel.<br><br><br>D\u00favidas ou problemas envie um e-mail: fa.maura@hotmail.com<\/p>\n","protected":false},"excerpt":{"rendered":"<p>Aqui voc\u00ea encontra as d\u00favidas frenquentes.<\/p>\n","protected":false},"author":1,"featured_media":0,"parent":0,"menu_order":0,"comment_status":"closed","ping_status":"open","template":"","meta":{"jetpack_post_was_ever_published":false,"footnotes":""},"class_list":["post-2","page","type-page","status-publish","hentry"],"jetpack_sharing_enabled":true,"_links":{"self":[{"href":"https:\/\/famaura.com.br\/home\/wp-json\/wp\/v2\/pages\/2","targetHints":{"allow":["GET"]}}],"collection":[{"href":"https:\/\/famaura.com.br\/home\/wp-json\/wp\/v2\/pages"}],"about":[{"href":"https:\/\/famaura.com.br\/home\/wp-json\/wp\/v2\/types\/page"}],"author":[{"embeddable":true,"href":"https:\/\/famaura.com.br\/home\/wp-json\/wp\/v2\/users\/1"}],"replies":[{"embeddable":true,"href":"https:\/\/famaura.com.br\/home\/wp-json\/wp\/v2\/comments?post=2"}],"version-history":[{"count":4,"href":"https:\/\/famaura.com.br\/home\/wp-json\/wp\/v2\/pages\/2\/revisions"}],"predecessor-version":[{"id":34191,"href":"https:\/\/famaura.com.br\/home\/wp-json\/wp\/v2\/pages\/2\/revisions\/34191"}],"wp:attachment":[{"href":"https:\/\/famaura.com.br\/home\/wp-json\/wp\/v2\/media?parent=2"}],"curies":[{"name":"wp","href":"https:\/\/api.w.org\/{rel}","templated":true}]}}