{"id":24570,"date":"2022-03-16T15:01:06","date_gmt":"2022-03-16T18:01:06","guid":{"rendered":"https:\/\/famaura.com.br\/home\/?page_id=24570"},"modified":"2024-05-25T17:37:08","modified_gmt":"2024-05-25T20:37:08","slug":"resgate","status":"publish","type":"page","link":"https:\/\/famaura.com.br\/home\/resgate\/","title":{"rendered":"Resgate de Pontos"},"content":{"rendered":"\n<div id=\"section-g91df72\" class=\"wp-block-gutentor-e6 section-g91df72 gutentor-element gutentor-element-image\"><div class=\"gutentor-element-image-box\"><div class=\"gutentor-image-thumb\"><img decoding=\"async\" class=\"normal-image\" src=\"https:\/\/famaura.com.br\/home\/wp-content\/uploads\/2023\/04\/PONTOS-1.png\"\/><\/div><\/div><\/div>\n\n\n\n<p>A cada compra efetuada na loja voc\u00ea ganha uma pontua\u00e7\u00e3o que pode ser resgatada a qualquer nova compra.<br><br>Voc\u00ea ver\u00e1 a op\u00e7\u00e3o na finaliza\u00e7\u00e3o da sua compra, no seu carrinho e deve ativar o uso na finaliza\u00e7\u00e3o antes do pagamento para ter o desconto.<br><br>A promo\u00e7\u00e3o <strong><em>resgate de pontos<\/em><\/strong> est\u00e1 <strong><em>vigente at\u00e9 31 dezembro de 2024.<\/em><\/strong><br>Voc\u00ea deve usar os seus pontos acumulados at\u00e9 essa data, depois eles ir\u00e3o expirar.<br><br>Para ver a sua pontua\u00e7\u00e3o<strong><em> <a href=\"https:\/\/famaura.com.br\/home\/minha-conta\/my-points\/\" data-type=\"URL\" data-id=\"https:\/\/famaura.com.br\/home\/minha-conta\/my-points\/\">> clique aqui &lt;<\/a><\/em><\/strong><\/p>\n","protected":false},"excerpt":{"rendered":"<p>A cada compra efetuada na loja voc\u00ea ganha uma pontua\u00e7\u00e3o que pode ser resgatada a qualquer nova compra. Voc\u00ea ver\u00e1 a op\u00e7\u00e3o na finaliza\u00e7\u00e3o da sua compra, no seu carrinho e deve ativar o uso na finaliza\u00e7\u00e3o antes do pagamento para ter o desconto. A promo\u00e7\u00e3o resgate de pontos est\u00e1 vigente at\u00e9 31 dezembro de 2024.Voc\u00ea deve usar os seus pontos acumulados at\u00e9 essa data, depois eles ir\u00e3o expirar. Para ver a sua pontua\u00e7\u00e3o > clique aqui &lt;<\/p>\n","protected":false},"author":1,"featured_media":0,"parent":0,"menu_order":0,"comment_status":"closed","ping_status":"closed","template":"","meta":{"jetpack_post_was_ever_published":false,"footnotes":""},"class_list":["post-24570","page","type-page","status-publish","hentry"],"jetpack_sharing_enabled":true,"_links":{"self":[{"href":"https:\/\/famaura.com.br\/home\/wp-json\/wp\/v2\/pages\/24570","targetHints":{"allow":["GET"]}}],"collection":[{"href":"https:\/\/famaura.com.br\/home\/wp-json\/wp\/v2\/pages"}],"about":[{"href":"https:\/\/famaura.com.br\/home\/wp-json\/wp\/v2\/types\/page"}],"author":[{"embeddable":true,"href":"https:\/\/famaura.com.br\/home\/wp-json\/wp\/v2\/users\/1"}],"replies":[{"embeddable":true,"href":"https:\/\/famaura.com.br\/home\/wp-json\/wp\/v2\/comments?post=24570"}],"version-history":[{"count":1,"href":"https:\/\/famaura.com.br\/home\/wp-json\/wp\/v2\/pages\/24570\/revisions"}],"predecessor-version":[{"id":36080,"href":"https:\/\/famaura.com.br\/home\/wp-json\/wp\/v2\/pages\/24570\/revisions\/36080"}],"wp:attachment":[{"href":"https:\/\/famaura.com.br\/home\/wp-json\/wp\/v2\/media?parent=24570"}],"curies":[{"name":"wp","href":"https:\/\/api.w.org\/{rel}","templated":true}]}}