{"id":24608,"date":"2022-03-23T22:14:20","date_gmt":"2022-03-24T01:14:20","guid":{"rendered":"https:\/\/famaura.com.br\/home\/?page_id=24608"},"modified":"2022-09-21T12:43:46","modified_gmt":"2022-09-21T15:43:46","slug":"pap","status":"publish","type":"page","link":"https:\/\/famaura.com.br\/home\/pap\/","title":{"rendered":"PAP"},"content":{"rendered":"\n<p>Como navegar na loja FaMaura<br><a href=\"https:\/\/youtu.be\/Uaeg7bUgvrc\" target=\"_blank\" rel=\"noreferrer noopener\">https:\/\/youtu.be\/Uaeg7bUgvrc<\/a><\/p>\n\n\n\n<p>Como baixar produtos FaMaura<br><a href=\"https:\/\/youtu.be\/Uaeg7bUgvrc?t=809\">https:\/\/youtu.be\/Uaeg7bUgvrc?t=809<\/a><br><br>Como acessar a \u00e1rea de cursos<br><a href=\"https:\/\/youtu.be\/Uaeg7bUgvrc?t=840\" target=\"_blank\" rel=\"noreferrer noopener\">https:\/\/youtu.be\/Uaeg7bUgvrc?t=840<\/a><\/p>\n\n\n\n<p>Como descompactar arquivos<br><a href=\"https:\/\/www.youtube.com\/watch?v=S-PKuoEYUVc&amp;t=1s\">https:\/\/www.youtube.com\/watch?v=S-PKuoEYUVc&amp;t=1s<\/a><br><br><a href=\"https:\/\/www.youtube.com\/watch?v=BdwkUV4wHcg\">https:\/\/www.youtube.com\/watch?v=BdwkUV4wHcg<\/a><\/p>\n\n\n\n<p>Como ver a qualidade de uma imagem<br>h<a rel=\"noreferrer noopener\" href=\"\/\/www.youtube.com\/watch?v=5czs2ITVRF4&amp;t=378s\" target=\"_blank\">ttps:\/\/www.youtube.com\/watch?v=5czs2ITVRF4&amp;t=378s<\/a><\/p>\n\n\n\n<p>Impressora Epson<br><a href=\"https:\/\/www.youtube.com\/watch?v=4QuX4Jv0Ygw&amp;t=3s\">https:\/\/www.youtube.com\/watch?v=4QuX4Jv0Ygw&amp;t=3s<\/a><\/p>\n\n\n\n<p>Como imprimir os kits digitais em programa gratuito<br>ht<a href=\"\/\/www.youtube.com\/watch?v=0kqOIDw-2v8&amp;t=338s\" target=\"_blank\" rel=\"noreferrer noopener\">tps:\/\/www.youtube.com\/watch?v=0kqOIDw-2v8&amp;t=338s<\/a><\/p>\n\n\n\n<p>Impress\u00e3o no papel offset<br><a href=\"https:\/\/www.youtube.com\/watch?v=kci4LIusJXg\">https:\/\/www.youtube.com\/watch?v=kci4LIusJXg<\/a><br><br>ht<a rel=\"noreferrer noopener\" href=\"\/\/www.youtube.com\/watch?v=WrW7D2iFiQA&amp;t=54s\" target=\"_blank\">tps:\/\/www.youtube.com\/watch?v=WrW7D2iFiQA&amp;t=54s<\/a><\/p>\n\n\n\n<p>Impress\u00e3o no papel couch\u00ea<br><a href=\"https:\/\/www.youtube.com\/watch?v=2jTPvHETdAQ\" target=\"_blank\" rel=\"noreferrer noopener\">https:\/\/www.youtube.com\/watch?v=2jTPvHETdAQ<\/a><\/p>\n\n\n\n<p>Impress\u00e3o no papel vegetal<br><a href=\"https:\/\/www.youtube.com\/watch?v=Vcr5Wi1plBY&amp;t=46s\">https:\/\/www.youtube.com\/watch?v=Vcr5Wi1plBY&amp;t=46s<\/a><br><br><a href=\"https:\/\/www.youtube.com\/watch?v=AmNMeq_UarU\">https:\/\/www.youtube.com\/watch?v=AmNMeq_UarU<\/a><\/p>\n\n\n\n<p>Como fazer adesivo no papel vegetal<br><a href=\"https:\/\/www.youtube.com\/watch?v=1Qq3Up3XbRM&amp;t=84s\" target=\"_blank\" rel=\"noreferrer noopener\">https:\/\/www.youtube.com\/watch?v=1Qq3Up3XbRM&amp;t=84s<\/a><\/p>\n\n\n\n<p>Adesivo dupla face<br>h<a href=\"\/\/www.youtube.com\/watch?v=jRXLCNqxGaM\" target=\"_blank\" rel=\"noreferrer noopener\">ttps:\/\/www.youtube.com\/watch?v=jRXLCNqxGaM<\/a><\/p>\n\n\n\n<p>Como baixar\/atualizar o Silhouette Studio GRATUITO<br><a href=\"https:\/\/www.youtube.com\/watch?v=u1aFLI9xozk&amp;t=201s\" target=\"_blank\" rel=\"noreferrer noopener\">https:\/\/www.youtube.com\/watch?v=u1aFLI9xozk&amp;t=201s<\/a><\/p>\n\n\n\n<p>Como configurar p\u00e1gina no Silhouette Studio<br><a href=\"https:\/\/www.youtube.com\/watch?v=MiEDIKN268I\" target=\"_blank\" rel=\"noreferrer noopener\">https:\/\/www.youtube.com\/watch?v=MiEDIKN268I<\/a><\/p>\n\n\n\n<p>Como deixar o Silhouette Studio em Centimetros<br><a href=\"https:\/\/www.youtube.com\/watch?v=SSiG0VZcuDc&amp;t=21s\" target=\"_blank\" rel=\"noreferrer noopener\">https:\/\/www.youtube.com\/watch?v=SSiG0VZcuDc&amp;t=21s<\/a><\/p>\n\n\n\n<p>Como imprimir v\u00e1rios elementos sem manusear os arquivos<br><a href=\"https:\/\/www.youtube.com\/watch?v=EJTrAwVrN14\" target=\"_blank\" rel=\"noreferrer noopener\">https:\/\/www.youtube.com\/watch?v=EJTrAwVrN14<\/a><\/p>\n\n\n\n<p>Como baixar o programa gratuito que l\u00ea PDF<br><a href=\"https:\/\/www.youtube.com\/watch?v=MdKGAMcs1Oo&amp;t=64s\" target=\"_blank\" rel=\"noreferrer noopener\">https:\/\/www.youtube.com\/watch?v=MdKGAMcs1Oo&amp;t=64s<\/a><\/p>\n\n\n\n<p>Como imprimir PDF<br><a href=\"https:\/\/www.youtube.com\/watch?v=i2TinipBgc0&amp;t=39s\" target=\"_blank\" rel=\"noreferrer noopener\">https:\/\/www.youtube.com\/watch?v=i2TinipBgc0&amp;t=39s<\/a><\/p>\n\n\n\n<p>Como redimencionar fotos no Silhouette Studio<br><a href=\"https:\/\/www.youtube.com\/watch?v=-XiaHeLZaz\" target=\"_blank\" rel=\"noreferrer noopener\">https:\/\/www.youtube.com\/watch?v=-XiaHeLZaz<\/a>s<\/p>\n\n\n\n<p>N\u00e3o use papel fotografico<br><a href=\"https:\/\/www.youtube.com\/watch?v=ZzpaeXBQgUc&amp;t=2s\" target=\"_blank\" rel=\"noreferrer noopener\">https:\/\/www.youtube.com\/watch?v=ZzpaeXBQgUc&amp;t=2s<\/a><\/p>\n\n\n\n<p>Configura\u00e7\u00e3o de impress\u00e3o no A5<br><a href=\"https:\/\/www.youtube.com\/watch?v=LBZMAbUXf0Q&amp;t=417s\" target=\"_blank\" rel=\"noreferrer noopener\">https:\/\/www.youtube.com\/watch?v=LBZMAbUXf0Q&amp;t=417s<\/a><\/p>\n\n\n\n<p>Print &amp; Cut Silhouette<br><a href=\"https:\/\/www.youtube.com\/watch?v=8qWISwUWzy8&amp;t=625s\" target=\"_blank\" rel=\"noreferrer noopener\">https:\/\/www.youtube.com\/watch?v=8qWISwUWzy8&amp;t=625s<\/a><\/p>\n\n\n\n<p>Print &amp; Cut Silhouette Curio<br><a href=\"https:\/\/www.youtube.com\/watch?v=PE5kxTlhljY&amp;t=4s\" target=\"_blank\" rel=\"noreferrer noopener\">https:\/\/www.youtube.com\/watch?v=PE5kxTlhljY&amp;t=4s<\/a><\/p>\n\n\n\n<p>Como espelhar elementos no Silhouete Studio<br><a href=\"https:\/\/www.youtube.com\/watch?v=2KVLOElw9YA&amp;t=90s\" target=\"_blank\" rel=\"noreferrer noopener\">https:\/\/www.youtube.com\/watch?v=2KVLOElw9YA&amp;t=90s<\/a><\/p>\n\n\n\n<p>Prote\u00e7\u00e3o da Impress\u00e3o<br><a href=\"https:\/\/www.youtube.com\/watch?v=NroN8eA7VI4&amp;t=134s\">https:\/\/www.youtube.com\/watch?v=NroN8eA7VI4&amp;t=134s<\/a><br><br><a rel=\"noreferrer noopener\" href=\"https:\/\/www.youtube.com\/watch?v=VcBW8nWidoE\" target=\"_blank\">https:\/\/www.youtube.com\/watch?v=VcBW8nWidoE<\/a><\/p>\n\n\n\n<p>5 dicas de lamina\u00e7\u00e3o<br>http<a href=\"s:\/\/www.youtube.com\/watch?v=2hWg2EoKPII\">s:\/\/www.youtube.com\/watch?v=2hWg2Eo<\/a><a href=\"\/\/www.youtube.com\/watch?v=2hWg2EoKPII\" target=\"_blank\" rel=\"noreferrer noopener\">KPII<\/a><\/p>\n\n\n\n<p>Onde comprar BOPP<br><a href=\"https:\/\/www.youtube.com\/watch?v=hfANFRhDLWg&amp;t=1s\" target=\"_blank\" rel=\"noreferrer noopener\">https:\/\/www.youtube.com\/watch?v=hfANFRhDLWg&amp;t=1s<\/a><\/p>\n\n\n\n<p>Como fazer lamina\u00e7\u00e3o com bopp fosco<br><a href=\"https:\/\/www.youtube.com\/watch?v=mYElcJmQedA&amp;t=9s\" target=\"_blank\" rel=\"noreferrer noopener\">https:\/\/www.youtube.com\/watch?v=mYElcJmQedA&amp;t=9s<\/a><\/p>\n\n\n\n<p>Lamina\u00e7\u00e3o com BOPP glitter<br><a href=\"https:\/\/www.youtube.com\/watch?v=_cbLLgnU2zg&amp;t=3s\" target=\"_blank\" rel=\"noreferrer noopener\">https:\/\/www.youtube.com\/watch?v=_cbLLgnU2zg&amp;t=3s<\/a><\/p>\n\n\n\n<p>Como fazer lamina\u00e7\u00e3o com BOPP linho<br><a href=\"https:\/\/www.youtube.com\/watch?v=XG62M5UZ_6s\" target=\"_blank\" rel=\"noreferrer noopener\">https:\/\/www.youtube.com\/watch?v=XG62M5UZ_6s<\/a><\/p>\n\n\n\n<p>Como fazer lamina\u00e7\u00e3o com BOPP hologr\u00e1fico no acetato<br><a href=\"https:\/\/www.youtube.com\/watch?v=X0xFBY_Secc&amp;t=203s\">https:\/\/www.youtube.com\/watch?v=X0xFBY_Secc&amp;t=203s<\/a><\/p>\n\n\n\n<p>Lamina\u00e7\u00e3o com BOPP frente e verso<br><a href=\"https:\/\/www.youtube.com\/watch?v=vJI-djqQxZU&amp;t=22s\" target=\"_blank\" rel=\"noreferrer noopener\">https:\/\/www.youtube.com\/watch?v=vJI-djqQxZU&amp;t=22s<\/a><\/p>\n\n\n\n<p>Como fazer lamina\u00e7\u00e3o nos pap\u00e9is<br><a href=\"https:\/\/www.youtube.com\/watch?v=PE5kxTlhljY&amp;t=4s\" target=\"_blank\" rel=\"noreferrer noopener\">https:\/\/www.youtube.com\/watch?v=PE5kxTlhljY&amp;t=4s<\/a><\/p>\n\n\n\n<p>Como fazer lamina\u00e7\u00e3o com PET PE<br><a href=\"https:\/\/www.youtube.com\/watch?v=GkQwZ4UdtSo&amp;t=8s\" target=\"_blank\" rel=\"noreferrer noopener\">https:\/\/www.youtube.com\/watch?v=GkQwZ4UdtSo&amp;t=8s<\/a><\/p>\n\n\n\n<p>Como cortar um arquivo com marcas de corte<br><a href=\"https:\/\/www.youtube.com\/watch?v=Oa9CxAvc8Sc&amp;t=8s\" target=\"_blank\" rel=\"noreferrer noopener\">https:\/\/www.youtube.com\/watch?v=Oa9CxAvc8Sc&amp;t=8s<\/a><\/p>\n\n\n\n<p>Como fazer um layout simples no photoshop<br><a href=\"https:\/\/www.youtube.com\/watch?v=661UlAJBJJU&amp;t=777s\" target=\"_blank\" rel=\"noreferrer noopener\">https:\/\/www.youtube.com\/watch?v=661UlAJBJJU&amp;t=777s<\/a><\/p>\n\n\n\n<p>Como fazer die cuts<br>http<a href=\"\/\/www.youtube.com\/watch?v=Z885Y89i3nk\" target=\"_blank\" rel=\"noreferrer noopener\">s:\/\/www.youtube.com\/watch?v=Z885Y89i3nk<\/a><\/p>\n\n\n\n<p>Embalagem que inspira<br><a rel=\"noreferrer noopener\" href=\"https:\/\/www.youtube.com\/watch?v=zkI8T3n2B84&amp;t=56s\" target=\"_blank\">https:\/\/www.youtube.com\/watch?v=zkI8T3n2B84&amp;t=56s<\/a><br><br>Todos os v\u00eddeos acima voc\u00ea encontra no canal FaMaura no youtube.<br>Al\u00e9m desses links, temos in\u00fameras aulas de como criar layouts, mini \u00e1lbuns e estruturas de \u00e1lbum no nosso canal.<br>Curta, comente e compartilha com os amigos, muito obrigada<\/p>\n\n\n\n<p><a href=\"https:\/\/www.youtube.com\/c\/FaMaura\/videos\">https:\/\/www.youtube.com\/c\/FaMaura\/videos<\/a><br><a href=\"https:\/\/famaura.com.br\/youtube\">https:\/\/famaura.com.br\/youtube<\/a><\/p>\n","protected":false},"excerpt":{"rendered":"<p>Como navegar na loja FaMaurahttps:\/\/youtu.be\/Uaeg7bUgvrc Como baixar produtos FaMaurahttps:\/\/youtu.be\/Uaeg7bUgvrc?t=809 Como acessar a \u00e1rea de cursoshttps:\/\/youtu.be\/Uaeg7bUgvrc?t=840 Como descompactar arquivoshttps:\/\/www.youtube.com\/watch?v=S-PKuoEYUVc&amp;t=1s https:\/\/www.youtube.com\/watch?v=BdwkUV4wHcg Como ver a qualidade de uma imagemhttps:\/\/www.youtube.com\/watch?v=5czs2ITVRF4&amp;t=378s Impressora Epsonhttps:\/\/www.youtube.com\/watch?v=4QuX4Jv0Ygw&amp;t=3s Como imprimir os kits digitais em programa gratuitohttps:\/\/www.youtube.com\/watch?v=0kqOIDw-2v8&amp;t=338s Impress\u00e3o no papel offsethttps:\/\/www.youtube.com\/watch?v=kci4LIusJXg https:\/\/www.youtube.com\/watch?v=WrW7D2iFiQA&amp;t=54s Impress\u00e3o no papel couch\u00eahttps:\/\/www.youtube.com\/watch?v=2jTPvHETdAQ Impress\u00e3o no papel vegetalhttps:\/\/www.youtube.com\/watch?v=Vcr5Wi1plBY&amp;t=46s https:\/\/www.youtube.com\/watch?v=AmNMeq_UarU Como fazer adesivo no papel vegetalhttps:\/\/www.youtube.com\/watch?v=1Qq3Up3XbRM&amp;t=84s Adesivo dupla facehttps:\/\/www.youtube.com\/watch?v=jRXLCNqxGaM Como baixar\/atualizar o Silhouette Studio GRATUITOhttps:\/\/www.youtube.com\/watch?v=u1aFLI9xozk&amp;t=201s Como configurar p\u00e1gina no Silhouette Studiohttps:\/\/www.youtube.com\/watch?v=MiEDIKN268I Como deixar o Silhouette Studio em Centimetroshttps:\/\/www.youtube.com\/watch?v=SSiG0VZcuDc&amp;t=21s Como imprimir v\u00e1rios elementos sem manusear os arquivoshttps:\/\/www.youtube.com\/watch?v=EJTrAwVrN14 Como baixar o programa&hellip;<\/p>\n","protected":false},"author":1,"featured_media":0,"parent":0,"menu_order":0,"comment_status":"closed","ping_status":"closed","template":"","meta":{"jetpack_post_was_ever_published":false,"footnotes":""},"class_list":["post-24608","page","type-page","status-publish","hentry"],"jetpack_sharing_enabled":true,"_links":{"self":[{"href":"https:\/\/famaura.com.br\/home\/wp-json\/wp\/v2\/pages\/24608","targetHints":{"allow":["GET"]}}],"collection":[{"href":"https:\/\/famaura.com.br\/home\/wp-json\/wp\/v2\/pages"}],"about":[{"href":"https:\/\/famaura.com.br\/home\/wp-json\/wp\/v2\/types\/page"}],"author":[{"embeddable":true,"href":"https:\/\/famaura.com.br\/home\/wp-json\/wp\/v2\/users\/1"}],"replies":[{"embeddable":true,"href":"https:\/\/famaura.com.br\/home\/wp-json\/wp\/v2\/comments?post=24608"}],"version-history":[{"count":0,"href":"https:\/\/famaura.com.br\/home\/wp-json\/wp\/v2\/pages\/24608\/revisions"}],"wp:attachment":[{"href":"https:\/\/famaura.com.br\/home\/wp-json\/wp\/v2\/media?parent=24608"}],"curies":[{"name":"wp","href":"https:\/\/api.w.org\/{rel}","templated":true}]}}