{"id":25535,"date":"2022-06-08T20:32:53","date_gmt":"2022-06-08T23:32:53","guid":{"rendered":"https:\/\/famaura.com.br\/home\/?page_id=25535"},"modified":"2022-08-07T00:31:08","modified_gmt":"2022-08-07T03:31:08","slug":"maratona-criativa1","status":"publish","type":"page","link":"https:\/\/famaura.com.br\/home\/maratonacriativa1\/maratona-criativa1\/","title":{"rendered":"Equipe da 1\u00aa Maratona Criativa FaMaura | 6 &#8211; 10 junho 2022 | Mini Kit Love"},"content":{"rendered":"\n<p>Bem vindo a Maratona Criativa FaMaura.<br>A Maratona foi criada para te dar a oportunidade de conhecer os produtos FaMaura por um valor acess\u00edvel e poder criar projetos diversos com o mesmo Kit Digital.<br>As professoras s\u00e3o do Time Criativo e Convidadas, todas elas com experi\u00eancia no scrap, disponibilizando o conte\u00fado de forma gratuita, para toda a comunidade do scrap, em lives no instagram.<br><\/p>\n\n\n\n<h2 class=\"wp-block-heading\"> <\/h2>\n\n\n\n<div class=\"wp-block-group\"><div class=\"wp-block-group__inner-container is-layout-flow wp-block-group-is-layout-flow\">\n<figure class=\"wp-block-gallery has-nested-images columns-default is-cropped wp-block-gallery-1 is-layout-flex wp-block-gallery-is-layout-flex\">\n<figure class=\"wp-block-image size-large is-style-rounded\"><img fetchpriority=\"high\" decoding=\"async\" width=\"1000\" height=\"1000\" data-id=\"25537\" src=\"https:\/\/famaura.com.br\/home\/wp-content\/uploads\/2022\/06\/FabianaMaura.jpg\" alt=\"\" class=\"wp-image-25537\" srcset=\"https:\/\/famaura.com.br\/home\/wp-content\/uploads\/2022\/06\/FabianaMaura.jpg 1000w, https:\/\/famaura.com.br\/home\/wp-content\/uploads\/2022\/06\/FabianaMaura-600x600.jpg 600w, https:\/\/famaura.com.br\/home\/wp-content\/uploads\/2022\/06\/FabianaMaura-100x100.jpg 100w, https:\/\/famaura.com.br\/home\/wp-content\/uploads\/2022\/06\/FabianaMaura-300x300.jpg 300w, https:\/\/famaura.com.br\/home\/wp-content\/uploads\/2022\/06\/FabianaMaura-150x150.jpg 150w, https:\/\/famaura.com.br\/home\/wp-content\/uploads\/2022\/06\/FabianaMaura-768x768.jpg 768w\" sizes=\"(max-width: 1000px) 100vw, 1000px\" \/><figcaption>Designer do Projeto<br><a href=\"https:\/\/www.instagram.com\/accounts\/login\/?next=\/tv\/CeW0c99I9BA\/\" target=\"_blank\" rel=\"noreferrer noopener\">CLIQUE AQUI PARA VER A AULA<\/a><\/figcaption><\/figure>\n\n\n\n<figure class=\"wp-block-image size-large is-style-rounded\"><img decoding=\"async\" width=\"1000\" height=\"1000\" data-id=\"25536\" src=\"https:\/\/famaura.com.br\/home\/wp-content\/uploads\/2022\/06\/AdrianeMendes.jpg\" alt=\"\" class=\"wp-image-25536\" srcset=\"https:\/\/famaura.com.br\/home\/wp-content\/uploads\/2022\/06\/AdrianeMendes.jpg 1000w, https:\/\/famaura.com.br\/home\/wp-content\/uploads\/2022\/06\/AdrianeMendes-600x600.jpg 600w, https:\/\/famaura.com.br\/home\/wp-content\/uploads\/2022\/06\/AdrianeMendes-100x100.jpg 100w, https:\/\/famaura.com.br\/home\/wp-content\/uploads\/2022\/06\/AdrianeMendes-300x300.jpg 300w, https:\/\/famaura.com.br\/home\/wp-content\/uploads\/2022\/06\/AdrianeMendes-150x150.jpg 150w, https:\/\/famaura.com.br\/home\/wp-content\/uploads\/2022\/06\/AdrianeMendes-768x768.jpg 768w\" sizes=\"(max-width: 1000px) 100vw, 1000px\" \/><figcaption>Creative Team e Professora de Scrap<br><a href=\"https:\/\/www.instagram.com\/tv\/CepLVbyDKFa\/?utm_source=ig_web_copy_link\" target=\"_blank\" rel=\"noreferrer noopener\">CLIQUE AQUI PARA VER A AULA<\/a><\/figcaption><\/figure>\n\n\n\n<figure class=\"wp-block-image size-large is-style-rounded\"><img decoding=\"async\" width=\"1000\" height=\"1000\" data-id=\"25540\" src=\"https:\/\/famaura.com.br\/home\/wp-content\/uploads\/2022\/06\/CleriaBrasil.jpg\" alt=\"\" class=\"wp-image-25540\" srcset=\"https:\/\/famaura.com.br\/home\/wp-content\/uploads\/2022\/06\/CleriaBrasil.jpg 1000w, https:\/\/famaura.com.br\/home\/wp-content\/uploads\/2022\/06\/CleriaBrasil-600x600.jpg 600w, https:\/\/famaura.com.br\/home\/wp-content\/uploads\/2022\/06\/CleriaBrasil-100x100.jpg 100w, https:\/\/famaura.com.br\/home\/wp-content\/uploads\/2022\/06\/CleriaBrasil-300x300.jpg 300w, https:\/\/famaura.com.br\/home\/wp-content\/uploads\/2022\/06\/CleriaBrasil-150x150.jpg 150w, https:\/\/famaura.com.br\/home\/wp-content\/uploads\/2022\/06\/CleriaBrasil-768x768.jpg 768w\" sizes=\"(max-width: 1000px) 100vw, 1000px\" \/><figcaption>Parceira e Professora de Scrap<br><a href=\"https:\/\/www.instagram.com\/reel\/Ceo2J4CA810\/?utm_source=ig_web_copy_link\" target=\"_blank\" rel=\"noreferrer noopener\">CLIQUE AQUI PARA VER A AULA<\/a><\/figcaption><\/figure>\n\n\n\n<figure class=\"wp-block-image size-large\"><img loading=\"lazy\" decoding=\"async\" width=\"600\" height=\"418\" data-id=\"25599\" src=\"https:\/\/famaura.com.br\/home\/wp-content\/uploads\/2022\/06\/FaMaura_MiniKitLove-edited-1.jpg\" alt=\"\" class=\"wp-image-25599\" srcset=\"https:\/\/famaura.com.br\/home\/wp-content\/uploads\/2022\/06\/FaMaura_MiniKitLove-edited-1.jpg 600w, https:\/\/famaura.com.br\/home\/wp-content\/uploads\/2022\/06\/FaMaura_MiniKitLove-edited-1-300x209.jpg 300w\" sizes=\"(max-width: 600px) 100vw, 600px\" \/><\/figure>\n\n\n\n<figure class=\"wp-block-image size-large\"><img loading=\"lazy\" decoding=\"async\" width=\"1024\" height=\"1024\" data-id=\"25618\" src=\"https:\/\/famaura.com.br\/home\/wp-content\/uploads\/2022\/06\/DriMendes_MaratonaCriativa-1024x1024.jpg\" alt=\"\" class=\"wp-image-25618\" srcset=\"https:\/\/famaura.com.br\/home\/wp-content\/uploads\/2022\/06\/DriMendes_MaratonaCriativa-1024x1024.jpg 1024w, https:\/\/famaura.com.br\/home\/wp-content\/uploads\/2022\/06\/DriMendes_MaratonaCriativa-600x600.jpg 600w, https:\/\/famaura.com.br\/home\/wp-content\/uploads\/2022\/06\/DriMendes_MaratonaCriativa-100x100.jpg 100w, https:\/\/famaura.com.br\/home\/wp-content\/uploads\/2022\/06\/DriMendes_MaratonaCriativa-300x300.jpg 300w, https:\/\/famaura.com.br\/home\/wp-content\/uploads\/2022\/06\/DriMendes_MaratonaCriativa-150x150.jpg 150w, https:\/\/famaura.com.br\/home\/wp-content\/uploads\/2022\/06\/DriMendes_MaratonaCriativa-768x768.jpg 768w, https:\/\/famaura.com.br\/home\/wp-content\/uploads\/2022\/06\/DriMendes_MaratonaCriativa.jpg 1080w\" sizes=\"(max-width: 1024px) 100vw, 1024px\" \/><\/figure>\n\n\n\n<figure class=\"wp-block-image size-large\"><img loading=\"lazy\" decoding=\"async\" width=\"1000\" height=\"1000\" data-id=\"25588\" src=\"https:\/\/famaura.com.br\/home\/wp-content\/uploads\/2022\/06\/FaMaura_MaratonaCriativa_CleriaBrasil.jpg\" alt=\"\" class=\"wp-image-25588\" srcset=\"https:\/\/famaura.com.br\/home\/wp-content\/uploads\/2022\/06\/FaMaura_MaratonaCriativa_CleriaBrasil.jpg 1000w, https:\/\/famaura.com.br\/home\/wp-content\/uploads\/2022\/06\/FaMaura_MaratonaCriativa_CleriaBrasil-600x600.jpg 600w, https:\/\/famaura.com.br\/home\/wp-content\/uploads\/2022\/06\/FaMaura_MaratonaCriativa_CleriaBrasil-100x100.jpg 100w, https:\/\/famaura.com.br\/home\/wp-content\/uploads\/2022\/06\/FaMaura_MaratonaCriativa_CleriaBrasil-300x300.jpg 300w, https:\/\/famaura.com.br\/home\/wp-content\/uploads\/2022\/06\/FaMaura_MaratonaCriativa_CleriaBrasil-150x150.jpg 150w, https:\/\/famaura.com.br\/home\/wp-content\/uploads\/2022\/06\/FaMaura_MaratonaCriativa_CleriaBrasil-768x768.jpg 768w\" sizes=\"(max-width: 1000px) 100vw, 1000px\" \/><\/figure>\n\n\n\n<figure class=\"wp-block-image size-large is-style-rounded\"><img loading=\"lazy\" decoding=\"async\" width=\"1000\" height=\"1000\" data-id=\"25541\" src=\"https:\/\/famaura.com.br\/home\/wp-content\/uploads\/2022\/06\/MeguiAssano.jpg\" alt=\"\" class=\"wp-image-25541\" srcset=\"https:\/\/famaura.com.br\/home\/wp-content\/uploads\/2022\/06\/MeguiAssano.jpg 1000w, https:\/\/famaura.com.br\/home\/wp-content\/uploads\/2022\/06\/MeguiAssano-600x600.jpg 600w, https:\/\/famaura.com.br\/home\/wp-content\/uploads\/2022\/06\/MeguiAssano-100x100.jpg 100w, https:\/\/famaura.com.br\/home\/wp-content\/uploads\/2022\/06\/MeguiAssano-300x300.jpg 300w, https:\/\/famaura.com.br\/home\/wp-content\/uploads\/2022\/06\/MeguiAssano-150x150.jpg 150w, https:\/\/famaura.com.br\/home\/wp-content\/uploads\/2022\/06\/MeguiAssano-768x768.jpg 768w\" sizes=\"(max-width: 1000px) 100vw, 1000px\" \/><figcaption>Parceira e Professora de Scrap<br><a href=\"https:\/\/www.instagram.com\/tv\/CeelkGQJ7AY\/?igshid=YmMyMTA2M2Y=\" target=\"_blank\" rel=\"noreferrer noopener\">CLIQUE AQUI PARA VER A AULA<\/a><\/figcaption><\/figure>\n\n\n\n<figure class=\"wp-block-image size-large is-style-rounded\"><img loading=\"lazy\" decoding=\"async\" width=\"1000\" height=\"1000\" data-id=\"25538\" src=\"https:\/\/famaura.com.br\/home\/wp-content\/uploads\/2022\/06\/PatyMolina.jpg\" alt=\"\" class=\"wp-image-25538\" srcset=\"https:\/\/famaura.com.br\/home\/wp-content\/uploads\/2022\/06\/PatyMolina.jpg 1000w, https:\/\/famaura.com.br\/home\/wp-content\/uploads\/2022\/06\/PatyMolina-600x600.jpg 600w, https:\/\/famaura.com.br\/home\/wp-content\/uploads\/2022\/06\/PatyMolina-100x100.jpg 100w, https:\/\/famaura.com.br\/home\/wp-content\/uploads\/2022\/06\/PatyMolina-300x300.jpg 300w, https:\/\/famaura.com.br\/home\/wp-content\/uploads\/2022\/06\/PatyMolina-150x150.jpg 150w, https:\/\/famaura.com.br\/home\/wp-content\/uploads\/2022\/06\/PatyMolina-768x768.jpg 768w\" sizes=\"(max-width: 1000px) 100vw, 1000px\" \/><figcaption>Creative Team e Professora de Scrap<br><a href=\"https:\/\/www.instagram.com\/reel\/Cej63U7Jw-E\/?igshid=YmMyMTA2M2Y=\" target=\"_blank\" rel=\"noreferrer noopener\">CLIQUE AQUI PARA VER A AULA<\/a><\/figcaption><\/figure>\n\n\n\n<figure class=\"wp-block-image size-large is-style-rounded\"><img loading=\"lazy\" decoding=\"async\" width=\"1000\" height=\"1000\" data-id=\"25539\" src=\"https:\/\/famaura.com.br\/home\/wp-content\/uploads\/2022\/06\/ThaisDelZotto.jpg\" alt=\"\" class=\"wp-image-25539\" srcset=\"https:\/\/famaura.com.br\/home\/wp-content\/uploads\/2022\/06\/ThaisDelZotto.jpg 1000w, https:\/\/famaura.com.br\/home\/wp-content\/uploads\/2022\/06\/ThaisDelZotto-600x600.jpg 600w, https:\/\/famaura.com.br\/home\/wp-content\/uploads\/2022\/06\/ThaisDelZotto-100x100.jpg 100w, https:\/\/famaura.com.br\/home\/wp-content\/uploads\/2022\/06\/ThaisDelZotto-300x300.jpg 300w, https:\/\/famaura.com.br\/home\/wp-content\/uploads\/2022\/06\/ThaisDelZotto-150x150.jpg 150w, https:\/\/famaura.com.br\/home\/wp-content\/uploads\/2022\/06\/ThaisDelZotto-768x768.jpg 768w\" sizes=\"(max-width: 1000px) 100vw, 1000px\" \/><figcaption>Creative Team e Professora de Scrap<br><a href=\"https:\/\/www.instagram.com\/tv\/CehK9byIQ6u\/?igshid=YmMyMTA2M2Y=\" target=\"_blank\" rel=\"noreferrer noopener\">CLIQUE AQUI PARA VER A AULA<\/a><\/figcaption><\/figure>\n\n\n\n<figure class=\"wp-block-image size-large\"><img loading=\"lazy\" decoding=\"async\" width=\"1080\" height=\"1080\" data-id=\"25589\" src=\"https:\/\/famaura.com.br\/home\/wp-content\/uploads\/2022\/06\/FaMaura_MaratonaCriativa_MeguiAssano.jpg\" alt=\"\" class=\"wp-image-25589\" srcset=\"https:\/\/famaura.com.br\/home\/wp-content\/uploads\/2022\/06\/FaMaura_MaratonaCriativa_MeguiAssano.jpg 1080w, https:\/\/famaura.com.br\/home\/wp-content\/uploads\/2022\/06\/FaMaura_MaratonaCriativa_MeguiAssano-600x600.jpg 600w, https:\/\/famaura.com.br\/home\/wp-content\/uploads\/2022\/06\/FaMaura_MaratonaCriativa_MeguiAssano-100x100.jpg 100w, https:\/\/famaura.com.br\/home\/wp-content\/uploads\/2022\/06\/FaMaura_MaratonaCriativa_MeguiAssano-300x300.jpg 300w, https:\/\/famaura.com.br\/home\/wp-content\/uploads\/2022\/06\/FaMaura_MaratonaCriativa_MeguiAssano-1024x1024.jpg 1024w, https:\/\/famaura.com.br\/home\/wp-content\/uploads\/2022\/06\/FaMaura_MaratonaCriativa_MeguiAssano-150x150.jpg 150w, https:\/\/famaura.com.br\/home\/wp-content\/uploads\/2022\/06\/FaMaura_MaratonaCriativa_MeguiAssano-768x768.jpg 768w\" sizes=\"(max-width: 1080px) 100vw, 1080px\" \/><\/figure>\n\n\n\n<figure class=\"wp-block-image size-large\"><img loading=\"lazy\" decoding=\"async\" width=\"1080\" height=\"1080\" data-id=\"25590\" src=\"https:\/\/famaura.com.br\/home\/wp-content\/uploads\/2022\/06\/FaMaura_MaratonaCriativa_PatyMolina.jpg\" alt=\"\" class=\"wp-image-25590\" srcset=\"https:\/\/famaura.com.br\/home\/wp-content\/uploads\/2022\/06\/FaMaura_MaratonaCriativa_PatyMolina.jpg 1080w, https:\/\/famaura.com.br\/home\/wp-content\/uploads\/2022\/06\/FaMaura_MaratonaCriativa_PatyMolina-600x600.jpg 600w, https:\/\/famaura.com.br\/home\/wp-content\/uploads\/2022\/06\/FaMaura_MaratonaCriativa_PatyMolina-100x100.jpg 100w, https:\/\/famaura.com.br\/home\/wp-content\/uploads\/2022\/06\/FaMaura_MaratonaCriativa_PatyMolina-300x300.jpg 300w, https:\/\/famaura.com.br\/home\/wp-content\/uploads\/2022\/06\/FaMaura_MaratonaCriativa_PatyMolina-1024x1024.jpg 1024w, https:\/\/famaura.com.br\/home\/wp-content\/uploads\/2022\/06\/FaMaura_MaratonaCriativa_PatyMolina-150x150.jpg 150w, https:\/\/famaura.com.br\/home\/wp-content\/uploads\/2022\/06\/FaMaura_MaratonaCriativa_PatyMolina-768x768.jpg 768w\" sizes=\"(max-width: 1080px) 100vw, 1080px\" \/><\/figure>\n\n\n\n<figure class=\"wp-block-image size-large\"><img loading=\"lazy\" decoding=\"async\" width=\"1080\" height=\"1080\" data-id=\"25591\" src=\"https:\/\/famaura.com.br\/home\/wp-content\/uploads\/2022\/06\/FaMaura_MaratonaCriativa_ThaisDelPozzo.jpg\" alt=\"\" class=\"wp-image-25591\" srcset=\"https:\/\/famaura.com.br\/home\/wp-content\/uploads\/2022\/06\/FaMaura_MaratonaCriativa_ThaisDelPozzo.jpg 1080w, https:\/\/famaura.com.br\/home\/wp-content\/uploads\/2022\/06\/FaMaura_MaratonaCriativa_ThaisDelPozzo-600x600.jpg 600w, https:\/\/famaura.com.br\/home\/wp-content\/uploads\/2022\/06\/FaMaura_MaratonaCriativa_ThaisDelPozzo-100x100.jpg 100w, https:\/\/famaura.com.br\/home\/wp-content\/uploads\/2022\/06\/FaMaura_MaratonaCriativa_ThaisDelPozzo-300x300.jpg 300w, https:\/\/famaura.com.br\/home\/wp-content\/uploads\/2022\/06\/FaMaura_MaratonaCriativa_ThaisDelPozzo-1024x1024.jpg 1024w, https:\/\/famaura.com.br\/home\/wp-content\/uploads\/2022\/06\/FaMaura_MaratonaCriativa_ThaisDelPozzo-150x150.jpg 150w, https:\/\/famaura.com.br\/home\/wp-content\/uploads\/2022\/06\/FaMaura_MaratonaCriativa_ThaisDelPozzo-768x768.jpg 768w\" sizes=\"(max-width: 1080px) 100vw, 1080px\" \/><\/figure>\n\n\n\n<figure class=\"wp-block-image size-full is-style-default\"><img decoding=\"async\" data-id=\"25625\" src=\"https:\/\/famaura.com.br\/home\/wp-content\/uploads\/2022\/06\/ComoFazerUmEnvelopeFacil_FaMaura-edited.jpg\" alt=\"\" class=\"wp-image-25625\"\/><figcaption><a href=\"https:\/\/youtu.be\/4ao5BggA-HA\" target=\"_blank\" rel=\"noreferrer noopener\">CLIQUE AQUI PARA VER A AULA<\/a><\/figcaption><\/figure>\n\n\n\n<figure class=\"wp-block-image size-large\"><img loading=\"lazy\" decoding=\"async\" width=\"1024\" height=\"576\" data-id=\"25628\" src=\"https:\/\/famaura.com.br\/home\/wp-content\/uploads\/2022\/06\/ComoFazerLayoutShaker_FaMaura-1024x576.jpg\" alt=\"\" class=\"wp-image-25628\" srcset=\"https:\/\/famaura.com.br\/home\/wp-content\/uploads\/2022\/06\/ComoFazerLayoutShaker_FaMaura-1024x576.jpg 1024w, https:\/\/famaura.com.br\/home\/wp-content\/uploads\/2022\/06\/ComoFazerLayoutShaker_FaMaura-600x338.jpg 600w, https:\/\/famaura.com.br\/home\/wp-content\/uploads\/2022\/06\/ComoFazerLayoutShaker_FaMaura-300x169.jpg 300w, https:\/\/famaura.com.br\/home\/wp-content\/uploads\/2022\/06\/ComoFazerLayoutShaker_FaMaura-768x432.jpg 768w, https:\/\/famaura.com.br\/home\/wp-content\/uploads\/2022\/06\/ComoFazerLayoutShaker_FaMaura.jpg 1280w\" sizes=\"(max-width: 1024px) 100vw, 1024px\" \/><figcaption><a href=\"https:\/\/youtu.be\/Bb7SM2Wj5B0\" target=\"_blank\" rel=\"noreferrer noopener\">CLIQUE AQUI PARA VER A AULA<\/a><\/figcaption><\/figure>\n\n\n\n<figure class=\"wp-block-image size-large\"><img decoding=\"async\" data-id=\"25629\" src=\"https:\/\/famaura.com.br\/home\/wp-content\/uploads\/2022\/06\/ComoFazerLayoutComTule_FaMaura.jpg\" alt=\"\" class=\"wp-image-25629\"\/><figcaption><a href=\"https:\/\/youtu.be\/A0oEw3HBMhY\" target=\"_blank\" rel=\"noreferrer noopener\">CLIQUE AQUI PARA VER A AULA<\/a><\/figcaption><\/figure>\n\n\n\n<figure class=\"wp-block-image size-large\"><img loading=\"lazy\" decoding=\"async\" width=\"1024\" height=\"576\" data-id=\"25630\" src=\"https:\/\/famaura.com.br\/home\/wp-content\/uploads\/2022\/06\/ComoFazerUmLayoutComMidiaEspecial_Transfer-1024x576.jpg\" alt=\"\" class=\"wp-image-25630\" srcset=\"https:\/\/famaura.com.br\/home\/wp-content\/uploads\/2022\/06\/ComoFazerUmLayoutComMidiaEspecial_Transfer-1024x576.jpg 1024w, https:\/\/famaura.com.br\/home\/wp-content\/uploads\/2022\/06\/ComoFazerUmLayoutComMidiaEspecial_Transfer-600x338.jpg 600w, https:\/\/famaura.com.br\/home\/wp-content\/uploads\/2022\/06\/ComoFazerUmLayoutComMidiaEspecial_Transfer-300x169.jpg 300w, https:\/\/famaura.com.br\/home\/wp-content\/uploads\/2022\/06\/ComoFazerUmLayoutComMidiaEspecial_Transfer-768x432.jpg 768w, https:\/\/famaura.com.br\/home\/wp-content\/uploads\/2022\/06\/ComoFazerUmLayoutComMidiaEspecial_Transfer.jpg 1280w\" sizes=\"(max-width: 1024px) 100vw, 1024px\" \/><figcaption><a href=\"https:\/\/youtu.be\/Wf2djw8eADY\" target=\"_blank\" rel=\"noreferrer noopener\">CLIQUE AQUI PARA VER A AULA<\/a><\/figcaption><\/figure>\n<\/figure>\n<\/div><\/div>\n\n\n\n<section id=\"gmc4917d6\" class=\"wp-block-gutentor-m5 section-gmc4917d6 gutentor-module gutentor-module-slider gutentor-slick-a-default-desktop gutentor-module-caption-enabled\"><div class=\"gutentor-module-slider-row\" data-dots=\"false\" data-dotstablet=\"false\" data-dotsmobile=\"false\" data-nextarrow=\"fas fa-angle-right\" data-prevarrow=\"fas fa-angle-left\" data-arrows=\"true\" data-arrowstablet=\"true\" data-arrowsmobile=\"true\" data-fade=\"false\" data-draggable=\"true\" data-infinite=\"false\" data-autoplay=\"false\" data-pauseonfocus=\"true\" data-pauseonhover=\"true\" data-speed=\"300\" data-autoplayspeed=\"300\" data-arrowspositiondesktop=\"gutentor-slick-a-default-desktop\">\n<div id=\"col-gm725524\" class=\"wp-block-gutentor-m5-col col-gm725524 gutentor-slider-item\"><div id=\"section-gm725524\" class=\"section-gm725524 gutentor-col-wrap has-image-normal has-custom-bg\"><img decoding=\"async\" src=\"https:\/\/famaura.com.br\/home\/wp-content\/plugins\/gutentor\/assets\/img\/default-image.jpg\"\/><div class=\"gutentor-slider-caption\"><div class=\"grid-container\"><\/div><\/div><\/div><\/div>\n<\/div><\/section>\n","protected":false},"excerpt":{"rendered":"<p>Bem vindo a Maratona Criativa FaMaura.A Maratona foi criada para te dar a oportunidade de conhecer os produtos FaMaura por um valor acess\u00edvel e poder criar projetos diversos com o mesmo Kit Digital.As professoras s\u00e3o do Time Criativo e Convidadas, todas elas com experi\u00eancia no scrap, disponibilizando o conte\u00fado de forma gratuita, para toda a comunidade do scrap, em lives no instagram.<\/p>\n","protected":false},"author":1,"featured_media":0,"parent":25682,"menu_order":1,"comment_status":"closed","ping_status":"closed","template":"template-gutentor-full-width.php","meta":{"jetpack_post_was_ever_published":false,"footnotes":""},"class_list":["post-25535","page","type-page","status-publish","hentry"],"jetpack_sharing_enabled":true,"_links":{"self":[{"href":"https:\/\/famaura.com.br\/home\/wp-json\/wp\/v2\/pages\/25535","targetHints":{"allow":["GET"]}}],"collection":[{"href":"https:\/\/famaura.com.br\/home\/wp-json\/wp\/v2\/pages"}],"about":[{"href":"https:\/\/famaura.com.br\/home\/wp-json\/wp\/v2\/types\/page"}],"author":[{"embeddable":true,"href":"https:\/\/famaura.com.br\/home\/wp-json\/wp\/v2\/users\/1"}],"replies":[{"embeddable":true,"href":"https:\/\/famaura.com.br\/home\/wp-json\/wp\/v2\/comments?post=25535"}],"version-history":[{"count":0,"href":"https:\/\/famaura.com.br\/home\/wp-json\/wp\/v2\/pages\/25535\/revisions"}],"up":[{"embeddable":true,"href":"https:\/\/famaura.com.br\/home\/wp-json\/wp\/v2\/pages\/25682"}],"wp:attachment":[{"href":"https:\/\/famaura.com.br\/home\/wp-json\/wp\/v2\/media?parent=25535"}],"curies":[{"name":"wp","href":"https:\/\/api.w.org\/{rel}","templated":true}]}}