{"id":25690,"date":"2022-07-06T15:57:00","date_gmt":"2022-07-06T18:57:00","guid":{"rendered":"https:\/\/famaura.com.br\/home\/?page_id=25690"},"modified":"2022-08-07T00:21:30","modified_gmt":"2022-08-07T03:21:30","slug":"maratona-criativa2","status":"publish","type":"page","link":"https:\/\/famaura.com.br\/home\/maratonacriativa1\/maratona-criativa2\/","title":{"rendered":"Equipe da 2\u00aa Maratona Criativa FaMaura | 30 de junho \u2013 08 julho 2022 | Kit Mem\u00f3rias para a Vida"},"content":{"rendered":"\n<p>Bem vindo a Maratona Criativa FaMaura.<br>A Maratona foi criada para te dar a oportunidade de conhecer os produtos FaMaura por um valor acess\u00edvel e poder criar projetos diversos com o mesmo Kit Digital.<br>As professoras s\u00e3o do Time Criativo e Convidadas, todas elas com experi\u00eancia no scrap, disponibilizando o conte\u00fado de forma gratuita, para toda a comunidade do scrap, em lives no instagram.<\/p>\n\n\n\n<figure class=\"wp-block-gallery has-nested-images columns-default is-cropped wp-block-gallery-1 is-layout-flex wp-block-gallery-is-layout-flex\">\n<figure class=\"wp-block-image size-large\"><img fetchpriority=\"high\" decoding=\"async\" width=\"1000\" height=\"1000\" data-id=\"25537\" src=\"https:\/\/famaura.com.br\/home\/wp-content\/uploads\/2022\/06\/FabianaMaura.jpg\" alt=\"\" class=\"wp-image-25537\" srcset=\"https:\/\/famaura.com.br\/home\/wp-content\/uploads\/2022\/06\/FabianaMaura.jpg 1000w, https:\/\/famaura.com.br\/home\/wp-content\/uploads\/2022\/06\/FabianaMaura-600x600.jpg 600w, https:\/\/famaura.com.br\/home\/wp-content\/uploads\/2022\/06\/FabianaMaura-100x100.jpg 100w, https:\/\/famaura.com.br\/home\/wp-content\/uploads\/2022\/06\/FabianaMaura-300x300.jpg 300w, https:\/\/famaura.com.br\/home\/wp-content\/uploads\/2022\/06\/FabianaMaura-150x150.jpg 150w, https:\/\/famaura.com.br\/home\/wp-content\/uploads\/2022\/06\/FabianaMaura-768x768.jpg 768w\" sizes=\"(max-width: 1000px) 100vw, 1000px\" \/><figcaption>Designer do Projeto<br><strong><a href=\"https:\/\/www.instagram.com\/tv\/CfcY1ouIAG_\/?utm_source=ig_web_copy_link\" target=\"_blank\" rel=\"noreferrer noopener\">CLIQUE AQUI PARA VER A LIVE<\/a><\/strong><\/figcaption><\/figure>\n\n\n\n<figure class=\"wp-block-image size-large\"><img decoding=\"async\" width=\"1000\" height=\"1000\" data-id=\"25695\" src=\"https:\/\/famaura.com.br\/home\/wp-content\/uploads\/2022\/07\/Thays-Barreto.jpg\" alt=\"\" class=\"wp-image-25695\" srcset=\"https:\/\/famaura.com.br\/home\/wp-content\/uploads\/2022\/07\/Thays-Barreto.jpg 1000w, https:\/\/famaura.com.br\/home\/wp-content\/uploads\/2022\/07\/Thays-Barreto-600x600.jpg 600w, https:\/\/famaura.com.br\/home\/wp-content\/uploads\/2022\/07\/Thays-Barreto-100x100.jpg 100w, https:\/\/famaura.com.br\/home\/wp-content\/uploads\/2022\/07\/Thays-Barreto-300x300.jpg 300w, https:\/\/famaura.com.br\/home\/wp-content\/uploads\/2022\/07\/Thays-Barreto-150x150.jpg 150w, https:\/\/famaura.com.br\/home\/wp-content\/uploads\/2022\/07\/Thays-Barreto-768x768.jpg 768w\" sizes=\"(max-width: 1000px) 100vw, 1000px\" \/><figcaption>Creative Team e Professora de Scrap<br><strong><a href=\"https:\/\/www.instagram.com\/tv\/CfezAUYBD3B\/?utm_source=ig_web_copy_link\" data-type=\"URL\" data-id=\"https:\/\/www.instagram.com\/tv\/CfezAUYBD3B\/?utm_source=ig_web_copy_link\" target=\"_blank\" rel=\"noreferrer noopener\">CLIQUE AQUI PARA VER A LIVE<\/a><\/strong><\/figcaption><\/figure>\n\n\n\n<figure class=\"wp-block-image size-large\"><img decoding=\"async\" width=\"1000\" height=\"1000\" data-id=\"25539\" src=\"https:\/\/famaura.com.br\/home\/wp-content\/uploads\/2022\/06\/ThaisDelZotto.jpg\" alt=\"\" class=\"wp-image-25539\" srcset=\"https:\/\/famaura.com.br\/home\/wp-content\/uploads\/2022\/06\/ThaisDelZotto.jpg 1000w, https:\/\/famaura.com.br\/home\/wp-content\/uploads\/2022\/06\/ThaisDelZotto-600x600.jpg 600w, https:\/\/famaura.com.br\/home\/wp-content\/uploads\/2022\/06\/ThaisDelZotto-100x100.jpg 100w, https:\/\/famaura.com.br\/home\/wp-content\/uploads\/2022\/06\/ThaisDelZotto-300x300.jpg 300w, https:\/\/famaura.com.br\/home\/wp-content\/uploads\/2022\/06\/ThaisDelZotto-150x150.jpg 150w, https:\/\/famaura.com.br\/home\/wp-content\/uploads\/2022\/06\/ThaisDelZotto-768x768.jpg 768w\" sizes=\"(max-width: 1000px) 100vw, 1000px\" \/><figcaption>Creative Team e Professora de Scrap<br><strong><a href=\"https:\/\/www.instagram.com\/tv\/CfgztqWofRx\/?utm_source=ig_web_copy_link\" data-type=\"URL\" data-id=\"https:\/\/www.instagram.com\/tv\/CfgztqWofRx\/?utm_source=ig_web_copy_link\" target=\"_blank\" rel=\"noreferrer noopener\">CLIQUE AQUI PARA VER A LIVE<\/a><\/strong><\/figcaption><\/figure>\n\n\n\n<figure class=\"wp-block-image size-large\"><img loading=\"lazy\" decoding=\"async\" width=\"1000\" height=\"1000\" data-id=\"25702\" src=\"https:\/\/famaura.com.br\/home\/wp-content\/uploads\/2022\/07\/LiveFa_maura.jpg\" alt=\"\" class=\"wp-image-25702\" srcset=\"https:\/\/famaura.com.br\/home\/wp-content\/uploads\/2022\/07\/LiveFa_maura.jpg 1000w, https:\/\/famaura.com.br\/home\/wp-content\/uploads\/2022\/07\/LiveFa_maura-600x600.jpg 600w, https:\/\/famaura.com.br\/home\/wp-content\/uploads\/2022\/07\/LiveFa_maura-100x100.jpg 100w, https:\/\/famaura.com.br\/home\/wp-content\/uploads\/2022\/07\/LiveFa_maura-300x300.jpg 300w, https:\/\/famaura.com.br\/home\/wp-content\/uploads\/2022\/07\/LiveFa_maura-150x150.jpg 150w, https:\/\/famaura.com.br\/home\/wp-content\/uploads\/2022\/07\/LiveFa_maura-768x768.jpg 768w\" sizes=\"(max-width: 1000px) 100vw, 1000px\" \/><\/figure>\n\n\n\n<figure class=\"wp-block-image size-large\"><img loading=\"lazy\" decoding=\"async\" width=\"1000\" height=\"1000\" data-id=\"25698\" src=\"https:\/\/famaura.com.br\/home\/wp-content\/uploads\/2022\/07\/a.jpg\" alt=\"\" class=\"wp-image-25698\" srcset=\"https:\/\/famaura.com.br\/home\/wp-content\/uploads\/2022\/07\/a.jpg 1000w, https:\/\/famaura.com.br\/home\/wp-content\/uploads\/2022\/07\/a-600x600.jpg 600w, https:\/\/famaura.com.br\/home\/wp-content\/uploads\/2022\/07\/a-100x100.jpg 100w\" sizes=\"(max-width: 1000px) 100vw, 1000px\" \/><\/figure>\n\n\n\n<figure class=\"wp-block-image size-large\"><img loading=\"lazy\" decoding=\"async\" width=\"1440\" height=\"1440\" data-id=\"25700\" src=\"https:\/\/famaura.com.br\/home\/wp-content\/uploads\/2022\/07\/Thais1.jpeg\" alt=\"\" class=\"wp-image-25700\" srcset=\"https:\/\/famaura.com.br\/home\/wp-content\/uploads\/2022\/07\/Thais1.jpeg 1440w, https:\/\/famaura.com.br\/home\/wp-content\/uploads\/2022\/07\/Thais1-600x600.jpeg 600w, https:\/\/famaura.com.br\/home\/wp-content\/uploads\/2022\/07\/Thais1-100x100.jpeg 100w, https:\/\/famaura.com.br\/home\/wp-content\/uploads\/2022\/07\/Thais1-300x300.jpeg 300w, https:\/\/famaura.com.br\/home\/wp-content\/uploads\/2022\/07\/Thais1-1024x1024.jpeg 1024w, https:\/\/famaura.com.br\/home\/wp-content\/uploads\/2022\/07\/Thais1-150x150.jpeg 150w, https:\/\/famaura.com.br\/home\/wp-content\/uploads\/2022\/07\/Thais1-768x768.jpeg 768w\" sizes=\"(max-width: 1440px) 100vw, 1440px\" \/><\/figure>\n\n\n\n<figure class=\"wp-block-image size-large\"><img loading=\"lazy\" decoding=\"async\" width=\"1000\" height=\"1000\" data-id=\"25693\" src=\"https:\/\/famaura.com.br\/home\/wp-content\/uploads\/2022\/07\/RuthArnaldo.jpg\" alt=\"\" class=\"wp-image-25693\" srcset=\"https:\/\/famaura.com.br\/home\/wp-content\/uploads\/2022\/07\/RuthArnaldo.jpg 1000w, https:\/\/famaura.com.br\/home\/wp-content\/uploads\/2022\/07\/RuthArnaldo-600x600.jpg 600w, https:\/\/famaura.com.br\/home\/wp-content\/uploads\/2022\/07\/RuthArnaldo-100x100.jpg 100w, https:\/\/famaura.com.br\/home\/wp-content\/uploads\/2022\/07\/RuthArnaldo-300x300.jpg 300w, https:\/\/famaura.com.br\/home\/wp-content\/uploads\/2022\/07\/RuthArnaldo-150x150.jpg 150w, https:\/\/famaura.com.br\/home\/wp-content\/uploads\/2022\/07\/RuthArnaldo-768x768.jpg 768w\" sizes=\"(max-width: 1000px) 100vw, 1000px\" \/><figcaption>Creative Team e Professora de Scrap<br><strong><a href=\"https:\/\/www.instagram.com\/tv\/CfmoEQcgYtE\/?utm_source=ig_web_copy_link\" data-type=\"URL\" data-id=\"https:\/\/www.instagram.com\/tv\/CfmoEQcgYtE\/?utm_source=ig_web_copy_link\" target=\"_blank\" rel=\"noreferrer noopener\">CLIQUE AQUI PARA VER A LIVE<\/a><\/strong><\/figcaption><\/figure>\n\n\n\n<figure class=\"wp-block-image size-large\"><img loading=\"lazy\" decoding=\"async\" width=\"1000\" height=\"1000\" data-id=\"25694\" src=\"https:\/\/famaura.com.br\/home\/wp-content\/uploads\/2022\/07\/ThamaOtsu.jpg\" alt=\"\" class=\"wp-image-25694\" srcset=\"https:\/\/famaura.com.br\/home\/wp-content\/uploads\/2022\/07\/ThamaOtsu.jpg 1000w, https:\/\/famaura.com.br\/home\/wp-content\/uploads\/2022\/07\/ThamaOtsu-600x600.jpg 600w, https:\/\/famaura.com.br\/home\/wp-content\/uploads\/2022\/07\/ThamaOtsu-100x100.jpg 100w, https:\/\/famaura.com.br\/home\/wp-content\/uploads\/2022\/07\/ThamaOtsu-300x300.jpg 300w, https:\/\/famaura.com.br\/home\/wp-content\/uploads\/2022\/07\/ThamaOtsu-150x150.jpg 150w, https:\/\/famaura.com.br\/home\/wp-content\/uploads\/2022\/07\/ThamaOtsu-768x768.jpg 768w\" sizes=\"(max-width: 1000px) 100vw, 1000px\" \/><figcaption>Creative Team e Professora de Scrap<br><strong><a href=\"https:\/\/www.instagram.com\/tv\/CfmoEQcgYtE\/?utm_source=ig_web_copy_link\" data-type=\"URL\" data-id=\"https:\/\/www.instagram.com\/tv\/CfmoEQcgYtE\/?utm_source=ig_web_copy_link\" target=\"_blank\" rel=\"noreferrer noopener\">CLIQUE AQUI PARA VER A LIVE<\/a><\/strong><\/figcaption><\/figure>\n\n\n\n<figure class=\"wp-block-image size-large\"><img loading=\"lazy\" decoding=\"async\" width=\"1000\" height=\"1000\" data-id=\"25696\" src=\"https:\/\/famaura.com.br\/home\/wp-content\/uploads\/2022\/07\/FaMaura.jpg\" alt=\"\" class=\"wp-image-25696\" srcset=\"https:\/\/famaura.com.br\/home\/wp-content\/uploads\/2022\/07\/FaMaura.jpg 1000w, https:\/\/famaura.com.br\/home\/wp-content\/uploads\/2022\/07\/FaMaura-600x600.jpg 600w, https:\/\/famaura.com.br\/home\/wp-content\/uploads\/2022\/07\/FaMaura-100x100.jpg 100w, https:\/\/famaura.com.br\/home\/wp-content\/uploads\/2022\/07\/FaMaura-300x300.jpg 300w, https:\/\/famaura.com.br\/home\/wp-content\/uploads\/2022\/07\/FaMaura-150x150.jpg 150w, https:\/\/famaura.com.br\/home\/wp-content\/uploads\/2022\/07\/FaMaura-768x768.jpg 768w\" sizes=\"(max-width: 1000px) 100vw, 1000px\" \/><figcaption>Designer do Projeto<br><a rel=\"noreferrer noopener\" href=\"https:\/\/www.instagram.com\/tv\/CfpMHsyoFRc\/?utm_source=ig_web_copy_link\" data-type=\"URL\" data-id=\"https:\/\/www.instagram.com\/tv\/CfpMHsyoFRc\/?utm_source=ig_web_copy_link\" target=\"_blank\"><strong>CLIQUE AQUI PARA VER A LIVE<\/strong><\/a><\/figcaption><\/figure>\n\n\n\n<figure class=\"wp-block-image size-large\"><img loading=\"lazy\" decoding=\"async\" width=\"1000\" height=\"1000\" data-id=\"25707\" src=\"https:\/\/famaura.com.br\/home\/wp-content\/uploads\/2022\/07\/R-1.jpg\" alt=\"\" class=\"wp-image-25707\" srcset=\"https:\/\/famaura.com.br\/home\/wp-content\/uploads\/2022\/07\/R-1.jpg 1000w, https:\/\/famaura.com.br\/home\/wp-content\/uploads\/2022\/07\/R-1-600x600.jpg 600w, https:\/\/famaura.com.br\/home\/wp-content\/uploads\/2022\/07\/R-1-100x100.jpg 100w, https:\/\/famaura.com.br\/home\/wp-content\/uploads\/2022\/07\/R-1-300x300.jpg 300w, https:\/\/famaura.com.br\/home\/wp-content\/uploads\/2022\/07\/R-1-150x150.jpg 150w, https:\/\/famaura.com.br\/home\/wp-content\/uploads\/2022\/07\/R-1-768x768.jpg 768w\" sizes=\"(max-width: 1000px) 100vw, 1000px\" \/><\/figure>\n\n\n\n<figure class=\"wp-block-image size-large\"><img loading=\"lazy\" decoding=\"async\" width=\"1000\" height=\"1000\" data-id=\"25708\" src=\"https:\/\/famaura.com.br\/home\/wp-content\/uploads\/2022\/07\/t5.jpg\" alt=\"\" class=\"wp-image-25708\" srcset=\"https:\/\/famaura.com.br\/home\/wp-content\/uploads\/2022\/07\/t5.jpg 1000w, https:\/\/famaura.com.br\/home\/wp-content\/uploads\/2022\/07\/t5-600x600.jpg 600w, https:\/\/famaura.com.br\/home\/wp-content\/uploads\/2022\/07\/t5-100x100.jpg 100w, https:\/\/famaura.com.br\/home\/wp-content\/uploads\/2022\/07\/t5-300x300.jpg 300w, https:\/\/famaura.com.br\/home\/wp-content\/uploads\/2022\/07\/t5-150x150.jpg 150w, https:\/\/famaura.com.br\/home\/wp-content\/uploads\/2022\/07\/t5-768x768.jpg 768w\" sizes=\"(max-width: 1000px) 100vw, 1000px\" \/><\/figure>\n\n\n\n<figure class=\"wp-block-image size-large\"><img loading=\"lazy\" decoding=\"async\" width=\"1000\" height=\"1000\" data-id=\"25699\" src=\"https:\/\/famaura.com.br\/home\/wp-content\/uploads\/2022\/07\/fa.jpg\" alt=\"\" class=\"wp-image-25699\" srcset=\"https:\/\/famaura.com.br\/home\/wp-content\/uploads\/2022\/07\/fa.jpg 1000w, https:\/\/famaura.com.br\/home\/wp-content\/uploads\/2022\/07\/fa-600x600.jpg 600w, https:\/\/famaura.com.br\/home\/wp-content\/uploads\/2022\/07\/fa-100x100.jpg 100w\" sizes=\"(max-width: 1000px) 100vw, 1000px\" \/><\/figure>\n\n\n\n<figure class=\"wp-block-image size-large\"><img loading=\"lazy\" decoding=\"async\" width=\"1000\" height=\"1000\" data-id=\"25538\" src=\"https:\/\/famaura.com.br\/home\/wp-content\/uploads\/2022\/06\/PatyMolina.jpg\" alt=\"\" class=\"wp-image-25538\" srcset=\"https:\/\/famaura.com.br\/home\/wp-content\/uploads\/2022\/06\/PatyMolina.jpg 1000w, https:\/\/famaura.com.br\/home\/wp-content\/uploads\/2022\/06\/PatyMolina-600x600.jpg 600w, https:\/\/famaura.com.br\/home\/wp-content\/uploads\/2022\/06\/PatyMolina-100x100.jpg 100w, https:\/\/famaura.com.br\/home\/wp-content\/uploads\/2022\/06\/PatyMolina-300x300.jpg 300w, https:\/\/famaura.com.br\/home\/wp-content\/uploads\/2022\/06\/PatyMolina-150x150.jpg 150w, https:\/\/famaura.com.br\/home\/wp-content\/uploads\/2022\/06\/PatyMolina-768x768.jpg 768w\" sizes=\"(max-width: 1000px) 100vw, 1000px\" \/><figcaption>Creative Team e Professora de Scrap<br><strong><a href=\"https:\/\/www.instagram.com\/tv\/CfrwuTfru4u\/?utm_source=ig_web_copy_link\" data-type=\"URL\" data-id=\"https:\/\/www.instagram.com\/tv\/CfrwuTfru4u\/?utm_source=ig_web_copy_link\" target=\"_blank\" rel=\"noreferrer noopener\">CLIQUE AQUI PARA VER A LIVE<\/a><\/strong><\/figcaption><\/figure>\n\n\n\n<figure class=\"wp-block-image size-large\"><img loading=\"lazy\" decoding=\"async\" width=\"1000\" height=\"1000\" data-id=\"25743\" src=\"https:\/\/famaura.com.br\/home\/wp-content\/uploads\/2022\/07\/ThamaOtsu2-1.jpg\" alt=\"\" class=\"wp-image-25743\" srcset=\"https:\/\/famaura.com.br\/home\/wp-content\/uploads\/2022\/07\/ThamaOtsu2-1.jpg 1000w, https:\/\/famaura.com.br\/home\/wp-content\/uploads\/2022\/07\/ThamaOtsu2-1-600x600.jpg 600w, https:\/\/famaura.com.br\/home\/wp-content\/uploads\/2022\/07\/ThamaOtsu2-1-100x100.jpg 100w, https:\/\/famaura.com.br\/home\/wp-content\/uploads\/2022\/07\/ThamaOtsu2-1-300x300.jpg 300w, https:\/\/famaura.com.br\/home\/wp-content\/uploads\/2022\/07\/ThamaOtsu2-1-150x150.jpg 150w, https:\/\/famaura.com.br\/home\/wp-content\/uploads\/2022\/07\/ThamaOtsu2-1-768x768.jpg 768w\" sizes=\"(max-width: 1000px) 100vw, 1000px\" \/><figcaption>Creative Team e Professora de Scrap<br><strong><a href=\"https:\/\/www.instagram.com\/tv\/CfuNsoKoVbZ\/?utm_source=ig_web_copy_link\" data-type=\"URL\" data-id=\"https:\/\/www.instagram.com\/tv\/CfuNsoKoVbZ\/?utm_source=ig_web_copy_link\" target=\"_blank\" rel=\"noreferrer noopener\">CLIQUE AQUI PARA VER A LIVE<\/a><\/strong><\/figcaption><\/figure>\n\n\n\n<figure class=\"wp-block-image size-large\"><img loading=\"lazy\" decoding=\"async\" width=\"1000\" height=\"1000\" data-id=\"25536\" src=\"https:\/\/famaura.com.br\/home\/wp-content\/uploads\/2022\/06\/AdrianeMendes.jpg\" alt=\"\" class=\"wp-image-25536\" srcset=\"https:\/\/famaura.com.br\/home\/wp-content\/uploads\/2022\/06\/AdrianeMendes.jpg 1000w, https:\/\/famaura.com.br\/home\/wp-content\/uploads\/2022\/06\/AdrianeMendes-600x600.jpg 600w, https:\/\/famaura.com.br\/home\/wp-content\/uploads\/2022\/06\/AdrianeMendes-100x100.jpg 100w, https:\/\/famaura.com.br\/home\/wp-content\/uploads\/2022\/06\/AdrianeMendes-300x300.jpg 300w, https:\/\/famaura.com.br\/home\/wp-content\/uploads\/2022\/06\/AdrianeMendes-150x150.jpg 150w, https:\/\/famaura.com.br\/home\/wp-content\/uploads\/2022\/06\/AdrianeMendes-768x768.jpg 768w\" sizes=\"(max-width: 1000px) 100vw, 1000px\" \/><figcaption>Creative Team e Professora de Scrap<br><strong><a rel=\"noreferrer noopener\" href=\"https:\/\/www.instagram.com\/tv\/CfxPUbwjUxH\/?utm_source=ig_web_copy_link\" data-type=\"URL\" data-id=\"https:\/\/www.instagram.com\/tv\/CfxPUbwjUxH\/?utm_source=ig_web_copy_link\" target=\"_blank\">CLIQUE AQUI PARA VER A LIVE<\/a><\/strong><\/figcaption><\/figure>\n\n\n\n<figure class=\"wp-block-image size-large\"><img loading=\"lazy\" decoding=\"async\" width=\"1000\" height=\"1000\" data-id=\"25712\" src=\"https:\/\/famaura.com.br\/home\/wp-content\/uploads\/2022\/07\/p5.jpg\" alt=\"\" class=\"wp-image-25712\" srcset=\"https:\/\/famaura.com.br\/home\/wp-content\/uploads\/2022\/07\/p5.jpg 1000w, https:\/\/famaura.com.br\/home\/wp-content\/uploads\/2022\/07\/p5-600x600.jpg 600w, https:\/\/famaura.com.br\/home\/wp-content\/uploads\/2022\/07\/p5-100x100.jpg 100w, https:\/\/famaura.com.br\/home\/wp-content\/uploads\/2022\/07\/p5-300x300.jpg 300w, https:\/\/famaura.com.br\/home\/wp-content\/uploads\/2022\/07\/p5-150x150.jpg 150w, https:\/\/famaura.com.br\/home\/wp-content\/uploads\/2022\/07\/p5-768x768.jpg 768w\" sizes=\"(max-width: 1000px) 100vw, 1000px\" \/><\/figure>\n\n\n\n<figure class=\"wp-block-image size-large\"><img loading=\"lazy\" decoding=\"async\" width=\"1024\" height=\"1024\" data-id=\"25745\" src=\"https:\/\/famaura.com.br\/home\/wp-content\/uploads\/2022\/07\/292998076_457933789487238_1019416762126631077_n-1024x1024.jpg\" alt=\"\" class=\"wp-image-25745\" srcset=\"https:\/\/famaura.com.br\/home\/wp-content\/uploads\/2022\/07\/292998076_457933789487238_1019416762126631077_n-1024x1024.jpg 1024w, https:\/\/famaura.com.br\/home\/wp-content\/uploads\/2022\/07\/292998076_457933789487238_1019416762126631077_n-600x600.jpg 600w, https:\/\/famaura.com.br\/home\/wp-content\/uploads\/2022\/07\/292998076_457933789487238_1019416762126631077_n-100x100.jpg 100w, https:\/\/famaura.com.br\/home\/wp-content\/uploads\/2022\/07\/292998076_457933789487238_1019416762126631077_n-300x300.jpg 300w, https:\/\/famaura.com.br\/home\/wp-content\/uploads\/2022\/07\/292998076_457933789487238_1019416762126631077_n-150x150.jpg 150w, https:\/\/famaura.com.br\/home\/wp-content\/uploads\/2022\/07\/292998076_457933789487238_1019416762126631077_n-768x768.jpg 768w, https:\/\/famaura.com.br\/home\/wp-content\/uploads\/2022\/07\/292998076_457933789487238_1019416762126631077_n.jpg 1080w\" sizes=\"(max-width: 1024px) 100vw, 1024px\" \/><\/figure>\n\n\n\n<figure class=\"wp-block-image size-large\"><img loading=\"lazy\" decoding=\"async\" width=\"1000\" height=\"1000\" data-id=\"25744\" src=\"https:\/\/famaura.com.br\/home\/wp-content\/uploads\/2022\/07\/1.jpg\" alt=\"\" class=\"wp-image-25744\" srcset=\"https:\/\/famaura.com.br\/home\/wp-content\/uploads\/2022\/07\/1.jpg 1000w, https:\/\/famaura.com.br\/home\/wp-content\/uploads\/2022\/07\/1-600x600.jpg 600w, https:\/\/famaura.com.br\/home\/wp-content\/uploads\/2022\/07\/1-100x100.jpg 100w, https:\/\/famaura.com.br\/home\/wp-content\/uploads\/2022\/07\/1-300x300.jpg 300w, https:\/\/famaura.com.br\/home\/wp-content\/uploads\/2022\/07\/1-150x150.jpg 150w, https:\/\/famaura.com.br\/home\/wp-content\/uploads\/2022\/07\/1-768x768.jpg 768w\" sizes=\"(max-width: 1000px) 100vw, 1000px\" \/><\/figure>\n<\/figure>\n","protected":false},"excerpt":{"rendered":"<p>Bem vindo a Maratona Criativa FaMaura.A Maratona foi criada para te dar a oportunidade de conhecer os produtos FaMaura por um valor acess\u00edvel e poder criar projetos diversos com o mesmo Kit Digital.As professoras s\u00e3o do Time Criativo e Convidadas, todas elas com experi\u00eancia no scrap, disponibilizando o conte\u00fado de forma gratuita, para toda a comunidade do scrap, em lives no instagram.<\/p>\n","protected":false},"author":1,"featured_media":0,"parent":25682,"menu_order":2,"comment_status":"closed","ping_status":"closed","template":"template-gutentor-full-width.php","meta":{"jetpack_post_was_ever_published":false,"footnotes":""},"class_list":["post-25690","page","type-page","status-publish","hentry"],"jetpack_sharing_enabled":true,"_links":{"self":[{"href":"https:\/\/famaura.com.br\/home\/wp-json\/wp\/v2\/pages\/25690","targetHints":{"allow":["GET"]}}],"collection":[{"href":"https:\/\/famaura.com.br\/home\/wp-json\/wp\/v2\/pages"}],"about":[{"href":"https:\/\/famaura.com.br\/home\/wp-json\/wp\/v2\/types\/page"}],"author":[{"embeddable":true,"href":"https:\/\/famaura.com.br\/home\/wp-json\/wp\/v2\/users\/1"}],"replies":[{"embeddable":true,"href":"https:\/\/famaura.com.br\/home\/wp-json\/wp\/v2\/comments?post=25690"}],"version-history":[{"count":0,"href":"https:\/\/famaura.com.br\/home\/wp-json\/wp\/v2\/pages\/25690\/revisions"}],"up":[{"embeddable":true,"href":"https:\/\/famaura.com.br\/home\/wp-json\/wp\/v2\/pages\/25682"}],"wp:attachment":[{"href":"https:\/\/famaura.com.br\/home\/wp-json\/wp\/v2\/media?parent=25690"}],"curies":[{"name":"wp","href":"https:\/\/api.w.org\/{rel}","templated":true}]}}