{"id":26033,"date":"2022-08-07T00:23:10","date_gmt":"2022-08-07T03:23:10","guid":{"rendered":"https:\/\/famaura.com.br\/home\/?page_id=26033"},"modified":"2022-08-08T19:00:13","modified_gmt":"2022-08-08T22:00:13","slug":"maratona-criativa3","status":"publish","type":"page","link":"https:\/\/famaura.com.br\/home\/maratonacriativa1\/maratona-criativa3\/","title":{"rendered":"Equipe da 3\u00aa Maratona Criativa FaMaura | 1 \u2013 7 Agosto 2022 | KitFrutificai"},"content":{"rendered":"\n<p>Bem vindo a Maratona Criativa FaMaura.<br>A Maratona foi criada para te dar a oportunidade de conhecer os produtos FaMaura por um valor acess\u00edvel e poder criar projetos diversos com o mesmo Kit Digital.<br>As professoras s\u00e3o do Time Criativo e Convidadas, todas elas com experi\u00eancia no scrap, disponibilizando o conte\u00fado de forma gratuita, para toda a comunidade do scrap, em lives no instagram.<\/p>\n\n\n\n<figure class=\"wp-block-gallery has-nested-images columns-default is-cropped wp-block-gallery-1 is-layout-flex wp-block-gallery-is-layout-flex\">\n<figure class=\"wp-block-image size-large\"><a href=\"https:\/\/www.instagram.com\/tv\/CgvCzhHIka8\/?utm_source=ig_web_copy_link\"><img fetchpriority=\"high\" decoding=\"async\" width=\"1000\" height=\"1000\" data-id=\"25696\" src=\"https:\/\/famaura.com.br\/home\/wp-content\/uploads\/2022\/07\/FaMaura.jpg\" alt=\"\" class=\"wp-image-25696\" srcset=\"https:\/\/famaura.com.br\/home\/wp-content\/uploads\/2022\/07\/FaMaura.jpg 1000w, https:\/\/famaura.com.br\/home\/wp-content\/uploads\/2022\/07\/FaMaura-600x600.jpg 600w, https:\/\/famaura.com.br\/home\/wp-content\/uploads\/2022\/07\/FaMaura-100x100.jpg 100w, https:\/\/famaura.com.br\/home\/wp-content\/uploads\/2022\/07\/FaMaura-300x300.jpg 300w, https:\/\/famaura.com.br\/home\/wp-content\/uploads\/2022\/07\/FaMaura-150x150.jpg 150w, https:\/\/famaura.com.br\/home\/wp-content\/uploads\/2022\/07\/FaMaura-768x768.jpg 768w\" sizes=\"(max-width: 1000px) 100vw, 1000px\" \/><\/a><figcaption>Designer do Projeto<br><strong><a href=\"https:\/\/www.instagram.com\/tv\/CgvCzhHIka8\/?utm_source=ig_web_copy_link\" data-type=\"URL\" data-id=\"https:\/\/www.instagram.com\/tv\/CgvCzhHIka8\/?utm_source=ig_web_copy_link\">Clique  aqui para ver a live<\/a><\/strong><\/figcaption><\/figure>\n\n\n\n<figure class=\"wp-block-image size-large\"><a href=\"https:\/\/www.instagram.com\/tv\/CgxSOlmoKUJ\/?utm_source=ig_web_copy_link\"><img decoding=\"async\" width=\"1000\" height=\"1000\" data-id=\"25743\" src=\"https:\/\/famaura.com.br\/home\/wp-content\/uploads\/2022\/07\/ThamaOtsu2-1.jpg\" alt=\"\" class=\"wp-image-25743\" srcset=\"https:\/\/famaura.com.br\/home\/wp-content\/uploads\/2022\/07\/ThamaOtsu2-1.jpg 1000w, https:\/\/famaura.com.br\/home\/wp-content\/uploads\/2022\/07\/ThamaOtsu2-1-600x600.jpg 600w, https:\/\/famaura.com.br\/home\/wp-content\/uploads\/2022\/07\/ThamaOtsu2-1-100x100.jpg 100w, https:\/\/famaura.com.br\/home\/wp-content\/uploads\/2022\/07\/ThamaOtsu2-1-300x300.jpg 300w, https:\/\/famaura.com.br\/home\/wp-content\/uploads\/2022\/07\/ThamaOtsu2-1-150x150.jpg 150w, https:\/\/famaura.com.br\/home\/wp-content\/uploads\/2022\/07\/ThamaOtsu2-1-768x768.jpg 768w\" sizes=\"(max-width: 1000px) 100vw, 1000px\" \/><\/a><figcaption>Creative Team e Professora de Scrap<br><strong><a href=\"https:\/\/www.instagram.com\/tv\/CgxSOlmoKUJ\/?utm_source=ig_web_copy_link\" data-type=\"URL\" data-id=\"https:\/\/www.instagram.com\/tv\/CgxSOlmoKUJ\/?utm_source=ig_web_copy_link\">Clique aqui para ver a live<\/a><\/strong><\/figcaption><\/figure>\n\n\n\n<figure class=\"wp-block-image size-large\"><a href=\"https:\/\/www.instagram.com\/tv\/Cgz13oTJ9IV\/?utm_source=ig_web_copy_link\"><img decoding=\"async\" width=\"1000\" height=\"1000\" data-id=\"25538\" src=\"https:\/\/famaura.com.br\/home\/wp-content\/uploads\/2022\/06\/PatyMolina.jpg\" alt=\"\" class=\"wp-image-25538\" srcset=\"https:\/\/famaura.com.br\/home\/wp-content\/uploads\/2022\/06\/PatyMolina.jpg 1000w, https:\/\/famaura.com.br\/home\/wp-content\/uploads\/2022\/06\/PatyMolina-600x600.jpg 600w, https:\/\/famaura.com.br\/home\/wp-content\/uploads\/2022\/06\/PatyMolina-100x100.jpg 100w, https:\/\/famaura.com.br\/home\/wp-content\/uploads\/2022\/06\/PatyMolina-300x300.jpg 300w, https:\/\/famaura.com.br\/home\/wp-content\/uploads\/2022\/06\/PatyMolina-150x150.jpg 150w, https:\/\/famaura.com.br\/home\/wp-content\/uploads\/2022\/06\/PatyMolina-768x768.jpg 768w\" sizes=\"(max-width: 1000px) 100vw, 1000px\" \/><\/a><figcaption>Creative Team e Professora de Scrap<br><strong><a href=\"https:\/\/www.instagram.com\/tv\/Cgz13oTJ9IV\/?utm_source=ig_web_copy_link\" data-type=\"URL\" data-id=\"https:\/\/www.instagram.com\/tv\/Cgz13oTJ9IV\/?utm_source=ig_web_copy_link\">Clique aqui para ver live<\/a><\/strong><\/figcaption><\/figure>\n\n\n\n<figure class=\"wp-block-image size-large\"><img loading=\"lazy\" decoding=\"async\" width=\"1000\" height=\"1000\" data-id=\"26051\" src=\"https:\/\/famaura.com.br\/home\/wp-content\/uploads\/2022\/08\/1-5.jpg\" alt=\"\" class=\"wp-image-26051\" srcset=\"https:\/\/famaura.com.br\/home\/wp-content\/uploads\/2022\/08\/1-5.jpg 1000w, https:\/\/famaura.com.br\/home\/wp-content\/uploads\/2022\/08\/1-5-600x600.jpg 600w, https:\/\/famaura.com.br\/home\/wp-content\/uploads\/2022\/08\/1-5-100x100.jpg 100w, https:\/\/famaura.com.br\/home\/wp-content\/uploads\/2022\/08\/1-5-300x300.jpg 300w, https:\/\/famaura.com.br\/home\/wp-content\/uploads\/2022\/08\/1-5-150x150.jpg 150w, https:\/\/famaura.com.br\/home\/wp-content\/uploads\/2022\/08\/1-5-768x768.jpg 768w\" sizes=\"(max-width: 1000px) 100vw, 1000px\" \/><\/figure>\n\n\n\n<figure class=\"wp-block-image size-large\"><img loading=\"lazy\" decoding=\"async\" width=\"1496\" height=\"1496\" data-id=\"26049\" src=\"https:\/\/famaura.com.br\/home\/wp-content\/uploads\/2022\/08\/1.jpeg\" alt=\"\" class=\"wp-image-26049\" srcset=\"https:\/\/famaura.com.br\/home\/wp-content\/uploads\/2022\/08\/1.jpeg 1496w, https:\/\/famaura.com.br\/home\/wp-content\/uploads\/2022\/08\/1-600x600.jpeg 600w, https:\/\/famaura.com.br\/home\/wp-content\/uploads\/2022\/08\/1-100x100.jpeg 100w, https:\/\/famaura.com.br\/home\/wp-content\/uploads\/2022\/08\/1-300x300.jpeg 300w, https:\/\/famaura.com.br\/home\/wp-content\/uploads\/2022\/08\/1-1024x1024.jpeg 1024w, https:\/\/famaura.com.br\/home\/wp-content\/uploads\/2022\/08\/1-150x150.jpeg 150w, https:\/\/famaura.com.br\/home\/wp-content\/uploads\/2022\/08\/1-768x768.jpeg 768w\" sizes=\"(max-width: 1496px) 100vw, 1496px\" \/><\/figure>\n\n\n\n<figure class=\"wp-block-image size-large\"><img loading=\"lazy\" decoding=\"async\" width=\"1000\" height=\"1000\" data-id=\"26046\" src=\"https:\/\/famaura.com.br\/home\/wp-content\/uploads\/2022\/08\/1-2.jpg\" alt=\"\" class=\"wp-image-26046\" srcset=\"https:\/\/famaura.com.br\/home\/wp-content\/uploads\/2022\/08\/1-2.jpg 1000w, https:\/\/famaura.com.br\/home\/wp-content\/uploads\/2022\/08\/1-2-600x600.jpg 600w, https:\/\/famaura.com.br\/home\/wp-content\/uploads\/2022\/08\/1-2-100x100.jpg 100w, https:\/\/famaura.com.br\/home\/wp-content\/uploads\/2022\/08\/1-2-300x300.jpg 300w, https:\/\/famaura.com.br\/home\/wp-content\/uploads\/2022\/08\/1-2-150x150.jpg 150w, https:\/\/famaura.com.br\/home\/wp-content\/uploads\/2022\/08\/1-2-768x768.jpg 768w\" sizes=\"(max-width: 1000px) 100vw, 1000px\" \/><\/figure>\n\n\n\n<figure class=\"wp-block-image size-large\"><img loading=\"lazy\" decoding=\"async\" width=\"1000\" height=\"1000\" data-id=\"25536\" src=\"https:\/\/famaura.com.br\/home\/wp-content\/uploads\/2022\/06\/AdrianeMendes.jpg\" alt=\"\" class=\"wp-image-25536\" srcset=\"https:\/\/famaura.com.br\/home\/wp-content\/uploads\/2022\/06\/AdrianeMendes.jpg 1000w, https:\/\/famaura.com.br\/home\/wp-content\/uploads\/2022\/06\/AdrianeMendes-600x600.jpg 600w, https:\/\/famaura.com.br\/home\/wp-content\/uploads\/2022\/06\/AdrianeMendes-100x100.jpg 100w, https:\/\/famaura.com.br\/home\/wp-content\/uploads\/2022\/06\/AdrianeMendes-300x300.jpg 300w, https:\/\/famaura.com.br\/home\/wp-content\/uploads\/2022\/06\/AdrianeMendes-150x150.jpg 150w, https:\/\/famaura.com.br\/home\/wp-content\/uploads\/2022\/06\/AdrianeMendes-768x768.jpg 768w\" sizes=\"(max-width: 1000px) 100vw, 1000px\" \/><figcaption>Creative Team e Professora de Scrap<br><strong><a href=\"https:\/\/www.instagram.com\/tv\/Cg2yDAwD4Ez\/?utm_source=ig_web_copy_link\" data-type=\"URL\" data-id=\"https:\/\/www.instagram.com\/tv\/Cg2yDAwD4Ez\/?utm_source=ig_web_copy_link\">Clique aqui para ver a live<\/a><\/strong><\/figcaption><\/figure>\n\n\n\n<figure class=\"wp-block-image size-large\"><img loading=\"lazy\" decoding=\"async\" width=\"1000\" height=\"1000\" data-id=\"25695\" src=\"https:\/\/famaura.com.br\/home\/wp-content\/uploads\/2022\/07\/Thays-Barreto.jpg\" alt=\"\" class=\"wp-image-25695\" srcset=\"https:\/\/famaura.com.br\/home\/wp-content\/uploads\/2022\/07\/Thays-Barreto.jpg 1000w, https:\/\/famaura.com.br\/home\/wp-content\/uploads\/2022\/07\/Thays-Barreto-600x600.jpg 600w, https:\/\/famaura.com.br\/home\/wp-content\/uploads\/2022\/07\/Thays-Barreto-100x100.jpg 100w, https:\/\/famaura.com.br\/home\/wp-content\/uploads\/2022\/07\/Thays-Barreto-300x300.jpg 300w, https:\/\/famaura.com.br\/home\/wp-content\/uploads\/2022\/07\/Thays-Barreto-150x150.jpg 150w, https:\/\/famaura.com.br\/home\/wp-content\/uploads\/2022\/07\/Thays-Barreto-768x768.jpg 768w\" sizes=\"(max-width: 1000px) 100vw, 1000px\" \/><figcaption>Creative Team e Professora de Scrap<br><strong><a href=\"https:\/\/www.instagram.com\/tv\/Cg5MKaZhm8Z\/?utm_source=ig_web_copy_link\">Clique aqui para ver a live<\/a><\/strong><\/figcaption><\/figure>\n\n\n\n<figure class=\"wp-block-image size-large\"><img loading=\"lazy\" decoding=\"async\" width=\"1000\" height=\"1000\" data-id=\"25693\" src=\"https:\/\/famaura.com.br\/home\/wp-content\/uploads\/2022\/07\/RuthArnaldo.jpg\" alt=\"\" class=\"wp-image-25693\" srcset=\"https:\/\/famaura.com.br\/home\/wp-content\/uploads\/2022\/07\/RuthArnaldo.jpg 1000w, https:\/\/famaura.com.br\/home\/wp-content\/uploads\/2022\/07\/RuthArnaldo-600x600.jpg 600w, https:\/\/famaura.com.br\/home\/wp-content\/uploads\/2022\/07\/RuthArnaldo-100x100.jpg 100w, https:\/\/famaura.com.br\/home\/wp-content\/uploads\/2022\/07\/RuthArnaldo-300x300.jpg 300w, https:\/\/famaura.com.br\/home\/wp-content\/uploads\/2022\/07\/RuthArnaldo-150x150.jpg 150w, https:\/\/famaura.com.br\/home\/wp-content\/uploads\/2022\/07\/RuthArnaldo-768x768.jpg 768w\" sizes=\"(max-width: 1000px) 100vw, 1000px\" \/><figcaption>Creative Team e Professora de Scrap<br><strong><a href=\"https:\/\/www.instagram.com\/tv\/Cg7lsH2AacU\/?utm_source=ig_web_copy_link\">Clique aqui para ver a live<\/a><\/strong><\/figcaption><\/figure>\n\n\n\n<figure class=\"wp-block-image size-large\"><img loading=\"lazy\" decoding=\"async\" width=\"1000\" height=\"1000\" data-id=\"26045\" src=\"https:\/\/famaura.com.br\/home\/wp-content\/uploads\/2022\/08\/1-1.jpg\" alt=\"\" class=\"wp-image-26045\" srcset=\"https:\/\/famaura.com.br\/home\/wp-content\/uploads\/2022\/08\/1-1.jpg 1000w, https:\/\/famaura.com.br\/home\/wp-content\/uploads\/2022\/08\/1-1-600x600.jpg 600w, https:\/\/famaura.com.br\/home\/wp-content\/uploads\/2022\/08\/1-1-100x100.jpg 100w, https:\/\/famaura.com.br\/home\/wp-content\/uploads\/2022\/08\/1-1-300x300.jpg 300w, https:\/\/famaura.com.br\/home\/wp-content\/uploads\/2022\/08\/1-1-150x150.jpg 150w, https:\/\/famaura.com.br\/home\/wp-content\/uploads\/2022\/08\/1-1-768x768.jpg 768w\" sizes=\"(max-width: 1000px) 100vw, 1000px\" \/><\/figure>\n\n\n\n<figure class=\"wp-block-image size-large\"><img loading=\"lazy\" decoding=\"async\" width=\"1000\" height=\"1000\" data-id=\"26048\" src=\"https:\/\/famaura.com.br\/home\/wp-content\/uploads\/2022\/08\/1-4.jpg\" alt=\"\" class=\"wp-image-26048\" srcset=\"https:\/\/famaura.com.br\/home\/wp-content\/uploads\/2022\/08\/1-4.jpg 1000w, https:\/\/famaura.com.br\/home\/wp-content\/uploads\/2022\/08\/1-4-600x600.jpg 600w, https:\/\/famaura.com.br\/home\/wp-content\/uploads\/2022\/08\/1-4-100x100.jpg 100w, https:\/\/famaura.com.br\/home\/wp-content\/uploads\/2022\/08\/1-4-300x300.jpg 300w, https:\/\/famaura.com.br\/home\/wp-content\/uploads\/2022\/08\/1-4-150x150.jpg 150w, https:\/\/famaura.com.br\/home\/wp-content\/uploads\/2022\/08\/1-4-768x768.jpg 768w\" sizes=\"(max-width: 1000px) 100vw, 1000px\" \/><\/figure>\n\n\n\n<figure class=\"wp-block-image size-large\"><img loading=\"lazy\" decoding=\"async\" width=\"1000\" height=\"1000\" data-id=\"26047\" src=\"https:\/\/famaura.com.br\/home\/wp-content\/uploads\/2022\/08\/1-3.jpg\" alt=\"\" class=\"wp-image-26047\" srcset=\"https:\/\/famaura.com.br\/home\/wp-content\/uploads\/2022\/08\/1-3.jpg 1000w, https:\/\/famaura.com.br\/home\/wp-content\/uploads\/2022\/08\/1-3-600x600.jpg 600w, https:\/\/famaura.com.br\/home\/wp-content\/uploads\/2022\/08\/1-3-100x100.jpg 100w\" sizes=\"(max-width: 1000px) 100vw, 1000px\" \/><\/figure>\n\n\n\n<figure class=\"wp-block-image size-large\"><img loading=\"lazy\" decoding=\"async\" width=\"1000\" height=\"1000\" data-id=\"25539\" src=\"https:\/\/famaura.com.br\/home\/wp-content\/uploads\/2022\/06\/ThaisDelZotto.jpg\" alt=\"\" class=\"wp-image-25539\" srcset=\"https:\/\/famaura.com.br\/home\/wp-content\/uploads\/2022\/06\/ThaisDelZotto.jpg 1000w, https:\/\/famaura.com.br\/home\/wp-content\/uploads\/2022\/06\/ThaisDelZotto-600x600.jpg 600w, https:\/\/famaura.com.br\/home\/wp-content\/uploads\/2022\/06\/ThaisDelZotto-100x100.jpg 100w, https:\/\/famaura.com.br\/home\/wp-content\/uploads\/2022\/06\/ThaisDelZotto-300x300.jpg 300w, https:\/\/famaura.com.br\/home\/wp-content\/uploads\/2022\/06\/ThaisDelZotto-150x150.jpg 150w, https:\/\/famaura.com.br\/home\/wp-content\/uploads\/2022\/06\/ThaisDelZotto-768x768.jpg 768w\" sizes=\"(max-width: 1000px) 100vw, 1000px\" \/><figcaption>Creative Team e Professora de Scrap<br><strong><a href=\"https:\/\/www.instagram.com\/tv\/Cg9gIO8IFWE\/?utm_source=ig_web_copy_link\">Clique aqui para ver a live<\/a><\/strong><\/figcaption><\/figure>\n\n\n\n<figure class=\"wp-block-image size-large\"><img loading=\"lazy\" decoding=\"async\" width=\"1000\" height=\"1000\" data-id=\"26044\" src=\"https:\/\/famaura.com.br\/home\/wp-content\/uploads\/2022\/08\/1.jpg\" alt=\"\" class=\"wp-image-26044\" srcset=\"https:\/\/famaura.com.br\/home\/wp-content\/uploads\/2022\/08\/1.jpg 1000w, https:\/\/famaura.com.br\/home\/wp-content\/uploads\/2022\/08\/1-600x600.jpg 600w, https:\/\/famaura.com.br\/home\/wp-content\/uploads\/2022\/08\/1-100x100.jpg 100w, https:\/\/famaura.com.br\/home\/wp-content\/uploads\/2022\/08\/1-300x300.jpg 300w, https:\/\/famaura.com.br\/home\/wp-content\/uploads\/2022\/08\/1-150x150.jpg 150w, https:\/\/famaura.com.br\/home\/wp-content\/uploads\/2022\/08\/1-768x768.jpg 768w\" sizes=\"(max-width: 1000px) 100vw, 1000px\" \/><\/figure>\n<\/figure>\n","protected":false},"excerpt":{"rendered":"<p>Bem vindo a Maratona Criativa FaMaura.A Maratona foi criada para te dar a oportunidade de conhecer os produtos FaMaura por um valor acess\u00edvel e poder criar projetos diversos com o mesmo Kit Digital.As professoras s\u00e3o do Time Criativo e Convidadas, todas elas com experi\u00eancia no scrap, disponibilizando o conte\u00fado de forma gratuita, para toda a comunidade do scrap, em lives no instagram.<\/p>\n","protected":false},"author":1,"featured_media":0,"parent":25682,"menu_order":3,"comment_status":"closed","ping_status":"closed","template":"template-gutentor-full-width.php","meta":{"jetpack_post_was_ever_published":false,"footnotes":""},"class_list":["post-26033","page","type-page","status-publish","hentry"],"jetpack_sharing_enabled":true,"_links":{"self":[{"href":"https:\/\/famaura.com.br\/home\/wp-json\/wp\/v2\/pages\/26033","targetHints":{"allow":["GET"]}}],"collection":[{"href":"https:\/\/famaura.com.br\/home\/wp-json\/wp\/v2\/pages"}],"about":[{"href":"https:\/\/famaura.com.br\/home\/wp-json\/wp\/v2\/types\/page"}],"author":[{"embeddable":true,"href":"https:\/\/famaura.com.br\/home\/wp-json\/wp\/v2\/users\/1"}],"replies":[{"embeddable":true,"href":"https:\/\/famaura.com.br\/home\/wp-json\/wp\/v2\/comments?post=26033"}],"version-history":[{"count":0,"href":"https:\/\/famaura.com.br\/home\/wp-json\/wp\/v2\/pages\/26033\/revisions"}],"up":[{"embeddable":true,"href":"https:\/\/famaura.com.br\/home\/wp-json\/wp\/v2\/pages\/25682"}],"wp:attachment":[{"href":"https:\/\/famaura.com.br\/home\/wp-json\/wp\/v2\/media?parent=26033"}],"curies":[{"name":"wp","href":"https:\/\/api.w.org\/{rel}","templated":true}]}}