{"id":30718,"date":"2023-04-11T21:02:48","date_gmt":"2023-04-12T00:02:48","guid":{"rendered":"https:\/\/famaura.com.br\/home\/?page_id=30718"},"modified":"2023-08-05T19:53:53","modified_gmt":"2023-08-05T22:53:53","slug":"temas","status":"publish","type":"page","link":"https:\/\/famaura.com.br\/home\/temas\/","title":{"rendered":"Temas"},"content":{"rendered":"\n<p><strong><a href=\"https:\/\/famaura.com.br\/home\/produto-etiqueta\/animais-e-insetos\/\">Animais &amp; Insetos<\/a>&nbsp;          <a href=\"https:\/\/famaura.com.br\/home\/produto-etiqueta\/anjos\/\">Anjos<\/a>&nbsp;         <a href=\"https:\/\/famaura.com.br\/home\/produto-etiqueta\/bebe\/\">Bebe<\/a>        &nbsp;<a href=\"https:\/\/famaura.com.br\/home\/produto-etiqueta\/bible-jourling\/\">Bible Jourling<\/a>       &nbsp;   <a href=\"https:\/\/famaura.com.br\/home\/produto-etiqueta\/bolsinha\/\">Bolsinha<\/a>         &nbsp;<a href=\"https:\/\/famaura.com.br\/home\/produto-etiqueta\/cactus\/\">Cactus<\/a>         &nbsp;<a href=\"https:\/\/famaura.com.br\/home\/produto-etiqueta\/caixa\/\">Caixa<\/a>&nbsp;       <a href=\"https:\/\/famaura.com.br\/home\/produto-etiqueta\/carros\/\">Carros<\/a>       &nbsp;<a href=\"https:\/\/famaura.com.br\/home\/produto-etiqueta\/casa\/\">Casa<\/a>&nbsp;      <a href=\"https:\/\/famaura.com.br\/home\/produto-etiqueta\/circo\/\">Circo<\/a>  &nbsp;<a href=\"https:\/\/famaura.com.br\/home\/produto-etiqueta\/comidas-bebidas-e-doces\/\">Comidas Bebidas &amp; Doces<\/a>&nbsp;       <a href=\"https:\/\/famaura.com.br\/home\/produto-etiqueta\/camera\/\">C\u00e2mera<\/a>         &nbsp;<a href=\"https:\/\/famaura.com.br\/home\/produto-etiqueta\/dia-das-bruxas\/\">Dia Das Bruxas<\/a>     &nbsp;   <a href=\"https:\/\/famaura.com.br\/home\/produto-etiqueta\/dia-das-maes\/\">Dia Das M\u00e3es<\/a>&nbsp;       <a href=\"https:\/\/famaura.com.br\/home\/produto-etiqueta\/dia-dos-namorados\/\">Dia Dos Namorados<\/a>&nbsp;       <a href=\"https:\/\/famaura.com.br\/home\/produto-etiqueta\/dia-dos-pais\/\">Dia Dos Pais<\/a>&nbsp;  <a href=\"https:\/\/famaura.com.br\/home\/produto-etiqueta\/espaco-e-monstros\/\">Espa\u00e7o &amp; Monstros<\/a>       &nbsp;<a href=\"https:\/\/famaura.com.br\/home\/produto-etiqueta\/fantasia\/\">Fantasia<\/a>&nbsp;       <a href=\"https:\/\/famaura.com.br\/home\/produto-etiqueta\/fazendinha-e-cowboy\/\">Fazendinha &amp; Cowboy<\/a>&nbsp;       <a href=\"https:\/\/famaura.com.br\/home\/produto-etiqueta\/filmes-fotos\/\">Filmes &amp; Fotos<\/a>         &nbsp;<a href=\"https:\/\/famaura.com.br\/home\/produto-etiqueta\/flores\/\">Flores<\/a>         &nbsp;<a href=\"https:\/\/famaura.com.br\/home\/produto-etiqueta\/floresta\/\">Floresta<\/a>        &nbsp;<a href=\"https:\/\/famaura.com.br\/home\/produto-etiqueta\/frutas\/\">Frutas<\/a>&nbsp;        <a href=\"https:\/\/famaura.com.br\/home\/produto-etiqueta\/fundo-do-mar-praia\/\">Fundo Do Mar &amp; Praia<\/a>  &nbsp;      <a href=\"https:\/\/famaura.com.br\/home\/produto-etiqueta\/glitter\/\">Glitter<\/a>     &nbsp;  <a href=\"https:\/\/famaura.com.br\/home\/produto-etiqueta\/inverno\/\">Inverno<\/a>       &nbsp;<a href=\"https:\/\/famaura.com.br\/home\/produto-etiqueta\/jardim\/\">Jardim<\/a>             &nbsp;<a href=\"https:\/\/famaura.com.br\/home\/produto-etiqueta\/livros-escola\/\">Livros &amp; Escola<\/a>&nbsp;              <a href=\"https:\/\/famaura.com.br\/home\/produto-etiqueta\/menina\/\">Menina<\/a>       &nbsp;  <a href=\"https:\/\/famaura.com.br\/home\/produto-etiqueta\/meninas\/\">Meninas<\/a>            &nbsp;<a href=\"https:\/\/famaura.com.br\/home\/produto-etiqueta\/meninos\/\">Meninos<\/a>          &nbsp;<a href=\"https:\/\/famaura.com.br\/home\/produto-etiqueta\/mini-album\/\">Mini \u00c1lbum<\/a>&nbsp;         <a href=\"https:\/\/famaura.com.br\/home\/produto-etiqueta\/natal\/\">Natal<\/a>&nbsp;             <a href=\"https:\/\/famaura.com.br\/home\/produto-etiqueta\/noivos\/\">Noivos<\/a>  &nbsp;          <a href=\"https:\/\/famaura.com.br\/home\/produto-etiqueta\/outono\/\">Outono<\/a>           &nbsp;<a href=\"https:\/\/famaura.com.br\/home\/produto-etiqueta\/pequeno-principe\/\">Pequeno Princ\u00edpe<\/a>          &nbsp;<a href=\"https:\/\/famaura.com.br\/home\/produto-etiqueta\/printables-para-colorir\/\">Printables Para Colorir<\/a>        &nbsp;<a href=\"https:\/\/famaura.com.br\/home\/produto-etiqueta\/profissoes\/\">Profiss\u00f5es<\/a>  &nbsp;<a href=\"https:\/\/famaura.com.br\/home\/produto-etiqueta\/pascoa\/\">P\u00e1scoa<\/a>&nbsp;            <a href=\"https:\/\/famaura.com.br\/home\/produto-etiqueta\/saint-patricks-day\/\">Saint Patricks Day<\/a>  &nbsp;           <a href=\"https:\/\/famaura.com.br\/home\/produto-etiqueta\/scrap-costura\/\">Scrap &amp; Costura<\/a>&nbsp;           <a href=\"https:\/\/famaura.com.br\/home\/produto-etiqueta\/shabby\/\">Shabby<\/a>&nbsp;            <a href=\"https:\/\/famaura.com.br\/home\/produto-etiqueta\/sonhos\/\">Sonhos<\/a>&nbsp;            <a href=\"https:\/\/famaura.com.br\/home\/produto-etiqueta\/variados\/\">Variados<\/a>&nbsp;           <a href=\"https:\/\/famaura.com.br\/home\/produto-etiqueta\/viagem-ferias\/\">Viagem &amp; F\u00e9rias<\/a><\/strong><br><br><\/p>\n","protected":false},"excerpt":{"rendered":"<p>Animais &amp; Insetos&nbsp; Anjos&nbsp; Bebe &nbsp;Bible Jourling &nbsp; Bolsinha &nbsp;Cactus &nbsp;Caixa&nbsp; Carros &nbsp;Casa&nbsp; Circo &nbsp;Comidas Bebidas &amp; Doces&nbsp; C\u00e2mera &nbsp;Dia Das Bruxas &nbsp; Dia Das M\u00e3es&nbsp; Dia Dos Namorados&nbsp; Dia Dos Pais&nbsp; Espa\u00e7o &amp; Monstros &nbsp;Fantasia&nbsp; Fazendinha &amp; Cowboy&nbsp; Filmes &amp; Fotos &nbsp;Flores &nbsp;Floresta &nbsp;Frutas&nbsp; Fundo Do Mar &amp; Praia &nbsp; Glitter &nbsp; Inverno &nbsp;Jardim &nbsp;Livros &amp; Escola&nbsp; Menina &nbsp; Meninas &nbsp;Meninos &nbsp;Mini \u00c1lbum&nbsp; Natal&nbsp; Noivos &nbsp; Outono &nbsp;Pequeno Princ\u00edpe &nbsp;Printables Para Colorir &nbsp;Profiss\u00f5es &nbsp;P\u00e1scoa&nbsp; Saint Patricks Day &nbsp; Scrap &amp; Costura&nbsp; Shabby&nbsp; Sonhos&nbsp; Variados&nbsp; Viagem &amp; F\u00e9rias<\/p>\n","protected":false},"author":1,"featured_media":0,"parent":0,"menu_order":0,"comment_status":"closed","ping_status":"closed","template":"","meta":{"jetpack_post_was_ever_published":false,"footnotes":""},"class_list":["post-30718","page","type-page","status-publish","hentry"],"jetpack_sharing_enabled":true,"_links":{"self":[{"href":"https:\/\/famaura.com.br\/home\/wp-json\/wp\/v2\/pages\/30718","targetHints":{"allow":["GET"]}}],"collection":[{"href":"https:\/\/famaura.com.br\/home\/wp-json\/wp\/v2\/pages"}],"about":[{"href":"https:\/\/famaura.com.br\/home\/wp-json\/wp\/v2\/types\/page"}],"author":[{"embeddable":true,"href":"https:\/\/famaura.com.br\/home\/wp-json\/wp\/v2\/users\/1"}],"replies":[{"embeddable":true,"href":"https:\/\/famaura.com.br\/home\/wp-json\/wp\/v2\/comments?post=30718"}],"version-history":[{"count":67,"href":"https:\/\/famaura.com.br\/home\/wp-json\/wp\/v2\/pages\/30718\/revisions"}],"predecessor-version":[{"id":33383,"href":"https:\/\/famaura.com.br\/home\/wp-json\/wp\/v2\/pages\/30718\/revisions\/33383"}],"wp:attachment":[{"href":"https:\/\/famaura.com.br\/home\/wp-json\/wp\/v2\/media?parent=30718"}],"curies":[{"name":"wp","href":"https:\/\/api.w.org\/{rel}","templated":true}]}}