{"id":31049,"date":"2023-05-08T19:39:28","date_gmt":"2023-05-08T22:39:28","guid":{"rendered":"https:\/\/famaura.com.br\/home\/?page_id=31049"},"modified":"2023-07-05T19:35:49","modified_gmt":"2023-07-05T22:35:49","slug":"4a-maratona-criativa-30-de-abril-06-de-maio-2023-kit-meu-scrap","status":"publish","type":"page","link":"https:\/\/famaura.com.br\/home\/maratonacriativa1\/4a-maratona-criativa-30-de-abril-06-de-maio-2023-kit-meu-scrap\/","title":{"rendered":"4\u00aa Maratona Criativa | 30 de abril &#8211; 06 de maio 2023 | Kit Meu Scrap"},"content":{"rendered":"\n<p>Bem vindo a Maratona Criativa FaMaura.<br>A Maratona foi criada para te dar a oportunidade de conhecer os produtos FaMaura por um valor acess\u00edvel e poder criar projetos diversos com o mesmo Kit Digital.<br>As professoras s\u00e3o do Time Criativo e Convidadas, todas elas com experi\u00eancia no scrap, disponibilizando o conte\u00fado de forma gratuita, para toda a comunidade do scrap, em lives no instagram.<\/p>\n\n\n\n<figure class=\"wp-block-gallery has-nested-images columns-default is-cropped wp-block-gallery-1 is-layout-flex wp-block-gallery-is-layout-flex\">\n<figure class=\"wp-block-image size-full\"><img fetchpriority=\"high\" decoding=\"async\" width=\"571\" height=\"768\" data-id=\"30584\" src=\"https:\/\/famaura.com.br\/home\/wp-content\/uploads\/2023\/04\/FotoCT.png\" alt=\"\" class=\"wp-image-30584\" srcset=\"https:\/\/famaura.com.br\/home\/wp-content\/uploads\/2023\/04\/FotoCT.png 571w, https:\/\/famaura.com.br\/home\/wp-content\/uploads\/2023\/04\/FotoCT-223x300.png 223w, https:\/\/famaura.com.br\/home\/wp-content\/uploads\/2023\/04\/FotoCT-48x65.png 48w\" sizes=\"(max-width: 571px) 100vw, 571px\" \/><figcaption class=\"wp-element-caption\">Designer do Projeto<br><strong><a href=\"https:\/\/www.instagram.com\/p\/CrrMs1_Itoq\/?utm_source=ig_web_copy_link\" data-type=\"URL\" data-id=\"https:\/\/www.instagram.com\/tv\/CgvCzhHIka8\/?utm_source=ig_web_copy_link\">Clique  aqui para ver a live<\/a><\/strong><\/figcaption><\/figure>\n\n\n\n<figure class=\"wp-block-image size-full\"><a href=\"https:\/\/www.instagram.com\/p\/Crtjve0Aipc\/?utm_source=ig_web_copy_link\"><img decoding=\"async\" width=\"571\" height=\"768\" data-id=\"29228\" src=\"https:\/\/famaura.com.br\/home\/wp-content\/uploads\/2022\/12\/RuthArnaldo.png\" alt=\"\" class=\"wp-image-29228\" srcset=\"https:\/\/famaura.com.br\/home\/wp-content\/uploads\/2022\/12\/RuthArnaldo.png 571w, https:\/\/famaura.com.br\/home\/wp-content\/uploads\/2022\/12\/RuthArnaldo-223x300.png 223w, https:\/\/famaura.com.br\/home\/wp-content\/uploads\/2022\/12\/RuthArnaldo-48x65.png 48w\" sizes=\"(max-width: 571px) 100vw, 571px\" \/><\/a><figcaption class=\"wp-element-caption\">Criativa e Professora de Scrap<br><a href=\"https:\/\/www.instagram.com\/p\/Crtjve0Aipc\/?utm_source=ig_web_copy_link\"><strong>Clique aqui para ver a  live<\/strong><\/a><\/figcaption><\/figure>\n\n\n\n<figure class=\"wp-block-image size-full\"><img decoding=\"async\" width=\"571\" height=\"768\" data-id=\"29229\" src=\"https:\/\/famaura.com.br\/home\/wp-content\/uploads\/2022\/12\/SilvanaValerio.png\" alt=\"\" class=\"wp-image-29229\" srcset=\"https:\/\/famaura.com.br\/home\/wp-content\/uploads\/2022\/12\/SilvanaValerio.png 571w, https:\/\/famaura.com.br\/home\/wp-content\/uploads\/2022\/12\/SilvanaValerio-223x300.png 223w, https:\/\/famaura.com.br\/home\/wp-content\/uploads\/2022\/12\/SilvanaValerio-48x65.png 48w\" sizes=\"(max-width: 571px) 100vw, 571px\" \/><figcaption class=\"wp-element-caption\">Criativa e Professora de Scrap<br><strong><a href=\"https:\/\/www.instagram.com\/p\/CrwI2zdhkWP\/?utm_source=ig_web_copy_link\">Clique aqui para ver a live<\/a><\/strong><\/figcaption><\/figure>\n\n\n\n<figure class=\"wp-block-image size-full\"><img loading=\"lazy\" decoding=\"async\" width=\"1000\" height=\"1000\" data-id=\"31050\" src=\"https:\/\/famaura.com.br\/home\/wp-content\/uploads\/2023\/05\/Photo-by-Fa-Maura-_-Scrapbook-Craft-on-May-02-2023.-May-be-an-image-of-2-people-and-text.jpg\" alt=\"\" class=\"wp-image-31050\" srcset=\"https:\/\/famaura.com.br\/home\/wp-content\/uploads\/2023\/05\/Photo-by-Fa-Maura-_-Scrapbook-Craft-on-May-02-2023.-May-be-an-image-of-2-people-and-text.jpg 1000w, https:\/\/famaura.com.br\/home\/wp-content\/uploads\/2023\/05\/Photo-by-Fa-Maura-_-Scrapbook-Craft-on-May-02-2023.-May-be-an-image-of-2-people-and-text-600x600.jpg 600w, https:\/\/famaura.com.br\/home\/wp-content\/uploads\/2023\/05\/Photo-by-Fa-Maura-_-Scrapbook-Craft-on-May-02-2023.-May-be-an-image-of-2-people-and-text-100x100.jpg 100w\" sizes=\"(max-width: 1000px) 100vw, 1000px\" \/><\/figure>\n\n\n\n<figure class=\"wp-block-image size-large\"><img decoding=\"async\" data-id=\"31051\" src=\"https:\/\/famaura.com.br\/home\/wp-content\/uploads\/2023\/05\/Photo-by-Fa-Maura-_-Scrapbook-Craft-on-May-04-2023.-May-be-an-image-of-2-people-polaroid-diary-card-and-text-1024x1024.jpg\" alt=\"\" class=\"wp-image-31051\"\/><\/figure>\n\n\n\n<figure class=\"wp-block-image size-large\"><img loading=\"lazy\" decoding=\"async\" width=\"1024\" height=\"1024\" data-id=\"31052\" src=\"https:\/\/famaura.com.br\/home\/wp-content\/uploads\/2023\/05\/Photo-by-Fa-Maura-_-Scrapbook-Craft-on-May-05-2023.-May-be-an-image-of-lamp-shade-pencil-case-lantern-and-text-1024x1024.jpg\" alt=\"\" class=\"wp-image-31052\" srcset=\"https:\/\/famaura.com.br\/home\/wp-content\/uploads\/2023\/05\/Photo-by-Fa-Maura-_-Scrapbook-Craft-on-May-05-2023.-May-be-an-image-of-lamp-shade-pencil-case-lantern-and-text-1024x1024.jpg 1024w, https:\/\/famaura.com.br\/home\/wp-content\/uploads\/2023\/05\/Photo-by-Fa-Maura-_-Scrapbook-Craft-on-May-05-2023.-May-be-an-image-of-lamp-shade-pencil-case-lantern-and-text-600x600.jpg 600w, https:\/\/famaura.com.br\/home\/wp-content\/uploads\/2023\/05\/Photo-by-Fa-Maura-_-Scrapbook-Craft-on-May-05-2023.-May-be-an-image-of-lamp-shade-pencil-case-lantern-and-text-100x100.jpg 100w, https:\/\/famaura.com.br\/home\/wp-content\/uploads\/2023\/05\/Photo-by-Fa-Maura-_-Scrapbook-Craft-on-May-05-2023.-May-be-an-image-of-lamp-shade-pencil-case-lantern-and-text-300x300.jpg 300w, https:\/\/famaura.com.br\/home\/wp-content\/uploads\/2023\/05\/Photo-by-Fa-Maura-_-Scrapbook-Craft-on-May-05-2023.-May-be-an-image-of-lamp-shade-pencil-case-lantern-and-text-150x150.jpg 150w, https:\/\/famaura.com.br\/home\/wp-content\/uploads\/2023\/05\/Photo-by-Fa-Maura-_-Scrapbook-Craft-on-May-05-2023.-May-be-an-image-of-lamp-shade-pencil-case-lantern-and-text-768x768.jpg 768w, https:\/\/famaura.com.br\/home\/wp-content\/uploads\/2023\/05\/Photo-by-Fa-Maura-_-Scrapbook-Craft-on-May-05-2023.-May-be-an-image-of-lamp-shade-pencil-case-lantern-and-text-320x320.jpg 320w, https:\/\/famaura.com.br\/home\/wp-content\/uploads\/2023\/05\/Photo-by-Fa-Maura-_-Scrapbook-Craft-on-May-05-2023.-May-be-an-image-of-lamp-shade-pencil-case-lantern-and-text-75x75.jpg 75w, https:\/\/famaura.com.br\/home\/wp-content\/uploads\/2023\/05\/Photo-by-Fa-Maura-_-Scrapbook-Craft-on-May-05-2023.-May-be-an-image-of-lamp-shade-pencil-case-lantern-and-text-48x48.jpg 48w, https:\/\/famaura.com.br\/home\/wp-content\/uploads\/2023\/05\/Photo-by-Fa-Maura-_-Scrapbook-Craft-on-May-05-2023.-May-be-an-image-of-lamp-shade-pencil-case-lantern-and-text.jpg 1080w\" sizes=\"(max-width: 1024px) 100vw, 1024px\" \/><\/figure>\n\n\n\n<figure class=\"wp-block-image size-full\"><img loading=\"lazy\" decoding=\"async\" width=\"571\" height=\"768\" data-id=\"29227\" src=\"https:\/\/famaura.com.br\/home\/wp-content\/uploads\/2022\/12\/PatyMolina.png\" alt=\"\" class=\"wp-image-29227\" srcset=\"https:\/\/famaura.com.br\/home\/wp-content\/uploads\/2022\/12\/PatyMolina.png 571w, https:\/\/famaura.com.br\/home\/wp-content\/uploads\/2022\/12\/PatyMolina-223x300.png 223w, https:\/\/famaura.com.br\/home\/wp-content\/uploads\/2022\/12\/PatyMolina-48x65.png 48w\" sizes=\"(max-width: 571px) 100vw, 571px\" \/><figcaption class=\"wp-element-caption\">Criativa e Professora de Scrap<br><a href=\"https:\/\/www.instagram.com\/p\/CrysTmGp1AX\/?utm_source=ig_web_copy_link\"><strong>Clique aqui para ver a live<\/strong><\/a><\/figcaption><\/figure>\n\n\n\n<figure class=\"wp-block-image size-full\"><img loading=\"lazy\" decoding=\"async\" width=\"571\" height=\"768\" data-id=\"29226\" src=\"https:\/\/famaura.com.br\/home\/wp-content\/uploads\/2022\/12\/AndreaTinoco.png\" alt=\"\" class=\"wp-image-29226\" srcset=\"https:\/\/famaura.com.br\/home\/wp-content\/uploads\/2022\/12\/AndreaTinoco.png 571w, https:\/\/famaura.com.br\/home\/wp-content\/uploads\/2022\/12\/AndreaTinoco-223x300.png 223w, https:\/\/famaura.com.br\/home\/wp-content\/uploads\/2022\/12\/AndreaTinoco-48x65.png 48w\" sizes=\"(max-width: 571px) 100vw, 571px\" \/><figcaption class=\"wp-element-caption\">Criativa e Professora de Scrap<br><strong><a href=\"https:\/\/www.instagram.com\/p\/Cr1RE-RpLTC\/?utm_source=ig_web_copy_link\">Clique aqui para ver a live<\/a><\/strong><\/figcaption><\/figure>\n\n\n\n<figure class=\"wp-block-image size-full\"><img loading=\"lazy\" decoding=\"async\" width=\"571\" height=\"768\" data-id=\"29230\" src=\"https:\/\/famaura.com.br\/home\/wp-content\/uploads\/2022\/12\/ThamaOtsu.png\" alt=\"\" class=\"wp-image-29230\" srcset=\"https:\/\/famaura.com.br\/home\/wp-content\/uploads\/2022\/12\/ThamaOtsu.png 571w, https:\/\/famaura.com.br\/home\/wp-content\/uploads\/2022\/12\/ThamaOtsu-223x300.png 223w, https:\/\/famaura.com.br\/home\/wp-content\/uploads\/2022\/12\/ThamaOtsu-48x65.png 48w\" sizes=\"(max-width: 571px) 100vw, 571px\" \/><figcaption class=\"wp-element-caption\">Criativa e Professora de Scrap<br><strong><a href=\"https:\/\/www.instagram.com\/p\/Cr33f57ole9\/?utm_source=ig_web_copy_link\">Clique aqui para ver a live<\/a><\/strong><\/figcaption><\/figure>\n\n\n\n<figure class=\"wp-block-image size-large\"><img loading=\"lazy\" decoding=\"async\" width=\"1024\" height=\"1024\" data-id=\"31053\" src=\"https:\/\/famaura.com.br\/home\/wp-content\/uploads\/2023\/05\/Photo-by-Fa-Maura-_-Scrapbook-Craft-on-May-05-2023.-May-be-an-image-of-7-people-diary-and-text-1024x1024.jpg\" alt=\"\" class=\"wp-image-31053\" srcset=\"https:\/\/famaura.com.br\/home\/wp-content\/uploads\/2023\/05\/Photo-by-Fa-Maura-_-Scrapbook-Craft-on-May-05-2023.-May-be-an-image-of-7-people-diary-and-text-1024x1024.jpg 1024w, https:\/\/famaura.com.br\/home\/wp-content\/uploads\/2023\/05\/Photo-by-Fa-Maura-_-Scrapbook-Craft-on-May-05-2023.-May-be-an-image-of-7-people-diary-and-text-600x600.jpg 600w, https:\/\/famaura.com.br\/home\/wp-content\/uploads\/2023\/05\/Photo-by-Fa-Maura-_-Scrapbook-Craft-on-May-05-2023.-May-be-an-image-of-7-people-diary-and-text-100x100.jpg 100w, https:\/\/famaura.com.br\/home\/wp-content\/uploads\/2023\/05\/Photo-by-Fa-Maura-_-Scrapbook-Craft-on-May-05-2023.-May-be-an-image-of-7-people-diary-and-text-300x300.jpg 300w, https:\/\/famaura.com.br\/home\/wp-content\/uploads\/2023\/05\/Photo-by-Fa-Maura-_-Scrapbook-Craft-on-May-05-2023.-May-be-an-image-of-7-people-diary-and-text-150x150.jpg 150w, https:\/\/famaura.com.br\/home\/wp-content\/uploads\/2023\/05\/Photo-by-Fa-Maura-_-Scrapbook-Craft-on-May-05-2023.-May-be-an-image-of-7-people-diary-and-text-768x768.jpg 768w, https:\/\/famaura.com.br\/home\/wp-content\/uploads\/2023\/05\/Photo-by-Fa-Maura-_-Scrapbook-Craft-on-May-05-2023.-May-be-an-image-of-7-people-diary-and-text-320x320.jpg 320w, https:\/\/famaura.com.br\/home\/wp-content\/uploads\/2023\/05\/Photo-by-Fa-Maura-_-Scrapbook-Craft-on-May-05-2023.-May-be-an-image-of-7-people-diary-and-text-75x75.jpg 75w, https:\/\/famaura.com.br\/home\/wp-content\/uploads\/2023\/05\/Photo-by-Fa-Maura-_-Scrapbook-Craft-on-May-05-2023.-May-be-an-image-of-7-people-diary-and-text-48x48.jpg 48w, https:\/\/famaura.com.br\/home\/wp-content\/uploads\/2023\/05\/Photo-by-Fa-Maura-_-Scrapbook-Craft-on-May-05-2023.-May-be-an-image-of-7-people-diary-and-text.jpg 1200w\" sizes=\"(max-width: 1024px) 100vw, 1024px\" \/><\/figure>\n\n\n\n<figure class=\"wp-block-image size-full\"><img loading=\"lazy\" decoding=\"async\" width=\"1000\" height=\"1000\" data-id=\"31054\" src=\"https:\/\/famaura.com.br\/home\/wp-content\/uploads\/2023\/05\/Photo-by-Fa-Maura-_-Scrapbook-Craft-on-May-07-2023.-May-be-an-image-of-card-camera-and-text-that-says-GLUE-SCRAPBOOK-2.jpg\" alt=\"\" class=\"wp-image-31054\" srcset=\"https:\/\/famaura.com.br\/home\/wp-content\/uploads\/2023\/05\/Photo-by-Fa-Maura-_-Scrapbook-Craft-on-May-07-2023.-May-be-an-image-of-card-camera-and-text-that-says-GLUE-SCRAPBOOK-2.jpg 1000w, https:\/\/famaura.com.br\/home\/wp-content\/uploads\/2023\/05\/Photo-by-Fa-Maura-_-Scrapbook-Craft-on-May-07-2023.-May-be-an-image-of-card-camera-and-text-that-says-GLUE-SCRAPBOOK-2-600x600.jpg 600w, https:\/\/famaura.com.br\/home\/wp-content\/uploads\/2023\/05\/Photo-by-Fa-Maura-_-Scrapbook-Craft-on-May-07-2023.-May-be-an-image-of-card-camera-and-text-that-says-GLUE-SCRAPBOOK-2-100x100.jpg 100w, https:\/\/famaura.com.br\/home\/wp-content\/uploads\/2023\/05\/Photo-by-Fa-Maura-_-Scrapbook-Craft-on-May-07-2023.-May-be-an-image-of-card-camera-and-text-that-says-GLUE-SCRAPBOOK-2-300x300.jpg 300w, https:\/\/famaura.com.br\/home\/wp-content\/uploads\/2023\/05\/Photo-by-Fa-Maura-_-Scrapbook-Craft-on-May-07-2023.-May-be-an-image-of-card-camera-and-text-that-says-GLUE-SCRAPBOOK-2-150x150.jpg 150w, https:\/\/famaura.com.br\/home\/wp-content\/uploads\/2023\/05\/Photo-by-Fa-Maura-_-Scrapbook-Craft-on-May-07-2023.-May-be-an-image-of-card-camera-and-text-that-says-GLUE-SCRAPBOOK-2-768x768.jpg 768w, https:\/\/famaura.com.br\/home\/wp-content\/uploads\/2023\/05\/Photo-by-Fa-Maura-_-Scrapbook-Craft-on-May-07-2023.-May-be-an-image-of-card-camera-and-text-that-says-GLUE-SCRAPBOOK-2-320x320.jpg 320w, https:\/\/famaura.com.br\/home\/wp-content\/uploads\/2023\/05\/Photo-by-Fa-Maura-_-Scrapbook-Craft-on-May-07-2023.-May-be-an-image-of-card-camera-and-text-that-says-GLUE-SCRAPBOOK-2-75x75.jpg 75w, https:\/\/famaura.com.br\/home\/wp-content\/uploads\/2023\/05\/Photo-by-Fa-Maura-_-Scrapbook-Craft-on-May-07-2023.-May-be-an-image-of-card-camera-and-text-that-says-GLUE-SCRAPBOOK-2-48x48.jpg 48w\" sizes=\"(max-width: 1000px) 100vw, 1000px\" \/><\/figure>\n\n\n\n<figure class=\"wp-block-image size-large\"><img loading=\"lazy\" decoding=\"async\" width=\"1024\" height=\"1024\" data-id=\"31055\" src=\"https:\/\/famaura.com.br\/home\/wp-content\/uploads\/2023\/05\/Photo-by-Fa-Maura-_-Scrapbook-Craft-on-May-08-2023.-May-be-an-image-of-2-people-and-text-1024x1024.jpg\" alt=\"\" class=\"wp-image-31055\" srcset=\"https:\/\/famaura.com.br\/home\/wp-content\/uploads\/2023\/05\/Photo-by-Fa-Maura-_-Scrapbook-Craft-on-May-08-2023.-May-be-an-image-of-2-people-and-text-1024x1024.jpg 1024w, https:\/\/famaura.com.br\/home\/wp-content\/uploads\/2023\/05\/Photo-by-Fa-Maura-_-Scrapbook-Craft-on-May-08-2023.-May-be-an-image-of-2-people-and-text-600x600.jpg 600w, https:\/\/famaura.com.br\/home\/wp-content\/uploads\/2023\/05\/Photo-by-Fa-Maura-_-Scrapbook-Craft-on-May-08-2023.-May-be-an-image-of-2-people-and-text-100x100.jpg 100w, https:\/\/famaura.com.br\/home\/wp-content\/uploads\/2023\/05\/Photo-by-Fa-Maura-_-Scrapbook-Craft-on-May-08-2023.-May-be-an-image-of-2-people-and-text-300x300.jpg 300w, https:\/\/famaura.com.br\/home\/wp-content\/uploads\/2023\/05\/Photo-by-Fa-Maura-_-Scrapbook-Craft-on-May-08-2023.-May-be-an-image-of-2-people-and-text-150x150.jpg 150w, https:\/\/famaura.com.br\/home\/wp-content\/uploads\/2023\/05\/Photo-by-Fa-Maura-_-Scrapbook-Craft-on-May-08-2023.-May-be-an-image-of-2-people-and-text-768x768.jpg 768w, https:\/\/famaura.com.br\/home\/wp-content\/uploads\/2023\/05\/Photo-by-Fa-Maura-_-Scrapbook-Craft-on-May-08-2023.-May-be-an-image-of-2-people-and-text-320x320.jpg 320w, https:\/\/famaura.com.br\/home\/wp-content\/uploads\/2023\/05\/Photo-by-Fa-Maura-_-Scrapbook-Craft-on-May-08-2023.-May-be-an-image-of-2-people-and-text-75x75.jpg 75w, https:\/\/famaura.com.br\/home\/wp-content\/uploads\/2023\/05\/Photo-by-Fa-Maura-_-Scrapbook-Craft-on-May-08-2023.-May-be-an-image-of-2-people-and-text-48x48.jpg 48w, https:\/\/famaura.com.br\/home\/wp-content\/uploads\/2023\/05\/Photo-by-Fa-Maura-_-Scrapbook-Craft-on-May-08-2023.-May-be-an-image-of-2-people-and-text.jpg 1496w\" sizes=\"(max-width: 1024px) 100vw, 1024px\" \/><\/figure>\n\n\n\n<figure class=\"wp-block-image size-full\"><img loading=\"lazy\" decoding=\"async\" width=\"571\" height=\"768\" data-id=\"30761\" src=\"https:\/\/famaura.com.br\/home\/wp-content\/uploads\/2023\/04\/Cleria.png\" alt=\"\" class=\"wp-image-30761\" srcset=\"https:\/\/famaura.com.br\/home\/wp-content\/uploads\/2023\/04\/Cleria.png 571w, https:\/\/famaura.com.br\/home\/wp-content\/uploads\/2023\/04\/Cleria-223x300.png 223w, https:\/\/famaura.com.br\/home\/wp-content\/uploads\/2023\/04\/Cleria-48x65.png 48w\" sizes=\"(max-width: 571px) 100vw, 571px\" \/><figcaption class=\"wp-element-caption\">Creative Team e Professora de Scrap<br><strong><a href=\"https:\/\/www.instagram.com\/p\/Cr6kVPagEMH\/?utm_source=ig_web_copy_link\">Clique aqui para ver a live<\/a><\/strong><\/figcaption><\/figure>\n\n\n\n<figure class=\"wp-block-image size-full\"><img loading=\"lazy\" decoding=\"async\" width=\"1000\" height=\"1000\" data-id=\"31056\" src=\"https:\/\/famaura.com.br\/home\/wp-content\/uploads\/2023\/05\/Cleria.jpg\" alt=\"\" class=\"wp-image-31056\" srcset=\"https:\/\/famaura.com.br\/home\/wp-content\/uploads\/2023\/05\/Cleria.jpg 1000w, https:\/\/famaura.com.br\/home\/wp-content\/uploads\/2023\/05\/Cleria-600x600.jpg 600w, https:\/\/famaura.com.br\/home\/wp-content\/uploads\/2023\/05\/Cleria-100x100.jpg 100w, https:\/\/famaura.com.br\/home\/wp-content\/uploads\/2023\/05\/Cleria-300x300.jpg 300w, https:\/\/famaura.com.br\/home\/wp-content\/uploads\/2023\/05\/Cleria-150x150.jpg 150w, https:\/\/famaura.com.br\/home\/wp-content\/uploads\/2023\/05\/Cleria-768x768.jpg 768w, https:\/\/famaura.com.br\/home\/wp-content\/uploads\/2023\/05\/Cleria-320x320.jpg 320w, https:\/\/famaura.com.br\/home\/wp-content\/uploads\/2023\/05\/Cleria-75x75.jpg 75w, https:\/\/famaura.com.br\/home\/wp-content\/uploads\/2023\/05\/Cleria-48x48.jpg 48w\" sizes=\"(max-width: 1000px) 100vw, 1000px\" \/><\/figure>\n<\/figure>\n","protected":false},"excerpt":{"rendered":"<p>Bem vindo a Maratona Criativa FaMaura.A Maratona foi criada para te dar a oportunidade de conhecer os produtos FaMaura por um valor acess\u00edvel e poder criar projetos diversos com o mesmo Kit Digital.As professoras s\u00e3o do Time Criativo e Convidadas, todas elas com experi\u00eancia no scrap, disponibilizando o conte\u00fado de forma gratuita, para toda a comunidade do scrap, em lives no instagram.<\/p>\n","protected":false},"author":1,"featured_media":0,"parent":25682,"menu_order":0,"comment_status":"closed","ping_status":"closed","template":"","meta":{"jetpack_post_was_ever_published":false,"footnotes":""},"class_list":["post-31049","page","type-page","status-publish","hentry"],"jetpack_sharing_enabled":true,"_links":{"self":[{"href":"https:\/\/famaura.com.br\/home\/wp-json\/wp\/v2\/pages\/31049","targetHints":{"allow":["GET"]}}],"collection":[{"href":"https:\/\/famaura.com.br\/home\/wp-json\/wp\/v2\/pages"}],"about":[{"href":"https:\/\/famaura.com.br\/home\/wp-json\/wp\/v2\/types\/page"}],"author":[{"embeddable":true,"href":"https:\/\/famaura.com.br\/home\/wp-json\/wp\/v2\/users\/1"}],"replies":[{"embeddable":true,"href":"https:\/\/famaura.com.br\/home\/wp-json\/wp\/v2\/comments?post=31049"}],"version-history":[{"count":1,"href":"https:\/\/famaura.com.br\/home\/wp-json\/wp\/v2\/pages\/31049\/revisions"}],"predecessor-version":[{"id":32630,"href":"https:\/\/famaura.com.br\/home\/wp-json\/wp\/v2\/pages\/31049\/revisions\/32630"}],"up":[{"embeddable":true,"href":"https:\/\/famaura.com.br\/home\/wp-json\/wp\/v2\/pages\/25682"}],"wp:attachment":[{"href":"https:\/\/famaura.com.br\/home\/wp-json\/wp\/v2\/media?parent=31049"}],"curies":[{"name":"wp","href":"https:\/\/api.w.org\/{rel}","templated":true}]}}