{"id":34175,"date":"2023-11-03T18:34:29","date_gmt":"2023-11-03T21:34:29","guid":{"rendered":"https:\/\/famaura.com.br\/home\/?page_id=34175"},"modified":"2024-01-23T20:21:50","modified_gmt":"2024-01-23T23:21:50","slug":"cadastro-professoras-de-scrapbooking","status":"publish","type":"page","link":"https:\/\/famaura.com.br\/home\/cadastro-professoras-de-scrapbooking\/","title":{"rendered":"Parceria | Cadastro Professoras de Scrapbooking"},"content":{"rendered":"<div id=\"sp-page\" class=\"spBgcover sp-content-1\" style=\"background-color: rgb(255, 255, 255); font-family: Poppins, sans-serif; font-weight: 400;\">\n<section id=\"sp-ri2v48\" data-mobile-visibility=\"#sp-ri2v48|false\" data-tablet-visibility=\"#sp-ri2v48|false\" data-desktop-visibility=\"#sp-ri2v48|false\" data-mobile-css=\"\" data-tablet-css=\"\" class=\"sp-el-section  spBgfull\" style=\"background-color: rgb(255, 187, 187); width: 100%; max-width: 100%; padding: 10px;\">\n<div id=\"sp-lmtc7o\" data-mobile-visibility=\"#sp-lmtc7o|false\" data-tablet-visibility=\"#sp-lmtc7o|false\" data-desktop-visibility=\"#sp-lmtc7o|false\" data-mobile-css=\"\" data-tablet-css=\"\" class=\"sp-el-row sm:sp-flex sp-w-full  sp-m-auto sp-justify-between\">\n<div id=\"sp-lkwjph\" data-mobile-visibility=\"#sp-lkwjph|false\" data-tablet-visibility=\"#sp-lkwjph|false\" data-desktop-visibility=\"#sp-lkwjph|false\" data-mobile-css=\"\" data-tablet-css=\"\" class=\"sp-el-col  sp-w-full\" style=\"width: calc(50% + 0px);\">\n<div id=\"sp-button-parent-uqa75u\" data-mobile-css=\"#sp-button-parent-uqa75u|text-align:center;\" data-tablet-css=\"#sp-button-parent-uqa75u|text-align:center;\" class=\"sp-button-wrapper sp-el-block\" style=\"margin: 0px; text-align: center;\"><a href=\"https:\/\/famaura.com.br\/home\/shop\" id=\"sp-uqa75u\" data-mobile-css=\"\" data-tablet-css=\"\" data-mobile-visibility=\".sp-button-uqa75u|false\" data-tablet-visibility=\".sp-button-uqa75u|false\" data-desktop-visibility=\".sp-button-uqa75u|false\" target=\"\" rel=\"noopener\" class=\"sp-button sp-css-target sp-text-center sp-inline-block sp-leading-none sp-button-uqa75u\" style=\"font-size: 22px; background: rgb(217, 142, 139); color: rgb(255, 255, 255); width: auto; padding: 16px 20px;\"><span>LOJA<\/span><span><span id=\"sp-button-sub-text-uqa75u\" data-mobile-css=\"\" data-tablet-css=\"\" class=\"sp-button-sub-txt sp-block sp-mt-1 sp-opacity-75\" style=\"font-size: 16px; line-height: 1;\">CLIQUE AQUI<\/span><\/span><\/a><\/div>\n<\/div>\n<div id=\"sp-iddn7v\" data-mobile-visibility=\"#sp-iddn7v|false\" data-tablet-visibility=\"#sp-iddn7v|false\" data-desktop-visibility=\"#sp-iddn7v|false\" data-mobile-css=\"\" data-tablet-css=\"\" class=\"sp-el-col  sp-w-full\" style=\"width: calc(50% + 0px);\">\n<div id=\"sp-button-parent-g0z47t\" data-mobile-css=\"#sp-button-parent-g0z47t|text-align:center;\" data-tablet-css=\"#sp-button-parent-g0z47t|text-align:center;\" class=\"sp-button-wrapper sp-el-block\" style=\"margin: 0px; text-align: center;\"><a href=\"https:\/\/famaura.com.br\/home\/minha-conta\/\" id=\"sp-g0z47t\" data-mobile-css=\"\" data-tablet-css=\"\" data-mobile-visibility=\".sp-button-g0z47t|false\" data-tablet-visibility=\".sp-button-g0z47t|false\" data-desktop-visibility=\".sp-button-g0z47t|false\" target=\"\" rel=\"noopener\" class=\"sp-button sp-css-target sp-text-center sp-inline-block sp-leading-none sp-button-g0z47t\" style=\"font-size: 22px; background: rgb(217, 142, 139); color: rgb(255, 255, 255); width: auto; padding: 16px 20px;\"><span>CADASTRO LOJA<\/span><span><span id=\"sp-button-sub-text-g0z47t\" data-mobile-css=\"\" data-tablet-css=\"\" class=\"sp-button-sub-txt sp-block sp-mt-1 sp-opacity-75\" style=\"font-size: 16px; line-height: 1;\">CLIQUE AQUI <\/span><\/span><\/a><\/div>\n<\/div>\n<\/div>\n<div id=\"sp-f48337\" data-mobile-visibility=\"#sp-f48337|false\" data-tablet-visibility=\"#sp-f48337|false\" data-desktop-visibility=\"#sp-f48337|false\" data-mobile-css=\"\" data-tablet-css=\"\" class=\"sp-el-row sm:sp-flex sp-w-full  sp-m-auto sp-justify-between\" style=\"padding: 0px; width: auto; max-width: 1000px;\">\n<div id=\"sp-dz43ma\" data-mobile-visibility=\"#sp-dz43ma|false\" data-tablet-visibility=\"#sp-dz43ma|false\" data-desktop-visibility=\"#sp-dz43ma|false\" data-mobile-css=\"\" data-tablet-css=\"\" class=\"sp-el-col  sp-w-full\" style=\"width: calc(100% + 0px);\">\n<h1 id=\"sp-hus26k\" data-mobile-css=\".sp-headline-block-hus26k, #sp-hus26k, #hus26k|text-align:center;\" data-tablet-css=\".sp-headline-block-hus26k, #sp-hus26k, #hus26k|text-align:center;\" data-mobile-visibility=\".sp-headline-block-hus26k|false\" data-tablet-visibility=\".sp-headline-block-hus26k|false\" data-desktop-visibility=\".sp-headline-block-hus26k|false\" class=\"sp-css-target sp-el-block sp-headline-block-hus26k sp-type-header\" style=\"font-size: 39px; text-align: center; margin: 0px;\">cadastro para parceria de professores de scrapbooking | 2024<\/h1>\n<\/div>\n<\/div>\n<div id=\"sp-ylyk72\" data-mobile-visibility=\"#sp-ylyk72|false\" data-tablet-visibility=\"#sp-ylyk72|false\" data-desktop-visibility=\"#sp-ylyk72|false\" data-mobile-css=\"\" data-tablet-css=\"\" class=\"sp-el-row sm:sp-flex sp-w-full  sp-m-auto sp-justify-between\">\n<div id=\"sp-xd6lgk\" data-mobile-visibility=\"#sp-xd6lgk|false\" data-tablet-visibility=\"#sp-xd6lgk|false\" data-desktop-visibility=\"#sp-xd6lgk|false\" data-mobile-css=\"\" data-tablet-css=\"\" class=\"sp-el-col  sp-w-full\" style=\"width: calc(50% + 0px);\">\n<h1 id=\"sp-ty87br\" data-mobile-css=\".sp-headline-block-ty87br, #sp-ty87br, #ty87br|text-align:center;\" data-tablet-css=\".sp-headline-block-ty87br, #sp-ty87br, #ty87br|text-align:center;\" data-mobile-visibility=\".sp-headline-block-ty87br|false\" data-tablet-visibility=\".sp-headline-block-ty87br|false\" data-desktop-visibility=\".sp-headline-block-ty87br|false\" class=\"sp-css-target sp-el-block sp-headline-block-ty87br sp-type-header\" style=\"text-align: center; margin: 0px;\">Oie professor(a)!<\/h1>\n<div id=\"sp-yfazch\" data-mobile-css=\".sp-text-wrapper-yfazch, #sp-yfazch, #yfazch|text-align:left;\" data-tablet-css=\".sp-text-wrapper-yfazch, #sp-yfazch, #yfazch|text-align:left;\" data-mobile-visibility=\".sp-text-wrapper-yfazch|false\" data-tablet-visibility=\".sp-text-wrapper-yfazch|false\" data-desktop-visibility=\".sp-text-wrapper-yfazch|false\" class=\"sp-css-target sp-text-wrapper sp-el-block sp-text-block-style sp-text-wrapper-yfazch\" style=\"margin: 0px; text-align: left;\">\n<p>Oie professor(a), seja bem-vindo(a).<br \/>Estou feliz com seu interesse de ser professor(a) parcerio(a) FaMaura Scrapbook &amp; Craft 2024, ser\u00e1 uma honra poder fazer essa parceria com voc\u00ea.<\/p>\n<p>Antes de fazer a sua inscri\u00e7\u00e3o, atente-se as regras.<\/p>\n<p>Ao fazer a sua inscri\u00e7\u00e3o, irei entender que voc\u00ea leu e concordou com os termos e condi\u00e7\u00f5es.<\/p>\n<\/div>\n<\/div>\n<div id=\"sp-ayoou5\" data-mobile-visibility=\"#sp-ayoou5|false\" data-tablet-visibility=\"#sp-ayoou5|false\" data-desktop-visibility=\"#sp-ayoou5|false\" data-mobile-css=\"\" data-tablet-css=\"\" class=\"sp-el-col  sp-w-full\" style=\"width: calc(50% + 0px);\">\n<h1 id=\"sp-e695gi\" data-mobile-css=\".sp-headline-block-e695gi, #sp-e695gi, #e695gi|text-align:center;\" data-tablet-css=\".sp-headline-block-e695gi, #sp-e695gi, #e695gi|text-align:center;\" data-mobile-visibility=\".sp-headline-block-e695gi|false\" data-tablet-visibility=\".sp-headline-block-e695gi|false\" data-desktop-visibility=\".sp-headline-block-e695gi|false\" class=\"sp-css-target sp-el-block sp-headline-block-e695gi sp-type-header\" style=\"text-align: center; margin: 0px;\">Responsabilidade<\/h1>\n<div id=\"sp-dxd1p2\" data-mobile-css=\".sp-text-wrapper-dxd1p2, #sp-dxd1p2, #dxd1p2|text-align:left;\" data-tablet-css=\".sp-text-wrapper-dxd1p2, #sp-dxd1p2, #dxd1p2|text-align:left;\" data-mobile-visibility=\".sp-text-wrapper-dxd1p2|false\" data-tablet-visibility=\".sp-text-wrapper-dxd1p2|false\" data-desktop-visibility=\".sp-text-wrapper-dxd1p2|false\" class=\"sp-css-target sp-text-wrapper sp-el-block sp-text-block-style sp-text-wrapper-dxd1p2\" style=\"margin: 0px; text-align: left;\">\n<p>Trabalhar com o scrapbooking, \u00e9 trabalhar com responsabilidade de levar para as alunas, clientes, seguidoras, informa\u00e7\u00f5es corretas, priorizando a honestidade, comprometimento do que estamos falando e fazendo, respeitando o espa\u00e7o e opini\u00e3o de cada indiv\u00edduo, n\u00e3o entrando em conflitos desnecess\u00e1rios.<\/p>\n<\/div>\n<\/div>\n<\/div>\n<div id=\"sp-mnle14\" data-mobile-visibility=\"#sp-mnle14|false\" data-tablet-visibility=\"#sp-mnle14|false\" data-desktop-visibility=\"#sp-mnle14|false\" data-mobile-css=\"\" data-tablet-css=\"\" class=\"sp-el-row sm:sp-flex sp-w-full  sp-m-auto sp-justify-between\">\n<div id=\"sp-uw8777\" data-mobile-visibility=\"#sp-uw8777|false\" data-tablet-visibility=\"#sp-uw8777|false\" data-desktop-visibility=\"#sp-uw8777|false\" data-mobile-css=\"\" data-tablet-css=\"\" class=\"sp-el-col  sp-w-full\" style=\"width: calc(50% + 0px);\">\n<h1 id=\"sp-ljfgt2\" data-mobile-css=\".sp-headline-block-ljfgt2, #sp-ljfgt2, #ljfgt2|text-align:center;\" data-tablet-css=\".sp-headline-block-ljfgt2, #sp-ljfgt2, #ljfgt2|text-align:center;\" data-mobile-visibility=\".sp-headline-block-ljfgt2|false\" data-tablet-visibility=\".sp-headline-block-ljfgt2|false\" data-desktop-visibility=\".sp-headline-block-ljfgt2|false\" class=\"sp-css-target sp-el-block sp-headline-block-ljfgt2 sp-type-header\" style=\"text-align: center; margin: 0px;\">A parceria<\/h1>\n<div id=\"sp-e5mjkk\" data-mobile-css=\".sp-text-wrapper-e5mjkk, #sp-e5mjkk, #e5mjkk|text-align:left;\" data-tablet-css=\".sp-text-wrapper-e5mjkk, #sp-e5mjkk, #e5mjkk|text-align:left;\" data-mobile-visibility=\".sp-text-wrapper-e5mjkk|false\" data-tablet-visibility=\".sp-text-wrapper-e5mjkk|false\" data-desktop-visibility=\".sp-text-wrapper-e5mjkk|false\" class=\"sp-css-target sp-text-wrapper sp-el-block sp-text-block-style sp-text-wrapper-e5mjkk\" style=\"margin: 0px; text-align: left;\">\n<p>As parcerias com professores(as) ser\u00e3o fechadas e restritas h\u00e1 um pequeno n\u00famero.<\/p>\n<p>Onde ter\u00e3o um desconto para aquisi\u00e7\u00e3o de produtos na loja, bonifica\u00e7\u00e3o de produtos para cria\u00e7\u00e3o de conte\u00fado e cupom de desconto para alunas.<\/p>\n<p><em>Se trata de uma parceria sem v\u00ednculo empregaticio.<\/em><\/p>\n<\/div>\n<\/div>\n<div id=\"sp-ikxd8t\" data-mobile-visibility=\"#sp-ikxd8t|false\" data-tablet-visibility=\"#sp-ikxd8t|false\" data-desktop-visibility=\"#sp-ikxd8t|false\" data-mobile-css=\"\" data-tablet-css=\"\" class=\"sp-el-col  sp-w-full\" style=\"width: calc(50% + 0px);\">\n<h1 id=\"sp-c4sojq\" data-mobile-css=\".sp-headline-block-c4sojq, #sp-c4sojq, #c4sojq|text-align:center;\" data-tablet-css=\".sp-headline-block-c4sojq, #sp-c4sojq, #c4sojq|text-align:center;\" data-mobile-visibility=\".sp-headline-block-c4sojq|false\" data-tablet-visibility=\".sp-headline-block-c4sojq|false\" data-desktop-visibility=\".sp-headline-block-c4sojq|false\" class=\"sp-css-target sp-el-block sp-headline-block-c4sojq sp-type-header\" style=\"text-align: center; margin: 0px;\">quem poder\u00e1 se inscrever?<\/h1>\n<div id=\"sp-llz3s5\" data-mobile-css=\".sp-text-wrapper-llz3s5, #sp-llz3s5, #llz3s5|text-align:left;\" data-tablet-css=\".sp-text-wrapper-llz3s5, #sp-llz3s5, #llz3s5|text-align:left;\" data-mobile-visibility=\".sp-text-wrapper-llz3s5|false\" data-tablet-visibility=\".sp-text-wrapper-llz3s5|false\" data-desktop-visibility=\".sp-text-wrapper-llz3s5|false\" class=\"sp-css-target sp-text-wrapper sp-el-block sp-text-block-style sp-text-wrapper-llz3s5\" style=\"margin: 0px; text-align: left;\">\n<p>Professores(as) que atuam no mercado usando os kits digitais para aulas e que se indetificam com produtos FaMaura.<\/p>\n<\/div>\n<\/div>\n<\/div>\n<div id=\"sp-kq77oq\" data-mobile-visibility=\"#sp-kq77oq|false\" data-tablet-visibility=\"#sp-kq77oq|false\" data-desktop-visibility=\"#sp-kq77oq|false\" data-mobile-css=\"\" data-tablet-css=\"\" class=\"sp-el-row sm:sp-flex sp-w-full  sp-m-auto sp-justify-between\">\n<div id=\"sp-a4yu5i\" data-mobile-visibility=\"#sp-a4yu5i|false\" data-tablet-visibility=\"#sp-a4yu5i|false\" data-desktop-visibility=\"#sp-a4yu5i|false\" data-mobile-css=\"\" data-tablet-css=\"\" class=\"sp-el-col  sp-w-full\" style=\"width: calc(50% + 0px);\">\n<h1 id=\"sp-fujrg2\" data-mobile-css=\".sp-headline-block-fujrg2, #sp-fujrg2, #fujrg2|text-align:center;\" data-tablet-css=\".sp-headline-block-fujrg2, #sp-fujrg2, #fujrg2|text-align:center;\" data-mobile-visibility=\".sp-headline-block-fujrg2|false\" data-tablet-visibility=\".sp-headline-block-fujrg2|false\" data-desktop-visibility=\".sp-headline-block-fujrg2|false\" class=\"sp-css-target sp-el-block sp-headline-block-fujrg2 sp-type-header\" style=\"text-align: center; margin: 0px;\">disponibilidade<\/h1>\n<div id=\"sp-wtv65p\" data-mobile-css=\".sp-text-wrapper-wtv65p, #sp-wtv65p, #wtv65p|text-align:left;\" data-tablet-css=\".sp-text-wrapper-wtv65p, #sp-wtv65p, #wtv65p|text-align:left;\" data-mobile-visibility=\".sp-text-wrapper-wtv65p|false\" data-tablet-visibility=\".sp-text-wrapper-wtv65p|false\" data-desktop-visibility=\".sp-text-wrapper-wtv65p|false\" class=\"sp-css-target sp-text-wrapper sp-el-block sp-text-block-style sp-text-wrapper-wtv65p\" style=\"margin: 0px; text-align: left;\">\n<p>As parcerias ter\u00e3o que ter disponibilidade, de um vez por m\u00eas se comprometer e se dedicar a parceria.<\/p>\n<\/div>\n<\/div>\n<div id=\"sp-necy7n\" data-mobile-visibility=\"#sp-necy7n|false\" data-tablet-visibility=\"#sp-necy7n|false\" data-desktop-visibility=\"#sp-necy7n|false\" data-mobile-css=\"\" data-tablet-css=\"\" class=\"sp-el-col  sp-w-full\" style=\"width: calc(50% + 0px);\">\n<h1 id=\"sp-y4kfcj\" data-mobile-css=\".sp-headline-block-y4kfcj, #sp-y4kfcj, #y4kfcj|text-align:center;\" data-tablet-css=\".sp-headline-block-y4kfcj, #sp-y4kfcj, #y4kfcj|text-align:center;\" data-mobile-visibility=\".sp-headline-block-y4kfcj|false\" data-tablet-visibility=\".sp-headline-block-y4kfcj|false\" data-desktop-visibility=\".sp-headline-block-y4kfcj|false\" class=\"sp-css-target sp-el-block sp-headline-block-y4kfcj sp-type-header\" style=\"text-align: center; margin: 0px;\">Inscri\u00e7\u00f5es<\/h1>\n<div id=\"sp-s3skk5\" data-mobile-css=\".sp-text-wrapper-s3skk5, #sp-s3skk5, #s3skk5|text-align:left;\" data-tablet-css=\".sp-text-wrapper-s3skk5, #sp-s3skk5, #s3skk5|text-align:left;\" data-mobile-visibility=\".sp-text-wrapper-s3skk5|false\" data-tablet-visibility=\".sp-text-wrapper-s3skk5|false\" data-desktop-visibility=\".sp-text-wrapper-s3skk5|false\" class=\"sp-css-target sp-text-wrapper sp-el-block sp-text-block-style sp-text-wrapper-s3skk5\" style=\"margin: 0px; text-align: left;\">\n<p>As inscri\u00e7\u00f5es poder\u00e3o ser feitas at\u00e9 31 de janeiro 2024.<\/p>\n<\/div>\n<\/div>\n<\/div>\n<div id=\"sp-oq2z9p\" data-mobile-visibility=\"#sp-oq2z9p|false\" data-tablet-visibility=\"#sp-oq2z9p|false\" data-desktop-visibility=\"#sp-oq2z9p|false\" data-mobile-css=\"\" data-tablet-css=\"\" class=\"sp-el-row sm:sp-flex sp-w-full  sp-m-auto sp-justify-between\">\n<div id=\"sp-b6n3f4\" data-mobile-visibility=\"#sp-b6n3f4|false\" data-tablet-visibility=\"#sp-b6n3f4|false\" data-desktop-visibility=\"#sp-b6n3f4|false\" data-mobile-css=\"\" data-tablet-css=\"\" class=\"sp-el-col  sp-w-full\" style=\"width: calc(100% + 0px);\">\n<h1 id=\"sp-oeq5tj\" data-mobile-css=\".sp-headline-block-oeq5tj, #sp-oeq5tj, #oeq5tj|text-align:center;\" data-tablet-css=\".sp-headline-block-oeq5tj, #sp-oeq5tj, #oeq5tj|text-align:center;\" data-mobile-visibility=\".sp-headline-block-oeq5tj|false\" data-tablet-visibility=\".sp-headline-block-oeq5tj|false\" data-desktop-visibility=\".sp-headline-block-oeq5tj|false\" class=\"sp-css-target sp-el-block sp-headline-block-oeq5tj sp-type-header\" style=\"text-align: center; margin: 0px;\">Preencha o formul\u00e1rio abaixo e aguarde nosso contato<\/h1>\n<div id=\"sp-hxkz8b\" data-mobile-visibility=\".sp-custom-html-block-hxkz8b|false\" data-tablet-visibility=\".sp-custom-html-block-hxkz8b|false\" data-desktop-visibility=\".sp-custom-html-block-hxkz8b|false\" data-mobile-css=\"\" data-tablet-css=\"\" class=\"sp-code-wrapper sp-el-block sp-custom-html-block-hxkz8b\" style=\"margin: 0px;\">\n<div class=\"sp-html\"><center><iframe src=\"https:\/\/docs.google.com\/forms\/d\/e\/1FAIpQLSdxcNgI1IVS4iMTkHhzdrNR7Y6Exkg8wgX9pR_hmHvGmzmBkA\/viewform?embedded=true\" width=\"640\" height=\"1561\" frameborder=\"0\" marginheight=\"0\" marginwidth=\"0\">Carregando\u2026<\/iframe><\/center><\/div>\n<\/div>\n<div id=\"sp-cpqf55\" data-mobile-css=\".sp-text-wrapper-cpqf55, #sp-cpqf55, #cpqf55|text-align:left;\" data-tablet-css=\".sp-text-wrapper-cpqf55, #sp-cpqf55, #cpqf55|text-align:left;\" data-mobile-visibility=\".sp-text-wrapper-cpqf55|false\" data-tablet-visibility=\".sp-text-wrapper-cpqf55|false\" data-desktop-visibility=\".sp-text-wrapper-cpqf55|false\" class=\"sp-css-target sp-text-wrapper sp-el-block sp-text-block-style sp-text-wrapper-cpqf55\" style=\"margin: 0px; text-align: left;\">\n<p style=\"text-align: center;\">Todos os direitos reservados por FaMaura&nbsp;<br \/>Apoie, participe e compartilhe!<br \/>Happy Scrap!<\/p>\n<\/div>\n<\/div>\n<\/div>\n<\/section>\n<\/div>\n","protected":false},"excerpt":{"rendered":"<p>LOJACLIQUE AQUI CADASTRO LOJACLIQUE AQUI cadastro para parceria de professores de scrapbooking | 2024 Oie professor(a)! Oie professor(a), seja bem-vindo(a).Estou feliz com seu interesse de ser professor(a) parcerio(a) FaMaura Scrapbook &amp; Craft 2024, ser\u00e1 uma honra poder fazer essa parceria com voc\u00ea. Antes de fazer a sua inscri\u00e7\u00e3o, atente-se as regras. Ao fazer a sua inscri\u00e7\u00e3o, irei entender que voc\u00ea leu e concordou com os termos e condi\u00e7\u00f5es. Responsabilidade Trabalhar com o scrapbooking, \u00e9 trabalhar com responsabilidade de levar para as alunas, clientes, seguidoras, informa\u00e7\u00f5es corretas, priorizando a honestidade, comprometimento&hellip;<\/p>\n","protected":false},"author":1,"featured_media":0,"parent":0,"menu_order":0,"comment_status":"closed","ping_status":"closed","template":"","meta":{"jetpack_post_was_ever_published":true,"footnotes":""},"class_list":["post-34175","page","type-page","status-publish","hentry"],"jetpack_sharing_enabled":true,"_links":{"self":[{"href":"https:\/\/famaura.com.br\/home\/wp-json\/wp\/v2\/pages\/34175","targetHints":{"allow":["GET"]}}],"collection":[{"href":"https:\/\/famaura.com.br\/home\/wp-json\/wp\/v2\/pages"}],"about":[{"href":"https:\/\/famaura.com.br\/home\/wp-json\/wp\/v2\/types\/page"}],"author":[{"embeddable":true,"href":"https:\/\/famaura.com.br\/home\/wp-json\/wp\/v2\/users\/1"}],"replies":[{"embeddable":true,"href":"https:\/\/famaura.com.br\/home\/wp-json\/wp\/v2\/comments?post=34175"}],"version-history":[{"count":9,"href":"https:\/\/famaura.com.br\/home\/wp-json\/wp\/v2\/pages\/34175\/revisions"}],"predecessor-version":[{"id":34725,"href":"https:\/\/famaura.com.br\/home\/wp-json\/wp\/v2\/pages\/34175\/revisions\/34725"}],"wp:attachment":[{"href":"https:\/\/famaura.com.br\/home\/wp-json\/wp\/v2\/media?parent=34175"}],"curies":[{"name":"wp","href":"https:\/\/api.w.org\/{rel}","templated":true}]}}