{"id":34228,"date":"2023-11-08T20:07:14","date_gmt":"2023-11-08T23:07:14","guid":{"rendered":"https:\/\/famaura.com.br\/home\/?page_id=34228"},"modified":"2024-01-24T02:18:22","modified_gmt":"2024-01-24T05:18:22","slug":"politica-de-privacidade","status":"publish","type":"page","link":"https:\/\/famaura.com.br\/home\/politica-de-privacidade\/","title":{"rendered":"Pol\u00edtica de Privacidade"},"content":{"rendered":"\n<p>FaMaura Scrapbook &amp; Craft respeita sua privacidade. Por isso, assumimos o compromisso de zelar por suas informa\u00e7\u00f5es pessoais que voc\u00ea nos fornece quando visita nosso site ou adquirir algum de nossos artigos.&nbsp;<\/p>\n\n\n\n<p>1 &#8211; Como e quando coletamos suas informa\u00e7\u00f5es pessoais.&nbsp;<\/p>\n\n\n\n<p>H\u00e1 duas formas de coletarmos informa\u00e7\u00f5es sobre nossos usu\u00e1rios: por meio das intera\u00e7\u00f5es com o site e dos dados fornecidos voluntariamente. No primeiro caso, obtemos e arquivamos estat\u00edsticas sobre as atividades de nossos usu\u00e1rios, como quais s\u00e3o as p\u00e1ginas mais visitadas e o tempo que foi gasto em cada se\u00e7\u00e3o. No segundo, obtemos informa\u00e7\u00f5es fornecidas mediante cadastramento, pesquisas, promo\u00e7\u00f5es e outros, sempre com seu consentimento, voluntariamente.&nbsp;<\/p>\n\n\n\n<p>2 &#8211; Como utilizamos seus dados&nbsp;<\/p>\n\n\n\n<p>Esses dados s\u00e3o usados para extrairmos informa\u00e7\u00f5es gerais com o fato de melhorar nosso site e fazer circular publicidade, oferecendo oportunidades de bons neg\u00f3cios. Al\u00e9m disso, por suas pr\u00f3prias informa\u00e7\u00f5es, ou atrav\u00e9s de dados como tempo em que os internautas permanecem pesquisando em cada sess\u00e3o, ficamos sabendo do que voc\u00ea gosta mais e podemos lhe oferecer produtos que sejam significativos para seus interesses.\u00a0<\/p>\n\n\n\n<p>Seu endere\u00e7o de email ser\u00e1 utilizado para enviar boletins sobre o site e seus produtos, divulgar promo\u00e7\u00f5es, desafios e concursos, desde que tenha aceitado receb\u00ea-los. Objetivamos criar entre voc\u00ea e nosso site um v\u00ednculo constante para que conhe\u00e7a nossas ofertas e nossos benef\u00edcios.&nbsp;<\/p>\n\n\n\n<p>Os dados estat\u00edsticos poder\u00e3o ser compartilhados com nossos anunciantes, mas nunca ser\u00e3o divulgadas informa\u00e7\u00f5es sobre dados que poder\u00e3o identific\u00e1-los como seu nome ou email.&nbsp;<\/p>\n\n\n\n<p>3 &#8211; Sobre cookies&nbsp;<\/p>\n\n\n\n<p>Cookies s\u00e3o arquivos que s\u00e3o colocados em seu computador pelos diversos sites que voc\u00ea visita, permitindo que voc\u00ea seja reconhecido pelos nossos computadores e n\u00e3o tenha que digitar sua senha diversas vezes. Atrav\u00e9s deles \u00e9 que poderemos conhecer melhor seus interesses, produtos e conte\u00fado de sua prefer\u00eancia.&nbsp;<\/p>\n\n\n\n<p>Os cookies tamb\u00e9m s\u00e3o utilizados para evitar fraudes no site, como, por exemplo, quando h\u00e1 uma enquete ou concurso com vota\u00e7\u00e3o pelo site, ele impede que algu\u00e9m mal intencionado vote mais de uma vez.&nbsp;<\/p>\n\n\n\n<p>Atrav\u00e9s da configura\u00e7\u00e3o do seu programa de acesso \u00e0 Internet, voc\u00ea pode optar por n\u00e3o aceitar cookies, mas ter\u00e1 que digitar sua senha sempre e algumas \u00e1reas do site n\u00e3o funcionar\u00e3o corretamente para voc\u00ea.&nbsp;<\/p>\n\n\n\n<p>4 &#8211; Seguran\u00e7a\u00a0Seus dados estar\u00e3o em seguran\u00e7a, garantindo o uso correto de suas informa\u00e7\u00f5es, atrav\u00e9s de nosso sistema de seguran\u00e7a com as melhores tecnologias do mercado. N\u00e3o vendemos, t\u00e3o menos iremos compartilhar.<br><br>Att Fabiana Maura<\/p>\n","protected":false},"excerpt":{"rendered":"<p>FaMaura Scrapbook &amp; Craft respeita sua privacidade. Por isso, assumimos o compromisso de zelar por suas informa\u00e7\u00f5es pessoais que voc\u00ea nos fornece quando visita nosso site ou adquirir algum de nossos artigos.&nbsp; 1 &#8211; Como e quando coletamos suas informa\u00e7\u00f5es pessoais.&nbsp; H\u00e1 duas formas de coletarmos informa\u00e7\u00f5es sobre nossos usu\u00e1rios: por meio das intera\u00e7\u00f5es com o site e dos dados fornecidos voluntariamente. No primeiro caso, obtemos e arquivamos estat\u00edsticas sobre as atividades de nossos usu\u00e1rios, como quais s\u00e3o as p\u00e1ginas mais visitadas e o tempo que foi gasto em cada&hellip;<\/p>\n","protected":false},"author":1,"featured_media":0,"parent":0,"menu_order":0,"comment_status":"closed","ping_status":"closed","template":"","meta":{"jetpack_post_was_ever_published":false,"footnotes":""},"class_list":["post-34228","page","type-page","status-publish","hentry"],"jetpack_sharing_enabled":true,"_links":{"self":[{"href":"https:\/\/famaura.com.br\/home\/wp-json\/wp\/v2\/pages\/34228","targetHints":{"allow":["GET"]}}],"collection":[{"href":"https:\/\/famaura.com.br\/home\/wp-json\/wp\/v2\/pages"}],"about":[{"href":"https:\/\/famaura.com.br\/home\/wp-json\/wp\/v2\/types\/page"}],"author":[{"embeddable":true,"href":"https:\/\/famaura.com.br\/home\/wp-json\/wp\/v2\/users\/1"}],"replies":[{"embeddable":true,"href":"https:\/\/famaura.com.br\/home\/wp-json\/wp\/v2\/comments?post=34228"}],"version-history":[{"count":3,"href":"https:\/\/famaura.com.br\/home\/wp-json\/wp\/v2\/pages\/34228\/revisions"}],"predecessor-version":[{"id":34730,"href":"https:\/\/famaura.com.br\/home\/wp-json\/wp\/v2\/pages\/34228\/revisions\/34730"}],"wp:attachment":[{"href":"https:\/\/famaura.com.br\/home\/wp-json\/wp\/v2\/media?parent=34228"}],"curies":[{"name":"wp","href":"https:\/\/api.w.org\/{rel}","templated":true}]}}