{"id":34230,"date":"2023-11-08T20:10:25","date_gmt":"2023-11-08T23:10:25","guid":{"rendered":"https:\/\/famaura.com.br\/home\/?page_id=34230"},"modified":"2024-09-18T18:28:16","modified_gmt":"2024-09-18T21:28:16","slug":"entregas-e-devolucoes","status":"publish","type":"page","link":"https:\/\/famaura.com.br\/home\/entregas-e-devolucoes\/","title":{"rendered":"Entregas e Devolu\u00e7\u00f5es"},"content":{"rendered":"\n<p>Todos os produtos deste site s\u00e3o bens digitais, n\u00e3o fazemos devolu\u00e7\u00e3o a menos que haja um problema de qualidade que n\u00e3o possa ser resolvido.<br><br>A entrega dos produtos \u00e9 digitalmente, direto na sua conta logo ap\u00f3s aprova\u00e7\u00e3o do pagamento.<br><br>Os pagamentos via PayPal, Mercado Pago, PagSeguro e PicPay s\u00e3o aprovados automaticamente ligados as plataformas e de acordo com a op\u00e7\u00e3o escolhida pode levar mais que 24hrs \u00fateis, como por exemplo boletos.<br><br>J\u00e1 os pagamentos via PIX a aprova\u00e7\u00e3o \u00e9 feita ap\u00f3s o envio do comprovante da transa\u00e7\u00e3o enviada por e-mail: fa.maura@hotmail.com<br><br><\/p>\n\n\n\n<p><\/p>\n","protected":false},"excerpt":{"rendered":"<p>Todos os produtos deste site s\u00e3o bens digitais, n\u00e3o fazemos devolu\u00e7\u00e3o a menos que haja um problema de qualidade que n\u00e3o possa ser resolvido. A entrega dos produtos \u00e9 digitalmente, direto na sua conta logo ap\u00f3s aprova\u00e7\u00e3o do pagamento. Os pagamentos via PayPal, Mercado Pago, PagSeguro e PicPay s\u00e3o aprovados automaticamente ligados as plataformas e de acordo com a op\u00e7\u00e3o escolhida pode levar mais que 24hrs \u00fateis, como por exemplo boletos. J\u00e1 os pagamentos via PIX a aprova\u00e7\u00e3o \u00e9 feita ap\u00f3s o envio do comprovante da transa\u00e7\u00e3o enviada por e-mail:&hellip;<\/p>\n","protected":false},"author":1,"featured_media":0,"parent":0,"menu_order":0,"comment_status":"closed","ping_status":"closed","template":"","meta":{"jetpack_post_was_ever_published":false,"footnotes":""},"class_list":["post-34230","page","type-page","status-publish","hentry"],"jetpack_sharing_enabled":true,"_links":{"self":[{"href":"https:\/\/famaura.com.br\/home\/wp-json\/wp\/v2\/pages\/34230","targetHints":{"allow":["GET"]}}],"collection":[{"href":"https:\/\/famaura.com.br\/home\/wp-json\/wp\/v2\/pages"}],"about":[{"href":"https:\/\/famaura.com.br\/home\/wp-json\/wp\/v2\/types\/page"}],"author":[{"embeddable":true,"href":"https:\/\/famaura.com.br\/home\/wp-json\/wp\/v2\/users\/1"}],"replies":[{"embeddable":true,"href":"https:\/\/famaura.com.br\/home\/wp-json\/wp\/v2\/comments?post=34230"}],"version-history":[{"count":2,"href":"https:\/\/famaura.com.br\/home\/wp-json\/wp\/v2\/pages\/34230\/revisions"}],"predecessor-version":[{"id":37117,"href":"https:\/\/famaura.com.br\/home\/wp-json\/wp\/v2\/pages\/34230\/revisions\/37117"}],"wp:attachment":[{"href":"https:\/\/famaura.com.br\/home\/wp-json\/wp\/v2\/media?parent=34230"}],"curies":[{"name":"wp","href":"https:\/\/api.w.org\/{rel}","templated":true}]}}