{"id":34932,"date":"2024-02-07T15:02:46","date_gmt":"2024-02-07T18:02:46","guid":{"rendered":"https:\/\/famaura.com.br\/home\/?page_id=34932"},"modified":"2024-02-08T00:26:06","modified_gmt":"2024-02-08T03:26:06","slug":"afiliado","status":"publish","type":"page","link":"https:\/\/famaura.com.br\/home\/afiliado\/","title":{"rendered":"Afiliado"},"content":{"rendered":"<div id=\"sp-page\" class=\"spBgcover sp-content-1\" style=\"background-color: rgb(255, 255, 255); font-family: Poppins, sans-serif; font-weight: 400;\">\n<section id=\"sp-ri2v48\" data-mobile-visibility=\"#sp-ri2v48|false\" data-tablet-visibility=\"#sp-ri2v48|false\" data-desktop-visibility=\"#sp-ri2v48|false\" data-mobile-css=\"\" data-tablet-css=\"\" class=\"sp-el-section  spBgfull\" style=\"background-color: rgb(38, 17, 106); width: 100%; max-width: 100%; padding: 10px;\">\n<div id=\"sp-f48337\" data-mobile-visibility=\"#sp-f48337|false\" data-tablet-visibility=\"#sp-f48337|false\" data-desktop-visibility=\"#sp-f48337|false\" data-mobile-css=\"\" data-tablet-css=\"\" class=\"sp-el-row sm:sp-flex sp-w-full  sp-m-auto sp-justify-between\" style=\"padding: 0px; width: auto; max-width: 1000px;\">\n<div id=\"sp-fxkepu\" data-mobile-visibility=\"#sp-fxkepu|false\" data-tablet-visibility=\"#sp-fxkepu|false\" data-desktop-visibility=\"#sp-fxkepu|false\" data-mobile-css=\"\" data-tablet-css=\"\" class=\"sp-el-col  sp-w-full\" style=\"width: calc(100% + 0px);\">\n<h1 id=\"sp-g1uojf\" data-mobile-css=\".sp-headline-block-g1uojf, #sp-g1uojf, #g1uojf|text-align:center;\" data-tablet-css=\".sp-headline-block-g1uojf, #sp-g1uojf, #g1uojf|text-align:center;\" data-mobile-visibility=\".sp-headline-block-g1uojf|false\" data-tablet-visibility=\".sp-headline-block-g1uojf|false\" data-desktop-visibility=\".sp-headline-block-g1uojf|false\" class=\"sp-css-target sp-el-block sp-headline-block-g1uojf sp-type-header\" style=\"font-size: 65px; text-align: center; margin: 0px;\">Programa de afiliados famaura<\/h1>\n<\/div>\n<\/div>\n<\/section>\n<section id=\"sp-nvqo7g\" data-mobile-visibility=\"#sp-nvqo7g|false\" data-tablet-visibility=\"#sp-nvqo7g|false\" data-desktop-visibility=\"#sp-nvqo7g|false\" data-mobile-css=\"\" data-tablet-css=\"\" class=\"sp-el-section \" style=\"background-color: rgb(38, 17, 106); width: 100%; max-width: 100%; padding: 10px; margin-top: 80px;\">\n<div id=\"sp-ek42xo\" data-mobile-visibility=\"#sp-ek42xo|false\" data-tablet-visibility=\"#sp-ek42xo|false\" data-desktop-visibility=\"#sp-ek42xo|false\" data-mobile-css=\"\" data-tablet-css=\"\" class=\"sp-el-row sm:sp-flex sp-w-full  sp-m-auto sp-justify-between\" style=\"padding: 0px; background-color: rgb(38, 17, 106); width: auto; max-width: 1000px;\">\n<div id=\"sp-mylas8\" data-mobile-visibility=\"#sp-mylas8|false\" data-tablet-visibility=\"#sp-mylas8|false\" data-desktop-visibility=\"#sp-mylas8|false\" data-mobile-css=\"\" data-tablet-css=\"\" class=\"sp-el-col  sp-w-full\" style=\"width: calc(50% + 0px);\">\n<style type=\"text\/css\">\n      #sp-mylas8 .sp-col-top .seedprod-shape-fill {fill: undefined;} #sp-mylas8 .sp-col-top svg {width: undefined%;height: undefinedpx;transform: translateX(-50%);} #sp-mylas8 .sp-col-bottom .seedprod-shape-fill {fill: undefined;} #sp-mylas8 .sp-col-bottom svg {width: undefined%;height: undefinedpx;transform: translateX(-50%);}\n    <\/style>\n<div class=\"sp-col-shape sp-col-top\" style=\"z-index: 0;\">\n<div><\/div>\n<\/div>\n<div class=\"sp-col-shape sp-col-bottom\" style=\"z-index: 0;\">\n<div><\/div>\n<\/div>\n<figure id=\"sp-g5yeva\" data-mobile-css=\"#sp-g5yeva|text-align:center;\" data-tablet-css=\"#sp-g5yeva|text-align:center;\" class=\"sp-image-wrapper sp-el-block\" style=\"margin: 0px; text-align: center;\">\n<div><span><img fetchpriority=\"high\" decoding=\"async\" src=\"https:\/\/famaura.com.br\/home\/wp-content\/uploads\/2024\/02\/7010987.jpg\" alt=\"\" width=\"2000\" height=\"2000\" data-mobile-visibility=\".sp-image-block-g5yeva|false\" data-tablet-visibility=\".sp-image-block-g5yeva|false\" data-desktop-visibility=\".sp-image-block-g5yeva|false\" srcset=\" https:\/\/famaura.com.br\/home\/wp-content\/uploads\/2024\/02\/7010987-285x190.jpg 285w, https:\/\/famaura.com.br\/home\/wp-content\/uploads\/2024\/02\/7010987-300x300.jpg 300w, https:\/\/famaura.com.br\/home\/wp-content\/uploads\/2024\/02\/7010987-1024x1024.jpg 640w, https:\/\/famaura.com.br\/home\/wp-content\/uploads\/2024\/02\/7010987.jpg 2000w\" class=\"sp-image-block-g5yeva\" style=\"width: 2000%;\"><\/span><\/div>\n<\/figure>\n<\/div>\n<div id=\"sp-gyksfz\" data-mobile-visibility=\"#sp-gyksfz|false\" data-tablet-visibility=\"#sp-gyksfz|false\" data-desktop-visibility=\"#sp-gyksfz|false\" data-mobile-css=\"\" data-tablet-css=\"\" class=\"sp-el-col  sp-w-full\" style=\"background-color: rgb(38, 17, 106); width: calc(50% + 0px); margin-top: 45px;\">\n<h2 id=\"sp-l4bust\" data-mobile-css=\".sp-headline-block-l4bust, #sp-l4bust, #l4bust|text-align:center;\" data-tablet-css=\".sp-headline-block-l4bust, #sp-l4bust, #l4bust|text-align:center;\" data-mobile-visibility=\".sp-headline-block-l4bust|false\" data-tablet-visibility=\".sp-headline-block-l4bust|false\" data-desktop-visibility=\".sp-headline-block-l4bust|false\" class=\"sp-css-target sp-el-block sp-headline-block-l4bust sp-type-header\" style=\"font-size: 46px; text-align: left; margin: 19px 0px 0px;\">Oi\u00ea, Bem vindo!<\/h2>\n<div id=\"sp-urdgpa\" data-mobile-css=\".sp-text-wrapper-urdgpa, #sp-urdgpa, #urdgpa|text-align:left;\" data-tablet-css=\".sp-text-wrapper-urdgpa, #sp-urdgpa, #urdgpa|text-align:left;\" data-mobile-visibility=\".sp-text-wrapper-urdgpa|false\" data-tablet-visibility=\".sp-text-wrapper-urdgpa|false\" data-desktop-visibility=\".sp-text-wrapper-urdgpa|false\" class=\"sp-css-target sp-text-wrapper sp-el-block sp-text-wrapper-urdgpa\" style=\"margin: 5px 0px 0px; text-align: left;\">\n<p>Nosso programa de afiliados que converte em cr\u00e9ditos na loja para voc\u00ea.<\/p>\n<p>Para participar, se inscreva no formul\u00e1rio abaixo, aguarde a aprova\u00e7\u00e3o em at\u00e9 48hrs.<\/p>\n<\/div>\n<div id=\"sp-v22edi\" data-mobile-css=\"#sp-v22edi|height:40px;\" data-tablet-css=\"#sp-v22edi|height:10px;\" class=\"sp-spacer\" style=\"height: 27px;\"><\/div>\n<\/div>\n<\/div>\n<div id=\"sp-tbp998\" data-mobile-visibility=\"#sp-tbp998|false\" data-tablet-visibility=\"#sp-tbp998|false\" data-desktop-visibility=\"#sp-tbp998|false\" data-mobile-css=\"\" data-tablet-css=\"\" class=\"sp-el-row sm:sp-flex sp-w-full  sp-m-auto sp-justify-between\" style=\"background-color: rgb(38, 17, 106);\">\n<div id=\"sp-yrmjpr\" data-mobile-visibility=\"#sp-yrmjpr|false\" data-tablet-visibility=\"#sp-yrmjpr|false\" data-desktop-visibility=\"#sp-yrmjpr|false\" data-mobile-css=\"\" data-tablet-css=\"\" class=\"sp-el-col  sp-w-full\" style=\"width: calc(100% + 0px);\">\n<h2 id=\"sp-sleb9s\" data-mobile-css=\".sp-headline-block-sleb9s, #sp-sleb9s, #sleb9s|text-align:center;\" data-tablet-css=\".sp-headline-block-sleb9s, #sp-sleb9s, #sleb9s|text-align:center;\" data-mobile-visibility=\".sp-headline-block-sleb9s|false\" data-tablet-visibility=\".sp-headline-block-sleb9s|false\" data-desktop-visibility=\".sp-headline-block-sleb9s|false\" class=\"sp-css-target sp-el-block sp-headline-block-sleb9s sp-type-header\" style=\"font-size: 35px; text-align: left; margin: 19px 0px 0px;\">Para ser um afiliado, voc\u00ea precisa se identificar com os produtos FaMaura, ser ativo nas redes sociais, produzir conte\u00fado com os produtos.<\/p>\n<p>O sistema de afiliados paga uma comiss\u00e3o pelas vendas geradas atrav\u00e9s do seu link, \u00e9 importante voc\u00ea criar os links de cada produto a ser divulgado.<\/p>\n<p>Comiss\u00e3o de 5%, que entra como cr\u00e9ditos para voc\u00ea na loja no decorrer de 30 dias.<\/h2>\n<\/div>\n<\/div>\n<\/section>\n<section id=\"sp-adhgvt\" data-mobile-visibility=\"#sp-adhgvt|false\" data-tablet-visibility=\"#sp-adhgvt|false\" data-desktop-visibility=\"#sp-adhgvt|false\" data-mobile-css=\"\" data-tablet-css=\"\" class=\"sp-el-section \" style=\"background-color: rgb(38, 17, 106); width: 100%; max-width: 100%; padding: 10px; margin-top: 100px;\">\n<div id=\"sp-he7l32\" data-mobile-visibility=\"#sp-he7l32|false\" data-tablet-visibility=\"#sp-he7l32|false\" data-desktop-visibility=\"#sp-he7l32|false\" data-mobile-css=\"\" data-tablet-css=\"\" class=\"sp-el-row sm:sp-flex sp-w-full  sp-m-auto sp-justify-between\" style=\"padding: 0px; background-color: rgb(38, 17, 106); width: auto; max-width: 1000px; margin-top: 36px;\">\n<div id=\"sp-xs9mic\" data-mobile-visibility=\"#sp-xs9mic|false\" data-tablet-visibility=\"#sp-xs9mic|false\" data-desktop-visibility=\"#sp-xs9mic|false\" data-mobile-css=\"\" data-tablet-css=\"\" class=\"sp-el-col  sp-w-full\" style=\"width: calc(100% + 0px);\">\n<style type=\"text\/css\">\n      #sp-xs9mic .sp-col-top .seedprod-shape-fill {fill: undefined;} #sp-xs9mic .sp-col-top svg {width: undefined%;height: undefinedpx;transform: translateX(-50%);} #sp-xs9mic .sp-col-bottom .seedprod-shape-fill {fill: undefined;} #sp-xs9mic .sp-col-bottom svg {width: undefined%;height: undefinedpx;transform: translateX(-50%);}\n    <\/style>\n<div class=\"sp-col-shape sp-col-top\" style=\"z-index: 0;\">\n<div><\/div>\n<\/div>\n<div class=\"sp-col-shape sp-col-bottom\" style=\"z-index: 0;\">\n<div><\/div>\n<\/div>\n<h1 id=\"sp-h2f2xs\" data-mobile-css=\".sp-headline-block-h2f2xs, #sp-h2f2xs, #h2f2xs|text-align:center;\" data-tablet-css=\".sp-headline-block-h2f2xs, #sp-h2f2xs, #h2f2xs|text-align:center;\" data-mobile-visibility=\".sp-headline-block-h2f2xs|false\" data-tablet-visibility=\".sp-headline-block-h2f2xs|false\" data-desktop-visibility=\".sp-headline-block-h2f2xs|false\" class=\"sp-css-target sp-el-block sp-headline-block-h2f2xs sp-type-header\" style=\"font-size: 69px; text-align: center; margin: 0px;\">registre-se aqui<\/h1>\n<h2 id=\"sp-denz7z\" data-mobile-css=\".sp-headline-block-denz7z, #sp-denz7z, #denz7z|text-align:center;\" data-tablet-css=\".sp-headline-block-denz7z, #sp-denz7z, #denz7z|text-align:center;\" data-mobile-visibility=\".sp-headline-block-denz7z|false\" data-tablet-visibility=\".sp-headline-block-denz7z|false\" data-desktop-visibility=\".sp-headline-block-denz7z|false\" class=\"sp-css-target sp-el-block sp-headline-block-denz7z sp-type-header\" style=\"font-size: 49px; text-align: center; margin: 19px 0px 0px;\"><a href=\"..\/termos-e-condicoes-do-programa-de-afiliados\/\">leia os termos e condi\u00e7\u00f5es do programa de afiliados &lt;clique aqui&gt;<\/a><\/h2>\n<\/div>\n<\/div>\n<\/section>\n<section id=\"sp-ypy0on\" data-mobile-visibility=\"#sp-ypy0on|false\" data-tablet-visibility=\"#sp-ypy0on|false\" data-desktop-visibility=\"#sp-ypy0on|false\" data-mobile-css=\"\" data-tablet-css=\"\" class=\"sp-el-section \" style=\"background-color: rgb(38, 17, 106); width: 100%; max-width: 100%;\">\n<div id=\"sp-kv7fry\" data-mobile-visibility=\"#sp-kv7fry|false\" data-tablet-visibility=\"#sp-kv7fry|false\" data-desktop-visibility=\"#sp-kv7fry|false\" data-mobile-css=\"\" data-tablet-css=\"\" class=\"sp-el-row sm:sp-flex sp-w-full  sp-m-auto sp-justify-between\">\n<div id=\"sp-w9l9yt\" data-mobile-visibility=\"#sp-w9l9yt|false\" data-tablet-visibility=\"#sp-w9l9yt|false\" data-desktop-visibility=\"#sp-w9l9yt|false\" data-mobile-css=\"\" data-tablet-css=\"\" class=\"sp-el-col  sp-w-full\" style=\"width: calc(100% + 0px);\">\n<h2 id=\"sp-yhjc0n\" data-mobile-css=\".sp-headline-block-yhjc0n, #sp-yhjc0n, #yhjc0n|text-align:center;\" data-tablet-css=\".sp-headline-block-yhjc0n, #sp-yhjc0n, #yhjc0n|text-align:center;\" data-mobile-visibility=\".sp-headline-block-yhjc0n|false\" data-tablet-visibility=\".sp-headline-block-yhjc0n|false\" data-desktop-visibility=\".sp-headline-block-yhjc0n|false\" class=\"sp-css-target sp-el-block sp-headline-block-yhjc0n sp-type-header\" style=\"font-size: 32px; text-align: center; margin: 19px 0px 0px;\"><span style=\"color: #ff99cc;\">[yith_wcaf_registration_form show_login_form=&#8221;yes&#8221; login_title=&#8221;FA\u00c7A O LOGIN AQUI&#8221; register_title=&#8221;Inscreva-se em nosso Programa de afiliados&#8221;]<\/span><\/h2>\n<\/div>\n<\/div>\n<\/section>\n<section id=\"sp-pzj6o8\" data-mobile-visibility=\"#sp-pzj6o8|false\" data-tablet-visibility=\"#sp-pzj6o8|false\" data-desktop-visibility=\"#sp-pzj6o8|false\" data-mobile-css=\"\" data-tablet-css=\"\" class=\"sp-el-section \" style=\"background-color: rgb(255, 255, 255); width: 100%; max-width: 100%; padding: 10px; margin-top: 100px;\">\n<div id=\"sp-yor5kz\" data-mobile-visibility=\"#sp-yor5kz|false\" data-tablet-visibility=\"#sp-yor5kz|false\" data-desktop-visibility=\"#sp-yor5kz|false\" data-mobile-css=\"\" data-tablet-css=\"\" class=\"sp-el-row sm:sp-flex sp-w-full  sp-m-auto sp-justify-between\" style=\"padding: 0px; width: auto; max-width: 1000px; margin-top: 36px;\">\n<div id=\"sp-xgiori\" data-mobile-visibility=\"#sp-xgiori|false\" data-tablet-visibility=\"#sp-xgiori|false\" data-desktop-visibility=\"#sp-xgiori|false\" data-mobile-css=\"\" data-tablet-css=\"\" class=\"sp-el-col  sp-w-full\" style=\"width: calc(100% + 0px);\">\n<style type=\"text\/css\">\n      #sp-xgiori .sp-col-top .seedprod-shape-fill {fill: undefined;} #sp-xgiori .sp-col-top svg {width: undefined%;height: undefinedpx;transform: translateX(-50%);} #sp-xgiori .sp-col-bottom .seedprod-shape-fill {fill: undefined;} #sp-xgiori .sp-col-bottom svg {width: undefined%;height: undefinedpx;transform: translateX(-50%);}\n    <\/style>\n<div class=\"sp-col-shape sp-col-top\" style=\"z-index: 0;\">\n<div><\/div>\n<\/div>\n<div class=\"sp-col-shape sp-col-bottom\" style=\"z-index: 0;\">\n<div><\/div>\n<\/div>\n<h1 id=\"sp-mvw1g2\" data-mobile-css=\".sp-headline-block-mvw1g2, #sp-mvw1g2, #mvw1g2|text-align:center;\" data-tablet-css=\".sp-headline-block-mvw1g2, #sp-mvw1g2, #mvw1g2|text-align:center;\" data-mobile-visibility=\".sp-headline-block-mvw1g2|false\" data-tablet-visibility=\".sp-headline-block-mvw1g2|false\" data-desktop-visibility=\".sp-headline-block-mvw1g2|false\" class=\"sp-css-target sp-el-block sp-headline-block-mvw1g2 sp-type-header\" style=\"font-size: 67px; color: rgb(38, 17, 106); text-align: center; margin: 0px;\">J\u00e1 \u00e9 afiliado? fa\u00e7a o login aqui!<\/h1>\n<\/div>\n<\/div>\n<div id=\"sp-xsibn2\" data-mobile-visibility=\"#sp-xsibn2|false\" data-tablet-visibility=\"#sp-xsibn2|false\" data-desktop-visibility=\"#sp-xsibn2|false\" data-mobile-css=\"\" data-tablet-css=\"\" class=\"sp-el-row sm:sp-flex sp-w-full  sp-m-auto sp-justify-between\" style=\"padding: 0px; background-color: rgb(255, 255, 255); width: auto; max-width: 1000px;\">\n<div id=\"sp-qg8uz4\" data-mobile-visibility=\"#sp-qg8uz4|false\" data-tablet-visibility=\"#sp-qg8uz4|false\" data-desktop-visibility=\"#sp-qg8uz4|false\" data-mobile-css=\"\" data-tablet-css=\"\" class=\"sp-el-col  sp-w-full\" style=\"width: calc(100% + 0px);\">\n<style type=\"text\/css\">\n      #sp-qg8uz4 .sp-col-top .seedprod-shape-fill {fill: undefined;} #sp-qg8uz4 .sp-col-top svg {width: undefined%;height: undefinedpx;transform: translateX(-50%);} #sp-qg8uz4 .sp-col-bottom .seedprod-shape-fill {fill: undefined;} #sp-qg8uz4 .sp-col-bottom svg {width: undefined%;height: undefinedpx;transform: translateX(-50%);}\n    <\/style>\n<div class=\"sp-col-shape sp-col-top\" style=\"z-index: 0;\">\n<div><\/div>\n<\/div>\n<div class=\"sp-col-shape sp-col-bottom\" style=\"z-index: 0;\">\n<div><\/div>\n<\/div>\n<div id=\"sp-button-parent-kbjw85\" data-mobile-css=\"#sp-button-parent-kbjw85|text-align:center;\" data-tablet-css=\"#sp-button-parent-kbjw85|text-align:center;\" class=\"sp-button-wrapper sp-el-block\" style=\"margin: 0px; text-align: center;\"><a href=\"https:\/\/famaura.com.br\/home\/login-afiliado\/\" id=\"sp-kbjw85\" data-mobile-css=\"\" data-tablet-css=\"\" data-mobile-visibility=\".sp-button-kbjw85|false\" data-tablet-visibility=\".sp-button-kbjw85|false\" data-desktop-visibility=\".sp-button-kbjw85|false\" target=\"\" rel=\"noopener\" class=\"sp-button sp-css-target sp-text-center sp-inline-block sp-leading-none sp-button-kbjw85\" style=\"font-size: 22px; background: rgb(250, 85, 187); color: rgb(255, 255, 255); width: auto; padding: 16px 20px;\"><span>CLIQUE AQUI<\/span><\/a><\/div>\n<\/div>\n<\/div>\n<\/section>\n<\/div>\n","protected":false},"excerpt":{"rendered":"<p>Programa de afiliados famaura Oi\u00ea, Bem vindo! Nosso programa de afiliados que converte em cr\u00e9ditos na loja para voc\u00ea. Para participar, se inscreva no formul\u00e1rio abaixo, aguarde a aprova\u00e7\u00e3o em at\u00e9 48hrs. Para ser um afiliado, voc\u00ea precisa se identificar com os produtos FaMaura, ser ativo nas redes sociais, produzir conte\u00fado com os produtos. O sistema de afiliados paga uma comiss\u00e3o pelas vendas geradas atrav\u00e9s do seu link, \u00e9 importante voc\u00ea criar os links de cada produto a ser divulgado. Comiss\u00e3o de 5%, que entra como cr\u00e9ditos para voc\u00ea na&hellip;<\/p>\n","protected":false},"author":1,"featured_media":0,"parent":0,"menu_order":0,"comment_status":"closed","ping_status":"closed","template":"","meta":{"jetpack_post_was_ever_published":true,"footnotes":""},"class_list":["post-34932","page","type-page","status-publish","hentry"],"jetpack_sharing_enabled":true,"_links":{"self":[{"href":"https:\/\/famaura.com.br\/home\/wp-json\/wp\/v2\/pages\/34932","targetHints":{"allow":["GET"]}}],"collection":[{"href":"https:\/\/famaura.com.br\/home\/wp-json\/wp\/v2\/pages"}],"about":[{"href":"https:\/\/famaura.com.br\/home\/wp-json\/wp\/v2\/types\/page"}],"author":[{"embeddable":true,"href":"https:\/\/famaura.com.br\/home\/wp-json\/wp\/v2\/users\/1"}],"replies":[{"embeddable":true,"href":"https:\/\/famaura.com.br\/home\/wp-json\/wp\/v2\/comments?post=34932"}],"version-history":[{"count":35,"href":"https:\/\/famaura.com.br\/home\/wp-json\/wp\/v2\/pages\/34932\/revisions"}],"predecessor-version":[{"id":35022,"href":"https:\/\/famaura.com.br\/home\/wp-json\/wp\/v2\/pages\/34932\/revisions\/35022"}],"wp:attachment":[{"href":"https:\/\/famaura.com.br\/home\/wp-json\/wp\/v2\/media?parent=34932"}],"curies":[{"name":"wp","href":"https:\/\/api.w.org\/{rel}","templated":true}]}}