{"id":34989,"date":"2024-02-07T17:21:15","date_gmt":"2024-02-07T20:21:15","guid":{"rendered":"https:\/\/famaura.com.br\/home\/?page_id=34989"},"modified":"2024-02-07T17:21:19","modified_gmt":"2024-02-07T20:21:19","slug":"termos-e-condicoes-do-programa-de-afiliados","status":"publish","type":"page","link":"https:\/\/famaura.com.br\/home\/termos-e-condicoes-do-programa-de-afiliados\/","title":{"rendered":"Termos e Condi\u00e7\u00f5es do Programa de Afiliados"},"content":{"rendered":"\n<p>Criamos estes Termos e Condi\u00e7\u00f5es para garantir uma colabora\u00e7\u00e3o tranquila, tornando nossos requisitos de parceria de afiliados claros e diretos.<\/p>\n\n\n\n<p>Por favor, leia todo o acordo.\u00a0Ao ingressar no <strong><em>Programa de Afiliados FaMaura Scrapbook &amp; Crafts<\/em><\/strong>, voc\u00ea concorda que leu e compreendeu este contrato e que tem todo o direito, poder e autoridade para celebrar e ficar vinculado aos Termos e Condi\u00e7\u00f5es deste contrato sem a aprova\u00e7\u00e3o ou consentimento de qualquer outra parte. .<\/p>\n\n\n\n<p><em style=\"\"><b>Aviso importante: neste momento s\u00f3 podemos aceitar candidaturas de pessoas registadas, indiv\u00edduos que atuem como prestadores de servi\u00e7os independentes, sem v\u00ednculo <\/b><\/em><strong><em>empregat\u00edcio que nos possam fornecer uma fatura mensal pelos servi\u00e7os que nos prestam como afiliados.<\/em><\/strong><\/p>\n\n\n\n<h3 class=\"wp-block-heading\"><strong>Termos e Condi\u00e7\u00f5es do Programa de Afiliados<\/strong><\/h3>\n\n\n\n<p><strong><em>Programa de Afiliados FaMaura Scrapbook &amp; Crafts<\/em><\/strong> \u00e9 uma plataforma que comercializa produtos digitais, de propriedade Fabiana Maura.<\/p>\n\n\n\n<p><\/p>\n\n\n\n<h4 class=\"wp-block-heading\">1. Registro<\/h4>\n\n\n\n<p>Sua inscri\u00e7\u00e3o para se tornar um afiliado <strong><em>Programa de Afiliados FaMaura Scrapbook &amp; Crafts<\/em><\/strong> est\u00e1 sujeita a um processo de revis\u00e3o manual para avaliar se seria uma boa op\u00e7\u00e3o.\u00a0O processo de revis\u00e3o pode levar at\u00e9 5 dias \u00fateis e voc\u00ea ser\u00e1 notificado por e-mail com nossa decis\u00e3o.<\/p>\n\n\n\n<p>Ao se tornar um afiliado, voc\u00ea concorda em receber e-mails ocasionais do <strong><em>Programa de Afiliados FaMaura Scrapbook &amp; Crafts<\/em><\/strong> sobre altera\u00e7\u00f5es nos Termos e Condi\u00e7\u00f5es do programa de afiliados, not\u00edcias e atualiza\u00e7\u00f5es ou outras informa\u00e7\u00f5es relevantes para voc\u00ea como afiliado.<\/p>\n\n\n\n<p>Voc\u00ea deve nos fornecer informa\u00e7\u00f5es precisas sobre quem voc\u00ea \u00e9, detalhes do seu neg\u00f3cio e os sites e\/ou plataformas que pretende promover o <strong><em>Programa de Afiliados FaMaura Scrapbook &amp; Crafts<\/em><\/strong>.<\/p>\n\n\n\n<p>Os motivos para inscri\u00e7\u00f5es rejeitadas incluem, entre outros, quaisquer indiv\u00edduos que:<\/p>\n\n\n\n<ul class=\"wp-block-list\">\n<li>promover ou exibir viol\u00eancia, discrimina\u00e7\u00e3o, materiais sexualmente expl\u00edcitos, viola\u00e7\u00e3o de direitos autorais e marcas registradas, spam, fraude ou quaisquer outras atividades ilegais;<\/li>\n\n\n\n<li>incluir no seu nome, suas varia\u00e7\u00f5es ou erros ortogr\u00e1ficos;<\/li>\n\n\n\n<li>replicar ou assemelhar-se ao design do nosso site (expl\u00edcita ou impl\u00edcita) de uma maneira que leve os clientes a acreditar que voc\u00ea \u00e9  <strong><em> FaMaura Scrapbook &amp; Crafts<\/em><\/strong> ou qualquer outra empresa afiliada;<\/li>\n\n\n\n<li>revender qualquer um dos nossos produtos;<\/li>\n\n\n\n<li>n\u00e3o estejam alinhados com nossos padr\u00f5es comerciais ou sejam inadequados para o produto que vendemos.<\/li>\n<\/ul>\n\n\n\n<p>Tenha em aten\u00e7\u00e3o que esta lista n\u00e3o \u00e9 exaustiva e que nos reservamos o direito de recusar a sua candidatura a nosso exclusivo crit\u00e9rio, sem fornecer um motivo de rejei\u00e7\u00e3o.<\/p>\n\n\n\n<h4 class=\"wp-block-heading\">2. Comiss\u00f5es e pagamentos<\/h4>\n\n\n\n<p><strong>A taxa de comiss\u00e3o padr\u00e3o \u00e9 de 5%<\/strong>\u00a0de cada nova compra de produtos digitais <strong><em> FaMaura Scrapbook &amp; Crafts<\/em><\/strong> feita pelos clientes atrav\u00e9s do seu link de indica\u00e7\u00e3o.<\/p>\n\n\n\n<p>A dura\u00e7\u00e3o padr\u00e3o\u00a0<strong>do cookie \u00e9 de 30 dias<\/strong>\u00a0.\u00a0Portanto, os clientes t\u00eam um prazo de 30 dias a partir do momento em que clicaram no seu link de afiliado para decidir se desejam comprar os produtos ou n\u00e3o.\u00a0Se comprarem depois que o cookie expirar, as comiss\u00f5es infelizmente n\u00e3o ser\u00e3o registradas (a menos que usem seu link de afiliado novamente).<\/p>\n\n\n\n<p>Al\u00e9m disso, a comiss\u00e3o ir\u00e1 para o primeiro afiliado cujo link foi clicado (se a compra for conclu\u00edda no prazo de 30 dias).<\/p>\n\n\n\n<p><em>Exemplo: se o cliente clicar primeiro no seu link de afiliado e depois, quando decidir comprar, usar o link de outro afiliado, a comiss\u00e3o vai para voc\u00ea.<\/em><\/p>\n\n\n\n<p><\/p>\n\n\n\n<p><strong>O pagamento m\u00ednimo \u00e9 de R$20,00 Reais<\/strong>\u00a0.\u00a0Os pagamentos ser\u00e3o feitos em reais, em sua conta na loja mensalmente, via cr\u00e9dito na loja,  entre o 1\u00ba dia ao dia 10\u00ba de cada m\u00eas, referente as vendas do m\u00eas anterior, para uso em produtos e cursos.<\/p>\n\n\n\n<p>Os cr\u00e9ditos ficam liberados na sua conta para comprar quaisquer produtos na loja.<\/p>\n\n\n\n<p>Reservamo-nos o direito de diminuir ou aumentar as nossas taxas de comiss\u00e3o padr\u00e3o a qualquer momento e por qualquer motivo.\u00a0Voc\u00ea ser\u00e1 notificado por e-mail com 30 dias de anteced\u00eancia antes que tais altera\u00e7\u00f5es entrem em vigor.<\/p>\n\n\n\n<p>Todas as comiss\u00f5es est\u00e3o sujeitas a aprova\u00e7\u00e3o para serem posteriormente pagas.&nbsp;O status de cada comiss\u00e3o estar\u00e1 dispon\u00edvel no painel do seu programa de afiliados como \u201cPendente\u201d, \u201cN\u00e3o pago\u201d, \u201cRejeitado\u201d ou \u201cPago\u201d.<\/p>\n\n\n\n<p><\/p>\n\n\n\n<h4 class=\"wp-block-heading\">3. Permiss\u00f5es e restri\u00e7\u00f5es de promo\u00e7\u00e3o<\/h4>\n\n\n\n<p>Os seguintes m\u00e9todos promocionais s\u00e3o&nbsp;<strong>permitidos<\/strong>&nbsp;:<\/p>\n\n\n\n<ul class=\"wp-block-list\">\n<li><strong>Fornecer seu link de afiliado diretamente<\/strong>\u00a0a seus amigos ou clientes em potencial que possam estar interessados \u200b\u200bnos produtos <strong><em>FaMaura Scrapbook &amp; Crafts<\/em><\/strong><\/li>\n\n\n\n<li><strong>Escrever uma resenha<\/strong>\u00a0em seu blog,site  e v\u00eddeos sobre o <strong><em>FaMaura Scrapbook &amp; Crafts<\/em><\/strong> e vincular ao nosso produto com seu link de afiliado (ou outro ativo criativo fornecido);<\/li>\n\n\n\n<li><strong>Usar suas contas de m\u00eddia social<\/strong>\u00a0para compartilhar seu link de afiliado com seu p\u00fablico (observa\u00e7\u00e3o: certifique-se de que esta \u00e9 uma pr\u00e1tica permitida pela respectiva rede social e que voc\u00ea tamb\u00e9m cumpre seus Termos e Condi\u00e7\u00f5es);<\/li>\n\n\n\n<li>Promover o seu link de afiliado em&nbsp;<strong>e-mails<\/strong>&nbsp;, desde que o destinat\u00e1rio j\u00e1 seja cliente ou assinante dos seus servi\u00e7os ou site e tenha a op\u00e7\u00e3o de se retirar de futuras correspond\u00eancias;<\/li>\n\n\n\n<li><strong>O podcast<\/strong>&nbsp;menciona seu link de afiliado e\/ou c\u00f3digo de desconto.<\/li>\n<\/ul>\n\n\n\n<p>Existem certos m\u00e9todos promocionais&nbsp;<strong>que n\u00e3o toleramos<\/strong>&nbsp;e sua conta ser\u00e1 encerrada, caso voc\u00ea se envolva em tais atividades:<\/p>\n\n\n\n<ul class=\"wp-block-list\">\n<li><strong>Spamming<\/strong>&nbsp;(de qualquer forma e\/ou em qualquer plataforma\/canal, inclui, mas n\u00e3o est\u00e1 limitado a&nbsp;<strong>:<\/strong>&nbsp;e-mail promocional n\u00e3o solicitado, coment\u00e1rios em massa em sites, publica\u00e7\u00e3o do seu link de afiliado em grupos e f\u00f3runs onde n\u00e3o \u00e9 permitido, envio de mensagens diretas n\u00e3o solicitadas, etc.);<\/li>\n\n\n\n<li><strong>Deturpar nossa marca e produto de qualquer forma<\/strong>\u00a0(inclui, mas n\u00e3o est\u00e1 limitado a: enganar clientes ou usar informa\u00e7\u00f5es falsas sobre nosso produto, usar depoimentos falsos, fingir que voc\u00ea \u00e9 um funcion\u00e1rio da <strong><em>FaMaura Scrapbook &amp; Crafts<\/em><\/strong> ou que \u00e9 Fabiana Maura, ocultar ou deturpar sua identidade ou seu afilia\u00e7\u00e3o ao nosso neg\u00f3cio, etc.);<\/li>\n\n\n\n<li><strong>Usar publicidade paga<\/strong>&nbsp;para seu link de afiliado;<\/li>\n\n\n\n<li>Colocar seu link de afiliado e\/ou c\u00f3digo de desconto em&nbsp;<strong>qualquer site de cupom<\/strong>&nbsp;.<\/li>\n<\/ul>\n\n\n\n<p>Novamente, esta n\u00e3o \u00e9 uma lista exaustiva e nos reservamos o direito de encerrar sua conta sempre que considerarmos que suas atividades promocionais n\u00e3o est\u00e3o alinhadas com nossos valores comerciais.<\/p>\n\n\n\n<p>Se voc\u00ea n\u00e3o tiver certeza se um m\u00e9todo promocional espec\u00edfico \u00e9 aceito, entre em contato conosco com anteced\u00eancia para confirma\u00e7\u00e3o.<\/p>\n\n\n\n<h4 class=\"wp-block-heading\">4. Encerramento de conta<\/h4>\n\n\n\n<p>Voc\u00ea ou n\u00f3s podemos rescindir este Contrato a qualquer momento, com ou sem justa causa, mediante notifica\u00e7\u00e3o por escrito \u00e0 outra parte na forma de e-mail.<\/p>\n\n\n\n<p>Al\u00e9m disso, reservamo-nos o direito de encerrar sua conta a qualquer momento e sem qualquer aviso pr\u00e9vio, caso consideremos que voc\u00ea violou quaisquer Termos e Condi\u00e7\u00f5es deste Contrato.&nbsp;Quaisquer comiss\u00f5es pendentes ou n\u00e3o pagas que estejam sujeitas \u00e0 viola\u00e7\u00e3o dos nossos Termos e Condi\u00e7\u00f5es ser\u00e3o retidas.<\/p>\n\n\n\n<h3 class=\"wp-block-heading\">Nota final<\/h3>\n\n\n\n<p>Ao registrar-se e ser aprovado como afiliado do <strong><em>Programa de Afiliados FaMaura Scrapbook &amp; Crafts<\/em><\/strong>,, voc\u00ea concorda em cumprir os Termos e Condi\u00e7\u00f5es aqui contidos.<\/p>\n\n\n\n<p>Voc\u00ea concorda que \u00e9 um contratante independente e que a rela\u00e7\u00e3o de afiliado n\u00e3o representa uma rela\u00e7\u00e3o de emprego entre voc\u00ea e a S<strong><em>Programa de Afiliados FaMaura Scrapbook &amp; Crafts<\/em><\/strong>.\u00a0Al\u00e9m disso, voc\u00ea n\u00e3o tem autoridade para fazer ou aceitar quaisquer ofertas ou representa\u00e7\u00f5es em nosso nome.<\/p>\n\n\n\n<p>Voc\u00ea concorda que esta n\u00e3o \u00e9 uma rela\u00e7\u00e3o juridicamente vinculativa e, como resultado, voc\u00ea n\u00e3o pode tomar medidas legais contra a <strong><em>FaMaura Scrapbook &amp; Crafts<\/em><\/strong>,<\/p>\n\n\n\n<p>Por \u00faltimo, mas n\u00e3o menos importante, estes Termos e Condi\u00e7\u00f5es est\u00e3o sujeitos a altera\u00e7\u00f5es e voc\u00ea ser\u00e1 notificado antecipadamente sobre tais altera\u00e7\u00f5es.<\/p>\n\n\n\n<p>Voc\u00ea tem o direito de cancelar nosso programa de afiliados a qualquer momento, notificando-nos por e-mail.<\/p>\n\n\n\n<p>Se voc\u00ea tiver alguma d\u00favida sobre os Termos e Condi\u00e7\u00f5es aqui contidos, entre em contato conosco.<\/p>\n\n\n\n<p>\u00daltima atualiza\u00e7\u00e3o: 07.02.2024 por FaMaura<\/p>\n","protected":false},"excerpt":{"rendered":"<p>Criamos estes Termos e Condi\u00e7\u00f5es para garantir uma colabora\u00e7\u00e3o tranquila, tornando nossos requisitos de parceria de afiliados claros e diretos. Por favor, leia todo o acordo.\u00a0Ao ingressar no Programa de Afiliados FaMaura Scrapbook &amp; Crafts, voc\u00ea concorda que leu e compreendeu este contrato e que tem todo o direito, poder e autoridade para celebrar e ficar vinculado aos Termos e Condi\u00e7\u00f5es deste contrato sem a aprova\u00e7\u00e3o ou consentimento de qualquer outra parte. . Aviso importante: neste momento s\u00f3 podemos aceitar candidaturas de pessoas registadas, indiv\u00edduos que atuem como prestadores de&hellip;<\/p>\n","protected":false},"author":1,"featured_media":0,"parent":0,"menu_order":0,"comment_status":"closed","ping_status":"closed","template":"","meta":{"jetpack_post_was_ever_published":false,"footnotes":""},"class_list":["post-34989","page","type-page","status-publish","hentry"],"jetpack_sharing_enabled":true,"_links":{"self":[{"href":"https:\/\/famaura.com.br\/home\/wp-json\/wp\/v2\/pages\/34989","targetHints":{"allow":["GET"]}}],"collection":[{"href":"https:\/\/famaura.com.br\/home\/wp-json\/wp\/v2\/pages"}],"about":[{"href":"https:\/\/famaura.com.br\/home\/wp-json\/wp\/v2\/types\/page"}],"author":[{"embeddable":true,"href":"https:\/\/famaura.com.br\/home\/wp-json\/wp\/v2\/users\/1"}],"replies":[{"embeddable":true,"href":"https:\/\/famaura.com.br\/home\/wp-json\/wp\/v2\/comments?post=34989"}],"version-history":[{"count":1,"href":"https:\/\/famaura.com.br\/home\/wp-json\/wp\/v2\/pages\/34989\/revisions"}],"predecessor-version":[{"id":34990,"href":"https:\/\/famaura.com.br\/home\/wp-json\/wp\/v2\/pages\/34989\/revisions\/34990"}],"wp:attachment":[{"href":"https:\/\/famaura.com.br\/home\/wp-json\/wp\/v2\/media?parent=34989"}],"curies":[{"name":"wp","href":"https:\/\/api.w.org\/{rel}","templated":true}]}}