{"id":35501,"date":"2024-03-12T18:51:33","date_gmt":"2024-03-12T21:51:33","guid":{"rendered":"https:\/\/famaura.com.br\/home\/?page_id=35501"},"modified":"2025-01-13T13:34:59","modified_gmt":"2025-01-13T16:34:59","slug":"reviews","status":"publish","type":"page","link":"https:\/\/famaura.com.br\/home\/reviews\/","title":{"rendered":"Reviews | Avalia\u00e7\u00e3o"},"content":{"rendered":"\n<p><br><br><\/p>\n\n\n\n<p>Reviews|avali\u00e7\u00f5es s\u00e3o uma forma de voc\u00ea compartilhar oque comprou na loja com outras pessoas, compartilhando a sua opini\u00e3o sobre os produtos\/cursos.<br><br>Para fazer o review\/avalia\u00e7\u00e3o \u00e9 muito simples.<br>Fa\u00e7a o login em sua conta, encontre os produtos que voc\u00ea comprou, fa\u00e7a a sua avalia\u00e7\u00e3o e pronto.<br><br><\/p>\n\n\n\n<figure class=\"wp-block-image size-full\"><img decoding=\"async\" src=\"https:\/\/famaura.com.br\/home\/wp-content\/uploads\/2024\/03\/Reviews.jpg\" alt=\"\" class=\"wp-image-35505\"\/><\/figure>\n\n\n\n<p>Qualquer d\u00favida ou problema entre em contato<br>fa.maura@hotmail.com<\/p>\n","protected":false},"excerpt":{"rendered":"<p>Reviews|avali\u00e7\u00f5es s\u00e3o uma forma de voc\u00ea compartilhar oque comprou na loja com outras pessoas, compartilhando a sua opini\u00e3o sobre os produtos\/cursos. Para fazer o review\/avalia\u00e7\u00e3o \u00e9 muito simples.Fa\u00e7a o login em sua conta, encontre os produtos que voc\u00ea comprou, fa\u00e7a a sua avalia\u00e7\u00e3o e pronto. Qualquer d\u00favida ou problema entre em contatofa.maura@hotmail.com<\/p>\n","protected":false},"author":1,"featured_media":0,"parent":0,"menu_order":0,"comment_status":"closed","ping_status":"closed","template":"","meta":{"jetpack_post_was_ever_published":false,"footnotes":""},"class_list":["post-35501","page","type-page","status-publish","hentry"],"jetpack_sharing_enabled":true,"_links":{"self":[{"href":"https:\/\/famaura.com.br\/home\/wp-json\/wp\/v2\/pages\/35501","targetHints":{"allow":["GET"]}}],"collection":[{"href":"https:\/\/famaura.com.br\/home\/wp-json\/wp\/v2\/pages"}],"about":[{"href":"https:\/\/famaura.com.br\/home\/wp-json\/wp\/v2\/types\/page"}],"author":[{"embeddable":true,"href":"https:\/\/famaura.com.br\/home\/wp-json\/wp\/v2\/users\/1"}],"replies":[{"embeddable":true,"href":"https:\/\/famaura.com.br\/home\/wp-json\/wp\/v2\/comments?post=35501"}],"version-history":[{"count":10,"href":"https:\/\/famaura.com.br\/home\/wp-json\/wp\/v2\/pages\/35501\/revisions"}],"predecessor-version":[{"id":37669,"href":"https:\/\/famaura.com.br\/home\/wp-json\/wp\/v2\/pages\/35501\/revisions\/37669"}],"wp:attachment":[{"href":"https:\/\/famaura.com.br\/home\/wp-json\/wp\/v2\/media?parent=35501"}],"curies":[{"name":"wp","href":"https:\/\/api.w.org\/{rel}","templated":true}]}}