{"id":37331,"date":"2024-10-11T01:48:57","date_gmt":"2024-10-11T04:48:57","guid":{"rendered":"https:\/\/famaura.com.br\/home\/?page_id=37331"},"modified":"2024-10-14T22:05:39","modified_gmt":"2024-10-15T01:05:39","slug":"baralho-criativo","status":"publish","type":"page","link":"https:\/\/famaura.com.br\/home\/baralho-criativo\/","title":{"rendered":"Baralho Criativo Para Scrapbooking by FaMaura\u00a9"},"content":{"rendered":"<div id=\"sp-page\" class=\"spBgcover sp-content-1\" style=\"background-color: rgb(255, 255, 255); font-family: Arvo, sans-serif; font-weight: 400;\">\n<section id=\"sp-dnrlkg4oewsb\" data-mobile-visibility=\"#sp-dnrlkg4oewsb|false\" data-tablet-visibility=\"#sp-dnrlkg4oewsb|false\" data-desktop-visibility=\"#sp-dnrlkg4oewsb|false\" data-mobile-css=\"\" data-tablet-css=\"\" class=\"sp-el-section  spBgcover\" style=\"width: 100%; max-width: 100%; padding: 10px;\">\n<div id=\"sp-y0l6r8npil3n\" data-mobile-visibility=\"#sp-y0l6r8npil3n|false\" data-tablet-visibility=\"#sp-y0l6r8npil3n|false\" data-desktop-visibility=\"#sp-y0l6r8npil3n|false\" data-mobile-css=\"\" data-tablet-css=\"\" class=\"sp-el-row sp-w-full  sp-m-auto spBgcover sm:sp-flex sp-justify-between\" style=\"padding: 0px; width: auto; max-width: 1000px;\">\n<div id=\"sp-h6q8055u0fdm\" data-mobile-visibility=\"#sp-h6q8055u0fdm|false\" data-tablet-visibility=\"#sp-h6q8055u0fdm|false\" data-desktop-visibility=\"#sp-h6q8055u0fdm|false\" data-mobile-css=\"\" data-tablet-css=\"\" class=\"sp-el-col  spBgcover sp-w-full\" style=\"width: calc(23% + 0px);\">\n<figure id=\"sp-x7y6j48uw5f8\" data-mobile-css=\"#sp-x7y6j48uw5f8|text-align:center;\" data-tablet-css=\"#sp-x7y6j48uw5f8|text-align:center;\" class=\"sp-image-wrapper sp-el-block\" style=\"margin: 4px 0px 0px; text-align: left;\">\n<div><span><img decoding=\"async\" src=\"https:\/\/famaura.com.br\/home\/wp-content\/uploads\/2021\/12\/cropped-cropped-cropped-cropped-logo2022-1.jpg\" alt=\"\" width=\"290\" height=\"110\" data-dynamic-tag=\"\" data-image-src=\"wpmedia\" data-mobile-visibility=\".sp-image-block-x7y6j48uw5f8|false\" data-tablet-visibility=\".sp-image-block-x7y6j48uw5f8|false\" data-desktop-visibility=\".sp-image-block-x7y6j48uw5f8|false\" srcset=\" https:\/\/famaura.com.br\/home\/wp-content\/uploads\/2021\/12\/cropped-cropped-cropped-cropped-logo2022-1-285x110.jpg 285w, https:\/\/famaura.com.br\/home\/wp-content\/uploads\/2021\/12\/cropped-cropped-cropped-cropped-logo2022-1.jpg 290w\" class=\"sp-image-block-x7y6j48uw5f8 custom-preview-class\" style=\"width: 290px;\"><\/span><\/div>\n<div id=\"sp-image-dynamic-tags-js-x7y6j48uw5f8\"><script>jQuery(function() { image_dynamic_tags('x7y6j48uw5f8' );});<\/script><\/div>\n<\/figure>\n<\/div>\n<div id=\"sp-w7ru67oso8nk\" data-mobile-visibility=\"#sp-w7ru67oso8nk|false\" data-tablet-visibility=\"#sp-w7ru67oso8nk|false\" data-desktop-visibility=\"#sp-w7ru67oso8nk|false\" data-mobile-css=\"\" data-tablet-css=\"\" class=\"sp-el-col  spBgcover sp-w-full\" style=\"width: calc(52% + 0px);\"><\/div>\n<div id=\"sp-m7kpgl6nmhfa\" data-mobile-visibility=\"#sp-m7kpgl6nmhfa|false\" data-tablet-visibility=\"#sp-m7kpgl6nmhfa|false\" data-desktop-visibility=\"#sp-m7kpgl6nmhfa|false\" data-mobile-css=\"\" data-tablet-css=\"\" class=\"sp-el-col  spBgcover sp-w-full\" style=\"width: calc(24% + 0px);\">\n<div id=\"sp-button-parent-nk7n090ap7ck\" data-mobile-css=\"#sp-button-parent-nk7n090ap7ck|text-align:center;\" data-tablet-css=\"#sp-button-parent-nk7n090ap7ck|text-align:center;\" class=\"sp-button-wrapper sp-el-block\" style=\"margin: 4px 0px 0px; text-align: right;\"><a href=\"https:\/\/famaura.com.br\/home\/shop\/\" id=\"sp-nk7n090ap7ck\" data-mobile-css=\"\" data-tablet-css=\"\" data-mobile-visibility=\".sp-button-nk7n090ap7ck|false\" data-tablet-visibility=\".sp-button-nk7n090ap7ck|false\" data-desktop-visibility=\".sp-button-nk7n090ap7ck|false\" target=\"\" rel=\"noopener\" class=\"sp-button sp-css-target sp-text-center sp-inline-block sp-leading-none sp-button-nk7n090ap7ck\" style=\"font-size: 18px; background: linear-gradient(-180deg, rgb(51, 51, 51), rgb(33, 33, 33) 90%); color: rgb(255, 255, 255); width: auto; padding: 12px 16px; border-radius: 4px; box-shadow: rgba(255, 255, 255, 0.2) 0px 1px 0px inset;\"><span>visite a loja<\/span><\/a><\/div>\n<\/div>\n<\/div>\n<div id=\"sp-znmtp9\" data-mobile-visibility=\"#sp-znmtp9|false\" data-tablet-visibility=\"#sp-znmtp9|false\" data-desktop-visibility=\"#sp-znmtp9|false\" data-mobile-css=\"\" data-tablet-css=\"\" class=\"sp-el-row sp-w-full  sp-m-auto sm:sp-flex sp-justify-between\">\n<div id=\"sp-prj4cx\" data-mobile-visibility=\"#sp-prj4cx|false\" data-tablet-visibility=\"#sp-prj4cx|false\" data-desktop-visibility=\"#sp-prj4cx|false\" data-mobile-css=\"\" data-tablet-css=\"\" class=\"sp-el-col  sp-w-full\" style=\"width: calc(100% + 0px);\"><span href=\"\" target=\"\" rel=\"\" class=\"sp-header-block-link\" style=\"text-decoration: none;\"><\/p>\n<h1 id=\"sp-s9pch9\" data-mobile-css=\".sp-headline-block-s9pch9, #sp-s9pch9, #s9pch9|text-align:center;\" data-tablet-css=\".sp-headline-block-s9pch9, #sp-s9pch9, #s9pch9|text-align:center;\" data-mobile-visibility=\".sp-headline-block-s9pch9|false\" data-tablet-visibility=\".sp-headline-block-s9pch9|false\" data-desktop-visibility=\".sp-headline-block-s9pch9|false\" class=\"sp-css-target sp-el-block sp-headline-block-s9pch9 sp-type-header\" style=\"text-align: center; margin: 0px;\">Vamos criar de forma divertida e criativa?<\/h1>\n<p><\/span><\/div>\n<\/div>\n<\/section>\n<section id=\"sp-sx5bn4k2vnmr\" data-mobile-visibility=\"#sp-sx5bn4k2vnmr|false\" data-tablet-visibility=\"#sp-sx5bn4k2vnmr|false\" data-desktop-visibility=\"#sp-sx5bn4k2vnmr|false\" data-mobile-css=\"\" data-tablet-css=\"\" class=\"sp-el-section \" style=\"width: 100%; max-width: 100%; padding: 10px;\">\n<div id=\"sp-rt89t0q2rh0m\" data-mobile-visibility=\"#sp-rt89t0q2rh0m|false\" data-tablet-visibility=\"#sp-rt89t0q2rh0m|false\" data-desktop-visibility=\"#sp-rt89t0q2rh0m|false\" data-mobile-css=\"\" data-tablet-css=\"\" class=\"sp-el-row sp-w-full  sp-m-auto spBgcover sm:sp-flex sp-justify-between\" style=\"padding: 0px; background-color: rgb(253, 216, 53); width: auto; max-width: 1000px; margin-top: 40px;\">\n<div id=\"sp-qplyj8f2mm4\" data-mobile-visibility=\"#sp-qplyj8f2mm4|false\" data-tablet-visibility=\"#sp-qplyj8f2mm4|false\" data-desktop-visibility=\"#sp-qplyj8f2mm4|false\" data-mobile-css=\"\" data-tablet-css=\"\" class=\"sp-el-col  spBgcover sp-w-full\" style=\"width: calc(50% + 0px); padding: 40px;\">\n<figure id=\"sp-gkmaia\" data-mobile-css=\"#sp-gkmaia|text-align:center;\" data-tablet-css=\"#sp-gkmaia|text-align:center;\" class=\"sp-image-wrapper sp-el-block\" style=\"margin: 0px; text-align: center;\">\n<div><span><img fetchpriority=\"high\" decoding=\"async\" src=\"https:\/\/famaura.com.br\/home\/wp-content\/uploads\/2024\/10\/Layer-1-copy-4.png\" alt=\"\" width=\"563\" height=\"306\" data-dynamic-tag=\"\" data-image-src=\"wpmedia\" data-mobile-visibility=\".sp-image-block-gkmaia|false\" data-tablet-visibility=\".sp-image-block-gkmaia|false\" data-desktop-visibility=\".sp-image-block-gkmaia|false\" srcset=\" https:\/\/famaura.com.br\/home\/wp-content\/uploads\/2024\/10\/Layer-1-copy-4-285x190.png 285w, https:\/\/famaura.com.br\/home\/wp-content\/uploads\/2024\/10\/Layer-1-copy-4-300x300.png 300w, https:\/\/famaura.com.br\/home\/wp-content\/uploads\/2024\/10\/Layer-1-copy-4.png 563w\" class=\"sp-image-block-gkmaia custom-preview-class\" style=\"width: 300px;\"><\/span><\/div>\n<div id=\"sp-image-dynamic-tags-js-gkmaia\"><script>jQuery(function() { image_dynamic_tags('gkmaia' );});<\/script><\/div>\n<\/figure>\n<div id=\"sp-nqwboksaqwr8\" data-mobile-css=\".sp-text-wrapper-nqwboksaqwr8, #sp-nqwboksaqwr8, #nqwboksaqwr8|text-align:left;\" data-tablet-css=\".sp-text-wrapper-nqwboksaqwr8, #sp-nqwboksaqwr8, #nqwboksaqwr8|text-align:left;\" data-mobile-visibility=\".sp-text-wrapper-nqwboksaqwr8|false\" data-tablet-visibility=\".sp-text-wrapper-nqwboksaqwr8|false\" data-desktop-visibility=\".sp-text-wrapper-nqwboksaqwr8|false\" class=\"sp-css-target sp-text-wrapper sp-el-block sp-text-wrapper-nqwboksaqwr8\" style=\"margin: 0px; text-align: left;\">\n<p>Baralho Criativo para Scrapbooking by FaMaura\u00a9 \u00e9 uma ferramenta para te ajudar de forma criativa e divertida a criar seus projetos de scrapbooking, sejam eles digital ou artesanal.<\/p>\n<p>O Baralho Criativo para Scrapbooking by FaMaura\u00a9 \u00e9 um produto digital, de uso pessoal para voc\u00ea imprimir e montar em sua casa, ele vai te ajudar de forma simples a criar os seus projetos.<\/p>\n<p>&nbsp;<\/p>\n<\/div>\n<\/div>\n<div id=\"sp-zpt690go9smp\" data-mobile-visibility=\"#sp-zpt690go9smp|false\" data-tablet-visibility=\"#sp-zpt690go9smp|false\" data-desktop-visibility=\"#sp-zpt690go9smp|false\" data-mobile-css=\"\" data-tablet-css=\"\" class=\"sp-el-col  spBgcover sp-w-full\" style=\"width: calc(50% + 0px); padding: 0px;\">\n<figure id=\"sp-pcpwimjvps9e\" data-mobile-css=\"#sp-pcpwimjvps9e|text-align:center;\" data-tablet-css=\"#sp-pcpwimjvps9e|text-align:center;\" class=\"sp-image-wrapper sp-el-block\" style=\"margin: 0px; padding: 0px; text-align: center;\">\n<div><span><img decoding=\"async\" src=\"https:\/\/famaura.com.br\/home\/wp-content\/uploads\/2024\/10\/FaMaura_BaralhoCriativoParaScrapbooking1.jpg\" alt=\"\" width=\"1000\" height=\"1000\" data-dynamic-tag=\"\" data-image-src=\"wpmedia\" data-mobile-visibility=\".sp-image-block-pcpwimjvps9e|false\" data-tablet-visibility=\".sp-image-block-pcpwimjvps9e|false\" data-desktop-visibility=\".sp-image-block-pcpwimjvps9e|false\" srcset=\" https:\/\/famaura.com.br\/home\/wp-content\/uploads\/2024\/10\/FaMaura_BaralhoCriativoParaScrapbooking1-285x190.jpg 285w, https:\/\/famaura.com.br\/home\/wp-content\/uploads\/2024\/10\/FaMaura_BaralhoCriativoParaScrapbooking1-300x300.jpg 300w, https:\/\/famaura.com.br\/home\/wp-content\/uploads\/2024\/10\/FaMaura_BaralhoCriativoParaScrapbooking1.jpg 1000w\" class=\"sp-image-block-pcpwimjvps9e custom-preview-class\" style=\"width: 1000px;\"><\/span><\/div>\n<div id=\"sp-image-dynamic-tags-js-pcpwimjvps9e\"><script>jQuery(function() { image_dynamic_tags('pcpwimjvps9e' );});<\/script><\/div>\n<\/figure>\n<\/div>\n<\/div>\n<\/section>\n<section id=\"sp-lji037ou0dai\" data-mobile-visibility=\"#sp-lji037ou0dai|false\" data-tablet-visibility=\"#sp-lji037ou0dai|false\" data-desktop-visibility=\"#sp-lji037ou0dai|false\" data-mobile-css=\"\" data-tablet-css=\"\" class=\"sp-el-section  spBgcover\" style=\"width: 100%; max-width: 100%; padding: 10px;\">\n<div id=\"sp-xuzdxk\" data-mobile-visibility=\"#sp-xuzdxk|false\" data-tablet-visibility=\"#sp-xuzdxk|false\" data-desktop-visibility=\"#sp-xuzdxk|false\" data-mobile-css=\"\" data-tablet-css=\"\" class=\"sp-el-row sp-w-full  sp-m-auto spBgcover sm:sp-flex sp-justify-between\" style=\"padding: 0px; background-color: rgb(176, 0, 166); width: auto; max-width: 1000px;\">\n<div id=\"sp-wsspkc\" data-mobile-visibility=\"#sp-wsspkc|false\" data-tablet-visibility=\"#sp-wsspkc|false\" data-desktop-visibility=\"#sp-wsspkc|false\" data-mobile-css=\"\" data-tablet-css=\"\" class=\"sp-el-col  spBgcover sp-w-full\" style=\"width: calc(50% + 0px); padding: 0px;\">\n<figure id=\"sp-m5lmku\" data-mobile-css=\"#sp-m5lmku|text-align:center;\" data-tablet-css=\"#sp-m5lmku|text-align:center;\" class=\"sp-image-wrapper sp-el-block\" style=\"margin: 0px; padding: 0px; text-align: center;\">\n<div><span><img loading=\"lazy\" decoding=\"async\" src=\"https:\/\/famaura.com.br\/home\/wp-content\/uploads\/2024\/10\/FaMaura_BaralhoCriativoParaScrapbooking3.jpg\" alt=\"\" width=\"1000\" height=\"1000\" data-dynamic-tag=\"\" data-image-src=\"wpmedia\" data-mobile-visibility=\".sp-image-block-m5lmku|false\" data-tablet-visibility=\".sp-image-block-m5lmku|false\" data-desktop-visibility=\".sp-image-block-m5lmku|false\" srcset=\" https:\/\/famaura.com.br\/home\/wp-content\/uploads\/2024\/10\/FaMaura_BaralhoCriativoParaScrapbooking3-285x190.jpg 285w, https:\/\/famaura.com.br\/home\/wp-content\/uploads\/2024\/10\/FaMaura_BaralhoCriativoParaScrapbooking3-300x300.jpg 300w, https:\/\/famaura.com.br\/home\/wp-content\/uploads\/2024\/10\/FaMaura_BaralhoCriativoParaScrapbooking3.jpg 1000w\" class=\"sp-image-block-m5lmku custom-preview-class\" style=\"width: 1000px;\"><\/span><\/div>\n<div id=\"sp-image-dynamic-tags-js-m5lmku\"><script>jQuery(function() { image_dynamic_tags('m5lmku' );});<\/script><\/div>\n<\/figure>\n<\/div>\n<div id=\"sp-p6um3e\" data-mobile-visibility=\"#sp-p6um3e|false\" data-tablet-visibility=\"#sp-p6um3e|false\" data-desktop-visibility=\"#sp-p6um3e|false\" data-mobile-css=\"\" data-tablet-css=\"\" class=\"sp-el-col  spBgcover sp-w-full\" style=\"width: calc(50% + 0px); padding: 40px;\"><span href=\"\" target=\"\" rel=\"\" class=\"sp-header-block-link\" style=\"text-decoration: none;\"><\/p>\n<h2 id=\"sp-phxzgg\" data-mobile-css=\".sp-headline-block-phxzgg, #sp-phxzgg, #phxzgg|text-align:center;\" data-tablet-css=\".sp-headline-block-phxzgg, #sp-phxzgg, #phxzgg|text-align:center;\" data-mobile-visibility=\".sp-headline-block-phxzgg|false\" data-tablet-visibility=\".sp-headline-block-phxzgg|false\" data-desktop-visibility=\".sp-headline-block-phxzgg|false\" class=\"sp-css-target sp-el-block sp-headline-block-phxzgg sp-type-header\" style=\"color: rgb(255, 255, 255); text-align: left; margin: 0px;\">Um passo para exercitar a criatividade!<\/h2>\n<p><\/span><\/p>\n<div id=\"sp-w327hh\" data-mobile-css=\".sp-text-wrapper-w327hh, #sp-w327hh, #w327hh|text-align:left;\" data-tablet-css=\".sp-text-wrapper-w327hh, #sp-w327hh, #w327hh|text-align:left;\" data-mobile-visibility=\".sp-text-wrapper-w327hh|false\" data-tablet-visibility=\".sp-text-wrapper-w327hh|false\" data-desktop-visibility=\".sp-text-wrapper-w327hh|false\" class=\"sp-css-target sp-text-wrapper sp-el-block sp-text-wrapper-w327hh\" style=\"color: rgb(255, 255, 255); margin: 0px; text-align: left;\">\n<p>O Baralho Criativo para Scrapbooking by FaMaura\u00a9 voc\u00ea imprime em casa, recorta, cola e monta.<br \/>Caixa para guardar inclusa.<\/p>\n<p>Uma forma divertida para voc\u00ea criar os seus projetos.<\/p>\n<p>Material de apoio para consultar sobre os estilos.<\/p>\n<\/div>\n<\/div>\n<\/div>\n<div id=\"sp-chdwn0\" data-mobile-visibility=\"#sp-chdwn0|false\" data-tablet-visibility=\"#sp-chdwn0|false\" data-desktop-visibility=\"#sp-chdwn0|false\" data-mobile-css=\"\" data-tablet-css=\"\" class=\"sp-el-row sp-w-full  sp-m-auto spBgcover sm:sp-flex sp-justify-between\" style=\"padding: 0px; background-color: rgb(0, 176, 113); width: auto; max-width: 1000px; margin-top: 40px;\">\n<div id=\"sp-s824p2\" data-mobile-visibility=\"#sp-s824p2|false\" data-tablet-visibility=\"#sp-s824p2|false\" data-desktop-visibility=\"#sp-s824p2|false\" data-mobile-css=\"\" data-tablet-css=\"\" class=\"sp-el-col  spBgcover sp-w-full\" style=\"width: calc(50% + 0px); padding: 40px;\">\n<div id=\"sp-gm85bz\" data-mobile-css=\".sp-text-wrapper-gm85bz, #sp-gm85bz, #gm85bz|text-align:left;\" data-tablet-css=\".sp-text-wrapper-gm85bz, #sp-gm85bz, #gm85bz|text-align:left;\" data-mobile-visibility=\".sp-text-wrapper-gm85bz|false\" data-tablet-visibility=\".sp-text-wrapper-gm85bz|false\" data-desktop-visibility=\".sp-text-wrapper-gm85bz|false\" class=\"sp-css-target sp-text-wrapper sp-el-block sp-text-block-style sp-text-wrapper-gm85bz\" style=\"margin: 0px; text-align: left;\"><\/div>\n<p><span href=\"\" target=\"\" rel=\"\" class=\"sp-header-block-link\" style=\"text-decoration: none;\"><\/p>\n<h2 id=\"sp-r6tfze\" data-mobile-css=\".sp-headline-block-r6tfze, #sp-r6tfze, #r6tfze|text-align:center;\" data-tablet-css=\".sp-headline-block-r6tfze, #sp-r6tfze, #r6tfze|text-align:center;\" data-mobile-visibility=\".sp-headline-block-r6tfze|false\" data-tablet-visibility=\".sp-headline-block-r6tfze|false\" data-desktop-visibility=\".sp-headline-block-r6tfze|false\" class=\"sp-css-target sp-el-block sp-headline-block-r6tfze sp-type-header\" style=\"color: rgb(255, 255, 255); text-align: left; margin: 0px;\">\u00c9 muito f\u00e1cil usar!<\/h2>\n<p><\/span><\/p>\n<div id=\"sp-zupqnw\" data-mobile-css=\".sp-text-wrapper-zupqnw, #sp-zupqnw, #zupqnw|text-align:left;\" data-tablet-css=\".sp-text-wrapper-zupqnw, #sp-zupqnw, #zupqnw|text-align:left;\" data-mobile-visibility=\".sp-text-wrapper-zupqnw|false\" data-tablet-visibility=\".sp-text-wrapper-zupqnw|false\" data-desktop-visibility=\".sp-text-wrapper-zupqnw|false\" class=\"sp-css-target sp-text-wrapper sp-el-block sp-text-wrapper-zupqnw\" style=\"color: rgb(255, 255, 255); margin: 0px; text-align: left;\">\n<p>Baralho Criativo para Scrapbooking by FaMaura\u00a9 vem todo certinho em Printable A4 &#8211; PDF.<\/p>\n<p>Para criar usando a nossa ferramenta \u00e9 muito simples, separe as cartas por cor, cada cor representa algo para voc\u00ea colocar no seu projeto, os elementos, pap\u00e9is, t\u00e9cnicas e materiais.<\/p>\n<p>O mais legal \u00e9 que voc\u00ea cria seguindo as cartas com os materiais que voc\u00ea tem.<br \/>N\u00e3o tem o material? <br \/>Tire outra carta! <br \/>Simples assim!<\/p>\n<\/div>\n<\/div>\n<div id=\"sp-avdadx\" data-mobile-visibility=\"#sp-avdadx|false\" data-tablet-visibility=\"#sp-avdadx|false\" data-desktop-visibility=\"#sp-avdadx|false\" data-mobile-css=\"\" data-tablet-css=\"\" class=\"sp-el-col  spBgcover sp-w-full\" style=\"width: calc(50% + 0px); padding: 0px;\">\n<figure id=\"sp-db0uos\" data-mobile-css=\"#sp-db0uos|text-align:center;\" data-tablet-css=\"#sp-db0uos|text-align:center;\" class=\"sp-image-wrapper sp-el-block\" style=\"margin: 0px; padding: 0px; text-align: center;\">\n<div><span><img loading=\"lazy\" decoding=\"async\" src=\"https:\/\/famaura.com.br\/home\/wp-content\/uploads\/2024\/10\/FaMaura_BaralhoCriativoParaScrapbooking.jpg\" alt=\"\" width=\"1000\" height=\"1000\" data-dynamic-tag=\"\" data-image-src=\"wpmedia\" data-mobile-visibility=\".sp-image-block-db0uos|false\" data-tablet-visibility=\".sp-image-block-db0uos|false\" data-desktop-visibility=\".sp-image-block-db0uos|false\" srcset=\" https:\/\/famaura.com.br\/home\/wp-content\/uploads\/2024\/10\/FaMaura_BaralhoCriativoParaScrapbooking-285x190.jpg 285w, https:\/\/famaura.com.br\/home\/wp-content\/uploads\/2024\/10\/FaMaura_BaralhoCriativoParaScrapbooking-300x300.jpg 300w, https:\/\/famaura.com.br\/home\/wp-content\/uploads\/2024\/10\/FaMaura_BaralhoCriativoParaScrapbooking.jpg 1000w\" class=\"sp-image-block-db0uos custom-preview-class\" style=\"width: 1000px;\"><\/span><\/div>\n<div id=\"sp-image-dynamic-tags-js-db0uos\"><script>jQuery(function() { image_dynamic_tags('db0uos' );});<\/script><\/div>\n<\/figure>\n<\/div>\n<\/div>\n<div id=\"sp-r9egsu\" data-mobile-visibility=\"#sp-r9egsu|false\" data-tablet-visibility=\"#sp-r9egsu|false\" data-desktop-visibility=\"#sp-r9egsu|false\" data-mobile-css=\"\" data-tablet-css=\"\" class=\"sp-el-row sp-w-full  sp-m-auto sm:sp-flex sp-justify-between\" style=\"padding: 0px; width: auto; max-width: 1000px;\">\n<div id=\"sp-dwvvb1\" data-mobile-visibility=\"#sp-dwvvb1|false\" data-tablet-visibility=\"#sp-dwvvb1|false\" data-desktop-visibility=\"#sp-dwvvb1|false\" data-mobile-css=\"\" data-tablet-css=\"\" class=\"sp-el-col  sp-w-full\" style=\"width: calc(100% + 0px);\">\n<div id=\"sp-button-parent-upud6alin6rn\" data-mobile-css=\"#sp-button-parent-upud6alin6rn|text-align:center;\" data-tablet-css=\"#sp-button-parent-upud6alin6rn|text-align:center;\" class=\"sp-button-wrapper sp-el-block\" style=\"margin: 0px; text-align: center;\"><a href=\"https:\/\/famaura.com.br\/home\/produto\/baralho-criativo-para-scrapbooking-by-famaura\/\" id=\"sp-upud6alin6rn\" data-mobile-css=\"\" data-tablet-css=\"\" data-mobile-visibility=\".sp-button-upud6alin6rn|false\" data-tablet-visibility=\".sp-button-upud6alin6rn|false\" data-desktop-visibility=\".sp-button-upud6alin6rn|false\" target=\"\" rel=\"noopener\" class=\"sp-button sp-css-target sp-text-center sp-inline-block sp-leading-none sp-button-upud6alin6rn\" style=\"font-size: 22px; background: linear-gradient(-180deg, rgb(51, 51, 51), rgb(33, 33, 33) 90%); color: rgb(255, 255, 255); width: auto; padding: 18px 56px; border-radius: 4px; box-shadow: rgba(255, 255, 255, 0.2) 0px 1px 0px inset;\"><span>COMPRE AQUI<\/span><\/a><\/div>\n<div id=\"sp-f6q6bg\" data-mobile-css=\".sp-text-wrapper-f6q6bg, #sp-f6q6bg, #f6q6bg|text-align:left;\" data-tablet-css=\".sp-text-wrapper-f6q6bg, #sp-f6q6bg, #f6q6bg|text-align:left;\" data-mobile-visibility=\".sp-text-wrapper-f6q6bg|false\" data-tablet-visibility=\".sp-text-wrapper-f6q6bg|false\" data-desktop-visibility=\".sp-text-wrapper-f6q6bg|false\" class=\"sp-css-target sp-text-wrapper sp-el-block sp-text-wrapper-f6q6bg\" style=\"margin: 0px; text-align: center;\">\n<p>D\u00favidas ou mais informa\u00e7\u00f5es entre em contato:<br \/>fa.maura@hotmail.com<\/p>\n<\/div>\n<\/div>\n<\/div>\n<div id=\"sp-h7awbf\" data-mobile-visibility=\"#sp-h7awbf|false\" data-tablet-visibility=\"#sp-h7awbf|false\" data-desktop-visibility=\"#sp-h7awbf|false\" data-mobile-css=\"\" data-tablet-css=\"\" class=\"sp-el-row sp-w-full  sp-m-auto sm:sp-flex sp-justify-between\">\n<div id=\"sp-t5hbis\" data-mobile-visibility=\"#sp-t5hbis|false\" data-tablet-visibility=\"#sp-t5hbis|false\" data-desktop-visibility=\"#sp-t5hbis|false\" data-mobile-css=\"\" data-tablet-css=\"\" class=\"sp-el-col  sp-w-full\" style=\"width: calc(50% + 0px);\">\n<div id=\"sp-n7mm80\" data-mobile-css=\"#sp-n7mm80|justify-content:center;\" data-tablet-css=\"#sp-n7mm80|justify-content:center;\" class=\"sp-video-control sp-flex sp-el-block\" style=\"justify-content: center; margin: 0px;\">\n<div data-mobile-visibility=\".sp-video-block-n7mm80|false\" data-tablet-visibility=\".sp-video-block-n7mm80|false\" data-desktop-visibility=\".sp-video-block-n7mm80|false\" class=\"sp-video-wrapper sp-video-block-n7mm80\" style=\"width: 100%; max-width: 100%;\">\n<div class=\"sp-video-responsive\"><iframe width=\"560\" height=\"315\" src=\"https:\/\/www.youtube.com\/embed\/v9txA0lsOoI\" frameborder=\"0\" allowfullscreen=\"allowfullscreen\"><\/iframe><\/div>\n<\/div>\n<\/div>\n<\/div>\n<div id=\"sp-mtu3mq\" data-mobile-visibility=\"#sp-mtu3mq|false\" data-tablet-visibility=\"#sp-mtu3mq|false\" data-desktop-visibility=\"#sp-mtu3mq|false\" data-mobile-css=\"\" data-tablet-css=\"\" class=\"sp-el-col  sp-w-full\" style=\"width: calc(50% + 0px);\">\n<div id=\"sp-uid0lw\" data-mobile-css=\"#sp-uid0lw|justify-content:center;\" data-tablet-css=\"#sp-uid0lw|justify-content:center;\" class=\"sp-video-control sp-flex sp-el-block\" style=\"justify-content: center; margin: 0px;\">\n<div data-mobile-visibility=\".sp-video-block-uid0lw|false\" data-tablet-visibility=\".sp-video-block-uid0lw|false\" data-desktop-visibility=\".sp-video-block-uid0lw|false\" class=\"sp-video-wrapper sp-video-block-uid0lw\" style=\"width: 100%; max-width: 100%;\">\n<div class=\"sp-video-responsive\"><iframe width=\"560\" height=\"315\" src=\"https:\/\/www.youtube.com\/embed\/c2CC7jvFOOo\" frameborder=\"0\" allowfullscreen=\"allowfullscreen\"><\/iframe><\/div>\n<\/div>\n<\/div>\n<\/div>\n<\/div>\n<div id=\"sp-fvkid2\" data-mobile-visibility=\"#sp-fvkid2|false\" data-tablet-visibility=\"#sp-fvkid2|false\" data-desktop-visibility=\"#sp-fvkid2|false\" data-mobile-css=\"\" data-tablet-css=\"\" class=\"sp-el-row sp-w-full  sp-m-auto sm:sp-flex sp-justify-between\">\n<div id=\"sp-h6z3o5\" data-mobile-visibility=\"#sp-h6z3o5|false\" data-tablet-visibility=\"#sp-h6z3o5|false\" data-desktop-visibility=\"#sp-h6z3o5|false\" data-mobile-css=\"\" data-tablet-css=\"\" class=\"sp-el-col  sp-w-full\" style=\"width: calc(100% + 0px);\">\n<div id=\"sp-pup9fo\" data-mobile-css=\"#sp-pup9fo|justify-content:center;\" data-tablet-css=\"#sp-pup9fo|justify-content:center;\" class=\"sp-video-control sp-flex sp-el-block\" style=\"justify-content: center; margin: 0px;\">\n<div data-mobile-visibility=\".sp-video-block-pup9fo|false\" data-tablet-visibility=\".sp-video-block-pup9fo|false\" data-desktop-visibility=\".sp-video-block-pup9fo|false\" class=\"sp-video-wrapper sp-video-block-pup9fo\" style=\"width: 100%; max-width: 100%;\">\n<div class=\"sp-video-responsive\"><iframe width=\"560\" height=\"315\" src=\"https:\/\/www.youtube.com\/embed\/8MbXcf6k3GI\" frameborder=\"0\" allowfullscreen=\"allowfullscreen\"><\/iframe><\/div>\n<\/div>\n<\/div>\n<\/div>\n<\/div>\n<\/section>\n<section id=\"sp-runwdt\" data-mobile-visibility=\"#sp-runwdt|false\" data-tablet-visibility=\"#sp-runwdt|false\" data-desktop-visibility=\"#sp-runwdt|false\" data-mobile-css=\"\" data-tablet-css=\"\" class=\"sp-el-section \" style=\"border-top: 1px solid rgb(222, 222, 222); background-color: rgb(243, 243, 243); width: 100%; max-width: 100%; padding: 10px; border-radius: 0px;\">\n<div id=\"sp-cs055m\" data-mobile-visibility=\"#sp-cs055m|false\" data-tablet-visibility=\"#sp-cs055m|false\" data-desktop-visibility=\"#sp-cs055m|false\" data-mobile-css=\"\" data-tablet-css=\"\" class=\"sp-el-row sp-w-full  sp-m-auto sm:sp-flex sp-justify-between\" style=\"padding: 0px; width: auto; max-width: 1000px;\">\n<div id=\"sp-ytj6ry\" data-mobile-visibility=\"#sp-ytj6ry|false\" data-tablet-visibility=\"#sp-ytj6ry|false\" data-desktop-visibility=\"#sp-ytj6ry|false\" data-mobile-css=\"\" data-tablet-css=\"\" class=\"sp-el-col  sp-w-full\" style=\"width: calc(100% + 0px);\">\n<div id=\"sp-dx1tc9\" data-mobile-css=\".sp-text-wrapper-dx1tc9, #sp-dx1tc9, #dx1tc9|text-align:left;\" data-tablet-css=\".sp-text-wrapper-dx1tc9, #sp-dx1tc9, #dx1tc9|text-align:left;\" data-mobile-visibility=\".sp-text-wrapper-dx1tc9|false\" data-tablet-visibility=\".sp-text-wrapper-dx1tc9|false\" data-desktop-visibility=\".sp-text-wrapper-dx1tc9|false\" class=\"sp-css-target sp-text-wrapper sp-el-block sp-text-wrapper-dx1tc9\" style=\"margin: 0px; text-align: center;\">\n<p>Copyright \u00a9 2024 FaMaura Scrapbooking &amp; Craft<\/p>\n<\/div>\n<\/div>\n<\/div>\n<\/section>\n<\/div>\n","protected":false},"excerpt":{"rendered":"<p>visite a loja Vamos criar de forma divertida e criativa? Baralho Criativo para Scrapbooking by FaMaura\u00a9 \u00e9 uma ferramenta para te ajudar de forma criativa e divertida a criar seus projetos de scrapbooking, sejam eles digital ou artesanal. O Baralho Criativo para Scrapbooking by FaMaura\u00a9 \u00e9 um produto digital, de uso pessoal para voc\u00ea imprimir e montar em sua casa, ele vai te ajudar de forma simples a criar os seus projetos. &nbsp; Um passo para exercitar a criatividade! O Baralho Criativo para Scrapbooking by FaMaura\u00a9 voc\u00ea imprime em casa,&hellip;<\/p>\n","protected":false},"author":1,"featured_media":0,"parent":0,"menu_order":0,"comment_status":"closed","ping_status":"closed","template":"","meta":{"jetpack_post_was_ever_published":false,"footnotes":""},"class_list":["post-37331","page","type-page","status-publish","hentry"],"jetpack_sharing_enabled":true,"_links":{"self":[{"href":"https:\/\/famaura.com.br\/home\/wp-json\/wp\/v2\/pages\/37331","targetHints":{"allow":["GET"]}}],"collection":[{"href":"https:\/\/famaura.com.br\/home\/wp-json\/wp\/v2\/pages"}],"about":[{"href":"https:\/\/famaura.com.br\/home\/wp-json\/wp\/v2\/types\/page"}],"author":[{"embeddable":true,"href":"https:\/\/famaura.com.br\/home\/wp-json\/wp\/v2\/users\/1"}],"replies":[{"embeddable":true,"href":"https:\/\/famaura.com.br\/home\/wp-json\/wp\/v2\/comments?post=37331"}],"version-history":[{"count":9,"href":"https:\/\/famaura.com.br\/home\/wp-json\/wp\/v2\/pages\/37331\/revisions"}],"predecessor-version":[{"id":37355,"href":"https:\/\/famaura.com.br\/home\/wp-json\/wp\/v2\/pages\/37331\/revisions\/37355"}],"wp:attachment":[{"href":"https:\/\/famaura.com.br\/home\/wp-json\/wp\/v2\/media?parent=37331"}],"curies":[{"name":"wp","href":"https:\/\/api.w.org\/{rel}","templated":true}]}}