{"id":6,"date":"2017-12-01T09:42:57","date_gmt":"2017-12-01T09:42:57","guid":{"rendered":"https:\/\/wpthemes.themehunk.com\/almaira-shop-light-scheme\/cart\/"},"modified":"2024-05-28T20:14:34","modified_gmt":"2024-05-28T23:14:34","slug":"cart","status":"publish","type":"page","link":"https:\/\/famaura.com.br\/home\/cart\/","title":{"rendered":"Carrinho"},"content":{"rendered":"\n\n\n<p>Ap\u00f3s finalizar o seu pedido e for aprovado via cart\u00e3o de cr\u00e9dito ou d\u00e9bito voc\u00ea poder\u00e1 voltar aqui, fa\u00e7a o login para baixar os arquivos em <strong><em><a href=\"https:\/\/famaura.com.br\/home\/minha-conta\/\">Minha Conta<\/a> <\/em><\/strong>&gt; <strong><em><a href=\"https:\/\/famaura.com.br\/home\/my-account\/downloads\/\">Downloads<\/a><\/em><\/strong>.<br><br>Para os pagamentos via PIX , fa\u00e7a o pix para a chave pix de e-mail: <strong><em>pix@famaura.com.br.<\/em><\/strong><br>Por gentiliza envie o comprovante do pix para o e-mail: <strong><em>fa.maura@hotmail.com<\/em><\/strong> e aguarde a confer\u00eancia para a libera\u00e7\u00e3o do seu pedido em at\u00e9 24hrs, <br>Ap\u00f3s aprova\u00e7\u00e3o do seu pedido, fa\u00e7a o login para baixar os arquivos em<strong><em><a href=\"https:\/\/famaura.com.br\/home\/minha-conta\/\"> Minha Conta<\/a><\/em><\/strong> &gt; <strong><em><a href=\"https:\/\/famaura.com.br\/home\/my-account\/downloads\/\">Downloads<\/a><\/em><\/strong>.<\/p>\n\n\n\n<section id=\"gme425133\" class=\"wp-block-gutentor-m2 alignfull section-gme425133 gutentor-module gutentor-dynamic-columns gutentor-equal-column-height\"><div class=\"grid-container gutentor-rm-ct-space\"><div class=\"grid-row\">\n<div id=\"col-gm286b17\" class=\"wp-block-gutentor-m2-col col-gm286b17 gutentor-module gutentor-dynamic-single-column grid-lg-4 grid-md-4 grid-12\"><div id=\"section-gm286b17\" class=\"section-gm286b17 gutentor-single-col has-color-bg has-custom-bg\">\n<div id=\"section-gd46c2d\" class=\"wp-block-gutentor-e6 section-gd46c2d gutentor-element gutentor-element-image\"><div class=\"gutentor-element-image-box\"><div class=\"gutentor-image-thumb\"><img decoding=\"async\" class=\"normal-image\" src=\"https:\/\/famaura.com.br\/home\/wp-content\/uploads\/2023\/10\/Promocao.jpg\" srcset=\"https:\/\/famaura.com.br\/home\/wp-content\/uploads\/2023\/10\/DSD.jpg 2x\"\/><\/div><\/div><\/div>\n\n\n\n<section id=\"gm23154a5\" class=\"wp-block-gutentor-m3 section-gm23154a5 gutentor-module gutentor-container-cover\"><div class=\"grid-container gutentor-rm-ct-space\">\n<div id=\"section-gdcd173\" class=\"wp-block-gutentor-e0 section-gdcd173 gutentor-element gutentor-element-advanced-text\"><div class=\"gutentor-text-wrap\"><h3 class=\"gutentor-text\">VEM DAR UMA ESPIADINHA NAS PROMO\u00c7\u00d5ES<\/h3><\/div><\/div>\n\n\n\n<div id=\"section-gd50d27\" class=\"wp-block-gutentor-e2 section-gd50d27 gutentor-element gutentor-element-button\"><span class=\"gutentor-button-wrap\"><a class=\"gutentor-button gutentor-block-button gutentor-icon-hide\" href=\"https:\/\/famaura.com.br\/home\/promocao\/\" rel=\"https:\/\/famaura.com.br\/home\/produto\/addon-kit-meu-mel\/\"><i class=\"gutentor-button-icon fas fa-book\"><\/i><span>CLIQUE AQUI<\/span><\/a><\/span><\/div>\n<\/div><\/section>\n<\/div><\/div>\n\n\n\n<div id=\"col-gmb51ca7\" class=\"wp-block-gutentor-m2-col col-gmb51ca7 gutentor-module gutentor-dynamic-single-column grid-lg-4 grid-md-4 grid-12\"><div id=\"section-gmb51ca7\" class=\"section-gmb51ca7 gutentor-single-col has-color-bg has-custom-bg\">\n<div id=\"section-g7290b1\" class=\"wp-block-gutentor-e6 section-g7290b1 gutentor-element gutentor-element-image\"><div class=\"gutentor-element-image-box\"><div class=\"gutentor-image-thumb\"><img decoding=\"async\" class=\"normal-image\" src=\"https:\/\/famaura.com.br\/home\/wp-content\/uploads\/2024\/02\/FaMauraYT.jpg\"\/><\/div><\/div><\/div>\n\n\n\n<section id=\"gmccaa89b\" class=\"wp-block-gutentor-m3 section-gmccaa89b gutentor-module gutentor-container-cover\"><div class=\"grid-container gutentor-rm-ct-space\">\n<div id=\"section-ga8472e\" class=\"wp-block-gutentor-e0 section-ga8472e gutentor-element gutentor-element-advanced-text\"><div class=\"gutentor-text-wrap\"><h3 class=\"gutentor-text\">ACESSE NO NOSSO CANAL NO YOUTUBE, CONTE\u00daDO GRATUITO<\/h3><\/div><\/div>\n\n\n\n<div id=\"section-g933bbb\" class=\"wp-block-gutentor-e2 section-g933bbb gutentor-element gutentor-element-button\"><span class=\"gutentor-button-wrap\"><a class=\"gutentor-button gutentor-block-button gutentor-icon-hide\" href=\"https:\/\/famaura.com.br\/youtube\"><i class=\"gutentor-button-icon fas fa-book\"><\/i><span>CLIQUE AQUI<\/span><\/a><\/span><\/div>\n<\/div><\/section>\n<\/div><\/div>\n\n\n\n<div id=\"col-gm5426c8\" class=\"wp-block-gutentor-m2-col col-gm5426c8 gutentor-module gutentor-dynamic-single-column grid-lg-4 grid-md-4 grid-12\"><div id=\"section-gm5426c8\" class=\"section-gm5426c8 gutentor-single-col has-color-bg has-custom-bg\">\n<div id=\"section-g4cd1a2\" class=\"wp-block-gutentor-e6 section-g4cd1a2 gutentor-element gutentor-element-image\"><div class=\"gutentor-element-image-box\"><div class=\"gutentor-image-thumb\"><img decoding=\"async\" class=\"normal-image\" src=\"https:\/\/famaura.com.br\/home\/wp-content\/uploads\/2024\/05\/BannerMaratonaJunho2024.jpg\"\/><\/div><\/div><\/div>\n\n\n\n<section id=\"gm70a4993\" class=\"wp-block-gutentor-m3 section-gm70a4993 gutentor-module gutentor-container-cover\"><div class=\"grid-container gutentor-rm-ct-space\">\n<div id=\"section-g688aaa\" class=\"wp-block-gutentor-e0 section-g688aaa gutentor-element gutentor-element-advanced-text\"><div class=\"gutentor-text-wrap\"><h3 class=\"gutentor-text\">ESPIE AS NOSSAS MARATONAS CRIATIVA<\/h3><\/div><\/div>\n\n\n\n<div id=\"section-g5391f3\" class=\"wp-block-gutentor-e2 section-g5391f3 gutentor-element gutentor-element-button\"><span class=\"gutentor-button-wrap\"><a class=\"gutentor-button gutentor-block-button gutentor-icon-hide\" href=\"https:\/\/famaura.com.br\/home\/maratonacriativa\/\" rel=\"https:\/\/famaura.com.br\/home\/maratona-criativa\/maratona-criativa-agosto-2023\/\"><i class=\"gutentor-button-icon fas fa-book\"><\/i><span>CLIQUE AQUI<\/span><\/a><\/span><\/div>\n<\/div><\/section>\n<\/div><\/div>\n<\/div><\/div><\/section>\n\n\n\n<p><\/p>\n","protected":false},"excerpt":{"rendered":"<p>Ap\u00f3s finalizar o seu pedido e for aprovado via cart\u00e3o de cr\u00e9dito ou d\u00e9bito voc\u00ea poder\u00e1 voltar aqui, fa\u00e7a o login para baixar os arquivos em Minha Conta &gt; Downloads. Para os pagamentos via PIX , fa\u00e7a o pix para a chave pix de e-mail: pix@famaura.com.br.Por gentiliza envie o comprovante do pix para o e-mail: fa.maura@hotmail.com e aguarde a confer\u00eancia para a libera\u00e7\u00e3o do seu pedido em at\u00e9 24hrs, Ap\u00f3s aprova\u00e7\u00e3o do seu pedido, fa\u00e7a o login para baixar os arquivos em Minha Conta &gt; Downloads.<\/p>\n","protected":false},"author":1,"featured_media":0,"parent":0,"menu_order":0,"comment_status":"closed","ping_status":"closed","template":"","meta":{"jetpack_post_was_ever_published":false,"footnotes":""},"class_list":["post-6","page","type-page","status-publish","hentry"],"jetpack_sharing_enabled":true,"_links":{"self":[{"href":"https:\/\/famaura.com.br\/home\/wp-json\/wp\/v2\/pages\/6","targetHints":{"allow":["GET"]}}],"collection":[{"href":"https:\/\/famaura.com.br\/home\/wp-json\/wp\/v2\/pages"}],"about":[{"href":"https:\/\/famaura.com.br\/home\/wp-json\/wp\/v2\/types\/page"}],"author":[{"embeddable":true,"href":"https:\/\/famaura.com.br\/home\/wp-json\/wp\/v2\/users\/1"}],"replies":[{"embeddable":true,"href":"https:\/\/famaura.com.br\/home\/wp-json\/wp\/v2\/comments?post=6"}],"version-history":[{"count":34,"href":"https:\/\/famaura.com.br\/home\/wp-json\/wp\/v2\/pages\/6\/revisions"}],"predecessor-version":[{"id":36084,"href":"https:\/\/famaura.com.br\/home\/wp-json\/wp\/v2\/pages\/6\/revisions\/36084"}],"wp:attachment":[{"href":"https:\/\/famaura.com.br\/home\/wp-json\/wp\/v2\/media?parent=6"}],"curies":[{"name":"wp","href":"https:\/\/api.w.org\/{rel}","templated":true}]}}