{"id":71,"date":"2021-11-27T01:18:11","date_gmt":"2021-11-27T04:18:11","guid":{"rendered":"https:\/\/famaura.com.br\/home\/?page_id=71"},"modified":"2023-11-08T20:13:14","modified_gmt":"2023-11-08T23:13:14","slug":"termos-e-condicoes-da-loja","status":"publish","type":"page","link":"https:\/\/famaura.com.br\/home\/termos-e-condicoes-da-loja\/","title":{"rendered":"Termos e Condi\u00e7\u00f5es da Loja"},"content":{"rendered":"\n<p>Ao visitar este site voc\u00ea tem obriga\u00e7\u00e3o de obedecer a todos esses termos. <br><br>Se voc\u00ea usa um gerenciador de downloads para obter seus produtos n\u00e3o permitem mais que 5 conex\u00f5es ao mesmo tempo, extremamente elevado o risco do site e pode de ser banido.<\/p>\n\n\n\n<p>Links para downloads est\u00e3o dispon\u00edveis ap\u00f3s aprova\u00e7\u00e3o do pagamento, somente aqui na loja, nada ser\u00e1 enviado para seu e-mail ou whats app, voc\u00ea precisa logar para baixar.<br><br>Acesso aos arquivos \u00e9 de at\u00e9 7 dias ap\u00f3s a sua compra.<br><br>Ordens que n\u00e3o foram baixadas ou se perdeu depois de 7 dias, n\u00e3o ser\u00e3o reativadas.<br><br>\u00c9 altamente recomend\u00e1vel fazer backup rotineiramente todos os seus arquivos, ap\u00f3s a compra e os arquivos baixados voc\u00ea deve guardar em um computador, HD externo ou DVD.<br><br>Ao fazer as suas compras voc\u00ea possui o direito de uso dos produtos FaMaura, ao comprar n\u00e3o te torna &#8220;dono&#8221; das artes, voc\u00ea tem apenas a licen\u00e7a de uso que \u00e9 o n\u00famero da sua ordem de compra, que est\u00e1 vinculado aos seus dados pessoais. <br><br>Os produtos s\u00e3o de uso pessoal, n\u00e3o podem ser compartilhados, doados ou distribuidos de qualquer maneira.<br><br><strong>Antes de fazer as suas compras, leia atentamente os termos de uso aqui:<\/strong><br><strong><a href=\"https:\/\/famaura.com.br\/home\/termos-de-uso\/\">https:\/\/famaura.com.br\/home\/termos-de-uso\/<\/a><\/strong><br><br><br><br>Os termos de uso tem tudo oque voc\u00ea pode ou n\u00e3o fazer com os produtos FaMaura.<br><br>Ao clicar em comprar, voc\u00ea est\u00e1 ciente do termos e condi\u00e7\u00f5es da loja.<\/p>\n","protected":false},"excerpt":{"rendered":"<p>Ao visitar este site voc\u00ea tem obriga\u00e7\u00e3o de obedecer a todos esses termos. Se voc\u00ea usa um gerenciador de downloads para obter seus produtos n\u00e3o permitem mais que 5 conex\u00f5es ao mesmo tempo, extremamente elevado o risco do site e pode de ser banido. Links para downloads est\u00e3o dispon\u00edveis ap\u00f3s aprova\u00e7\u00e3o do pagamento, somente aqui na loja, nada ser\u00e1 enviado para seu e-mail ou whats app, voc\u00ea precisa logar para baixar. Acesso aos arquivos \u00e9 de at\u00e9 7 dias ap\u00f3s a sua compra. Ordens que n\u00e3o foram baixadas ou se&hellip;<\/p>\n","protected":false},"author":1,"featured_media":0,"parent":0,"menu_order":0,"comment_status":"closed","ping_status":"closed","template":"","meta":{"jetpack_post_was_ever_published":false,"footnotes":""},"class_list":["post-71","page","type-page","status-publish","hentry"],"jetpack_sharing_enabled":true,"_links":{"self":[{"href":"https:\/\/famaura.com.br\/home\/wp-json\/wp\/v2\/pages\/71","targetHints":{"allow":["GET"]}}],"collection":[{"href":"https:\/\/famaura.com.br\/home\/wp-json\/wp\/v2\/pages"}],"about":[{"href":"https:\/\/famaura.com.br\/home\/wp-json\/wp\/v2\/types\/page"}],"author":[{"embeddable":true,"href":"https:\/\/famaura.com.br\/home\/wp-json\/wp\/v2\/users\/1"}],"replies":[{"embeddable":true,"href":"https:\/\/famaura.com.br\/home\/wp-json\/wp\/v2\/comments?post=71"}],"version-history":[{"count":1,"href":"https:\/\/famaura.com.br\/home\/wp-json\/wp\/v2\/pages\/71\/revisions"}],"predecessor-version":[{"id":34232,"href":"https:\/\/famaura.com.br\/home\/wp-json\/wp\/v2\/pages\/71\/revisions\/34232"}],"wp:attachment":[{"href":"https:\/\/famaura.com.br\/home\/wp-json\/wp\/v2\/media?parent=71"}],"curies":[{"name":"wp","href":"https:\/\/api.w.org\/{rel}","templated":true}]}}