{"id":20772,"date":"2021-06-14T00:54:27","date_gmt":"2021-06-14T03:54:27","guid":{"rendered":"https:\/\/famaura.com.br\/home\/?post_type=product&#038;p=20772"},"modified":"2024-10-26T20:01:49","modified_gmt":"2024-10-26T23:01:49","slug":"kit-my-life","status":"publish","type":"product","link":"https:\/\/famaura.com.br\/home\/produto\/kit-my-life\/","title":{"rendered":"Kit | My Life"},"content":{"rendered":"<p>Kit digital, feito em alta resolu\u00e7\u00e3o, para impress\u00e3o, este kit cont\u00e9m:<br \/>\n15 pap\u00e9is em JPEG<br \/>\n54 elementos em PNG<\/p>\n<p><strong>Printable em PDF em tamanho A4 com os elementos + Pap\u00e9is<\/strong><\/p>\n<p>Sombras apenas para compor preview.<br \/>\nOs elementos foram redimensionados para melhor visualiza\u00e7\u00e3o.<\/p>\n<p>Uso pessoal e scrap para outros<br \/>\nPor favor leia o tou antes de comprar<br \/>\n<a href=\"https:\/\/famaura.com.br\/home\/termos-de-uso\/\">https:\/\/famaura.com.br\/home\/termos-de-uso\/<\/a><\/p>\n","protected":false},"excerpt":{"rendered":"<p>Kit digital, feito em alta resolu\u00e7\u00e3o, para impress\u00e3o, este kit cont\u00e9m:<br \/>\n15 pap\u00e9is em JPEG<br \/>\n54 elementos em PNG<\/p>\n<p><strong>Printable em PDF em tamanho A4 com os elementos + Pap\u00e9is<\/strong><\/p>\n<p>Sombras apenas para compor preview.<br \/>\nOs elementos foram redimensionados para melhor visualiza\u00e7\u00e3o.<\/p>\n<p>Uso pessoal e scrap para outros<br \/>\nPor favor leia o tou antes de comprar<br \/>\n<a href=\"https:\/\/famaura.com.br\/home\/termos-de-uso\/\">https:\/\/famaura.com.br\/home\/termos-de-uso\/<\/a><\/p>\n","protected":false},"featured_media":20774,"comment_status":"open","ping_status":"closed","template":"","meta":{"jetpack_post_was_ever_published":false},"product_brand":[],"product_cat":[31],"product_tag":[540],"giftcard-category":[],"class_list":{"0":"post-20772","1":"product","2":"type-product","3":"status-publish","4":"has-post-thumbnail","6":"product_cat-kits-digitais","7":"product_tag-flores","9":"first","10":"instock","11":"downloadable","12":"virtual","13":"sold-individually","14":"purchasable","15":"product-type-simple"},"jetpack_sharing_enabled":true,"_links":{"self":[{"href":"https:\/\/famaura.com.br\/home\/wp-json\/wp\/v2\/product\/20772","targetHints":{"allow":["GET"]}}],"collection":[{"href":"https:\/\/famaura.com.br\/home\/wp-json\/wp\/v2\/product"}],"about":[{"href":"https:\/\/famaura.com.br\/home\/wp-json\/wp\/v2\/types\/product"}],"replies":[{"embeddable":true,"href":"https:\/\/famaura.com.br\/home\/wp-json\/wp\/v2\/comments?post=20772"}],"version-history":[{"count":2,"href":"https:\/\/famaura.com.br\/home\/wp-json\/wp\/v2\/product\/20772\/revisions"}],"predecessor-version":[{"id":36381,"href":"https:\/\/famaura.com.br\/home\/wp-json\/wp\/v2\/product\/20772\/revisions\/36381"}],"wp:featuredmedia":[{"embeddable":true,"href":"https:\/\/famaura.com.br\/home\/wp-json\/wp\/v2\/media\/20774"}],"wp:attachment":[{"href":"https:\/\/famaura.com.br\/home\/wp-json\/wp\/v2\/media?parent=20772"}],"wp:term":[{"taxonomy":"product_brand","embeddable":true,"href":"https:\/\/famaura.com.br\/home\/wp-json\/wp\/v2\/product_brand?post=20772"},{"taxonomy":"product_cat","embeddable":true,"href":"https:\/\/famaura.com.br\/home\/wp-json\/wp\/v2\/product_cat?post=20772"},{"taxonomy":"product_tag","embeddable":true,"href":"https:\/\/famaura.com.br\/home\/wp-json\/wp\/v2\/product_tag?post=20772"},{"taxonomy":"giftcard-category","embeddable":true,"href":"https:\/\/famaura.com.br\/home\/wp-json\/wp\/v2\/giftcard-category?post=20772"}],"curies":[{"name":"wp","href":"https:\/\/api.w.org\/{rel}","templated":true}]}}