{"id":20815,"date":"2021-10-11T14:57:37","date_gmt":"2021-10-11T17:57:37","guid":{"rendered":"https:\/\/famaura.com.br\/home\/?post_type=product&#038;p=20815"},"modified":"2025-08-26T21:20:15","modified_gmt":"2025-08-27T00:20:15","slug":"kitsimple","status":"publish","type":"product","link":"https:\/\/famaura.com.br\/home\/produto\/kitsimple\/","title":{"rendered":"Kit | Simple"},"content":{"rendered":"<p>Kit digital, feito em alta resolu\u00e7\u00e3o, para impress\u00e3o, este kit cont\u00e9m:<br \/>\n10 pap\u00e9is em JPEG<br \/>\n27 elementos em PNG + Printables<\/p>\n<p>Sombras apenas para compor preview.<br \/>\nOs elementos foram redimensionados para melhor visualiza\u00e7\u00e3o.<\/p>\n<p>Uso pessoal e scrap para outros<br \/>\nPor favor leia o tou antes de comprar<br \/>\n<a href=\"https:\/\/famaura.com.br\/home\/termos-de-uso\/\">https:\/\/famaura.com.br\/home\/termos-de-uso\/<\/a><\/p>\n<div id=\"jp-relatedposts\" class=\"jp-relatedposts\">\n<h3 class=\"jp-relatedposts-headline\"><\/h3>\n<div class=\"jp-relatedposts-items jp-relatedposts-items-visual jp-relatedposts-grid \">\n<div class=\"jp-relatedposts-post jp-relatedposts-post0 jp-relatedposts-post-thumbs\" data-post-id=\"20719\" data-post-format=\"false\"><\/div>\n<\/div>\n<\/div>\n","protected":false},"excerpt":{"rendered":"<p>Kit digital, feito em alta resolu\u00e7\u00e3o, para impress\u00e3o, este kit cont\u00e9m:<br \/>\n10 pap\u00e9is em JPEG<br \/>\n27 elementos em PNG + Printables<\/p>\n<p>Sombras apenas para compor preview.<br \/>\nOs elementos foram redimensionados para melhor visualiza\u00e7\u00e3o.<\/p>\n<p>Uso pessoal e scrap para outros<br \/>\nPor favor leia o tou antes de comprar<br \/>\n<a href=\"https:\/\/famaura.com.br\/home\/termos-de-uso\/\">https:\/\/famaura.com.br\/home\/termos-de-uso\/<\/a><\/p>\n<div id=\"jp-relatedposts\" class=\"jp-relatedposts\">\n<h3 class=\"jp-relatedposts-headline\"><\/h3>\n<div class=\"jp-relatedposts-items jp-relatedposts-items-visual jp-relatedposts-grid \">\n<div class=\"jp-relatedposts-post jp-relatedposts-post0 jp-relatedposts-post-thumbs\" data-post-id=\"20719\" data-post-format=\"false\"><\/div>\n<\/div>\n<\/div>\n","protected":false},"featured_media":20816,"comment_status":"closed","ping_status":"closed","template":"","meta":{"jetpack_post_was_ever_published":false},"product_brand":[],"product_cat":[1013,31],"product_tag":[540,650],"giftcard-category":[],"class_list":{"0":"post-20815","1":"product","2":"type-product","3":"status-publish","4":"has-post-thumbnail","6":"product_cat-bazaar","7":"product_cat-kits-digitais","8":"product_tag-flores","9":"product_tag-shabby","11":"first","12":"instock","13":"sale","14":"downloadable","15":"virtual","16":"sold-individually","17":"purchasable","18":"product-type-simple"},"jetpack_sharing_enabled":true,"_links":{"self":[{"href":"https:\/\/famaura.com.br\/home\/wp-json\/wp\/v2\/product\/20815","targetHints":{"allow":["GET"]}}],"collection":[{"href":"https:\/\/famaura.com.br\/home\/wp-json\/wp\/v2\/product"}],"about":[{"href":"https:\/\/famaura.com.br\/home\/wp-json\/wp\/v2\/types\/product"}],"replies":[{"embeddable":true,"href":"https:\/\/famaura.com.br\/home\/wp-json\/wp\/v2\/comments?post=20815"}],"version-history":[{"count":1,"href":"https:\/\/famaura.com.br\/home\/wp-json\/wp\/v2\/product\/20815\/revisions"}],"predecessor-version":[{"id":32400,"href":"https:\/\/famaura.com.br\/home\/wp-json\/wp\/v2\/product\/20815\/revisions\/32400"}],"wp:featuredmedia":[{"embeddable":true,"href":"https:\/\/famaura.com.br\/home\/wp-json\/wp\/v2\/media\/20816"}],"wp:attachment":[{"href":"https:\/\/famaura.com.br\/home\/wp-json\/wp\/v2\/media?parent=20815"}],"wp:term":[{"taxonomy":"product_brand","embeddable":true,"href":"https:\/\/famaura.com.br\/home\/wp-json\/wp\/v2\/product_brand?post=20815"},{"taxonomy":"product_cat","embeddable":true,"href":"https:\/\/famaura.com.br\/home\/wp-json\/wp\/v2\/product_cat?post=20815"},{"taxonomy":"product_tag","embeddable":true,"href":"https:\/\/famaura.com.br\/home\/wp-json\/wp\/v2\/product_tag?post=20815"},{"taxonomy":"giftcard-category","embeddable":true,"href":"https:\/\/famaura.com.br\/home\/wp-json\/wp\/v2\/giftcard-category?post=20815"}],"curies":[{"name":"wp","href":"https:\/\/api.w.org\/{rel}","templated":true}]}}