{"id":20919,"date":"2021-04-15T02:19:07","date_gmt":"2021-04-15T05:19:07","guid":{"rendered":"https:\/\/famaura.com.br\/home\/?post_type=product&#038;p=20919"},"modified":"2024-03-04T19:24:11","modified_gmt":"2024-03-04T22:24:11","slug":"printable-kit-valentines-day","status":"publish","type":"product","link":"https:\/\/famaura.com.br\/home\/produto\/printable-kit-valentines-day\/","title":{"rendered":"Printable | Kit Valentines Day"},"content":{"rendered":"<p>Kit digital, feito em alta resolu\u00e7\u00e3o, para impress\u00e3o, este kit cont\u00e9m:<br \/>\n1 Printable em formato JPEG A4<\/p>\n<p>Sombras apenas para compor preview.<br \/>\nOs elementos foram redimensionados para melhor visualiza\u00e7\u00e3o.<\/p>\n<p>Uso pessoal e scrap para outros<br \/>\nPor favor leia o tou antes de comprar<br \/>\n<a href=\"https:\/\/famaura.com.br\/home\/termos-de-uso\/\">https:\/\/famaura.com.br\/home\/termos-de-uso\/<\/a><\/p>\n<p>Bom Scrap!<\/p>\n","protected":false},"excerpt":{"rendered":"<p>Kit digital, feito em alta resolu\u00e7\u00e3o, para impress\u00e3o, este kit cont\u00e9m: 1 Printable em formato JPEG A4 Sombras apenas para compor preview. Os elementos foram redimensionados para melhor visualiza\u00e7\u00e3o. Uso pessoal e scrap para outros Por favor leia o tou antes de comprar https:\/\/famaura.com.br\/home\/termos-de-uso\/ Bom Scrap!<\/p>\n","protected":false},"featured_media":20920,"comment_status":"open","ping_status":"closed","template":"","meta":{"jetpack_post_was_ever_published":false},"product_brand":[],"product_cat":[1075,642],"product_tag":[643],"giftcard-category":[],"class_list":{"0":"post-20919","1":"product","2":"type-product","3":"status-publish","4":"has-post-thumbnail","6":"product_cat-doodles","7":"product_cat-printables","8":"product_tag-printables-para-colorir","10":"first","11":"instock","12":"downloadable","13":"virtual","14":"sold-individually","15":"purchasable","16":"product-type-simple"},"jetpack_sharing_enabled":true,"_links":{"self":[{"href":"https:\/\/famaura.com.br\/home\/wp-json\/wp\/v2\/product\/20919","targetHints":{"allow":["GET"]}}],"collection":[{"href":"https:\/\/famaura.com.br\/home\/wp-json\/wp\/v2\/product"}],"about":[{"href":"https:\/\/famaura.com.br\/home\/wp-json\/wp\/v2\/types\/product"}],"replies":[{"embeddable":true,"href":"https:\/\/famaura.com.br\/home\/wp-json\/wp\/v2\/comments?post=20919"}],"version-history":[{"count":1,"href":"https:\/\/famaura.com.br\/home\/wp-json\/wp\/v2\/product\/20919\/revisions"}],"predecessor-version":[{"id":35382,"href":"https:\/\/famaura.com.br\/home\/wp-json\/wp\/v2\/product\/20919\/revisions\/35382"}],"wp:featuredmedia":[{"embeddable":true,"href":"https:\/\/famaura.com.br\/home\/wp-json\/wp\/v2\/media\/20920"}],"wp:attachment":[{"href":"https:\/\/famaura.com.br\/home\/wp-json\/wp\/v2\/media?parent=20919"}],"wp:term":[{"taxonomy":"product_brand","embeddable":true,"href":"https:\/\/famaura.com.br\/home\/wp-json\/wp\/v2\/product_brand?post=20919"},{"taxonomy":"product_cat","embeddable":true,"href":"https:\/\/famaura.com.br\/home\/wp-json\/wp\/v2\/product_cat?post=20919"},{"taxonomy":"product_tag","embeddable":true,"href":"https:\/\/famaura.com.br\/home\/wp-json\/wp\/v2\/product_tag?post=20919"},{"taxonomy":"giftcard-category","embeddable":true,"href":"https:\/\/famaura.com.br\/home\/wp-json\/wp\/v2\/giftcard-category?post=20919"}],"curies":[{"name":"wp","href":"https:\/\/api.w.org\/{rel}","templated":true}]}}