{"id":20994,"date":"2018-06-09T17:11:23","date_gmt":"2018-06-09T20:11:23","guid":{"rendered":"https:\/\/famaura.com.br\/home\/?post_type=product&#038;p=20994"},"modified":"2023-05-29T15:30:48","modified_gmt":"2023-05-29T18:30:48","slug":"kit-casamento","status":"publish","type":"product","link":"https:\/\/famaura.com.br\/home\/produto\/kit-casamento\/","title":{"rendered":"Kit | Casamento"},"content":{"rendered":"<p>Kit digital, feito em alta resolu\u00e7\u00e3o, para impress\u00e3o,\u00a0 este kit cont\u00e9m:<br \/>\n11 pap\u00e9is em JPEG<br \/>\n74 elementos em PNG<br \/>\n1 Printable em formato PNG<br \/>\n1 Printable em formato PDF<\/p>\n<p>Sombras apenas para compor preview.<br \/>\nOs elementos foram redimensionados para melhor visualiza\u00e7\u00e3o.<\/p>\n<p>Uso pessoal e scrap para outros<br \/>\nPor favor leia o tou antes de comprar<br \/>\n<a href=\"https:\/\/famaura.com.br\/home\/termos-de-uso\/\">https:\/\/famaura.com.br\/home\/termos-de-uso\/<\/a><\/p>\n<p>Bom Scrap!<\/p>\n","protected":false},"excerpt":{"rendered":"<p>Kit digital, feito em alta resolu\u00e7\u00e3o, para impress\u00e3o,\u00a0 este kit cont\u00e9m: 11 pap\u00e9is em JPEG 74 elementos em PNG 1 Printable em formato PNG 1 Printable em formato PDF Sombras apenas para compor preview. Os elementos foram redimensionados para melhor visualiza\u00e7\u00e3o. Uso pessoal e scrap para outros Por favor leia o tou antes de comprar https:\/\/famaura.com.br\/home\/termos-de-uso\/ Bom Scrap!<\/p>\n","protected":false},"featured_media":20997,"comment_status":"closed","ping_status":"closed","template":"","meta":{"jetpack_post_was_ever_published":false},"product_brand":[],"product_cat":[31],"product_tag":[760,528,759],"giftcard-category":[],"class_list":{"0":"post-20994","1":"product","2":"type-product","3":"status-publish","4":"has-post-thumbnail","6":"product_cat-kits-digitais","7":"product_tag-casados","8":"product_tag-casamento","9":"product_tag-noivos","11":"first","12":"instock","13":"downloadable","14":"virtual","15":"sold-individually","16":"purchasable","17":"product-type-simple"},"jetpack_sharing_enabled":true,"_links":{"self":[{"href":"https:\/\/famaura.com.br\/home\/wp-json\/wp\/v2\/product\/20994","targetHints":{"allow":["GET"]}}],"collection":[{"href":"https:\/\/famaura.com.br\/home\/wp-json\/wp\/v2\/product"}],"about":[{"href":"https:\/\/famaura.com.br\/home\/wp-json\/wp\/v2\/types\/product"}],"replies":[{"embeddable":true,"href":"https:\/\/famaura.com.br\/home\/wp-json\/wp\/v2\/comments?post=20994"}],"version-history":[{"count":2,"href":"https:\/\/famaura.com.br\/home\/wp-json\/wp\/v2\/product\/20994\/revisions"}],"predecessor-version":[{"id":31960,"href":"https:\/\/famaura.com.br\/home\/wp-json\/wp\/v2\/product\/20994\/revisions\/31960"}],"wp:featuredmedia":[{"embeddable":true,"href":"https:\/\/famaura.com.br\/home\/wp-json\/wp\/v2\/media\/20997"}],"wp:attachment":[{"href":"https:\/\/famaura.com.br\/home\/wp-json\/wp\/v2\/media?parent=20994"}],"wp:term":[{"taxonomy":"product_brand","embeddable":true,"href":"https:\/\/famaura.com.br\/home\/wp-json\/wp\/v2\/product_brand?post=20994"},{"taxonomy":"product_cat","embeddable":true,"href":"https:\/\/famaura.com.br\/home\/wp-json\/wp\/v2\/product_cat?post=20994"},{"taxonomy":"product_tag","embeddable":true,"href":"https:\/\/famaura.com.br\/home\/wp-json\/wp\/v2\/product_tag?post=20994"},{"taxonomy":"giftcard-category","embeddable":true,"href":"https:\/\/famaura.com.br\/home\/wp-json\/wp\/v2\/giftcard-category?post=20994"}],"curies":[{"name":"wp","href":"https:\/\/api.w.org\/{rel}","templated":true}]}}