{"id":21023,"date":"2018-06-15T21:08:15","date_gmt":"2018-06-16T00:08:15","guid":{"rendered":"https:\/\/famaura.com.br\/home\/?post_type=product&#038;p=21023"},"modified":"2021-12-01T21:12:47","modified_gmt":"2021-12-02T00:12:47","slug":"kit-fundo-do-mar-baby","status":"publish","type":"product","link":"https:\/\/famaura.com.br\/home\/produto\/kit-fundo-do-mar-baby\/","title":{"rendered":"Kit | Fundo do Mar Baby"},"content":{"rendered":"<p>Kit digital, feito em alta resolu\u00e7\u00e3o, para impress\u00e3o,\u00a0 este kit cont\u00e9m:<br \/>\n13 pap\u00e9is em JPEG<br \/>\n41 elementos em PNG<\/p>\n<p>Sombras apenas para compor preview.<br \/>\nOs elementos foram redimensionados para melhor visualiza\u00e7\u00e3o.<\/p>\n<p>Uso pessoal e scrap para outros<br \/>\nPor favor leia o tou antes de comprar<br \/>\n<a href=\"https:\/\/famaura.com.br\/home\/termos-de-uso\/\">https:\/\/famaura.com.br\/home\/termos-de-uso\/<\/a><\/p>\n<p>Bom Scrap!<\/p>\n","protected":false},"excerpt":{"rendered":"<p>Kit digital, feito em alta resolu\u00e7\u00e3o, para impress\u00e3o,\u00a0 este kit cont\u00e9m: 13 pap\u00e9is em JPEG 41 elementos em PNG Sombras apenas para compor preview. Os elementos foram redimensionados para melhor visualiza\u00e7\u00e3o. Uso pessoal e scrap para outros Por favor leia o tou antes de comprar https:\/\/famaura.com.br\/home\/termos-de-uso\/ Bom Scrap!<\/p>\n","protected":false},"featured_media":21008,"comment_status":"open","ping_status":"closed","template":"","meta":{"jetpack_post_was_ever_published":false},"product_brand":[],"product_cat":[31],"product_tag":[666],"giftcard-category":[],"class_list":{"0":"post-21023","1":"product","2":"type-product","3":"status-publish","4":"has-post-thumbnail","6":"product_cat-kits-digitais","7":"product_tag-fundo-do-mar-praia","9":"first","10":"instock","11":"downloadable","12":"virtual","13":"sold-individually","14":"purchasable","15":"product-type-simple"},"jetpack_sharing_enabled":true,"_links":{"self":[{"href":"https:\/\/famaura.com.br\/home\/wp-json\/wp\/v2\/product\/21023","targetHints":{"allow":["GET"]}}],"collection":[{"href":"https:\/\/famaura.com.br\/home\/wp-json\/wp\/v2\/product"}],"about":[{"href":"https:\/\/famaura.com.br\/home\/wp-json\/wp\/v2\/types\/product"}],"replies":[{"embeddable":true,"href":"https:\/\/famaura.com.br\/home\/wp-json\/wp\/v2\/comments?post=21023"}],"version-history":[{"count":0,"href":"https:\/\/famaura.com.br\/home\/wp-json\/wp\/v2\/product\/21023\/revisions"}],"wp:featuredmedia":[{"embeddable":true,"href":"https:\/\/famaura.com.br\/home\/wp-json\/wp\/v2\/media\/21008"}],"wp:attachment":[{"href":"https:\/\/famaura.com.br\/home\/wp-json\/wp\/v2\/media?parent=21023"}],"wp:term":[{"taxonomy":"product_brand","embeddable":true,"href":"https:\/\/famaura.com.br\/home\/wp-json\/wp\/v2\/product_brand?post=21023"},{"taxonomy":"product_cat","embeddable":true,"href":"https:\/\/famaura.com.br\/home\/wp-json\/wp\/v2\/product_cat?post=21023"},{"taxonomy":"product_tag","embeddable":true,"href":"https:\/\/famaura.com.br\/home\/wp-json\/wp\/v2\/product_tag?post=21023"},{"taxonomy":"giftcard-category","embeddable":true,"href":"https:\/\/famaura.com.br\/home\/wp-json\/wp\/v2\/giftcard-category?post=21023"}],"curies":[{"name":"wp","href":"https:\/\/api.w.org\/{rel}","templated":true}]}}