{"id":21057,"date":"2018-05-01T22:06:19","date_gmt":"2018-05-02T01:06:19","guid":{"rendered":"https:\/\/famaura.com.br\/home\/?post_type=product&#038;p=21057"},"modified":"2023-11-10T21:46:24","modified_gmt":"2023-11-11T00:46:24","slug":"quick-page-album-cascata","status":"publish","type":"product","link":"https:\/\/famaura.com.br\/home\/produto\/quick-page-album-cascata\/","title":{"rendered":"Quick Page | \u00c1lbum Cascata"},"content":{"rendered":"<p>7 p\u00e1ginas prontas para impress\u00e3o<br \/>\n2 contra-capas<br \/>\n1 capa com espa\u00e7o para colocar suas fotos, um produto pr\u00e1tico para completar belos \u00e1lbuns .<\/p>\n<p>P\u00e1ginas feitas com os <em><strong>Kits Primavera<\/strong><\/em> e <em><strong>Kit Flores\u00a0<\/strong><\/em><\/p>\n<p>P\u00e1ginas prontas para usar em conjunto com\u00a0 o\u00a0<em><strong>Mini Album Cascata by Fa Maura &#8211; A<\/strong><\/em><em><strong>rquivo de Corte<\/strong><\/em><\/p>\n<p>Sombras apenas para compor preview.<br \/>\nOs elementos foram redimensionados para melhor visualiza\u00e7\u00e3o.<\/p>\n<p>Uso pessoal e scrap para outros<br \/>\nPor favor leia o tou antes de comprar<br \/>\n<a href=\"https:\/\/famaura.com.br\/home\/termos-de-uso\/\">https:\/\/famaura.com.br\/home\/termos-de-uso\/<\/a><\/p>\n<p>Bom Scrap!<\/p>\n<p><em><strong>\u00a0<\/strong><\/em><\/p>\n","protected":false},"excerpt":{"rendered":"<p>7 p\u00e1ginas prontas para impress\u00e3o 2 contra-capas 1 capa com espa\u00e7o para colocar suas fotos, um produto pr\u00e1tico para completar belos \u00e1lbuns . P\u00e1ginas feitas com os Kits Primavera e Kit Flores\u00a0 P\u00e1ginas prontas para usar em conjunto com\u00a0 o\u00a0Mini Album Cascata by Fa Maura &#8211; Arquivo de Corte Sombras apenas para compor preview. Os elementos foram redimensionados para melhor visualiza\u00e7\u00e3o. Uso pessoal e scrap para outros Por favor leia o tou antes de comprar https:\/\/famaura.com.br\/home\/termos-de-uso\/ Bom Scrap! \u00a0<\/p>\n","protected":false},"featured_media":21058,"comment_status":"closed","ping_status":"closed","template":"","meta":{"jetpack_post_was_ever_published":false},"product_brand":[],"product_cat":[671],"product_tag":[497],"giftcard-category":[],"class_list":{"0":"post-21057","1":"product","2":"type-product","3":"status-publish","4":"has-post-thumbnail","6":"product_cat-quick-page","7":"product_tag-mini-album","9":"first","10":"instock","11":"downloadable","12":"virtual","13":"sold-individually","14":"purchasable","15":"product-type-simple"},"jetpack_sharing_enabled":true,"_links":{"self":[{"href":"https:\/\/famaura.com.br\/home\/wp-json\/wp\/v2\/product\/21057","targetHints":{"allow":["GET"]}}],"collection":[{"href":"https:\/\/famaura.com.br\/home\/wp-json\/wp\/v2\/product"}],"about":[{"href":"https:\/\/famaura.com.br\/home\/wp-json\/wp\/v2\/types\/product"}],"replies":[{"embeddable":true,"href":"https:\/\/famaura.com.br\/home\/wp-json\/wp\/v2\/comments?post=21057"}],"version-history":[{"count":2,"href":"https:\/\/famaura.com.br\/home\/wp-json\/wp\/v2\/product\/21057\/revisions"}],"predecessor-version":[{"id":34252,"href":"https:\/\/famaura.com.br\/home\/wp-json\/wp\/v2\/product\/21057\/revisions\/34252"}],"wp:featuredmedia":[{"embeddable":true,"href":"https:\/\/famaura.com.br\/home\/wp-json\/wp\/v2\/media\/21058"}],"wp:attachment":[{"href":"https:\/\/famaura.com.br\/home\/wp-json\/wp\/v2\/media?parent=21057"}],"wp:term":[{"taxonomy":"product_brand","embeddable":true,"href":"https:\/\/famaura.com.br\/home\/wp-json\/wp\/v2\/product_brand?post=21057"},{"taxonomy":"product_cat","embeddable":true,"href":"https:\/\/famaura.com.br\/home\/wp-json\/wp\/v2\/product_cat?post=21057"},{"taxonomy":"product_tag","embeddable":true,"href":"https:\/\/famaura.com.br\/home\/wp-json\/wp\/v2\/product_tag?post=21057"},{"taxonomy":"giftcard-category","embeddable":true,"href":"https:\/\/famaura.com.br\/home\/wp-json\/wp\/v2\/giftcard-category?post=21057"}],"curies":[{"name":"wp","href":"https:\/\/api.w.org\/{rel}","templated":true}]}}