{"id":21309,"date":"2020-10-28T22:23:57","date_gmt":"2020-10-29T01:23:57","guid":{"rendered":"https:\/\/famaura.com.br\/home\/?post_type=product&#038;p=21309"},"modified":"2025-08-26T20:42:07","modified_gmt":"2025-08-26T23:42:07","slug":"kit-frutificai","status":"publish","type":"product","link":"https:\/\/famaura.com.br\/home\/produto\/kit-frutificai\/","title":{"rendered":"Kit | Frutificai"},"content":{"rendered":"<p>Kit digital, feito em alta resolu\u00e7\u00e3o, para impress\u00e3o, este kit cont\u00e9m:<br \/>\n12 pap\u00e9is em JPEG<br \/>\n42 elementos em PNG + bonus Printables<\/p>\n<p>Sombras apenas para compor preview.<\/p>\n<p>Os elementos foram redimensionados para melhor visualiza\u00e7\u00e3o.<br \/>\nUso pessoal e scrap para outros<br \/>\nPor favor leia o tou antes de comprar<br \/>\n<a href=\"https:\/\/famaura.com.br\/home\/termos-de-uso\/\">https:\/\/famaura.com.br\/home\/termos-de-uso\/<\/a><br \/>\nBom Scrap!<\/p>\n","protected":false},"excerpt":{"rendered":"<p>Kit digital, feito em alta resolu\u00e7\u00e3o, para impress\u00e3o, este kit cont\u00e9m:<br \/>\n12 pap\u00e9is em JPEG<br \/>\n42 elementos em PNG + bonus Printables<\/p>\n<p>Sombras apenas para compor preview.<\/p>\n<p>Os elementos foram redimensionados para melhor visualiza\u00e7\u00e3o.<br \/>\nUso pessoal e scrap para outros<br \/>\nPor favor leia o tou antes de comprar<br \/>\n<a href=\"https:\/\/famaura.com.br\/home\/termos-de-uso\/\">https:\/\/famaura.com.br\/home\/termos-de-uso\/<\/a><br \/>\nBom Scrap!<\/p>\n","protected":false},"featured_media":21310,"comment_status":"closed","ping_status":"closed","template":"","meta":{"jetpack_post_was_ever_published":false},"product_brand":[],"product_cat":[1013,31],"product_tag":[540,664,650],"giftcard-category":[],"class_list":{"0":"post-21309","1":"product","2":"type-product","3":"status-publish","4":"has-post-thumbnail","6":"product_cat-bazaar","7":"product_cat-kits-digitais","8":"product_tag-flores","9":"product_tag-frutas","10":"product_tag-shabby","12":"first","13":"instock","14":"sale","15":"downloadable","16":"virtual","17":"sold-individually","18":"purchasable","19":"product-type-simple"},"jetpack_sharing_enabled":true,"_links":{"self":[{"href":"https:\/\/famaura.com.br\/home\/wp-json\/wp\/v2\/product\/21309","targetHints":{"allow":["GET"]}}],"collection":[{"href":"https:\/\/famaura.com.br\/home\/wp-json\/wp\/v2\/product"}],"about":[{"href":"https:\/\/famaura.com.br\/home\/wp-json\/wp\/v2\/types\/product"}],"replies":[{"embeddable":true,"href":"https:\/\/famaura.com.br\/home\/wp-json\/wp\/v2\/comments?post=21309"}],"version-history":[{"count":2,"href":"https:\/\/famaura.com.br\/home\/wp-json\/wp\/v2\/product\/21309\/revisions"}],"predecessor-version":[{"id":37496,"href":"https:\/\/famaura.com.br\/home\/wp-json\/wp\/v2\/product\/21309\/revisions\/37496"}],"wp:featuredmedia":[{"embeddable":true,"href":"https:\/\/famaura.com.br\/home\/wp-json\/wp\/v2\/media\/21310"}],"wp:attachment":[{"href":"https:\/\/famaura.com.br\/home\/wp-json\/wp\/v2\/media?parent=21309"}],"wp:term":[{"taxonomy":"product_brand","embeddable":true,"href":"https:\/\/famaura.com.br\/home\/wp-json\/wp\/v2\/product_brand?post=21309"},{"taxonomy":"product_cat","embeddable":true,"href":"https:\/\/famaura.com.br\/home\/wp-json\/wp\/v2\/product_cat?post=21309"},{"taxonomy":"product_tag","embeddable":true,"href":"https:\/\/famaura.com.br\/home\/wp-json\/wp\/v2\/product_tag?post=21309"},{"taxonomy":"giftcard-category","embeddable":true,"href":"https:\/\/famaura.com.br\/home\/wp-json\/wp\/v2\/giftcard-category?post=21309"}],"curies":[{"name":"wp","href":"https:\/\/api.w.org\/{rel}","templated":true}]}}