{"id":21334,"date":"2021-05-05T01:38:59","date_gmt":"2021-05-05T04:38:59","guid":{"rendered":"https:\/\/famaura.com.br\/home\/?post_type=product&#038;p=21334"},"modified":"2025-08-26T21:20:59","modified_gmt":"2025-08-27T00:20:59","slug":"curso-de-flores-de-papel","status":"publish","type":"product","link":"https:\/\/famaura.com.br\/home\/produto\/curso-de-flores-de-papel\/","title":{"rendered":"Curso de Flores de Papel by Fa Maura"},"content":{"rendered":"\r\n<p>Curso de Flores de Papel\u00a0 by Fa Maura, \u00e9 um curso b\u00e1sico, simples e de f\u00e1cil entendimento, direcionado a iniciantes que desejam aprender a criar flores para seu uso, uma arte usando materiais e ferramentas de f\u00e1cil acesso.<\/p>\r\n\r\n\r\n\r\n<p>&nbsp;<\/p>\r\n\r\n\r\n\r\n<p>No curso voc\u00ea vai aprender : Sobre ferramentas, materiais e a forma que Eu, Fabiana Maura desenvolvi para as minhas flores.<strong>Inicio <\/strong>Imediato ap\u00f3s aprova\u00e7\u00e3o<\/p>\r\n\r\n\r\n\r\n<p><strong>Aulas <\/strong>27 aulas gravadas para voc\u00ea ver e rever quantas vezes quiser durante\u00a0<em><strong>um ano<\/strong><\/em><\/p>\r\n\r\n\r\n\r\n<p>Todas as aulas ser\u00e3o gravadas. D\u00favidas ser\u00e3o tiradas atrav\u00e9s do e-mail: fa.maura@hotmail.com<\/p>\r\n\r\n\r\n\r\n<p><em><strong>VIDEO AULA EM PORTUGU\u00caS \u2013 BR<\/strong><\/em><\/p>\r\n","protected":false},"excerpt":{"rendered":"<p><!-- wp:paragraph --><\/p>\n<p>Curso de Flores de Papel\u00a0 by Fa Maura, \u00e9 um curso b\u00e1sico, simples e de f\u00e1cil entendimento, direcionado a iniciantes que desejam aprender a criar flores para seu uso, uma arte usando materiais e ferramentas de f\u00e1cil acesso.<\/p>\n<p><!-- \/wp:paragraph --><\/p>\n<p><!-- wp:paragraph --><\/p>\n<p>&nbsp;<\/p>\n<p><!-- \/wp:paragraph --><\/p>\n<p><!-- wp:paragraph --><\/p>\n<p>No curso voc\u00ea vai aprender : Sobre ferramentas, materiais e a forma que Eu, Fabiana Maura desenvolvi para as minhas flores.<strong>Inicio <\/strong>Imediato ap\u00f3s aprova\u00e7\u00e3o<\/p>\n<p><!-- \/wp:paragraph --><\/p>\n<p><!-- wp:paragraph --><\/p>\n<p><strong>Aulas <\/strong>27 aulas gravadas para voc\u00ea ver e rever quantas vezes quiser durante\u00a0<em><strong>um ano<\/strong><\/em><\/p>\n<p><!-- \/wp:paragraph --><\/p>\n<p><!-- wp:paragraph --><\/p>\n<p>Todas as aulas ser\u00e3o gravadas. D\u00favidas ser\u00e3o tiradas atrav\u00e9s do e-mail: fa.maura@hotmail.com<\/p>\n<p><!-- \/wp:paragraph --><\/p>\n<p><!-- wp:paragraph --><\/p>\n<p><em><strong>VIDEO AULA EM PORTUGU\u00caS \u2013 BR<\/strong><\/em><\/p>\n<p><!-- \/wp:paragraph --><\/p>\n","protected":false},"featured_media":21336,"comment_status":"closed","ping_status":"closed","template":"","meta":{"jetpack_post_was_ever_published":false},"product_brand":[],"product_cat":[1013,33],"product_tag":[681],"giftcard-category":[],"class_list":{"0":"post-21334","1":"product","2":"type-product","3":"status-publish","4":"has-post-thumbnail","6":"product_cat-bazaar","7":"product_cat-cursos","8":"product_tag-curso-de-flores","10":"first","11":"instock","12":"sale","13":"virtual","14":"sold-individually","15":"purchasable","16":"product-type-simple"},"jetpack_sharing_enabled":true,"_links":{"self":[{"href":"https:\/\/famaura.com.br\/home\/wp-json\/wp\/v2\/product\/21334","targetHints":{"allow":["GET"]}}],"collection":[{"href":"https:\/\/famaura.com.br\/home\/wp-json\/wp\/v2\/product"}],"about":[{"href":"https:\/\/famaura.com.br\/home\/wp-json\/wp\/v2\/types\/product"}],"replies":[{"embeddable":true,"href":"https:\/\/famaura.com.br\/home\/wp-json\/wp\/v2\/comments?post=21334"}],"version-history":[{"count":3,"href":"https:\/\/famaura.com.br\/home\/wp-json\/wp\/v2\/product\/21334\/revisions"}],"predecessor-version":[{"id":33114,"href":"https:\/\/famaura.com.br\/home\/wp-json\/wp\/v2\/product\/21334\/revisions\/33114"}],"wp:featuredmedia":[{"embeddable":true,"href":"https:\/\/famaura.com.br\/home\/wp-json\/wp\/v2\/media\/21336"}],"wp:attachment":[{"href":"https:\/\/famaura.com.br\/home\/wp-json\/wp\/v2\/media?parent=21334"}],"wp:term":[{"taxonomy":"product_brand","embeddable":true,"href":"https:\/\/famaura.com.br\/home\/wp-json\/wp\/v2\/product_brand?post=21334"},{"taxonomy":"product_cat","embeddable":true,"href":"https:\/\/famaura.com.br\/home\/wp-json\/wp\/v2\/product_cat?post=21334"},{"taxonomy":"product_tag","embeddable":true,"href":"https:\/\/famaura.com.br\/home\/wp-json\/wp\/v2\/product_tag?post=21334"},{"taxonomy":"giftcard-category","embeddable":true,"href":"https:\/\/famaura.com.br\/home\/wp-json\/wp\/v2\/giftcard-category?post=21334"}],"curies":[{"name":"wp","href":"https:\/\/api.w.org\/{rel}","templated":true}]}}