{"id":21546,"date":"2019-01-03T17:45:57","date_gmt":"2019-01-03T20:45:57","guid":{"rendered":"https:\/\/famaura.com.br\/home\/?post_type=product&#038;p=21546"},"modified":"2021-12-06T19:27:49","modified_gmt":"2021-12-06T22:27:49","slug":"quick-page-album-bebe","status":"publish","type":"product","link":"https:\/\/famaura.com.br\/home\/produto\/quick-page-album-bebe\/","title":{"rendered":"Quick Page | \u00c1lbum Bebe"},"content":{"rendered":"<p>Kit de p\u00e1ginas prontas, feito em alta resolu\u00e7\u00e3o, para impress\u00e3o,\u00a0 este pacote cont\u00e9m:<br \/>\n7 p\u00e1ginas em formato PNG com espa\u00e7o para colocar suas fotos.<br \/>\n3 p\u00e1ginas em formato JPEG<br \/>\nMedida da p\u00e1gina 20cm\/20cm<\/p>\n<p>Sombras apenas para compor preview.<br \/>\nOs elementos foram redimensionados para melhor visualiza\u00e7\u00e3o.<\/p>\n<p>Uso pessoal e scrap para outros<br \/>\nPor favor leia o tou antes de comprar<br \/>\n<a href=\"https:\/\/famaura.com.br\/home\/termos-de-uso\/\">https:\/\/famaura.com.br\/home\/termos-de-uso\/<\/a><\/p>\n<p>Bom Scrap!<\/p>\n","protected":false},"excerpt":{"rendered":"<p>Kit de p\u00e1ginas prontas, feito em alta resolu\u00e7\u00e3o, para impress\u00e3o,\u00a0 este pacote cont\u00e9m: 7 p\u00e1ginas em formato PNG com espa\u00e7o para colocar suas fotos. 3 p\u00e1ginas em formato JPEG Medida da p\u00e1gina 20cm\/20cm Sombras apenas para compor preview. Os elementos foram redimensionados para melhor visualiza\u00e7\u00e3o. Uso pessoal e scrap para outros Por favor leia o tou antes de comprar https:\/\/famaura.com.br\/home\/termos-de-uso\/ Bom Scrap!<\/p>\n","protected":false},"featured_media":21543,"comment_status":"open","ping_status":"closed","template":"","meta":{"jetpack_post_was_ever_published":false},"product_brand":[],"product_cat":[671],"product_tag":[],"giftcard-category":[],"class_list":{"0":"post-21546","1":"product","2":"type-product","3":"status-publish","4":"has-post-thumbnail","6":"product_cat-quick-page","8":"first","9":"instock","10":"downloadable","11":"virtual","12":"sold-individually","13":"purchasable","14":"product-type-simple"},"jetpack_sharing_enabled":true,"_links":{"self":[{"href":"https:\/\/famaura.com.br\/home\/wp-json\/wp\/v2\/product\/21546","targetHints":{"allow":["GET"]}}],"collection":[{"href":"https:\/\/famaura.com.br\/home\/wp-json\/wp\/v2\/product"}],"about":[{"href":"https:\/\/famaura.com.br\/home\/wp-json\/wp\/v2\/types\/product"}],"replies":[{"embeddable":true,"href":"https:\/\/famaura.com.br\/home\/wp-json\/wp\/v2\/comments?post=21546"}],"version-history":[{"count":0,"href":"https:\/\/famaura.com.br\/home\/wp-json\/wp\/v2\/product\/21546\/revisions"}],"wp:featuredmedia":[{"embeddable":true,"href":"https:\/\/famaura.com.br\/home\/wp-json\/wp\/v2\/media\/21543"}],"wp:attachment":[{"href":"https:\/\/famaura.com.br\/home\/wp-json\/wp\/v2\/media?parent=21546"}],"wp:term":[{"taxonomy":"product_brand","embeddable":true,"href":"https:\/\/famaura.com.br\/home\/wp-json\/wp\/v2\/product_brand?post=21546"},{"taxonomy":"product_cat","embeddable":true,"href":"https:\/\/famaura.com.br\/home\/wp-json\/wp\/v2\/product_cat?post=21546"},{"taxonomy":"product_tag","embeddable":true,"href":"https:\/\/famaura.com.br\/home\/wp-json\/wp\/v2\/product_tag?post=21546"},{"taxonomy":"giftcard-category","embeddable":true,"href":"https:\/\/famaura.com.br\/home\/wp-json\/wp\/v2\/giftcard-category?post=21546"}],"curies":[{"name":"wp","href":"https:\/\/api.w.org\/{rel}","templated":true}]}}