{"id":22110,"date":"2014-06-14T22:05:26","date_gmt":"2014-06-15T01:05:26","guid":{"rendered":"https:\/\/famaura.com.br\/home\/?post_type=product&#038;p=22110"},"modified":"2024-07-29T16:09:00","modified_gmt":"2024-07-29T19:09:00","slug":"kit-um-dia-na-fazendinha-menino","status":"publish","type":"product","link":"https:\/\/famaura.com.br\/home\/produto\/kit-um-dia-na-fazendinha-menino\/","title":{"rendered":"Kit | Um Dia na Fazendinha | Menino"},"content":{"rendered":"<p>Kit digital, feito em alta resolu\u00e7\u00e3o, para impress\u00e3o,<br \/>\neste kit cont\u00e9m:<br \/>\n15 pap\u00e9is em JPG<br \/>\n50 elementos em PNG<\/p>\n<p>Sombras apenas para compor preview.<br \/>\nOs elementos foram redimensionados para melhor visualiza\u00e7\u00e3o.<\/p>\n<p>Uso pessoal e scrap para outros<br \/>\nPor favor leia o tou antes de comprar<br \/>\n<a href=\"https:\/\/famaura.com.br\/home\/termos-de-uso\/\">https:\/\/famaura.com.br\/home\/termos-de-uso\/<\/a><\/p>\n<p>Bom Scrap!<\/p>\n","protected":false},"excerpt":{"rendered":"<p>Kit digital, feito em alta resolu\u00e7\u00e3o, para impress\u00e3o, este kit cont\u00e9m: 15 pap\u00e9is em JPG 50 elementos em PNG Sombras apenas para compor preview. Os elementos foram redimensionados para melhor visualiza\u00e7\u00e3o. Uso pessoal e scrap para outros Por favor leia o tou antes de comprar https:\/\/famaura.com.br\/home\/termos-de-uso\/ Bom Scrap!<\/p>\n","protected":false},"featured_media":22031,"comment_status":"closed","ping_status":"closed","template":"","meta":{"jetpack_post_was_ever_published":false},"product_brand":[],"product_cat":[31],"product_tag":[572,702],"giftcard-category":[],"class_list":{"0":"post-22110","1":"product","2":"type-product","3":"status-publish","4":"has-post-thumbnail","6":"product_cat-kits-digitais","7":"product_tag-animais-e-insetos","8":"product_tag-fazendinha-e-cowboy","10":"first","11":"instock","12":"downloadable","13":"virtual","14":"sold-individually","15":"purchasable","16":"product-type-simple"},"jetpack_sharing_enabled":true,"_links":{"self":[{"href":"https:\/\/famaura.com.br\/home\/wp-json\/wp\/v2\/product\/22110","targetHints":{"allow":["GET"]}}],"collection":[{"href":"https:\/\/famaura.com.br\/home\/wp-json\/wp\/v2\/product"}],"about":[{"href":"https:\/\/famaura.com.br\/home\/wp-json\/wp\/v2\/types\/product"}],"replies":[{"embeddable":true,"href":"https:\/\/famaura.com.br\/home\/wp-json\/wp\/v2\/comments?post=22110"}],"version-history":[{"count":1,"href":"https:\/\/famaura.com.br\/home\/wp-json\/wp\/v2\/product\/22110\/revisions"}],"predecessor-version":[{"id":35750,"href":"https:\/\/famaura.com.br\/home\/wp-json\/wp\/v2\/product\/22110\/revisions\/35750"}],"wp:featuredmedia":[{"embeddable":true,"href":"https:\/\/famaura.com.br\/home\/wp-json\/wp\/v2\/media\/22031"}],"wp:attachment":[{"href":"https:\/\/famaura.com.br\/home\/wp-json\/wp\/v2\/media?parent=22110"}],"wp:term":[{"taxonomy":"product_brand","embeddable":true,"href":"https:\/\/famaura.com.br\/home\/wp-json\/wp\/v2\/product_brand?post=22110"},{"taxonomy":"product_cat","embeddable":true,"href":"https:\/\/famaura.com.br\/home\/wp-json\/wp\/v2\/product_cat?post=22110"},{"taxonomy":"product_tag","embeddable":true,"href":"https:\/\/famaura.com.br\/home\/wp-json\/wp\/v2\/product_tag?post=22110"},{"taxonomy":"giftcard-category","embeddable":true,"href":"https:\/\/famaura.com.br\/home\/wp-json\/wp\/v2\/giftcard-category?post=22110"}],"curies":[{"name":"wp","href":"https:\/\/api.w.org\/{rel}","templated":true}]}}