{"id":22749,"date":"2014-11-09T17:31:18","date_gmt":"2014-11-09T20:31:18","guid":{"rendered":"https:\/\/famaura.com.br\/home\/?post_type=product&#038;p=22749"},"modified":"2024-09-03T20:29:26","modified_gmt":"2024-09-03T23:29:26","slug":"alfabeto_poa","status":"publish","type":"product","link":"https:\/\/famaura.com.br\/home\/produto\/alfabeto_poa\/","title":{"rendered":"Alfabeto | Kit Natal das Crian\u00e7as Po\u00e1"},"content":{"rendered":"<p>1 pacote de alfa em PNG, letras A-Z e N\u00fameros, em alta resolu\u00e7\u00e3o, para impress\u00e3o, resolu\u00e7\u00e3o de 300 dpi.<\/p>\n<p>Elementos foram redimensionados para melhor visualiza\u00e7\u00e3o.<\/p>\n<p>Bom Scrap!<\/p>\n<p>Por favor leia meu tou antes de comprar<br \/>\n<a href=\"http:\/\/www.famaura.com\/tous\">www.famaura.com\/tous<\/a><\/p>\n","protected":false},"excerpt":{"rendered":"<p>1 pacote de alfa em PNG, letras A-Z e N\u00fameros, em alta resolu\u00e7\u00e3o, para impress\u00e3o, resolu\u00e7\u00e3o de 300 dpi. Elementos foram redimensionados para melhor visualiza\u00e7\u00e3o. Bom Scrap! Por favor leia meu tou antes de comprar www.famaura.com\/tous<\/p>\n","protected":false},"featured_media":22709,"comment_status":"open","ping_status":"closed","template":"","meta":{"jetpack_post_was_ever_published":false},"product_brand":[],"product_cat":[34],"product_tag":[],"giftcard-category":[],"class_list":{"0":"post-22749","1":"product","2":"type-product","3":"status-publish","4":"has-post-thumbnail","6":"product_cat-alfabetos","8":"first","9":"instock","10":"downloadable","11":"virtual","12":"sold-individually","13":"purchasable","14":"product-type-simple"},"jetpack_sharing_enabled":true,"_links":{"self":[{"href":"https:\/\/famaura.com.br\/home\/wp-json\/wp\/v2\/product\/22749","targetHints":{"allow":["GET"]}}],"collection":[{"href":"https:\/\/famaura.com.br\/home\/wp-json\/wp\/v2\/product"}],"about":[{"href":"https:\/\/famaura.com.br\/home\/wp-json\/wp\/v2\/types\/product"}],"replies":[{"embeddable":true,"href":"https:\/\/famaura.com.br\/home\/wp-json\/wp\/v2\/comments?post=22749"}],"version-history":[{"count":1,"href":"https:\/\/famaura.com.br\/home\/wp-json\/wp\/v2\/product\/22749\/revisions"}],"predecessor-version":[{"id":36714,"href":"https:\/\/famaura.com.br\/home\/wp-json\/wp\/v2\/product\/22749\/revisions\/36714"}],"wp:featuredmedia":[{"embeddable":true,"href":"https:\/\/famaura.com.br\/home\/wp-json\/wp\/v2\/media\/22709"}],"wp:attachment":[{"href":"https:\/\/famaura.com.br\/home\/wp-json\/wp\/v2\/media?parent=22749"}],"wp:term":[{"taxonomy":"product_brand","embeddable":true,"href":"https:\/\/famaura.com.br\/home\/wp-json\/wp\/v2\/product_brand?post=22749"},{"taxonomy":"product_cat","embeddable":true,"href":"https:\/\/famaura.com.br\/home\/wp-json\/wp\/v2\/product_cat?post=22749"},{"taxonomy":"product_tag","embeddable":true,"href":"https:\/\/famaura.com.br\/home\/wp-json\/wp\/v2\/product_tag?post=22749"},{"taxonomy":"giftcard-category","embeddable":true,"href":"https:\/\/famaura.com.br\/home\/wp-json\/wp\/v2\/giftcard-category?post=22749"}],"curies":[{"name":"wp","href":"https:\/\/api.w.org\/{rel}","templated":true}]}}