{"id":24180,"date":"2011-10-26T14:26:53","date_gmt":"2011-10-26T17:26:53","guid":{"rendered":"https:\/\/famaura.com.br\/home\/?post_type=product&#038;p=24180"},"modified":"2024-07-21T20:01:29","modified_gmt":"2024-07-21T23:01:29","slug":"kit-robos-2011","status":"publish","type":"product","link":"https:\/\/famaura.com.br\/home\/produto\/kit-robos-2011\/","title":{"rendered":"Kit | Robos 2011"},"content":{"rendered":"<p>Kit digital, feito em alta resolu\u00e7\u00e3o, para impress\u00e3o,\u00a0 este kit cont\u00e9m:<br \/>\n10 pap\u00e9is em JPEG<br \/>\n72 elementos em PNG<\/p>\n<p>Sombras apenas para compor preview.<br \/>\nOs elementos foram redimensionados para melhor visualiza\u00e7\u00e3o.<\/p>\n<p>Uso pessoal e scrap para outros<br \/>\nPor favor leia o tou antes de comprar<br \/>\n<a href=\"https:\/\/famaura.com.br\/home\/termos-de-uso\/\">https:\/\/famaura.com.br\/home\/termos-de-uso\/<\/a><\/p>\n<p>Bom Scrap!<\/p>\n","protected":false},"excerpt":{"rendered":"<p>Kit digital, feito em alta resolu\u00e7\u00e3o, para impress\u00e3o,\u00a0 este kit cont\u00e9m: 10 pap\u00e9is em JPEG 72 elementos em PNG Sombras apenas para compor preview. Os elementos foram redimensionados para melhor visualiza\u00e7\u00e3o. Uso pessoal e scrap para outros Por favor leia o tou antes de comprar https:\/\/famaura.com.br\/home\/termos-de-uso\/ Bom Scrap!<\/p>\n","protected":false},"featured_media":24139,"comment_status":"open","ping_status":"closed","template":"","meta":{"jetpack_post_was_ever_published":false},"product_brand":[],"product_cat":[31],"product_tag":[649],"giftcard-category":[],"class_list":{"0":"post-24180","1":"product","2":"type-product","3":"status-publish","4":"has-post-thumbnail","6":"product_cat-kits-digitais","7":"product_tag-espaco-e-monstros","9":"first","10":"instock","11":"downloadable","12":"virtual","13":"purchasable","14":"product-type-simple"},"jetpack_sharing_enabled":true,"_links":{"self":[{"href":"https:\/\/famaura.com.br\/home\/wp-json\/wp\/v2\/product\/24180","targetHints":{"allow":["GET"]}}],"collection":[{"href":"https:\/\/famaura.com.br\/home\/wp-json\/wp\/v2\/product"}],"about":[{"href":"https:\/\/famaura.com.br\/home\/wp-json\/wp\/v2\/types\/product"}],"replies":[{"embeddable":true,"href":"https:\/\/famaura.com.br\/home\/wp-json\/wp\/v2\/comments?post=24180"}],"version-history":[{"count":0,"href":"https:\/\/famaura.com.br\/home\/wp-json\/wp\/v2\/product\/24180\/revisions"}],"wp:featuredmedia":[{"embeddable":true,"href":"https:\/\/famaura.com.br\/home\/wp-json\/wp\/v2\/media\/24139"}],"wp:attachment":[{"href":"https:\/\/famaura.com.br\/home\/wp-json\/wp\/v2\/media?parent=24180"}],"wp:term":[{"taxonomy":"product_brand","embeddable":true,"href":"https:\/\/famaura.com.br\/home\/wp-json\/wp\/v2\/product_brand?post=24180"},{"taxonomy":"product_cat","embeddable":true,"href":"https:\/\/famaura.com.br\/home\/wp-json\/wp\/v2\/product_cat?post=24180"},{"taxonomy":"product_tag","embeddable":true,"href":"https:\/\/famaura.com.br\/home\/wp-json\/wp\/v2\/product_tag?post=24180"},{"taxonomy":"giftcard-category","embeddable":true,"href":"https:\/\/famaura.com.br\/home\/wp-json\/wp\/v2\/giftcard-category?post=24180"}],"curies":[{"name":"wp","href":"https:\/\/api.w.org\/{rel}","templated":true}]}}