{"id":24326,"date":"2022-03-04T00:01:12","date_gmt":"2022-03-04T03:01:12","guid":{"rendered":"https:\/\/famaura.com.br\/home\/?post_type=product&#038;p=24326"},"modified":"2025-08-26T21:19:45","modified_gmt":"2025-08-27T00:19:45","slug":"curso-mini-album-angels-in-flowers-by-fa-maura","status":"publish","type":"product","link":"https:\/\/famaura.com.br\/home\/produto\/curso-mini-album-angels-in-flowers-by-fa-maura\/","title":{"rendered":"Curso Mini \u00c1lbum Angels in Flowers by Fa Maura"},"content":{"rendered":"<p>Curso Curso Mini \u00c1lbum Angels in Flowers by Fa Maura, \u00e9 um curso b\u00e1sico, simples e de f\u00e1cil entendimento, direcionado a iniciantes que desejam aprender a criar seus mini \u00e1lbuns do zero para seu uso ou para venda.<\/p>\n<p>Com kit Digital <a href=\"https:\/\/famaura.com.br\/home\/produto\/kit-angels-in-flowers\/\"><em><strong>Angels in Flowers<\/strong><\/em><\/a>\u00a0Incluso<\/p>\n<p><strong>Inicio<br \/>\n<\/strong>Imediato ap\u00f3s aprova\u00e7\u00e3o<\/p>\n<p><strong>Aulas<br \/>\n<\/strong>Aulas gravadas para voc\u00ea ver e rever quantas vezes quiser durante <em><strong>um ano<\/strong><\/em><\/p>\n<p>Todas as aulas ser\u00e3o gravadas.<\/p>\n<p>D\u00favidas ser\u00e3o tiradas atrav\u00e9s do e-mail:\u00a0fa.maura@hotmail.com<\/p>\n<p><em><strong>VIDEO AULA EM PORTUGU\u00caS \u2013 BR\u00a0<\/strong><\/em><\/p>\n","protected":false},"excerpt":{"rendered":"<p>Curso Curso Mini \u00c1lbum Angels in Flowers by Fa Maura, \u00e9 um curso b\u00e1sico, simples e de f\u00e1cil entendimento, direcionado a iniciantes que desejam aprender a criar seus mini \u00e1lbuns do zero para seu uso ou para venda. Com kit Digital Angels in Flowers\u00a0Incluso Inicio Imediato ap\u00f3s aprova\u00e7\u00e3o Aulas Aulas gravadas para voc\u00ea ver e rever quantas vezes quiser durante um ano Todas as aulas ser\u00e3o gravadas. D\u00favidas ser\u00e3o tiradas atrav\u00e9s do e-mail:\u00a0fa.maura@hotmail.com VIDEO AULA EM PORTUGU\u00caS \u2013 BR\u00a0<\/p>\n","protected":false},"featured_media":24358,"comment_status":"closed","ping_status":"closed","template":"","meta":{"jetpack_post_was_ever_published":false},"product_brand":[],"product_cat":[1013,33],"product_tag":[],"giftcard-category":[],"class_list":{"0":"post-24326","1":"product","2":"type-product","3":"status-publish","4":"has-post-thumbnail","6":"product_cat-bazaar","7":"product_cat-cursos","9":"first","10":"instock","11":"sale","12":"downloadable","13":"virtual","14":"sold-individually","15":"purchasable","16":"product-type-simple"},"jetpack_sharing_enabled":true,"_links":{"self":[{"href":"https:\/\/famaura.com.br\/home\/wp-json\/wp\/v2\/product\/24326","targetHints":{"allow":["GET"]}}],"collection":[{"href":"https:\/\/famaura.com.br\/home\/wp-json\/wp\/v2\/product"}],"about":[{"href":"https:\/\/famaura.com.br\/home\/wp-json\/wp\/v2\/types\/product"}],"replies":[{"embeddable":true,"href":"https:\/\/famaura.com.br\/home\/wp-json\/wp\/v2\/comments?post=24326"}],"version-history":[{"count":2,"href":"https:\/\/famaura.com.br\/home\/wp-json\/wp\/v2\/product\/24326\/revisions"}],"predecessor-version":[{"id":33461,"href":"https:\/\/famaura.com.br\/home\/wp-json\/wp\/v2\/product\/24326\/revisions\/33461"}],"wp:featuredmedia":[{"embeddable":true,"href":"https:\/\/famaura.com.br\/home\/wp-json\/wp\/v2\/media\/24358"}],"wp:attachment":[{"href":"https:\/\/famaura.com.br\/home\/wp-json\/wp\/v2\/media?parent=24326"}],"wp:term":[{"taxonomy":"product_brand","embeddable":true,"href":"https:\/\/famaura.com.br\/home\/wp-json\/wp\/v2\/product_brand?post=24326"},{"taxonomy":"product_cat","embeddable":true,"href":"https:\/\/famaura.com.br\/home\/wp-json\/wp\/v2\/product_cat?post=24326"},{"taxonomy":"product_tag","embeddable":true,"href":"https:\/\/famaura.com.br\/home\/wp-json\/wp\/v2\/product_tag?post=24326"},{"taxonomy":"giftcard-category","embeddable":true,"href":"https:\/\/famaura.com.br\/home\/wp-json\/wp\/v2\/giftcard-category?post=24326"}],"curies":[{"name":"wp","href":"https:\/\/api.w.org\/{rel}","templated":true}]}}