{"id":26336,"date":"2022-08-21T00:01:13","date_gmt":"2022-08-21T03:01:13","guid":{"rendered":"https:\/\/famaura.com.br\/home\/?post_type=product&#038;p=26336"},"modified":"2022-11-17T14:59:26","modified_gmt":"2022-11-17T17:59:26","slug":"clube-de-assinatura-basico","status":"publish","type":"product","link":"https:\/\/famaura.com.br\/home\/produto\/clube-de-assinatura-basico\/","title":{"rendered":"Clubinho de Assinatura &#8211; B\u00e1sico"},"content":{"rendered":"<p>O clubinho foi criado para te oferecer produtos novos e\u00a0 exclusivos para quem gosta de ser vip<br \/>\n\u00c9 uma assinatura individual, n\u00e3o pode ser compartilhada.<\/p>\n<p>No Clubinho de Assinatura by FaMaura voc\u00ea tem:<br \/>\n3 Kits digitais (com printable) exclusivos.<\/p>\n<p>Essa assinatura te d\u00e1 acesso durante 3 meses e no final dela voc\u00ea ter\u00e1 3 kits digitais (com os printables)<\/p>\n<p>Os kits\u00a0 poder\u00e3o ser baixados at\u00e9 o \u00faltimo dia de cada m\u00eas, ficando dispon\u00edvel na sua conta os produtos at\u00e9 quando eles estiverem no nosso cat\u00e1lago.<\/p>\n<p>Os kits depois de algum tempo ser\u00e3o vendidos na loja pelo seu valor normal.<\/p>\n<p>Os assinantes poder\u00e3o adicionar os kits da categoria <em><strong>Clubinho de Assinatura\u00a0 <\/strong><\/em>no seu carrinho e finalizar a compra que ser\u00e1 zerada.<\/p>\n<p>D\u00favidas entre em contato: <em><strong>fa.maura@hotmail.com<\/strong><\/em><\/p>\n<p>&nbsp;<\/p>\n","protected":false},"excerpt":{"rendered":"<p>O clubinho foi criado para te oferecer produtos novos e\u00a0 exclusivos para quem gosta de ser vip<br \/>\n\u00c9 uma assinatura individual, n\u00e3o pode ser compartilhada.<\/p>\n<p>No Clubinho de Assinatura by FaMaura voc\u00ea tem:<br \/>\n3 Kits digitais (com printable) exclusivos.<\/p>\n<p>Essa assinatura te d\u00e1 acesso durante 3 meses e no final dela voc\u00ea ter\u00e1 3 kits digitais (com os printables)<\/p>\n<p>Os kits\u00a0 poder\u00e3o ser baixados at\u00e9 o \u00faltimo dia de cada m\u00eas, ficando dispon\u00edvel na sua conta os produtos at\u00e9 quando eles estiverem no nosso cat\u00e1lago.<\/p>\n<p>Os kits depois de algum tempo ser\u00e3o vendidos na loja pelo seu valor normal.<\/p>\n<p>Os assinantes poder\u00e3o adicionar os kits da categoria <em><strong>Clubinho de Assinatura\u00a0 <\/strong><\/em>no seu carrinho e finalizar a compra que ser\u00e1 zerada.<\/p>\n<p>D\u00favidas entre em contato: <em><strong>fa.maura@hotmail.com<\/strong><\/em><\/p>\n<p>&nbsp;<\/p>\n","protected":false},"featured_media":26390,"comment_status":"closed","ping_status":"closed","template":"elementor_theme","meta":{"jetpack_post_was_ever_published":false},"product_brand":[],"product_cat":[768],"product_tag":[],"giftcard-category":[],"class_list":{"0":"post-26336","1":"product","2":"type-product","3":"status-publish","4":"has-post-thumbnail","6":"product_cat-clubinho-de-assinatura","8":"first","9":"outofstock","10":"virtual","11":"sold-individually","12":"purchasable","13":"product-type-simple"},"jetpack_sharing_enabled":true,"_links":{"self":[{"href":"https:\/\/famaura.com.br\/home\/wp-json\/wp\/v2\/product\/26336","targetHints":{"allow":["GET"]}}],"collection":[{"href":"https:\/\/famaura.com.br\/home\/wp-json\/wp\/v2\/product"}],"about":[{"href":"https:\/\/famaura.com.br\/home\/wp-json\/wp\/v2\/types\/product"}],"replies":[{"embeddable":true,"href":"https:\/\/famaura.com.br\/home\/wp-json\/wp\/v2\/comments?post=26336"}],"version-history":[{"count":0,"href":"https:\/\/famaura.com.br\/home\/wp-json\/wp\/v2\/product\/26336\/revisions"}],"wp:featuredmedia":[{"embeddable":true,"href":"https:\/\/famaura.com.br\/home\/wp-json\/wp\/v2\/media\/26390"}],"wp:attachment":[{"href":"https:\/\/famaura.com.br\/home\/wp-json\/wp\/v2\/media?parent=26336"}],"wp:term":[{"taxonomy":"product_brand","embeddable":true,"href":"https:\/\/famaura.com.br\/home\/wp-json\/wp\/v2\/product_brand?post=26336"},{"taxonomy":"product_cat","embeddable":true,"href":"https:\/\/famaura.com.br\/home\/wp-json\/wp\/v2\/product_cat?post=26336"},{"taxonomy":"product_tag","embeddable":true,"href":"https:\/\/famaura.com.br\/home\/wp-json\/wp\/v2\/product_tag?post=26336"},{"taxonomy":"giftcard-category","embeddable":true,"href":"https:\/\/famaura.com.br\/home\/wp-json\/wp\/v2\/giftcard-category?post=26336"}],"curies":[{"name":"wp","href":"https:\/\/api.w.org\/{rel}","templated":true}]}}