{"id":27033,"date":"2022-09-01T11:25:25","date_gmt":"2022-09-01T14:25:25","guid":{"rendered":"https:\/\/famaura.com.br\/home\/?post_type=product&#038;p=27033"},"modified":"2025-08-26T21:21:43","modified_gmt":"2025-08-27T00:21:43","slug":"video-aula-passo-a-passo-layout-pro","status":"publish","type":"product","link":"https:\/\/famaura.com.br\/home\/produto\/video-aula-passo-a-passo-layout-pro\/","title":{"rendered":"V\u00eddeo Aula Passo \u00e0 Passo | Layout Pro"},"content":{"rendered":"\r\n<p>V\u00eddeo aula passo \u00e0 passo de um layout estilo clean com Printable Kit Pro by Fa Maura, \u00e9 um passo \u00e0 passo, simples e de f\u00e1cil entendimento, direcionado a iniciantes.<\/p>\r\n\r\n\r\n\r\n<p>Printable para projeto incluso.<\/p>\r\n\r\n\r\n\r\n<p><strong>Inicio <\/strong>Imediato ap\u00f3s aprova\u00e7\u00e3o<\/p>\r\n\r\n\r\n\r\n<p><strong>Aulas <\/strong>Aulas gravadas para voc\u00ea ver e rever quantas vezes quiser durante\u00a0<em><strong>um ano<\/strong><\/em><\/p>\r\n\r\n\r\n\r\n<p>Todas as aulas ser\u00e3o gravadas.<\/p>\r\n\r\n\r\n\r\n<p>D\u00favidas ser\u00e3o tiradas atrav\u00e9s do e-mail:\u00a0fa.maura@hotmail.com<\/p>\r\n\r\n\r\n\r\n<p><em><strong>VIDEO AULA EM PORTUGU\u00caS \u2013 BR\u00a0<\/strong><\/em><\/p>\r\n","protected":false},"excerpt":{"rendered":"<p>V\u00eddeo aula passo \u00e0 passo de um layout estilo clean com Printable Kit Pro by Fa Maura, \u00e9 um passo \u00e0 passo, simples e de f\u00e1cil entendimento, direcionado a iniciantes.<\/p>\n<p><!-- \/wp:paragraph --><\/p>\n<p><!-- wp:paragraph --><\/p>\n<p>Printable para projeto incluso.<\/p>\n<p><!-- \/wp:paragraph --><\/p>\n<p><!-- wp:paragraph --><\/p>\n<p><strong>Inicio <\/strong>Imediato ap\u00f3s aprova\u00e7\u00e3o<\/p>\n<p><!-- \/wp:paragraph --><\/p>\n<p><!-- wp:paragraph --><\/p>\n<p><strong>Aulas <\/strong>Aulas gravadas para voc\u00ea ver e rever quantas vezes quiser durante\u00a0<em><strong>um ano<\/strong><\/em><\/p>\n<p><!-- \/wp:paragraph --><\/p>\n<p><!-- wp:paragraph --><\/p>\n<p>Todas as aulas ser\u00e3o gravadas.<\/p>\n<p><!-- \/wp:paragraph --><\/p>\n<p><!-- wp:paragraph --><\/p>\n<p>D\u00favidas ser\u00e3o tiradas atrav\u00e9s do e-mail:\u00a0fa.maura@hotmail.com<\/p>\n<p><!-- \/wp:paragraph --><\/p>\n<p><!-- wp:paragraph --><\/p>\n<p><em><strong>VIDEO AULA EM PORTUGU\u00caS \u2013 BR\u00a0<\/strong><\/em><\/p>\n","protected":false},"featured_media":33401,"comment_status":"closed","ping_status":"closed","template":"","meta":{"jetpack_post_was_ever_published":false},"product_brand":[],"product_cat":[1013,33],"product_tag":[573],"giftcard-category":[],"class_list":{"0":"post-27033","1":"product","2":"type-product","3":"status-publish","4":"has-post-thumbnail","6":"product_cat-bazaar","7":"product_cat-cursos","8":"product_tag-layout","10":"first","11":"instock","12":"sale","13":"virtual","14":"sold-individually","15":"purchasable","16":"product-type-simple"},"jetpack_sharing_enabled":true,"_links":{"self":[{"href":"https:\/\/famaura.com.br\/home\/wp-json\/wp\/v2\/product\/27033","targetHints":{"allow":["GET"]}}],"collection":[{"href":"https:\/\/famaura.com.br\/home\/wp-json\/wp\/v2\/product"}],"about":[{"href":"https:\/\/famaura.com.br\/home\/wp-json\/wp\/v2\/types\/product"}],"replies":[{"embeddable":true,"href":"https:\/\/famaura.com.br\/home\/wp-json\/wp\/v2\/comments?post=27033"}],"version-history":[{"count":1,"href":"https:\/\/famaura.com.br\/home\/wp-json\/wp\/v2\/product\/27033\/revisions"}],"predecessor-version":[{"id":32865,"href":"https:\/\/famaura.com.br\/home\/wp-json\/wp\/v2\/product\/27033\/revisions\/32865"}],"wp:featuredmedia":[{"embeddable":true,"href":"https:\/\/famaura.com.br\/home\/wp-json\/wp\/v2\/media\/33401"}],"wp:attachment":[{"href":"https:\/\/famaura.com.br\/home\/wp-json\/wp\/v2\/media?parent=27033"}],"wp:term":[{"taxonomy":"product_brand","embeddable":true,"href":"https:\/\/famaura.com.br\/home\/wp-json\/wp\/v2\/product_brand?post=27033"},{"taxonomy":"product_cat","embeddable":true,"href":"https:\/\/famaura.com.br\/home\/wp-json\/wp\/v2\/product_cat?post=27033"},{"taxonomy":"product_tag","embeddable":true,"href":"https:\/\/famaura.com.br\/home\/wp-json\/wp\/v2\/product_tag?post=27033"},{"taxonomy":"giftcard-category","embeddable":true,"href":"https:\/\/famaura.com.br\/home\/wp-json\/wp\/v2\/giftcard-category?post=27033"}],"curies":[{"name":"wp","href":"https:\/\/api.w.org\/{rel}","templated":true}]}}