{"id":27953,"date":"2022-10-21T01:04:07","date_gmt":"2022-10-21T04:04:07","guid":{"rendered":"https:\/\/famaura.com.br\/home\/?post_type=product&#038;p=27953"},"modified":"2025-08-26T21:22:02","modified_gmt":"2025-08-27T00:22:02","slug":"video-aula-passo-a-passo-mini-album-collab-natal-tropical","status":"publish","type":"product","link":"https:\/\/famaura.com.br\/home\/produto\/video-aula-passo-a-passo-mini-album-collab-natal-tropical\/","title":{"rendered":"V\u00eddeo Aula Passo \u00e0 Passo | Mini \u00c1lbum | Collab Natal Tropical"},"content":{"rendered":"<p>V\u00eddeo aula passo \u00e0 passo de um Mini \u00c1lbum com Kit Collab Natal Tropical by Fa Maura, \u00e9 um passo \u00e0 passo, simples e de f\u00e1cil entendimento, direcionado a iniciantes.<\/p>\n<p>Inicio Imediato ap\u00f3s aprova\u00e7\u00e3o<\/p>\n<p>Aulas gravadas para voc\u00ea ver e rever quantas vezes quiser durante um ano<\/p>\n<p>D\u00favidas ser\u00e3o tiradas atrav\u00e9s do e-mail: fa.maura@hotmail.com<\/p>\n<p>VIDEO AULA EM PORTUGU\u00caS \u2013 BR<\/p>\n","protected":false},"excerpt":{"rendered":"<p>V\u00eddeo aula passo \u00e0 passo de um Mini \u00c1lbum com Kit Collab Natal Tropical by Fa Maura, \u00e9 um passo \u00e0 passo, simples e de f\u00e1cil entendimento, direcionado a iniciantes.<\/p>\n<p>Inicio Imediato ap\u00f3s aprova\u00e7\u00e3o<\/p>\n<p>Aulas gravadas para voc\u00ea ver e rever quantas vezes quiser durante um ano<\/p>\n<p>D\u00favidas ser\u00e3o tiradas atrav\u00e9s do e-mail: fa.maura@hotmail.com<\/p>\n<p>VIDEO AULA EM PORTUGU\u00caS \u2013 BR<\/p>\n","protected":false},"featured_media":33227,"comment_status":"closed","ping_status":"closed","template":"","meta":{"jetpack_post_was_ever_published":false},"product_brand":[],"product_cat":[1013,33],"product_tag":[497],"giftcard-category":[],"class_list":{"0":"post-27953","1":"product","2":"type-product","3":"status-publish","4":"has-post-thumbnail","6":"product_cat-bazaar","7":"product_cat-cursos","8":"product_tag-mini-album","10":"first","11":"instock","12":"sale","13":"sold-individually","14":"shipping-taxable","15":"purchasable","16":"product-type-simple"},"jetpack_sharing_enabled":true,"_links":{"self":[{"href":"https:\/\/famaura.com.br\/home\/wp-json\/wp\/v2\/product\/27953","targetHints":{"allow":["GET"]}}],"collection":[{"href":"https:\/\/famaura.com.br\/home\/wp-json\/wp\/v2\/product"}],"about":[{"href":"https:\/\/famaura.com.br\/home\/wp-json\/wp\/v2\/types\/product"}],"replies":[{"embeddable":true,"href":"https:\/\/famaura.com.br\/home\/wp-json\/wp\/v2\/comments?post=27953"}],"version-history":[{"count":1,"href":"https:\/\/famaura.com.br\/home\/wp-json\/wp\/v2\/product\/27953\/revisions"}],"predecessor-version":[{"id":33116,"href":"https:\/\/famaura.com.br\/home\/wp-json\/wp\/v2\/product\/27953\/revisions\/33116"}],"wp:featuredmedia":[{"embeddable":true,"href":"https:\/\/famaura.com.br\/home\/wp-json\/wp\/v2\/media\/33227"}],"wp:attachment":[{"href":"https:\/\/famaura.com.br\/home\/wp-json\/wp\/v2\/media?parent=27953"}],"wp:term":[{"taxonomy":"product_brand","embeddable":true,"href":"https:\/\/famaura.com.br\/home\/wp-json\/wp\/v2\/product_brand?post=27953"},{"taxonomy":"product_cat","embeddable":true,"href":"https:\/\/famaura.com.br\/home\/wp-json\/wp\/v2\/product_cat?post=27953"},{"taxonomy":"product_tag","embeddable":true,"href":"https:\/\/famaura.com.br\/home\/wp-json\/wp\/v2\/product_tag?post=27953"},{"taxonomy":"giftcard-category","embeddable":true,"href":"https:\/\/famaura.com.br\/home\/wp-json\/wp\/v2\/giftcard-category?post=27953"}],"curies":[{"name":"wp","href":"https:\/\/api.w.org\/{rel}","templated":true}]}}