{"id":29672,"date":"2022-01-05T15:23:54","date_gmt":"2022-01-05T18:23:54","guid":{"rendered":"https:\/\/famaura.com.br\/home\/?post_type=product&#038;p=29672"},"modified":"2023-12-31T13:57:23","modified_gmt":"2023-12-31T16:57:23","slug":"curso-mini-album-a-ratinha-costureira-by-fa-maura","status":"publish","type":"product","link":"https:\/\/famaura.com.br\/home\/produto\/curso-mini-album-a-ratinha-costureira-by-fa-maura\/","title":{"rendered":"Curso | Mini \u00c1lbum A Ratinha Costureira by Fa Maura"},"content":{"rendered":"\r\n<p>Curso Curso Mini \u00c1lbum A Ratinha Costureira by Fa Maura, \u00e9 um curso b\u00e1sico, simples e de f\u00e1cil entendimento, direcionado a iniciantes que desejam aprender a criar seus mini \u00e1lbuns do zero para seu uso ou para venda.<\/p>\r\n\r\n\r\n\r\n<p>Com kit Digital <a href=\"https:\/\/famaura.com.br\/home\/produto\/kit-a-ratinha-costureira\/\">A Ratinha Costureira<\/a> Incluso<\/p>\r\n\r\n\r\n\r\n\r\n\r\n<p><strong>Inicio <\/strong>Imediato ap\u00f3s aprova\u00e7\u00e3o<\/p>\r\n\r\n\r\n\r\n<p><strong>Aulas <\/strong>\u00a0aulas gravadas para voc\u00ea ver e rever quantas vezes quiser durante\u00a0<em><strong>um ano<\/strong><\/em><\/p>\r\n\r\n\r\n\r\n<p>Todas as aulas ser\u00e3o gravadas.<\/p>\r\n\r\n\r\n\r\n<p>D\u00favidas ser\u00e3o tiradas atrav\u00e9s do e-mail:\u00a0fa.maura@hotmail.com<\/p>\r\n\r\n\r\n\r\n<p><em><strong>VIDEO AULA EM PORTUGU\u00caS \u2013 BR\u00a0<\/strong><\/em><\/p>\r\n","protected":false},"excerpt":{"rendered":"<p><!-- wp:paragraph --><\/p>\n<p>Curso Curso Mini \u00c1lbum A Ratinha Costureira by Fa Maura, \u00e9 um curso b\u00e1sico, simples e de f\u00e1cil entendimento, direcionado a iniciantes que desejam aprender a criar seus mini \u00e1lbuns do zero para seu uso ou para venda.<\/p>\n<p><!-- \/wp:paragraph --><\/p>\n<p><!-- wp:paragraph --><\/p>\n<p>Com kit Digital <a href=\"https:\/\/famaura.com.br\/home\/produto\/kit-a-ratinha-costureira\/\">A Ratinha Costureira<\/a> Incluso<\/p>\n<p><!-- \/wp:paragraph --><\/p>\n<p><!-- wp:paragraph --><!-- \/wp:paragraph --><\/p>\n<p><!-- wp:paragraph --><\/p>\n<p><strong>Inicio <\/strong>Imediato ap\u00f3s aprova\u00e7\u00e3o<\/p>\n<p><!-- \/wp:paragraph --><\/p>\n<p><!-- wp:paragraph --><\/p>\n<p><strong>Aulas <\/strong>\u00a0aulas gravadas para voc\u00ea ver e rever quantas vezes quiser durante\u00a0<em><strong>um ano<\/strong><\/em><\/p>\n<p><!-- \/wp:paragraph --><\/p>\n<p><!-- wp:paragraph --><\/p>\n<p>Todas as aulas ser\u00e3o gravadas.<\/p>\n<p><!-- \/wp:paragraph --><\/p>\n<p><!-- wp:paragraph --><\/p>\n<p>D\u00favidas ser\u00e3o tiradas atrav\u00e9s do e-mail:\u00a0fa.maura@hotmail.com<\/p>\n<p><!-- \/wp:paragraph --><\/p>\n<p><!-- wp:paragraph --><\/p>\n<p><em><strong>VIDEO AULA EM PORTUGU\u00caS \u2013 BR\u00a0<\/strong><\/em><\/p>\n<p><!-- \/wp:paragraph --><\/p>\n","protected":false},"featured_media":23690,"comment_status":"closed","ping_status":"closed","template":"","meta":{"jetpack_post_was_ever_published":false},"product_brand":[],"product_cat":[33],"product_tag":[497],"giftcard-category":[],"class_list":{"0":"post-29672","1":"product","2":"type-product","3":"status-publish","4":"has-post-thumbnail","6":"product_cat-cursos","7":"product_tag-mini-album","9":"first","10":"instock","11":"virtual","12":"purchasable","13":"product-type-simple"},"jetpack_sharing_enabled":true,"_links":{"self":[{"href":"https:\/\/famaura.com.br\/home\/wp-json\/wp\/v2\/product\/29672","targetHints":{"allow":["GET"]}}],"collection":[{"href":"https:\/\/famaura.com.br\/home\/wp-json\/wp\/v2\/product"}],"about":[{"href":"https:\/\/famaura.com.br\/home\/wp-json\/wp\/v2\/types\/product"}],"replies":[{"embeddable":true,"href":"https:\/\/famaura.com.br\/home\/wp-json\/wp\/v2\/comments?post=29672"}],"version-history":[{"count":2,"href":"https:\/\/famaura.com.br\/home\/wp-json\/wp\/v2\/product\/29672\/revisions"}],"predecessor-version":[{"id":33115,"href":"https:\/\/famaura.com.br\/home\/wp-json\/wp\/v2\/product\/29672\/revisions\/33115"}],"wp:featuredmedia":[{"embeddable":true,"href":"https:\/\/famaura.com.br\/home\/wp-json\/wp\/v2\/media\/23690"}],"wp:attachment":[{"href":"https:\/\/famaura.com.br\/home\/wp-json\/wp\/v2\/media?parent=29672"}],"wp:term":[{"taxonomy":"product_brand","embeddable":true,"href":"https:\/\/famaura.com.br\/home\/wp-json\/wp\/v2\/product_brand?post=29672"},{"taxonomy":"product_cat","embeddable":true,"href":"https:\/\/famaura.com.br\/home\/wp-json\/wp\/v2\/product_cat?post=29672"},{"taxonomy":"product_tag","embeddable":true,"href":"https:\/\/famaura.com.br\/home\/wp-json\/wp\/v2\/product_tag?post=29672"},{"taxonomy":"giftcard-category","embeddable":true,"href":"https:\/\/famaura.com.br\/home\/wp-json\/wp\/v2\/giftcard-category?post=29672"}],"curies":[{"name":"wp","href":"https:\/\/api.w.org\/{rel}","templated":true}]}}