{"id":29678,"date":"2021-11-04T15:48:08","date_gmt":"2021-11-04T18:48:08","guid":{"rendered":"https:\/\/famaura.com.br\/home\/?post_type=product&#038;p=29678"},"modified":"2025-01-27T15:09:01","modified_gmt":"2025-01-27T18:09:01","slug":"curso-mini-album-maleta-by-famaura","status":"publish","type":"product","link":"https:\/\/famaura.com.br\/home\/produto\/curso-mini-album-maleta-by-famaura\/","title":{"rendered":"Curso Mini \u00c1lbum Maleta by FaMaura"},"content":{"rendered":"<p>Curso Curso Mini \u00c1lbum Maleta by Fa Maura, \u00e9 um curso b\u00e1sico, simples e de f\u00e1cil entendimento, direcionado a iniciantes que desejam aprender a criar seus mini \u00e1lbuns do zero para seu uso ou para venda.<\/p>\n<p>Kit Digital\u00a0usado\u00a0<a href=\"https:\/\/famaura.com.br\/home\/produto\/kitsimple\/\">Simple<\/a>\u00a0n\u00e3o\u00a0Incluso<\/p>\n<p><strong>Inicio\u00a0<\/strong><br \/>\nImediato ap\u00f3s aprova\u00e7\u00e3o<\/p>\n<p><strong>Aulas\u00a0<\/strong><br \/>\nAulas gravadas para voc\u00ea ver e rever quantas vezes quiser durante\u00a0<em><strong>um ano<\/strong><\/em><\/p>\n<p>Todas as aulas ser\u00e3o gravadas.<\/p>\n<p>D\u00favidas ser\u00e3o tiradas atrav\u00e9s do e-mail:\u00a0fa.maura@hotmail.com<\/p>\n<p><em><strong>VIDEO AULA EM PORTUGU\u00caS \u2013 BR\u00a0<\/strong><\/em><\/p>\n","protected":false},"excerpt":{"rendered":"<p>Curso Curso Mini \u00c1lbum Maleta by Fa Maura, \u00e9 um curso b\u00e1sico, simples e de f\u00e1cil entendimento, direcionado a iniciantes que desejam aprender a criar seus mini \u00e1lbuns do zero para seu uso ou para venda.<\/p>\n<p>Kit Digital\u00a0usado\u00a0<a href=\"https:\/\/famaura.com.br\/home\/produto\/kitsimple\/\">Simple<\/a>\u00a0n\u00e3o\u00a0Incluso<\/p>\n<p><strong>Inicio\u00a0<\/strong><br \/>\nImediato ap\u00f3s aprova\u00e7\u00e3o<\/p>\n<p><strong>Aulas\u00a0<\/strong><br \/>\nAulas gravadas para voc\u00ea ver e rever quantas vezes quiser durante\u00a0<em><strong>um ano<\/strong><\/em><\/p>\n<p>Todas as aulas ser\u00e3o gravadas.<\/p>\n<p>D\u00favidas ser\u00e3o tiradas atrav\u00e9s do e-mail:\u00a0fa.maura@hotmail.com<\/p>\n<p><em><strong>VIDEO AULA EM PORTUGU\u00caS \u2013 BR\u00a0<\/strong><\/em><\/p>\n","protected":false},"featured_media":24035,"comment_status":"closed","ping_status":"closed","template":"","meta":{"jetpack_post_was_ever_published":false},"product_brand":[],"product_cat":[33],"product_tag":[497],"giftcard-category":[],"class_list":{"0":"post-29678","1":"product","2":"type-product","3":"status-publish","4":"has-post-thumbnail","6":"product_cat-cursos","7":"product_tag-mini-album","9":"first","10":"instock","11":"virtual","12":"sold-individually","13":"purchasable","14":"product-type-simple"},"jetpack_sharing_enabled":true,"_links":{"self":[{"href":"https:\/\/famaura.com.br\/home\/wp-json\/wp\/v2\/product\/29678","targetHints":{"allow":["GET"]}}],"collection":[{"href":"https:\/\/famaura.com.br\/home\/wp-json\/wp\/v2\/product"}],"about":[{"href":"https:\/\/famaura.com.br\/home\/wp-json\/wp\/v2\/types\/product"}],"replies":[{"embeddable":true,"href":"https:\/\/famaura.com.br\/home\/wp-json\/wp\/v2\/comments?post=29678"}],"version-history":[{"count":1,"href":"https:\/\/famaura.com.br\/home\/wp-json\/wp\/v2\/product\/29678\/revisions"}],"predecessor-version":[{"id":36949,"href":"https:\/\/famaura.com.br\/home\/wp-json\/wp\/v2\/product\/29678\/revisions\/36949"}],"wp:featuredmedia":[{"embeddable":true,"href":"https:\/\/famaura.com.br\/home\/wp-json\/wp\/v2\/media\/24035"}],"wp:attachment":[{"href":"https:\/\/famaura.com.br\/home\/wp-json\/wp\/v2\/media?parent=29678"}],"wp:term":[{"taxonomy":"product_brand","embeddable":true,"href":"https:\/\/famaura.com.br\/home\/wp-json\/wp\/v2\/product_brand?post=29678"},{"taxonomy":"product_cat","embeddable":true,"href":"https:\/\/famaura.com.br\/home\/wp-json\/wp\/v2\/product_cat?post=29678"},{"taxonomy":"product_tag","embeddable":true,"href":"https:\/\/famaura.com.br\/home\/wp-json\/wp\/v2\/product_tag?post=29678"},{"taxonomy":"giftcard-category","embeddable":true,"href":"https:\/\/famaura.com.br\/home\/wp-json\/wp\/v2\/giftcard-category?post=29678"}],"curies":[{"name":"wp","href":"https:\/\/api.w.org\/{rel}","templated":true}]}}