{"id":30048,"date":"2023-03-06T17:53:22","date_gmt":"2023-03-06T20:53:22","guid":{"rendered":"https:\/\/famaura.com.br\/home\/?post_type=product&#038;p=30048"},"modified":"2025-08-26T21:22:16","modified_gmt":"2025-08-27T00:22:16","slug":"video-aula-passo-a-passo-mini-album-kit-mulher","status":"publish","type":"product","link":"https:\/\/famaura.com.br\/home\/produto\/video-aula-passo-a-passo-mini-album-kit-mulher\/","title":{"rendered":"V\u00eddeo Aula Passo \u00e0 Passo | Mini \u00c1lbum | Kit Mulher"},"content":{"rendered":"<p>V\u00eddeo aula passo \u00e0 passo de um Mini \u00c1lbum com Kit Mulher by Fa Maura, \u00e9 um passo \u00e0 passo, simples e de f\u00e1cil entendimento, direcionado a iniciantes.<\/p>\n<p>Inicio Imediato ap\u00f3s aprova\u00e7\u00e3o<\/p>\n<p>Aulas gravadas para voc\u00ea ver e rever quantas vezes quiser durante um ano<\/p>\n<p>D\u00favidas ser\u00e3o tiradas atrav\u00e9s do e-mail:\u00a0fa.maura@hotmail.com<\/p>\n<p>VIDEO AULA EM PORTUGU\u00caS \u2013 BR<\/p>\n","protected":false},"excerpt":{"rendered":"<p><span style=\"vertical-align: inherit;\"><span style=\"vertical-align: inherit;\">V\u00eddeo aula passo \u00e0 passo de um Mini \u00c1lbum com Kit Mulher by Fa Maura, \u00e9 um passo \u00e0 passo, simples e de f\u00e1cil entendimento, direcionado a iniciantes.<\/span><\/span><\/p>\n<p><span style=\"vertical-align: inherit;\"><span style=\"vertical-align: inherit;\">Inicio Imediato ap\u00f3s aprova\u00e7\u00e3o<\/span><\/span><\/p>\n<p><span style=\"vertical-align: inherit;\"><span style=\"vertical-align: inherit;\">Aulas gravadas para voc\u00ea ver e rever quantas vezes quiser durante um ano<\/span><\/span><\/p>\n<p><span style=\"vertical-align: inherit;\"><span style=\"vertical-align: inherit;\">D\u00favidas ser\u00e3o tiradas atrav\u00e9s do e-mail:\u00a0fa.maura@hotmail.com<\/span><\/span><\/p>\n<p><span style=\"vertical-align: inherit;\"><span style=\"vertical-align: inherit;\">VIDEO AULA EM PORTUGU\u00caS \u2013 BR<\/span><\/span><\/p>\n","protected":false},"featured_media":30053,"comment_status":"closed","ping_status":"closed","template":"","meta":{"jetpack_post_was_ever_published":false},"product_brand":[],"product_cat":[1013,33],"product_tag":[],"giftcard-category":[],"class_list":{"0":"post-30048","1":"product","2":"type-product","3":"status-publish","4":"has-post-thumbnail","6":"product_cat-bazaar","7":"product_cat-cursos","9":"first","10":"instock","11":"sale","12":"virtual","13":"sold-individually","14":"purchasable","15":"product-type-simple"},"jetpack_sharing_enabled":true,"_links":{"self":[{"href":"https:\/\/famaura.com.br\/home\/wp-json\/wp\/v2\/product\/30048","targetHints":{"allow":["GET"]}}],"collection":[{"href":"https:\/\/famaura.com.br\/home\/wp-json\/wp\/v2\/product"}],"about":[{"href":"https:\/\/famaura.com.br\/home\/wp-json\/wp\/v2\/types\/product"}],"replies":[{"embeddable":true,"href":"https:\/\/famaura.com.br\/home\/wp-json\/wp\/v2\/comments?post=30048"}],"version-history":[{"count":2,"href":"https:\/\/famaura.com.br\/home\/wp-json\/wp\/v2\/product\/30048\/revisions"}],"predecessor-version":[{"id":32607,"href":"https:\/\/famaura.com.br\/home\/wp-json\/wp\/v2\/product\/30048\/revisions\/32607"}],"wp:featuredmedia":[{"embeddable":true,"href":"https:\/\/famaura.com.br\/home\/wp-json\/wp\/v2\/media\/30053"}],"wp:attachment":[{"href":"https:\/\/famaura.com.br\/home\/wp-json\/wp\/v2\/media?parent=30048"}],"wp:term":[{"taxonomy":"product_brand","embeddable":true,"href":"https:\/\/famaura.com.br\/home\/wp-json\/wp\/v2\/product_brand?post=30048"},{"taxonomy":"product_cat","embeddable":true,"href":"https:\/\/famaura.com.br\/home\/wp-json\/wp\/v2\/product_cat?post=30048"},{"taxonomy":"product_tag","embeddable":true,"href":"https:\/\/famaura.com.br\/home\/wp-json\/wp\/v2\/product_tag?post=30048"},{"taxonomy":"giftcard-category","embeddable":true,"href":"https:\/\/famaura.com.br\/home\/wp-json\/wp\/v2\/giftcard-category?post=30048"}],"curies":[{"name":"wp","href":"https:\/\/api.w.org\/{rel}","templated":true}]}}