{"id":30239,"date":"2023-03-23T00:11:52","date_gmt":"2023-03-23T03:11:52","guid":{"rendered":"https:\/\/famaura.com.br\/home\/?post_type=product&#038;p=30239"},"modified":"2023-04-27T23:20:18","modified_gmt":"2023-04-28T02:20:18","slug":"abril-2023-clubinho-famaura-mensal","status":"publish","type":"product","link":"https:\/\/famaura.com.br\/home\/produto\/abril-2023-clubinho-famaura-mensal\/","title":{"rendered":"Abril 2023 |Clubinho FaMaura| Mensal"},"content":{"rendered":"<p>Clubinho FaMaura \u2013 Mensal voc\u00ea ter\u00e1 acesso:<\/p>\n<p>2 kits digital + 1 Alfabeto coordenado<br \/>\n20% de desconto nos lan\u00e7amentos durante a sua assinatura<\/p>\n<p>Voc\u00ea ter\u00e1 acesso a novos produtos do Clubinho assim que o seu pagamento for aprovado.<\/p>\n<p>Novas inscri\u00e7\u00f5es \/ renova\u00e7\u00e3o pode ser feita a qualquer momento, voc\u00ea poder\u00e1 optar por renovar direto na sua conta ou n\u00e3o e ainda poder\u00e1 comprar um novo acesso antes mesmo que expirar.<\/p>\n<p>Os produtos do Clubinho n\u00e3o s\u00e3o acumulativos ser\u00e3o novos produtos todos os meses.<\/p>\n<p>Para acessar os produtos voc\u00ea deve:<br \/>\nEstar logado(a)<br \/>\nIr na sua conta e baixar os arquivos em downloads.<br \/>\nCaso voc\u00ea tenha dificuldade, entre em contato.<\/p>\n<p>Para compra de produtos na loja com desconto, voc\u00ea deve estar logado(a) e o desconto aparecer\u00e1 automaticamente.<\/p>\n<p>D\u00favidas ou problemas entre em contato pelo e-mail:\u00a0fa.maura@hotmail.com<\/p>\n","protected":false},"excerpt":{"rendered":"<p>Clubinho FaMaura \u2013 Mensal voc\u00ea ter\u00e1 acesso:<\/p>\n<p>2 kits digital + 1 Alfabeto coordenado<br \/>\n20% de desconto nos lan\u00e7amentos durante a sua assinatura<\/p>\n<p>Voc\u00ea ter\u00e1 acesso a novos produtos do Clubinho assim que o seu pagamento for aprovado.<\/p>\n<p>Novas inscri\u00e7\u00f5es \/ renova\u00e7\u00e3o pode ser feita a qualquer momento, voc\u00ea poder\u00e1 optar por renovar direto na sua conta ou n\u00e3o e ainda poder\u00e1 comprar um novo acesso antes mesmo que expirar.<\/p>\n<p>Os produtos do Clubinho n\u00e3o s\u00e3o acumulativos ser\u00e3o novos produtos todos os meses.<\/p>\n<p>Para acessar os produtos voc\u00ea deve:<br \/>\nEstar logado(a)<br \/>\nIr na sua conta e baixar os arquivos em downloads.<br \/>\nCaso voc\u00ea tenha dificuldade, entre em contato.<\/p>\n<p>Para compra de produtos na loja com desconto, voc\u00ea deve estar logado(a) e o desconto aparecer\u00e1 automaticamente.<\/p>\n<p>D\u00favidas ou problemas entre em contato pelo e-mail:\u00a0fa.maura@hotmail.com<\/p>\n","protected":false},"featured_media":29389,"comment_status":"closed","ping_status":"closed","template":"","meta":{"jetpack_post_was_ever_published":false},"product_brand":[],"product_cat":[15],"product_tag":[],"giftcard-category":[],"class_list":{"0":"post-30239","1":"product","2":"type-product","3":"status-publish","4":"has-post-thumbnail","6":"product_cat-sem-categoria","8":"first","9":"outofstock","10":"featured","11":"downloadable","12":"virtual","13":"sold-individually","14":"purchasable","15":"product-type-simple"},"jetpack_sharing_enabled":true,"_links":{"self":[{"href":"https:\/\/famaura.com.br\/home\/wp-json\/wp\/v2\/product\/30239","targetHints":{"allow":["GET"]}}],"collection":[{"href":"https:\/\/famaura.com.br\/home\/wp-json\/wp\/v2\/product"}],"about":[{"href":"https:\/\/famaura.com.br\/home\/wp-json\/wp\/v2\/types\/product"}],"replies":[{"embeddable":true,"href":"https:\/\/famaura.com.br\/home\/wp-json\/wp\/v2\/comments?post=30239"}],"version-history":[{"count":0,"href":"https:\/\/famaura.com.br\/home\/wp-json\/wp\/v2\/product\/30239\/revisions"}],"wp:featuredmedia":[{"embeddable":true,"href":"https:\/\/famaura.com.br\/home\/wp-json\/wp\/v2\/media\/29389"}],"wp:attachment":[{"href":"https:\/\/famaura.com.br\/home\/wp-json\/wp\/v2\/media?parent=30239"}],"wp:term":[{"taxonomy":"product_brand","embeddable":true,"href":"https:\/\/famaura.com.br\/home\/wp-json\/wp\/v2\/product_brand?post=30239"},{"taxonomy":"product_cat","embeddable":true,"href":"https:\/\/famaura.com.br\/home\/wp-json\/wp\/v2\/product_cat?post=30239"},{"taxonomy":"product_tag","embeddable":true,"href":"https:\/\/famaura.com.br\/home\/wp-json\/wp\/v2\/product_tag?post=30239"},{"taxonomy":"giftcard-category","embeddable":true,"href":"https:\/\/famaura.com.br\/home\/wp-json\/wp\/v2\/giftcard-category?post=30239"}],"curies":[{"name":"wp","href":"https:\/\/api.w.org\/{rel}","templated":true}]}}