{"id":30848,"date":"2023-04-18T17:22:50","date_gmt":"2023-04-18T20:22:50","guid":{"rendered":"https:\/\/famaura.com.br\/home\/?post_type=product&#038;p=30848"},"modified":"2023-04-27T23:23:42","modified_gmt":"2023-04-28T02:23:42","slug":"cartao-presente","status":"publish","type":"product","link":"https:\/\/famaura.com.br\/home\/produto\/cartao-presente\/","title":{"rendered":"Cart\u00e3o Presente"},"content":{"rendered":"<p>Presenteie aquela(e) amiga(o) virtual com o nosso cart\u00e3o presente, tenho certeza que ela(e) vai amar.<br \/>\nVoc\u00ea escolhe o valor, ela escolhe os produtos digitais que quiser.<\/p>\n<p>\u00c9 muito f\u00e1cil de usar.<\/p>\n<p>1-Compre o cart\u00e3o presente.<\/p>\n<p>2-Ap\u00f3s a confirma\u00e7\u00e3o de pagamento, voc\u00ea ser\u00e1 notificado e sua(seu) amiga(o) receber\u00e1 um e-mail automaticamente com o cart\u00e3o presente no valor escolhido com o n\u00famero do cart\u00e3o para ser usado na loja.<\/p>\n<p>3- O c\u00f3digo poder\u00e1 ser usado pela(o) sua(seu) amiga(o) at\u00e9 zerar o valor do vale.<\/p>\n<p>4- Use o seu saldo do seu cart\u00e3o presente nos pedidos que quiser at\u00e9 31 de dezembro 2023, v\u00e1lido para a loja toda.<\/p>\n<p>D\u00favidas entre em contato:\u00a0fa.maura@hotmail.com<\/p>\n<p>&nbsp;<\/p>\n<p>&nbsp;<\/p>\n","protected":false},"excerpt":{"rendered":"<p>Presenteie aquela(e) amiga(o) virtual com o nosso cart\u00e3o presente, tenho certeza que ela(e) vai amar.<br \/>\nVoc\u00ea escolhe o valor, ela escolhe os produtos digitais que quiser.<\/p>\n<p>\u00c9 muito f\u00e1cil de usar.<\/p>\n<p>1-Compre o cart\u00e3o presente.<\/p>\n<p>2-Ap\u00f3s a confirma\u00e7\u00e3o de pagamento, voc\u00ea ser\u00e1 notificado e sua(seu) amiga(o) receber\u00e1 um e-mail automaticamente com o cart\u00e3o presente no valor escolhido com o n\u00famero do cart\u00e3o para ser usado na loja.<\/p>\n<p>3- O c\u00f3digo poder\u00e1 ser usado pela(o) sua(seu) amiga(o) at\u00e9 zerar o valor do vale.<\/p>\n<p>4- Use o seu saldo do seu cart\u00e3o presente nos pedidos que quiser at\u00e9 31 de dezembro 2023, v\u00e1lido para a loja toda.<\/p>\n<p>D\u00favidas entre em contato:\u00a0fa.maura@hotmail.com<\/p>\n<p>&nbsp;<\/p>\n<p>&nbsp;<\/p>\n","protected":false},"featured_media":30851,"comment_status":"closed","ping_status":"closed","template":"","meta":{"jetpack_post_was_ever_published":false},"product_brand":[],"product_cat":[936],"product_tag":[],"giftcard-category":[784],"class_list":{"0":"post-30848","1":"product","2":"type-product","3":"status-publish","4":"has-post-thumbnail","6":"product_cat-cartao-presente-virtual","7":"giftcard-category-all","9":"first","10":"instock","11":"featured","12":"virtual","13":"sold-individually","14":"purchasable","15":"product-type-gift-card"},"jetpack_sharing_enabled":true,"_links":{"self":[{"href":"https:\/\/famaura.com.br\/home\/wp-json\/wp\/v2\/product\/30848","targetHints":{"allow":["GET"]}}],"collection":[{"href":"https:\/\/famaura.com.br\/home\/wp-json\/wp\/v2\/product"}],"about":[{"href":"https:\/\/famaura.com.br\/home\/wp-json\/wp\/v2\/types\/product"}],"replies":[{"embeddable":true,"href":"https:\/\/famaura.com.br\/home\/wp-json\/wp\/v2\/comments?post=30848"}],"version-history":[{"count":0,"href":"https:\/\/famaura.com.br\/home\/wp-json\/wp\/v2\/product\/30848\/revisions"}],"wp:featuredmedia":[{"embeddable":true,"href":"https:\/\/famaura.com.br\/home\/wp-json\/wp\/v2\/media\/30851"}],"wp:attachment":[{"href":"https:\/\/famaura.com.br\/home\/wp-json\/wp\/v2\/media?parent=30848"}],"wp:term":[{"taxonomy":"product_brand","embeddable":true,"href":"https:\/\/famaura.com.br\/home\/wp-json\/wp\/v2\/product_brand?post=30848"},{"taxonomy":"product_cat","embeddable":true,"href":"https:\/\/famaura.com.br\/home\/wp-json\/wp\/v2\/product_cat?post=30848"},{"taxonomy":"product_tag","embeddable":true,"href":"https:\/\/famaura.com.br\/home\/wp-json\/wp\/v2\/product_tag?post=30848"},{"taxonomy":"giftcard-category","embeddable":true,"href":"https:\/\/famaura.com.br\/home\/wp-json\/wp\/v2\/giftcard-category?post=30848"}],"curies":[{"name":"wp","href":"https:\/\/api.w.org\/{rel}","templated":true}]}}