{"id":30894,"date":"2023-05-01T00:51:57","date_gmt":"2023-05-01T03:51:57","guid":{"rendered":"https:\/\/famaura.com.br\/home\/?post_type=product&#038;p=30894"},"modified":"2024-09-03T20:27:10","modified_gmt":"2024-09-03T23:27:10","slug":"alfabeto-kit-minha-viagem","status":"publish","type":"product","link":"https:\/\/famaura.com.br\/home\/produto\/alfabeto-kit-minha-viagem\/","title":{"rendered":"Alfabeto | Kit Minha Viagem"},"content":{"rendered":"<p>1 pacote de alfa em PNG , em alta resolu\u00e7\u00e3o, para impress\u00e3o, este kit cont\u00e9m: * a \/ z * Os arquivos PNG separados. resolu\u00e7\u00e3o de 300 dpi.<br \/>\n1 arquivo em formato PNG A4<br \/>\n1 arquivo em formato PDF<\/p>\n<p>Sombras apenas para compor preview.<br \/>\nOs elementos foram redimensionados para melhor visualiza\u00e7\u00e3o.<\/p>\n<p>Uso pessoal e scrap para outros<br \/>\nPor favor leia o tou antes de comprar<\/p>\n<blockquote class=\"wp-embedded-content\" data-secret=\"JzImNi8kRE\"><p><a href=\"https:\/\/famaura.com.br\/home\/termos-de-uso\/\">Termos de Uso<\/a><\/p><\/blockquote>\n<p><iframe class=\"wp-embedded-content\" sandbox=\"allow-scripts\" security=\"restricted\" style=\"position: absolute; clip: rect(1px, 1px, 1px, 1px);\" title=\"&#8220;Termos de Uso&#8221; &#8212; FaMaura Scrapbook &amp; Craft\" src=\"https:\/\/famaura.com.br\/home\/termos-de-uso\/embed\/#?secret=rwEZPL5gzF#?secret=JzImNi8kRE\" data-secret=\"JzImNi8kRE\" width=\"600\" height=\"338\" frameborder=\"0\" marginwidth=\"0\" marginheight=\"0\" scrolling=\"no\"><\/iframe><\/p>\n<p>Bom Scrap!<\/p>\n<p><em><strong>Aten\u00e7\u00e3o:<\/strong><\/em><br \/>\nDiga n\u00e3o \u00e0 pirataria.<br \/>\nQuando voc\u00ea valoriza o trabalho de um artista\/artes\u00e3o, incentiva ainda mais a cria\u00e7\u00e3o de novos produtos, ajuda a manter a fam\u00edlia e todo conte\u00fado pago\/gratuito.<br \/>\nValorize e apoie o nosso trabalho como artista\/artes\u00e3o.<br \/>\nTodos os arquivos deste site est\u00e3o protegidos por leis de Copyright e s\u00e3o de propriedade exclusiva FaMaura Designs. A Lei protege o criador das artes.<br \/>\nSua compra ou download gratuito de um arquivo n\u00e3o te torna propriet\u00e1rio, voc\u00ea adquire direito de us\u00e1-lo.<br \/>\nA sua ordem de compra possui uma numera\u00e7\u00e3o, essa numera\u00e7\u00e3o \u00e9 o n\u00famero da sua lince\u00e7a de uso, que \u00e9 individual e intransfer\u00edvel.<br \/>\nTodos os produtos FaMaura Designs foram criados com muito amor e dedica\u00e7\u00e3o para atender as suas necessidades.<\/p>\n","protected":false},"excerpt":{"rendered":"<p>1 pacote de alfa em PNG , em alta resolu\u00e7\u00e3o, para impress\u00e3o, este kit cont\u00e9m: * a \/ z * Os arquivos PNG separados. resolu\u00e7\u00e3o de 300 dpi.<br \/>\n1 arquivo em formato PNG A4<br \/>\n1 arquivo em formato PDF<\/p>\n<p>Sombras apenas para compor preview.<br \/>\nOs elementos foram redimensionados para melhor visualiza\u00e7\u00e3o.<\/p>\n<p>Uso pessoal e scrap para outros<br \/>\nPor favor leia o tou antes de comprar<br \/>\nhttps:\/\/famaura.com.br\/home\/termos-de-uso\/<\/p>\n<p>Bom Scrap!<\/p>\n<p><em><strong>Aten\u00e7\u00e3o:<\/strong><\/em><br \/>\nDiga n\u00e3o \u00e0 pirataria.<br \/>\nQuando voc\u00ea valoriza o trabalho de um artista\/artes\u00e3o, incentiva ainda mais a cria\u00e7\u00e3o de novos produtos, ajuda a manter a fam\u00edlia e todo conte\u00fado pago\/gratuito.<br \/>\nValorize e apoie o nosso trabalho como artista\/artes\u00e3o.<br \/>\nTodos os arquivos deste site est\u00e3o protegidos por leis de Copyright e s\u00e3o de propriedade exclusiva FaMaura Designs. A Lei protege o criador das artes.<br \/>\nSua compra ou download gratuito de um arquivo n\u00e3o te torna propriet\u00e1rio, voc\u00ea adquire direito de us\u00e1-lo.<br \/>\nA sua ordem de compra possui uma numera\u00e7\u00e3o, essa numera\u00e7\u00e3o \u00e9 o n\u00famero da sua lince\u00e7a de uso, que \u00e9 individual e intransfer\u00edvel.<br \/>\nTodos os produtos FaMaura Designs foram criados com muito amor e dedica\u00e7\u00e3o para atender as suas necessidades.<\/p>\n","protected":false},"featured_media":30873,"comment_status":"closed","ping_status":"closed","template":"","meta":{"jetpack_post_was_ever_published":false},"product_brand":[],"product_cat":[34],"product_tag":[],"giftcard-category":[],"class_list":{"0":"post-30894","1":"product","2":"type-product","3":"status-publish","4":"has-post-thumbnail","6":"product_cat-alfabetos","8":"first","9":"instock","10":"downloadable","11":"virtual","12":"purchasable","13":"product-type-simple"},"jetpack_sharing_enabled":true,"_links":{"self":[{"href":"https:\/\/famaura.com.br\/home\/wp-json\/wp\/v2\/product\/30894","targetHints":{"allow":["GET"]}}],"collection":[{"href":"https:\/\/famaura.com.br\/home\/wp-json\/wp\/v2\/product"}],"about":[{"href":"https:\/\/famaura.com.br\/home\/wp-json\/wp\/v2\/types\/product"}],"replies":[{"embeddable":true,"href":"https:\/\/famaura.com.br\/home\/wp-json\/wp\/v2\/comments?post=30894"}],"version-history":[{"count":1,"href":"https:\/\/famaura.com.br\/home\/wp-json\/wp\/v2\/product\/30894\/revisions"}],"predecessor-version":[{"id":33506,"href":"https:\/\/famaura.com.br\/home\/wp-json\/wp\/v2\/product\/30894\/revisions\/33506"}],"wp:featuredmedia":[{"embeddable":true,"href":"https:\/\/famaura.com.br\/home\/wp-json\/wp\/v2\/media\/30873"}],"wp:attachment":[{"href":"https:\/\/famaura.com.br\/home\/wp-json\/wp\/v2\/media?parent=30894"}],"wp:term":[{"taxonomy":"product_brand","embeddable":true,"href":"https:\/\/famaura.com.br\/home\/wp-json\/wp\/v2\/product_brand?post=30894"},{"taxonomy":"product_cat","embeddable":true,"href":"https:\/\/famaura.com.br\/home\/wp-json\/wp\/v2\/product_cat?post=30894"},{"taxonomy":"product_tag","embeddable":true,"href":"https:\/\/famaura.com.br\/home\/wp-json\/wp\/v2\/product_tag?post=30894"},{"taxonomy":"giftcard-category","embeddable":true,"href":"https:\/\/famaura.com.br\/home\/wp-json\/wp\/v2\/giftcard-category?post=30894"}],"curies":[{"name":"wp","href":"https:\/\/api.w.org\/{rel}","templated":true}]}}