{"id":33161,"date":"2019-12-21T20:10:17","date_gmt":"2019-12-21T23:10:17","guid":{"rendered":"https:\/\/famaura.com.br\/home\/?post_type=product&#038;p=33161"},"modified":"2025-08-26T21:21:12","modified_gmt":"2025-08-27T00:21:12","slug":"curso-layouteria-para-cadernos-by-famaura","status":"publish","type":"product","link":"https:\/\/famaura.com.br\/home\/produto\/curso-layouteria-para-cadernos-by-famaura\/","title":{"rendered":"Curso Layouteria para Cadernos by FaMaura"},"content":{"rendered":"<p>Curso Layouteria para Cadernos by FaMaura, \u00e9 um curso b\u00e1sico, simples e de f\u00e1cil entendimento, direcionado a iniciantes que desejam aprender a criar seus cadernos e planners do zero para seu uso ou para venda.<\/p>\n<p><strong>Inicio\u00a0<\/strong>Imediato ap\u00f3s aprova\u00e7\u00e3o<\/p>\n<p><strong>Aulas\u00a0<\/strong>\u00a0aulas gravadas para voc\u00ea ver e rever quantas vezes quiser durante\u00a0<em><strong>um ano<\/strong><\/em><\/p>\n<p>Todas as aulas ser\u00e3o gravadas.<\/p>\n<p>D\u00favidas ser\u00e3o tiradas atrav\u00e9s do e-mail:\u00a0fa.maura@hotmail.com<\/p>\n<p><em><strong>VIDEO AULA EM PORTUGU\u00caS \u2013 BR\u00a0<\/strong><\/em><\/p>\n","protected":false},"excerpt":{"rendered":"<p>Curso Layouteria para Cadernos by FaMaura, \u00e9 um curso b\u00e1sico, simples e de f\u00e1cil entendimento, direcionado a iniciantes que desejam aprender a criar seus cadernos e planners do zero para seu uso ou para venda.<\/p>\n<p><strong>Inicio\u00a0<\/strong>Imediato ap\u00f3s aprova\u00e7\u00e3o<\/p>\n<p><strong>Aulas\u00a0<\/strong>\u00a0aulas gravadas para voc\u00ea ver e rever quantas vezes quiser durante\u00a0<em><strong>um ano<\/strong><\/em><\/p>\n<p>Todas as aulas ser\u00e3o gravadas.<\/p>\n<p>D\u00favidas ser\u00e3o tiradas atrav\u00e9s do e-mail:\u00a0fa.maura@hotmail.com<\/p>\n<p><em><strong>VIDEO AULA EM PORTUGU\u00caS \u2013 BR\u00a0<\/strong><\/em><\/p>\n","protected":false},"featured_media":22886,"comment_status":"closed","ping_status":"closed","template":"","meta":{"jetpack_post_was_ever_published":false},"product_brand":[],"product_cat":[1013,33],"product_tag":[],"giftcard-category":[],"class_list":{"0":"post-33161","1":"product","2":"type-product","3":"status-publish","4":"has-post-thumbnail","6":"product_cat-bazaar","7":"product_cat-cursos","9":"first","10":"instock","11":"sale","12":"virtual","13":"purchasable","14":"product-type-simple"},"jetpack_sharing_enabled":true,"_links":{"self":[{"href":"https:\/\/famaura.com.br\/home\/wp-json\/wp\/v2\/product\/33161","targetHints":{"allow":["GET"]}}],"collection":[{"href":"https:\/\/famaura.com.br\/home\/wp-json\/wp\/v2\/product"}],"about":[{"href":"https:\/\/famaura.com.br\/home\/wp-json\/wp\/v2\/types\/product"}],"replies":[{"embeddable":true,"href":"https:\/\/famaura.com.br\/home\/wp-json\/wp\/v2\/comments?post=33161"}],"version-history":[{"count":1,"href":"https:\/\/famaura.com.br\/home\/wp-json\/wp\/v2\/product\/33161\/revisions"}],"predecessor-version":[{"id":33162,"href":"https:\/\/famaura.com.br\/home\/wp-json\/wp\/v2\/product\/33161\/revisions\/33162"}],"wp:featuredmedia":[{"embeddable":true,"href":"https:\/\/famaura.com.br\/home\/wp-json\/wp\/v2\/media\/22886"}],"wp:attachment":[{"href":"https:\/\/famaura.com.br\/home\/wp-json\/wp\/v2\/media?parent=33161"}],"wp:term":[{"taxonomy":"product_brand","embeddable":true,"href":"https:\/\/famaura.com.br\/home\/wp-json\/wp\/v2\/product_brand?post=33161"},{"taxonomy":"product_cat","embeddable":true,"href":"https:\/\/famaura.com.br\/home\/wp-json\/wp\/v2\/product_cat?post=33161"},{"taxonomy":"product_tag","embeddable":true,"href":"https:\/\/famaura.com.br\/home\/wp-json\/wp\/v2\/product_tag?post=33161"},{"taxonomy":"giftcard-category","embeddable":true,"href":"https:\/\/famaura.com.br\/home\/wp-json\/wp\/v2\/giftcard-category?post=33161"}],"curies":[{"name":"wp","href":"https:\/\/api.w.org\/{rel}","templated":true}]}}