{"id":33926,"date":"2023-09-22T01:47:51","date_gmt":"2023-09-22T04:47:51","guid":{"rendered":"https:\/\/famaura.com.br\/home\/?post_type=product&#038;p=33926"},"modified":"2023-12-31T13:56:30","modified_gmt":"2023-12-31T16:56:30","slug":"video-aula-passo-a-passo-scrap-decor-moldura-casinha-shabby-kit-biblia","status":"publish","type":"product","link":"https:\/\/famaura.com.br\/home\/produto\/video-aula-passo-a-passo-scrap-decor-moldura-casinha-shabby-kit-biblia\/","title":{"rendered":"V\u00eddeo Aula Passo a Passo Scrap Decor | Moldura Casinha Shabby | Kit B\u00edblia"},"content":{"rendered":"<p>V\u00eddeo aula passo \u00e0 passo de uma Moldura Shabby com o kit digital Kit B\u00edblia e o arquivo de corte de moldura casinha, \u00e9 um passo \u00e0 passo, simples e de f\u00e1cil entendimento, direcionado a iniciantes.<\/p>\n<p>Inicio Imediato ap\u00f3s aprova\u00e7\u00e3o<\/p>\n<p>Aulas gravadas para voc\u00ea ver e rever quantas vezes quiser durante um ano<\/p>\n<p>D\u00favidas ser\u00e3o tiradas atrav\u00e9s do e-mail:\u00a0fa.maura@hotmail.com<\/p>\n<p>VIDEO AULA EM PORTUGU\u00caS \u2013 BR<\/p>\n","protected":false},"excerpt":{"rendered":"<p>V\u00eddeo aula passo \u00e0 passo de uma Moldura Shabby com o kit digital Kit B\u00edblia e o arquivo de corte de moldura casinha, \u00e9 um passo \u00e0 passo, simples e de f\u00e1cil entendimento, direcionado a iniciantes.<\/p>\n<p>Inicio Imediato ap\u00f3s aprova\u00e7\u00e3o<\/p>\n<p>Aulas gravadas para voc\u00ea ver e rever quantas vezes quiser durante um ano<\/p>\n<p>D\u00favidas ser\u00e3o tiradas atrav\u00e9s do e-mail:\u00a0fa.maura@hotmail.com<\/p>\n<p>VIDEO AULA EM PORTUGU\u00caS \u2013 BR<\/p>\n","protected":false},"featured_media":33927,"comment_status":"closed","ping_status":"closed","template":"","meta":{"jetpack_post_was_ever_published":false},"product_brand":[],"product_cat":[33],"product_tag":[520],"giftcard-category":[],"class_list":{"0":"post-33926","1":"product","2":"type-product","3":"status-publish","4":"has-post-thumbnail","6":"product_cat-cursos","7":"product_tag-scrapdecor","9":"first","10":"instock","11":"virtual","12":"purchasable","13":"product-type-simple"},"jetpack_sharing_enabled":true,"_links":{"self":[{"href":"https:\/\/famaura.com.br\/home\/wp-json\/wp\/v2\/product\/33926","targetHints":{"allow":["GET"]}}],"collection":[{"href":"https:\/\/famaura.com.br\/home\/wp-json\/wp\/v2\/product"}],"about":[{"href":"https:\/\/famaura.com.br\/home\/wp-json\/wp\/v2\/types\/product"}],"replies":[{"embeddable":true,"href":"https:\/\/famaura.com.br\/home\/wp-json\/wp\/v2\/comments?post=33926"}],"version-history":[{"count":1,"href":"https:\/\/famaura.com.br\/home\/wp-json\/wp\/v2\/product\/33926\/revisions"}],"predecessor-version":[{"id":33932,"href":"https:\/\/famaura.com.br\/home\/wp-json\/wp\/v2\/product\/33926\/revisions\/33932"}],"wp:featuredmedia":[{"embeddable":true,"href":"https:\/\/famaura.com.br\/home\/wp-json\/wp\/v2\/media\/33927"}],"wp:attachment":[{"href":"https:\/\/famaura.com.br\/home\/wp-json\/wp\/v2\/media?parent=33926"}],"wp:term":[{"taxonomy":"product_brand","embeddable":true,"href":"https:\/\/famaura.com.br\/home\/wp-json\/wp\/v2\/product_brand?post=33926"},{"taxonomy":"product_cat","embeddable":true,"href":"https:\/\/famaura.com.br\/home\/wp-json\/wp\/v2\/product_cat?post=33926"},{"taxonomy":"product_tag","embeddable":true,"href":"https:\/\/famaura.com.br\/home\/wp-json\/wp\/v2\/product_tag?post=33926"},{"taxonomy":"giftcard-category","embeddable":true,"href":"https:\/\/famaura.com.br\/home\/wp-json\/wp\/v2\/giftcard-category?post=33926"}],"curies":[{"name":"wp","href":"https:\/\/api.w.org\/{rel}","templated":true}]}}