{"id":34290,"date":"2023-11-19T17:24:31","date_gmt":"2023-11-19T20:24:31","guid":{"rendered":"https:\/\/famaura.com.br\/home\/?post_type=product&#038;p=34290"},"modified":"2024-05-11T23:47:27","modified_gmt":"2024-05-12T02:47:27","slug":"combo-natal-fofo","status":"publish","type":"product","link":"https:\/\/famaura.com.br\/home\/produto\/combo-natal-fofo\/","title":{"rendered":"Combo Natal Fofo"},"content":{"rendered":"<p>Combo com os kits digital, feito em alta resolu\u00e7\u00e3o, para impress\u00e3o,<br \/>\neste combo\u00a0 cont\u00e9m:<br \/>\n2 kits completos coordenados<br \/>\n1 Printable<\/p>\n<p>Sombras apenas para compor preview.<br \/>\nOs elementos foram redimensionados para melhor visualiza\u00e7\u00e3o.<\/p>\n<p>Uso pessoal e scrap para outros<br \/>\nPor favor leia o tou antes de comprar<br \/>\n<a href=\"https:\/\/famaura.com.br\/home\/termos-de-uso\/\">https:\/\/famaura.com.br\/home\/termos-de-uso\/<\/a><\/p>\n<p>Bom Scrap!<\/p>\n<p><em><strong>Aten\u00e7\u00e3o:<\/strong><\/em><br \/>\nDiga n\u00e3o \u00e0 pirataria.<br \/>\nQuando voc\u00ea valoriza o trabalho de um artista\/artes\u00e3o, incentiva ainda mais a cria\u00e7\u00e3o de novos produtos, ajuda a manter a fam\u00edlia e todo conte\u00fado pago\/gratuito.<br \/>\nValorize e apoie o nosso trabalho como artista\/artes\u00e3o.<br \/>\nTodos os arquivos deste site est\u00e3o protegidos por leis de Copyright e s\u00e3o de propriedade exclusiva FaMaura Designs. A Lei protege o criador das artes.<br \/>\nSua compra ou download gratuito de um arquivo n\u00e3o te torna propriet\u00e1rio, voc\u00ea adquire direito de us\u00e1-lo.<br \/>\nA sua ordem de compra possui uma numera\u00e7\u00e3o, essa numera\u00e7\u00e3o \u00e9 o n\u00famero da sua lince\u00e7a de uso, que \u00e9 individual e intransfer\u00edvel.<br \/>\nTodos os produtos FaMaura Designs foram criados com muito amor e dedica\u00e7\u00e3o para atender as suas necessidades<\/p>\n","protected":false},"excerpt":{"rendered":"<p>Combo com os kits digital, feito em alta resolu\u00e7\u00e3o, para impress\u00e3o,<br \/>\neste combo\u00a0 cont\u00e9m:<br \/>\n2 kits completos coordenados<br \/>\n1 Printable<\/p>\n<p>Sombras apenas para compor preview.<br \/>\nOs elementos foram redimensionados para melhor visualiza\u00e7\u00e3o.<\/p>\n<p>Uso pessoal e scrap para outros<br \/>\nPor favor leia o tou antes de comprar<br \/>\n<a href=\"https:\/\/famaura.com.br\/home\/termos-de-uso\/\">https:\/\/famaura.com.br\/home\/termos-de-uso\/<\/a><\/p>\n<p>Bom Scrap!<\/p>\n<p><em><strong>Aten\u00e7\u00e3o:<\/strong><\/em><br \/>\nDiga n\u00e3o \u00e0 pirataria.<br \/>\nQuando voc\u00ea valoriza o trabalho de um artista\/artes\u00e3o, incentiva ainda mais a cria\u00e7\u00e3o de novos produtos, ajuda a manter a fam\u00edlia e todo conte\u00fado pago\/gratuito.<br \/>\nValorize e apoie o nosso trabalho como artista\/artes\u00e3o.<br \/>\nTodos os arquivos deste site est\u00e3o protegidos por leis de Copyright e s\u00e3o de propriedade exclusiva FaMaura Designs. A Lei protege o criador das artes.<br \/>\nSua compra ou download gratuito de um arquivo n\u00e3o te torna propriet\u00e1rio, voc\u00ea adquire direito de us\u00e1-lo.<br \/>\nA sua ordem de compra possui uma numera\u00e7\u00e3o, essa numera\u00e7\u00e3o \u00e9 o n\u00famero da sua lince\u00e7a de uso, que \u00e9 individual e intransfer\u00edvel.<br \/>\nTodos os produtos FaMaura Designs foram criados com muito amor e dedica\u00e7\u00e3o para atender as suas necessidades<\/p>\n","protected":false},"featured_media":34291,"comment_status":"closed","ping_status":"closed","template":"","meta":{"jetpack_post_was_ever_published":false},"product_brand":[],"product_cat":[1052],"product_tag":[538],"giftcard-category":[],"class_list":{"0":"post-34290","1":"product","2":"type-product","3":"status-publish","4":"has-post-thumbnail","6":"product_cat-combo-de-kits","7":"product_tag-natal","9":"first","10":"instock","11":"sale","12":"downloadable","13":"virtual","14":"sold-individually","15":"purchasable","16":"product-type-simple"},"jetpack_sharing_enabled":true,"_links":{"self":[{"href":"https:\/\/famaura.com.br\/home\/wp-json\/wp\/v2\/product\/34290","targetHints":{"allow":["GET"]}}],"collection":[{"href":"https:\/\/famaura.com.br\/home\/wp-json\/wp\/v2\/product"}],"about":[{"href":"https:\/\/famaura.com.br\/home\/wp-json\/wp\/v2\/types\/product"}],"replies":[{"embeddable":true,"href":"https:\/\/famaura.com.br\/home\/wp-json\/wp\/v2\/comments?post=34290"}],"version-history":[{"count":1,"href":"https:\/\/famaura.com.br\/home\/wp-json\/wp\/v2\/product\/34290\/revisions"}],"predecessor-version":[{"id":34292,"href":"https:\/\/famaura.com.br\/home\/wp-json\/wp\/v2\/product\/34290\/revisions\/34292"}],"wp:featuredmedia":[{"embeddable":true,"href":"https:\/\/famaura.com.br\/home\/wp-json\/wp\/v2\/media\/34291"}],"wp:attachment":[{"href":"https:\/\/famaura.com.br\/home\/wp-json\/wp\/v2\/media?parent=34290"}],"wp:term":[{"taxonomy":"product_brand","embeddable":true,"href":"https:\/\/famaura.com.br\/home\/wp-json\/wp\/v2\/product_brand?post=34290"},{"taxonomy":"product_cat","embeddable":true,"href":"https:\/\/famaura.com.br\/home\/wp-json\/wp\/v2\/product_cat?post=34290"},{"taxonomy":"product_tag","embeddable":true,"href":"https:\/\/famaura.com.br\/home\/wp-json\/wp\/v2\/product_tag?post=34290"},{"taxonomy":"giftcard-category","embeddable":true,"href":"https:\/\/famaura.com.br\/home\/wp-json\/wp\/v2\/giftcard-category?post=34290"}],"curies":[{"name":"wp","href":"https:\/\/api.w.org\/{rel}","templated":true}]}}