{"id":34593,"date":"2024-01-03T13:13:39","date_gmt":"2024-01-03T16:13:39","guid":{"rendered":"https:\/\/famaura.com.br\/home\/?post_type=product&#038;p=34593"},"modified":"2025-08-26T21:13:23","modified_gmt":"2025-08-27T00:13:23","slug":"kit-olha-o-clima","status":"publish","type":"product","link":"https:\/\/famaura.com.br\/home\/produto\/kit-olha-o-clima\/","title":{"rendered":"Kit | Olha o Clima"},"content":{"rendered":"<p>Kit digital, feito em alta resolu\u00e7\u00e3o, para impress\u00e3o,<br \/>\neste kit cont\u00e9m:<br \/>\n8 pap\u00e9is em JPEG no tamanho 30,5cm X 30,5cm, separados.<br \/>\n44 elementos em PNG em tamanhos diversos separados +\u00a0Printable em PDF em tamanho A4 com os elementos<\/p>\n<p>Sombras apenas para compor preview.<br \/>\nOs elementos foram redimensionados para melhor visualiza\u00e7\u00e3o.<\/p>\n<p>Uso pessoal e scrap para outros<br \/>\nPor favor leia o tou antes de comprar<br \/>\n<a href=\"https:\/\/famaura.com.br\/home\/termos-de-uso\/\">https:\/\/famaura.com.br\/home\/termos-de-uso\/<\/a><\/p>\n<p>Bom Scrap!<\/p>\n<p><em><strong>Aten\u00e7\u00e3o:<\/strong><\/em><br \/>\nDiga n\u00e3o \u00e0 pirataria.<br \/>\nQuando voc\u00ea valoriza o trabalho de um artista\/artes\u00e3o, incentiva ainda mais a cria\u00e7\u00e3o de novos produtos, ajuda a manter a fam\u00edlia e todo conte\u00fado pago\/gratuito.<br \/>\nValorize e apoie o nosso trabalho como artista\/artes\u00e3o.<br \/>\nTodos os arquivos deste site est\u00e3o protegidos por leis de Copyright e s\u00e3o de propriedade exclusiva FaMaura Designs. A Lei protege o criador das artes.<br \/>\nSua compra ou download gratuito de um arquivo n\u00e3o te torna propriet\u00e1rio, voc\u00ea adquire direito de us\u00e1-lo.<br \/>\nA sua ordem de compra possui uma numera\u00e7\u00e3o, essa numera\u00e7\u00e3o \u00e9 o n\u00famero da sua lince\u00e7a de uso, que \u00e9 individual e intransfer\u00edvel.<br \/>\nTodos os produtos FaMaura Designs foram criados com muito amor e dedica\u00e7\u00e3o para atender as suas necessidades<\/p>\n","protected":false},"excerpt":{"rendered":"<p>Kit digital, feito em alta resolu\u00e7\u00e3o, para impress\u00e3o,<br \/>\neste kit cont\u00e9m:<br \/>\n8 pap\u00e9is em JPEG no tamanho 30,5cm X 30,5cm, separados.<br \/>\n44 elementos em PNG em tamanhos diversos separados +\u00a0Printable em PDF em tamanho A4 com os elementos<\/p>\n<p>Sombras apenas para compor preview.<br \/>\nOs elementos foram redimensionados para melhor visualiza\u00e7\u00e3o.<\/p>\n<p>Uso pessoal e scrap para outros<br \/>\nPor favor leia o tou antes de comprar<br \/>\n<a href=\"https:\/\/famaura.com.br\/home\/termos-de-uso\/\">https:\/\/famaura.com.br\/home\/termos-de-uso\/<\/a><\/p>\n<p>Bom Scrap!<\/p>\n<p><em><strong>Aten\u00e7\u00e3o:<\/strong><\/em><br \/>\nDiga n\u00e3o \u00e0 pirataria.<br \/>\nQuando voc\u00ea valoriza o trabalho de um artista\/artes\u00e3o, incentiva ainda mais a cria\u00e7\u00e3o de novos produtos, ajuda a manter a fam\u00edlia e todo conte\u00fado pago\/gratuito.<br \/>\nValorize e apoie o nosso trabalho como artista\/artes\u00e3o.<br \/>\nTodos os arquivos deste site est\u00e3o protegidos por leis de Copyright e s\u00e3o de propriedade exclusiva FaMaura Designs. A Lei protege o criador das artes.<br \/>\nSua compra ou download gratuito de um arquivo n\u00e3o te torna propriet\u00e1rio, voc\u00ea adquire direito de us\u00e1-lo.<br \/>\nA sua ordem de compra possui uma numera\u00e7\u00e3o, essa numera\u00e7\u00e3o \u00e9 o n\u00famero da sua lince\u00e7a de uso, que \u00e9 individual e intransfer\u00edvel.<br \/>\nTodos os produtos FaMaura Designs foram criados com muito amor e dedica\u00e7\u00e3o para atender as suas necessidades<\/p>\n","protected":false},"featured_media":34586,"comment_status":"closed","ping_status":"closed","template":"","meta":{"jetpack_post_was_ever_published":false},"product_brand":[],"product_cat":[1013,31],"product_tag":[1071],"giftcard-category":[],"class_list":{"0":"post-34593","1":"product","2":"type-product","3":"status-publish","4":"has-post-thumbnail","6":"product_cat-bazaar","7":"product_cat-kits-digitais","8":"product_tag-estacoes-do-ano","10":"first","11":"instock","12":"sale","13":"downloadable","14":"virtual","15":"sold-individually","16":"purchasable","17":"product-type-simple"},"jetpack_sharing_enabled":true,"_links":{"self":[{"href":"https:\/\/famaura.com.br\/home\/wp-json\/wp\/v2\/product\/34593","targetHints":{"allow":["GET"]}}],"collection":[{"href":"https:\/\/famaura.com.br\/home\/wp-json\/wp\/v2\/product"}],"about":[{"href":"https:\/\/famaura.com.br\/home\/wp-json\/wp\/v2\/types\/product"}],"replies":[{"embeddable":true,"href":"https:\/\/famaura.com.br\/home\/wp-json\/wp\/v2\/comments?post=34593"}],"version-history":[{"count":2,"href":"https:\/\/famaura.com.br\/home\/wp-json\/wp\/v2\/product\/34593\/revisions"}],"predecessor-version":[{"id":35478,"href":"https:\/\/famaura.com.br\/home\/wp-json\/wp\/v2\/product\/34593\/revisions\/35478"}],"wp:featuredmedia":[{"embeddable":true,"href":"https:\/\/famaura.com.br\/home\/wp-json\/wp\/v2\/media\/34586"}],"wp:attachment":[{"href":"https:\/\/famaura.com.br\/home\/wp-json\/wp\/v2\/media?parent=34593"}],"wp:term":[{"taxonomy":"product_brand","embeddable":true,"href":"https:\/\/famaura.com.br\/home\/wp-json\/wp\/v2\/product_brand?post=34593"},{"taxonomy":"product_cat","embeddable":true,"href":"https:\/\/famaura.com.br\/home\/wp-json\/wp\/v2\/product_cat?post=34593"},{"taxonomy":"product_tag","embeddable":true,"href":"https:\/\/famaura.com.br\/home\/wp-json\/wp\/v2\/product_tag?post=34593"},{"taxonomy":"giftcard-category","embeddable":true,"href":"https:\/\/famaura.com.br\/home\/wp-json\/wp\/v2\/giftcard-category?post=34593"}],"curies":[{"name":"wp","href":"https:\/\/api.w.org\/{rel}","templated":true}]}}