{"id":34625,"date":"2024-01-03T18:25:40","date_gmt":"2024-01-03T21:25:40","guid":{"rendered":"https:\/\/famaura.com.br\/home\/?post_type=product&#038;p=34625"},"modified":"2025-08-26T21:12:59","modified_gmt":"2025-08-27T00:12:59","slug":"alfabeto-kit-olha-o-clima","status":"publish","type":"product","link":"https:\/\/famaura.com.br\/home\/produto\/alfabeto-kit-olha-o-clima\/","title":{"rendered":"Alfabeto | Kit Olha o Clima"},"content":{"rendered":"<p>1 pacote de alfa em PNG , em alta resolu\u00e7\u00e3o, para impress\u00e3o, este kit cont\u00e9m: * a \/ z * . Os arquivos PNG separados. resolu\u00e7\u00e3o de 300 dpi e Printable em PDF<\/p>\n<p>Sombras apenas para compor preview.<br \/>\nOs elementos foram redimensionados para melhor visualiza\u00e7\u00e3o.<\/p>\n<p>Uso pessoal e scrap para outros<br \/>\nPor favor leia o tou antes de comprar<br \/>\n<a href=\"https:\/\/famaura.com.br\/home\/termos-de-uso\/\">https:\/\/famaura.com.br\/home\/termos-de-uso\/<\/a><\/p>\n<p>Bom Scrap!<\/p>\n","protected":false},"excerpt":{"rendered":"<p>1 pacote de alfa em PNG , em alta resolu\u00e7\u00e3o, para impress\u00e3o, este kit cont\u00e9m: * a \/ z * . Os arquivos PNG separados. resolu\u00e7\u00e3o de 300 dpi e Printable em PDF<\/p>\n<p>Sombras apenas para compor preview.<br \/>\nOs elementos foram redimensionados para melhor visualiza\u00e7\u00e3o.<\/p>\n<p>Uso pessoal e scrap para outros<br \/>\nPor favor leia o tou antes de comprar<br \/>\n<a href=\"https:\/\/famaura.com.br\/home\/termos-de-uso\/\">https:\/\/famaura.com.br\/home\/termos-de-uso\/<\/a><\/p>\n<p>Bom Scrap!<\/p>\n","protected":false},"featured_media":34615,"comment_status":"closed","ping_status":"closed","template":"","meta":{"jetpack_post_was_ever_published":false},"product_brand":[],"product_cat":[34,1013],"product_tag":[1071],"giftcard-category":[],"class_list":{"0":"post-34625","1":"product","2":"type-product","3":"status-publish","4":"has-post-thumbnail","6":"product_cat-alfabetos","7":"product_cat-bazaar","8":"product_tag-estacoes-do-ano","10":"first","11":"instock","12":"sale","13":"downloadable","14":"virtual","15":"sold-individually","16":"purchasable","17":"product-type-simple"},"jetpack_sharing_enabled":true,"_links":{"self":[{"href":"https:\/\/famaura.com.br\/home\/wp-json\/wp\/v2\/product\/34625","targetHints":{"allow":["GET"]}}],"collection":[{"href":"https:\/\/famaura.com.br\/home\/wp-json\/wp\/v2\/product"}],"about":[{"href":"https:\/\/famaura.com.br\/home\/wp-json\/wp\/v2\/types\/product"}],"replies":[{"embeddable":true,"href":"https:\/\/famaura.com.br\/home\/wp-json\/wp\/v2\/comments?post=34625"}],"version-history":[{"count":1,"href":"https:\/\/famaura.com.br\/home\/wp-json\/wp\/v2\/product\/34625\/revisions"}],"predecessor-version":[{"id":34627,"href":"https:\/\/famaura.com.br\/home\/wp-json\/wp\/v2\/product\/34625\/revisions\/34627"}],"wp:featuredmedia":[{"embeddable":true,"href":"https:\/\/famaura.com.br\/home\/wp-json\/wp\/v2\/media\/34615"}],"wp:attachment":[{"href":"https:\/\/famaura.com.br\/home\/wp-json\/wp\/v2\/media?parent=34625"}],"wp:term":[{"taxonomy":"product_brand","embeddable":true,"href":"https:\/\/famaura.com.br\/home\/wp-json\/wp\/v2\/product_brand?post=34625"},{"taxonomy":"product_cat","embeddable":true,"href":"https:\/\/famaura.com.br\/home\/wp-json\/wp\/v2\/product_cat?post=34625"},{"taxonomy":"product_tag","embeddable":true,"href":"https:\/\/famaura.com.br\/home\/wp-json\/wp\/v2\/product_tag?post=34625"},{"taxonomy":"giftcard-category","embeddable":true,"href":"https:\/\/famaura.com.br\/home\/wp-json\/wp\/v2\/giftcard-category?post=34625"}],"curies":[{"name":"wp","href":"https:\/\/api.w.org\/{rel}","templated":true}]}}