{"id":34752,"date":"2024-01-24T22:42:18","date_gmt":"2024-01-25T01:42:18","guid":{"rendered":"https:\/\/famaura.com.br\/home\/?post_type=product&#038;p=34752"},"modified":"2024-01-24T22:42:18","modified_gmt":"2024-01-25T01:42:18","slug":"miolo-linha-basica-pontilhado","status":"publish","type":"product","link":"https:\/\/famaura.com.br\/home\/produto\/miolo-linha-basica-pontilhado\/","title":{"rendered":"Miolo | Linha B\u00e1sica | Pontilhado"},"content":{"rendered":"<p>Printable, feito em alta resolu\u00e7\u00e3o, para impress\u00e3o, para cria\u00e7\u00e3o de projetos como cadernos, travel notebooks, agendas, planners e smash books, este kit digital cont\u00e9m:<br \/>\n1 Printable em PDF com 1 p\u00e1gina em pontilhado no tamanho A4 para criar f\u00f3lio.<br \/>\n1 Printable em PDF com 1 p\u00e1gina em pontilhado no tamanho A5<br \/>\n1 Printable em PDF com 1 p\u00e1gina em pontilhado no tamanho 18x18cm<\/p>\n<p>Esse \u00e9 um produto de uso pessoal, n\u00e3o pode ser comercializado.<\/p>\n<p>Sombras apenas para compor preview.<br \/>\nOs elementos foram redimensionados para melhor visualiza\u00e7\u00e3o.<\/p>\n<p>Uso pessoal e scrap para outros<br \/>\nPor favor leia o tou antes de comprar<\/p>\n<blockquote class=\"wp-embedded-content\" data-secret=\"llAmVzpBXL\"><p><a href=\"https:\/\/famaura.com.br\/home\/termos-de-uso\/\">Termos de Uso<\/a><\/p><\/blockquote>\n<p><iframe class=\"wp-embedded-content\" sandbox=\"allow-scripts\" security=\"restricted\" style=\"position: absolute; clip: rect(1px, 1px, 1px, 1px);\" title=\"&#8220;Termos de Uso&#8221; &#8212; FaMaura Scrapbook &amp; Craft\" src=\"https:\/\/famaura.com.br\/home\/termos-de-uso\/embed\/#?secret=N7Z3QGrH7H#?secret=llAmVzpBXL\" data-secret=\"llAmVzpBXL\" width=\"600\" height=\"338\" frameborder=\"0\" marginwidth=\"0\" marginheight=\"0\" scrolling=\"no\"><\/iframe><\/p>\n<p>Bom Scrap!<\/p>\n<p><em><strong>Aten\u00e7\u00e3o:<\/strong><\/em><br \/>\nDiga n\u00e3o \u00e0 pirataria.<br \/>\nQuando voc\u00ea valoriza o trabalho de um artista\/artes\u00e3o, incentiva ainda mais a cria\u00e7\u00e3o de novos produtos, ajuda a manter a fam\u00edlia e todo conte\u00fado pago\/gratuito.<br \/>\nValorize e apoie o nosso trabalho como artista\/artes\u00e3o.<br \/>\nTodos os arquivos deste site est\u00e3o protegidos por leis de Copyright e s\u00e3o de propriedade exclusiva FaMaura Designs. A Lei protege o criador das artes.<br \/>\nSua compra ou download gratuito de um arquivo n\u00e3o te torna propriet\u00e1rio, voc\u00ea adquire direito de us\u00e1-lo.<br \/>\nA sua ordem de compra possui uma numera\u00e7\u00e3o, essa numera\u00e7\u00e3o \u00e9 o n\u00famero da sua lince\u00e7a de uso, que \u00e9 individual e intransfer\u00edvel.<br \/>\nTodos os produtos FaMaura Designs foram criados com muito amor e dedica\u00e7\u00e3o para atender as suas necessidades<\/p>\n","protected":false},"excerpt":{"rendered":"<p>Printable, feito em alta resolu\u00e7\u00e3o, para impress\u00e3o, para cria\u00e7\u00e3o de projetos como cadernos, travel notebooks, agendas, planners e smash books, este kit digital cont\u00e9m:<br \/>\n1 Printable em PDF com 1 p\u00e1gina em pontilhado no tamanho A4 para criar f\u00f3lio.<br \/>\n1 Printable em PDF com 1 p\u00e1gina em pontilhado no tamanho A5<br \/>\n1 Printable em PDF com 1 p\u00e1gina em pontilhado no tamanho 18x18cm<\/p>\n<p>Esse \u00e9 um produto de uso pessoal, n\u00e3o pode ser comercializado.<\/p>\n<p>Sombras apenas para compor preview.<br \/>\nOs elementos foram redimensionados para melhor visualiza\u00e7\u00e3o.<\/p>\n<p>Uso pessoal e scrap para outros<br \/>\nPor favor leia o tou antes de comprar<br \/>\nhttps:\/\/famaura.com.br\/home\/termos-de-uso\/<\/p>\n<p>Bom Scrap!<\/p>\n<p><em><strong>Aten\u00e7\u00e3o:<\/strong><\/em><br \/>\nDiga n\u00e3o \u00e0 pirataria.<br \/>\nQuando voc\u00ea valoriza o trabalho de um artista\/artes\u00e3o, incentiva ainda mais a cria\u00e7\u00e3o de novos produtos, ajuda a manter a fam\u00edlia e todo conte\u00fado pago\/gratuito.<br \/>\nValorize e apoie o nosso trabalho como artista\/artes\u00e3o.<br \/>\nTodos os arquivos deste site est\u00e3o protegidos por leis de Copyright e s\u00e3o de propriedade exclusiva FaMaura Designs. A Lei protege o criador das artes.<br \/>\nSua compra ou download gratuito de um arquivo n\u00e3o te torna propriet\u00e1rio, voc\u00ea adquire direito de us\u00e1-lo.<br \/>\nA sua ordem de compra possui uma numera\u00e7\u00e3o, essa numera\u00e7\u00e3o \u00e9 o n\u00famero da sua lince\u00e7a de uso, que \u00e9 individual e intransfer\u00edvel.<br \/>\nTodos os produtos FaMaura Designs foram criados com muito amor e dedica\u00e7\u00e3o para atender as suas necessidades<\/p>\n","protected":false},"featured_media":34748,"comment_status":"closed","ping_status":"closed","template":"","meta":{"jetpack_post_was_ever_published":false},"product_brand":[],"product_cat":[937],"product_tag":[],"giftcard-category":[],"class_list":{"0":"post-34752","1":"product","2":"type-product","3":"status-publish","4":"has-post-thumbnail","6":"product_cat-miolo-planners","8":"first","9":"instock","10":"downloadable","11":"virtual","12":"sold-individually","13":"purchasable","14":"product-type-simple"},"jetpack_sharing_enabled":true,"_links":{"self":[{"href":"https:\/\/famaura.com.br\/home\/wp-json\/wp\/v2\/product\/34752","targetHints":{"allow":["GET"]}}],"collection":[{"href":"https:\/\/famaura.com.br\/home\/wp-json\/wp\/v2\/product"}],"about":[{"href":"https:\/\/famaura.com.br\/home\/wp-json\/wp\/v2\/types\/product"}],"replies":[{"embeddable":true,"href":"https:\/\/famaura.com.br\/home\/wp-json\/wp\/v2\/comments?post=34752"}],"version-history":[{"count":1,"href":"https:\/\/famaura.com.br\/home\/wp-json\/wp\/v2\/product\/34752\/revisions"}],"predecessor-version":[{"id":34753,"href":"https:\/\/famaura.com.br\/home\/wp-json\/wp\/v2\/product\/34752\/revisions\/34753"}],"wp:featuredmedia":[{"embeddable":true,"href":"https:\/\/famaura.com.br\/home\/wp-json\/wp\/v2\/media\/34748"}],"wp:attachment":[{"href":"https:\/\/famaura.com.br\/home\/wp-json\/wp\/v2\/media?parent=34752"}],"wp:term":[{"taxonomy":"product_brand","embeddable":true,"href":"https:\/\/famaura.com.br\/home\/wp-json\/wp\/v2\/product_brand?post=34752"},{"taxonomy":"product_cat","embeddable":true,"href":"https:\/\/famaura.com.br\/home\/wp-json\/wp\/v2\/product_cat?post=34752"},{"taxonomy":"product_tag","embeddable":true,"href":"https:\/\/famaura.com.br\/home\/wp-json\/wp\/v2\/product_tag?post=34752"},{"taxonomy":"giftcard-category","embeddable":true,"href":"https:\/\/famaura.com.br\/home\/wp-json\/wp\/v2\/giftcard-category?post=34752"}],"curies":[{"name":"wp","href":"https:\/\/api.w.org\/{rel}","templated":true}]}}