{"id":34755,"date":"2024-02-02T00:01:15","date_gmt":"2024-02-02T03:01:15","guid":{"rendered":"https:\/\/famaura.com.br\/home\/?post_type=product&#038;p=34755"},"modified":"2024-07-10T17:48:59","modified_gmt":"2024-07-10T20:48:59","slug":"kit-oie-amor","status":"publish","type":"product","link":"https:\/\/famaura.com.br\/home\/produto\/kit-oie-amor\/","title":{"rendered":"Kit | Oie Amor"},"content":{"rendered":"<p>Kit digital, feito em alta resolu\u00e7\u00e3o, para impress\u00e3o,<br \/>\neste kit cont\u00e9m:<br \/>\n<strong>10 pap\u00e9is em JPEG no tamanho 30,5cm X 30,5cm, separados.<\/strong><br \/>\n<strong>36 elementos em PNG em tamanhos diversos separados + Printable em PDF em tamanho A4 com os elementos<\/strong><br \/>\n<strong>12 cards em PNG no tamanho\u00a0 7,6X10cm + Printable em PDF em tamanho A4 com os cards + bonus palavras e washtape<\/strong><br \/>\n<strong>16 doodles em PNG em tamanhos diversos separados + Printable em PDF em tamanho A4\u00a0<\/strong><br \/>\n<strong>8 cameras com palavras em PNG em tamanhos diversos separados + Printable em PDF em tamanho A4 + b\u00f4nus bal\u00e3o de falar e cora\u00e7\u00f5es.<br \/>\nTotal de imagens: 82 (R$1,70 por imagem)<br \/>\nB\u00f4nus Printable com 3 tags e 2 bolsos em formato PDF A4<\/strong><\/p>\n<p>Sombras apenas para compor preview.<br \/>\nOs elementos foram redimensionados para melhor visualiza\u00e7\u00e3o.<\/p>\n<p>Uso pessoal e scrap para outros<br \/>\nPor favor leia o tou antes de comprar<br \/>\n<strong>https:\/\/famaura.com.br\/home\/termos-de-uso\/<\/strong><\/p>\n<p>Bom Scrap!<\/p>\n<p>Aten\u00e7\u00e3o:<br \/>\nDiga n\u00e3o \u00e0 pirataria.<br \/>\nQuando voc\u00ea valoriza o trabalho de um artista\/artes\u00e3o, incentiva ainda mais a cria\u00e7\u00e3o de novos produtos, ajuda a manter a fam\u00edlia e todo conte\u00fado pago\/gratuito.<br \/>\nValorize e apoie o nosso trabalho como artista\/artes\u00e3o.<br \/>\nTodos os arquivos deste site est\u00e3o protegidos por leis de Copyright e s\u00e3o de propriedade exclusiva FaMaura Designs. A Lei protege o criador das artes.<br \/>\nSua compra ou download gratuito de um arquivo n\u00e3o te torna propriet\u00e1rio, voc\u00ea adquire direito de us\u00e1-lo.<br \/>\nA sua ordem de compra possui uma numera\u00e7\u00e3o, essa numera\u00e7\u00e3o \u00e9 o n\u00famero da sua lince\u00e7a de uso, que \u00e9 individual e intransfer\u00edvel.<br \/>\nTodos os produtos FaMaura Designs foram criados com muito amor e dedica\u00e7\u00e3o para atender as suas necessidades<\/p>\n","protected":false},"excerpt":{"rendered":"<p>Kit digital, feito em alta resolu\u00e7\u00e3o, para impress\u00e3o,<br \/>\neste kit cont\u00e9m:<br \/>\n<strong>10 pap\u00e9is em JPEG no tamanho 30,5cm X 30,5cm, separados.<\/strong><br \/>\n<strong>36 elementos em PNG em tamanhos diversos separados + Printable em PDF em tamanho A4 com os elementos<\/strong><br \/>\n<strong>12 cards em PNG no tamanho\u00a0 7,6X10cm + Printable em PDF em tamanho A4 com os cards + bonus palavras e washtape<\/strong><br \/>\n<strong>16 doodles em PNG em tamanhos diversos separados + Printable em PDF em tamanho A4\u00a0<\/strong><br \/>\n<strong>8 cameras com palavras em PNG em tamanhos diversos separados + Printable em PDF em tamanho A4 + b\u00f4nus bal\u00e3o de falar e cora\u00e7\u00f5es.<br \/>\nTotal de imagens: 82 (R$1,70 por imagem)<br \/>\nB\u00f4nus Printable com 3 tags e 2 bolsos em formato PDF A4<\/strong><\/p>\n<p>Sombras apenas para compor preview.<br \/>\nOs elementos foram redimensionados para melhor visualiza\u00e7\u00e3o.<\/p>\n<p>Uso pessoal e scrap para outros<br \/>\nPor favor leia o tou antes de comprar<br \/>\n<strong>https:\/\/famaura.com.br\/home\/termos-de-uso\/<\/strong><\/p>\n<p>Bom Scrap!<\/p>\n<p>Aten\u00e7\u00e3o:<br \/>\nDiga n\u00e3o \u00e0 pirataria.<br \/>\nQuando voc\u00ea valoriza o trabalho de um artista\/artes\u00e3o, incentiva ainda mais a cria\u00e7\u00e3o de novos produtos, ajuda a manter a fam\u00edlia e todo conte\u00fado pago\/gratuito.<br \/>\nValorize e apoie o nosso trabalho como artista\/artes\u00e3o.<br \/>\nTodos os arquivos deste site est\u00e3o protegidos por leis de Copyright e s\u00e3o de propriedade exclusiva FaMaura Designs. A Lei protege o criador das artes.<br \/>\nSua compra ou download gratuito de um arquivo n\u00e3o te torna propriet\u00e1rio, voc\u00ea adquire direito de us\u00e1-lo.<br \/>\nA sua ordem de compra possui uma numera\u00e7\u00e3o, essa numera\u00e7\u00e3o \u00e9 o n\u00famero da sua lince\u00e7a de uso, que \u00e9 individual e intransfer\u00edvel.<br \/>\nTodos os produtos FaMaura Designs foram criados com muito amor e dedica\u00e7\u00e3o para atender as suas necessidades<\/p>\n","protected":false},"featured_media":34735,"comment_status":"open","ping_status":"closed","template":"","meta":{"jetpack_post_was_ever_published":false},"product_brand":[],"product_cat":[31],"product_tag":[706,655,1074,654],"giftcard-category":[],"class_list":{"0":"post-34755","1":"product","2":"type-product","3":"status-publish","4":"has-post-thumbnail","6":"product_cat-kits-digitais","7":"product_tag-anjos","8":"product_tag-dia-dos-namorados","9":"product_tag-oie-amor","10":"product_tag-valentines-day","12":"first","13":"instock","14":"downloadable","15":"virtual","16":"sold-individually","17":"purchasable","18":"product-type-simple"},"jetpack_sharing_enabled":true,"_links":{"self":[{"href":"https:\/\/famaura.com.br\/home\/wp-json\/wp\/v2\/product\/34755","targetHints":{"allow":["GET"]}}],"collection":[{"href":"https:\/\/famaura.com.br\/home\/wp-json\/wp\/v2\/product"}],"about":[{"href":"https:\/\/famaura.com.br\/home\/wp-json\/wp\/v2\/types\/product"}],"replies":[{"embeddable":true,"href":"https:\/\/famaura.com.br\/home\/wp-json\/wp\/v2\/comments?post=34755"}],"version-history":[{"count":4,"href":"https:\/\/famaura.com.br\/home\/wp-json\/wp\/v2\/product\/34755\/revisions"}],"predecessor-version":[{"id":36355,"href":"https:\/\/famaura.com.br\/home\/wp-json\/wp\/v2\/product\/34755\/revisions\/36355"}],"wp:featuredmedia":[{"embeddable":true,"href":"https:\/\/famaura.com.br\/home\/wp-json\/wp\/v2\/media\/34735"}],"wp:attachment":[{"href":"https:\/\/famaura.com.br\/home\/wp-json\/wp\/v2\/media?parent=34755"}],"wp:term":[{"taxonomy":"product_brand","embeddable":true,"href":"https:\/\/famaura.com.br\/home\/wp-json\/wp\/v2\/product_brand?post=34755"},{"taxonomy":"product_cat","embeddable":true,"href":"https:\/\/famaura.com.br\/home\/wp-json\/wp\/v2\/product_cat?post=34755"},{"taxonomy":"product_tag","embeddable":true,"href":"https:\/\/famaura.com.br\/home\/wp-json\/wp\/v2\/product_tag?post=34755"},{"taxonomy":"giftcard-category","embeddable":true,"href":"https:\/\/famaura.com.br\/home\/wp-json\/wp\/v2\/giftcard-category?post=34755"}],"curies":[{"name":"wp","href":"https:\/\/api.w.org\/{rel}","templated":true}]}}