{"id":35827,"date":"2024-04-18T19:34:07","date_gmt":"2024-04-18T22:34:07","guid":{"rendered":"https:\/\/famaura.com.br\/home\/?post_type=product&#038;p=35827"},"modified":"2024-09-03T20:25:41","modified_gmt":"2024-09-03T23:25:41","slug":"alfabeto-doodles-preto-xadrez","status":"publish","type":"product","link":"https:\/\/famaura.com.br\/home\/produto\/alfabeto-doodles-preto-xadrez\/","title":{"rendered":"Alfabeto | Doodles Preto Xadrez"},"content":{"rendered":"<p>1 pacote de alfa em PNG , em alta resolu\u00e7\u00e3o, para impress\u00e3o, este kit cont\u00e9m: * a \/ z * e n\u00fameros. Os arquivos est\u00e3o agrupados em tamanho A4, 30X30 e Printable PDF com resolu\u00e7\u00e3o de 300 dpi<\/p>\n<p>Sombras apenas para compor preview.<br \/>\nOs elementos foram redimensionados para melhor visualiza\u00e7\u00e3o.<\/p>\n<p>Uso pessoal e scrap para outros<br \/>\nPor favor leia o tou antes de comprar<br \/>\n<a href=\"https:\/\/famaura.com.br\/home\/termos-de-uso\/\">https:\/\/famaura.com.br\/home\/termos-de-uso\/<\/a><\/p>\n<p>Bom Scrap!<\/p>\n","protected":false},"excerpt":{"rendered":"<p>1 pacote de alfa em PNG , em alta resolu\u00e7\u00e3o, para impress\u00e3o, este kit cont\u00e9m: * a \/ z * e n\u00fameros. Os arquivos est\u00e3o agrupados em tamanho A4, 30X30 e Printable PDF com resolu\u00e7\u00e3o de 300 dpi<\/p>\n<p>Sombras apenas para compor preview.<br \/>\nOs elementos foram redimensionados para melhor visualiza\u00e7\u00e3o.<\/p>\n<p>Uso pessoal e scrap para outros<br \/>\nPor favor leia o tou antes de comprar<br \/>\n<a href=\"https:\/\/famaura.com.br\/home\/termos-de-uso\/\">https:\/\/famaura.com.br\/home\/termos-de-uso\/<\/a><\/p>\n<p>Bom Scrap!<\/p>\n","protected":false},"featured_media":35814,"comment_status":"open","ping_status":"closed","template":"","meta":{"jetpack_post_was_ever_published":false},"product_brand":[],"product_cat":[34],"product_tag":[],"giftcard-category":[],"class_list":{"0":"post-35827","1":"product","2":"type-product","3":"status-publish","4":"has-post-thumbnail","6":"product_cat-alfabetos","8":"first","9":"instock","10":"downloadable","11":"virtual","12":"sold-individually","13":"purchasable","14":"product-type-simple"},"jetpack_sharing_enabled":true,"_links":{"self":[{"href":"https:\/\/famaura.com.br\/home\/wp-json\/wp\/v2\/product\/35827","targetHints":{"allow":["GET"]}}],"collection":[{"href":"https:\/\/famaura.com.br\/home\/wp-json\/wp\/v2\/product"}],"about":[{"href":"https:\/\/famaura.com.br\/home\/wp-json\/wp\/v2\/types\/product"}],"replies":[{"embeddable":true,"href":"https:\/\/famaura.com.br\/home\/wp-json\/wp\/v2\/comments?post=35827"}],"version-history":[{"count":1,"href":"https:\/\/famaura.com.br\/home\/wp-json\/wp\/v2\/product\/35827\/revisions"}],"predecessor-version":[{"id":35828,"href":"https:\/\/famaura.com.br\/home\/wp-json\/wp\/v2\/product\/35827\/revisions\/35828"}],"wp:featuredmedia":[{"embeddable":true,"href":"https:\/\/famaura.com.br\/home\/wp-json\/wp\/v2\/media\/35814"}],"wp:attachment":[{"href":"https:\/\/famaura.com.br\/home\/wp-json\/wp\/v2\/media?parent=35827"}],"wp:term":[{"taxonomy":"product_brand","embeddable":true,"href":"https:\/\/famaura.com.br\/home\/wp-json\/wp\/v2\/product_brand?post=35827"},{"taxonomy":"product_cat","embeddable":true,"href":"https:\/\/famaura.com.br\/home\/wp-json\/wp\/v2\/product_cat?post=35827"},{"taxonomy":"product_tag","embeddable":true,"href":"https:\/\/famaura.com.br\/home\/wp-json\/wp\/v2\/product_tag?post=35827"},{"taxonomy":"giftcard-category","embeddable":true,"href":"https:\/\/famaura.com.br\/home\/wp-json\/wp\/v2\/giftcard-category?post=35827"}],"curies":[{"name":"wp","href":"https:\/\/api.w.org\/{rel}","templated":true}]}}