{"id":36212,"date":"2012-01-18T18:53:58","date_gmt":"2012-01-18T21:53:58","guid":{"rendered":"https:\/\/famaura.com.br\/home\/?post_type=product&#038;p=36212"},"modified":"2024-06-25T19:20:11","modified_gmt":"2024-06-25T22:20:11","slug":"elementos-renda-e-crochet","status":"publish","type":"product","link":"https:\/\/famaura.com.br\/home\/produto\/elementos-renda-e-crochet\/","title":{"rendered":"Elementos | Renda e Crochet"},"content":{"rendered":"<p>Elementos fotografados e tratados (manualmente por FaMaura) para usar digitalmente em seus projetos de scra, feito em alta resolu\u00e7\u00e3o para impress\u00e3o,<br \/>\neste pacote cont\u00e9m:<br \/>\n<strong>2 elementos em PNG em tamanhos diversos separados\u00a0<\/strong><\/p>\n<p>Sombras apenas para compor preview.<br \/>\nOs elementos foram redimensionados para melhor visualiza\u00e7\u00e3o.<\/p>\n<p><strong>Pode ser usado de forma comercial ou pessoal.<\/strong><br \/>\n<strong>Por favor leia o tou antes de comprar<\/strong><br \/>\n<strong>https:\/\/famaura.com.br\/home\/termos-de-uso\/<\/strong><\/p>\n<p>D\u00favidas entre em contato.<\/p>\n<p>Bom Scrap!<\/p>\n<p>Aten\u00e7\u00e3o:<br \/>\nDiga n\u00e3o \u00e0 pirataria.<br \/>\nQuando voc\u00ea valoriza o trabalho de um artista\/artes\u00e3o, incentiva ainda mais a cria\u00e7\u00e3o de novos produtos, ajuda a manter a fam\u00edlia e todo conte\u00fado pago\/gratuito.<br \/>\nValorize e apoie o nosso trabalho como artista\/artes\u00e3o.<br \/>\nTodos os arquivos deste site est\u00e3o protegidos por leis de Copyright e s\u00e3o de propriedade exclusiva FaMaura Designs. A Lei protege o criador das artes.<br \/>\nSua compra ou download gratuito de um arquivo n\u00e3o te torna propriet\u00e1rio, voc\u00ea adquire direito de us\u00e1-lo.<br \/>\nA sua ordem de compra possui uma numera\u00e7\u00e3o, essa numera\u00e7\u00e3o \u00e9 o n\u00famero da sua licen\u00e7a de uso, que \u00e9 individual e intransfer\u00edvel.<br \/>\nTodos os produtos FaMaura Designs foram criados com muito amor e dedica\u00e7\u00e3o para atender as suas necessidades<\/p>\n","protected":false},"excerpt":{"rendered":"<p>Elementos fotografados e tratados (manualmente por FaMaura) para usar digitalmente em seus projetos de scra, feito em alta resolu\u00e7\u00e3o para impress\u00e3o,<br \/>\neste pacote cont\u00e9m:<br \/>\n<strong>2 elementos em PNG em tamanhos diversos separados\u00a0<\/strong><\/p>\n<p>Sombras apenas para compor preview.<br \/>\nOs elementos foram redimensionados para melhor visualiza\u00e7\u00e3o.<\/p>\n<p><strong>Pode ser usado de forma comercial ou pessoal.<\/strong><br \/>\n<strong>Por favor leia o tou antes de comprar<\/strong><br \/>\n<strong>https:\/\/famaura.com.br\/home\/termos-de-uso\/<\/strong><\/p>\n<p>D\u00favidas entre em contato.<\/p>\n<p>Bom Scrap!<\/p>\n<p>Aten\u00e7\u00e3o:<br \/>\nDiga n\u00e3o \u00e0 pirataria.<br \/>\nQuando voc\u00ea valoriza o trabalho de um artista\/artes\u00e3o, incentiva ainda mais a cria\u00e7\u00e3o de novos produtos, ajuda a manter a fam\u00edlia e todo conte\u00fado pago\/gratuito.<br \/>\nValorize e apoie o nosso trabalho como artista\/artes\u00e3o.<br \/>\nTodos os arquivos deste site est\u00e3o protegidos por leis de Copyright e s\u00e3o de propriedade exclusiva FaMaura Designs. A Lei protege o criador das artes.<br \/>\nSua compra ou download gratuito de um arquivo n\u00e3o te torna propriet\u00e1rio, voc\u00ea adquire direito de us\u00e1-lo.<br \/>\nA sua ordem de compra possui uma numera\u00e7\u00e3o, essa numera\u00e7\u00e3o \u00e9 o n\u00famero da sua licen\u00e7a de uso, que \u00e9 individual e intransfer\u00edvel.<br \/>\nTodos os produtos FaMaura Designs foram criados com muito amor e dedica\u00e7\u00e3o para atender as suas necessidades<\/p>\n","protected":false},"featured_media":36206,"comment_status":"open","ping_status":"closed","template":"","meta":{"jetpack_post_was_ever_published":false},"product_brand":[],"product_cat":[1110,1108],"product_tag":[],"giftcard-category":[],"class_list":{"0":"post-36212","1":"product","2":"type-product","3":"status-publish","4":"has-post-thumbnail","6":"product_cat-crochet-rendas-tules","7":"product_cat-elementos-cuse","9":"first","10":"instock","11":"downloadable","12":"virtual","13":"sold-individually","14":"purchasable","15":"product-type-simple"},"jetpack_sharing_enabled":true,"_links":{"self":[{"href":"https:\/\/famaura.com.br\/home\/wp-json\/wp\/v2\/product\/36212","targetHints":{"allow":["GET"]}}],"collection":[{"href":"https:\/\/famaura.com.br\/home\/wp-json\/wp\/v2\/product"}],"about":[{"href":"https:\/\/famaura.com.br\/home\/wp-json\/wp\/v2\/types\/product"}],"replies":[{"embeddable":true,"href":"https:\/\/famaura.com.br\/home\/wp-json\/wp\/v2\/comments?post=36212"}],"version-history":[{"count":3,"href":"https:\/\/famaura.com.br\/home\/wp-json\/wp\/v2\/product\/36212\/revisions"}],"predecessor-version":[{"id":36219,"href":"https:\/\/famaura.com.br\/home\/wp-json\/wp\/v2\/product\/36212\/revisions\/36219"}],"wp:featuredmedia":[{"embeddable":true,"href":"https:\/\/famaura.com.br\/home\/wp-json\/wp\/v2\/media\/36206"}],"wp:attachment":[{"href":"https:\/\/famaura.com.br\/home\/wp-json\/wp\/v2\/media?parent=36212"}],"wp:term":[{"taxonomy":"product_brand","embeddable":true,"href":"https:\/\/famaura.com.br\/home\/wp-json\/wp\/v2\/product_brand?post=36212"},{"taxonomy":"product_cat","embeddable":true,"href":"https:\/\/famaura.com.br\/home\/wp-json\/wp\/v2\/product_cat?post=36212"},{"taxonomy":"product_tag","embeddable":true,"href":"https:\/\/famaura.com.br\/home\/wp-json\/wp\/v2\/product_tag?post=36212"},{"taxonomy":"giftcard-category","embeddable":true,"href":"https:\/\/famaura.com.br\/home\/wp-json\/wp\/v2\/giftcard-category?post=36212"}],"curies":[{"name":"wp","href":"https:\/\/api.w.org\/{rel}","templated":true}]}}