{"id":36280,"date":"2024-07-04T19:24:18","date_gmt":"2024-07-04T22:24:18","guid":{"rendered":"https:\/\/famaura.com.br\/home\/?post_type=product&#038;p=36280"},"modified":"2025-08-26T21:22:39","modified_gmt":"2025-08-27T00:22:39","slug":"video-aula-projeto-mini-album-junino-2024","status":"publish","type":"product","link":"https:\/\/famaura.com.br\/home\/produto\/video-aula-projeto-mini-album-junino-2024\/","title":{"rendered":"V\u00eddeo Aula Projeto Mini \u00c1lbum Junino 2024"},"content":{"rendered":"<p>V\u00eddeo Aula Projeto Mini \u00c1lbum Junino 2024 by Fa Maura, \u00e9 um curso b\u00e1sico, simples e de f\u00e1cil entendimento, direcionado a iniciantes que desejam aprender a criar seus mini \u00e1lbuns do zero para seu uso ou para venda.<\/p>\n<p>Kit Digital\u00a0usado\u00a0Junino 2024 n\u00e3o\u00a0Incluso<\/p>\n<p>Inicio<br \/>\nImediato ap\u00f3s aprova\u00e7\u00e3o<\/p>\n<p>Aulas<br \/>\nAulas gravadas para voc\u00ea ver e rever quantas vezes quiser durante\u00a0um ano<\/p>\n<p>Todas as aulas ser\u00e3o gravadas.<\/p>\n<p>D\u00favidas ser\u00e3o tiradas atrav\u00e9s do e-mail:\u00a0fa.maura@hotmail.com<\/p>\n<p>VIDEO AULA EM PORTUGU\u00caS \u2013 BR<\/p>\n","protected":false},"excerpt":{"rendered":"<p><!-- wp:paragraph --><\/p>\n<p>V\u00eddeo Aula Projeto Mini \u00c1lbum Junino 2024 by Fa Maura, \u00e9 um curso b\u00e1sico, simples e de f\u00e1cil entendimento, direcionado a iniciantes que desejam aprender a criar seus mini \u00e1lbuns do zero para seu uso ou para venda.<\/p>\n<p><!-- \/wp:paragraph --> <!-- wp:paragraph --><\/p>\n<p>Kit Digital\u00a0usado\u00a0<a href=\"https:\/\/famaura.com.br\/home\/produto\/kit-junino-2024\/\">Junino 2024<\/a> n\u00e3o\u00a0Incluso<\/p>\n<p><!-- \/wp:paragraph --> <!-- wp:paragraph --><\/p>\n<p><strong>Inicio\u00a0<\/strong><br \/>\nImediato ap\u00f3s aprova\u00e7\u00e3o<\/p>\n<p><!-- \/wp:paragraph --> <!-- wp:paragraph --><\/p>\n<p><strong>Aulas\u00a0<\/strong><br \/>\nAulas gravadas para voc\u00ea ver e rever quantas vezes quiser durante\u00a0<em><strong>um ano<\/strong><\/em><\/p>\n<p><!-- \/wp:paragraph --> <!-- wp:paragraph --><\/p>\n<p>Todas as aulas ser\u00e3o gravadas.<\/p>\n<p><!-- \/wp:paragraph --> <!-- wp:paragraph --><\/p>\n<p>D\u00favidas ser\u00e3o tiradas atrav\u00e9s do e-mail:\u00a0fa.maura@hotmail.com<\/p>\n<p><!-- \/wp:paragraph --> <!-- wp:paragraph --><\/p>\n<p><em><strong>VIDEO AULA EM PORTUGU\u00caS \u2013 BR\u00a0<\/strong><\/em><\/p>\n<p><!-- \/wp:paragraph --><\/p>\n","protected":false},"featured_media":36283,"comment_status":"open","ping_status":"closed","template":"","meta":{"jetpack_post_was_ever_published":false},"product_brand":[],"product_cat":[1013,33],"product_tag":[],"giftcard-category":[],"class_list":{"0":"post-36280","1":"product","2":"type-product","3":"status-publish","4":"has-post-thumbnail","6":"product_cat-bazaar","7":"product_cat-cursos","9":"first","10":"instock","11":"sale","12":"virtual","13":"purchasable","14":"product-type-simple"},"jetpack_sharing_enabled":true,"_links":{"self":[{"href":"https:\/\/famaura.com.br\/home\/wp-json\/wp\/v2\/product\/36280","targetHints":{"allow":["GET"]}}],"collection":[{"href":"https:\/\/famaura.com.br\/home\/wp-json\/wp\/v2\/product"}],"about":[{"href":"https:\/\/famaura.com.br\/home\/wp-json\/wp\/v2\/types\/product"}],"replies":[{"embeddable":true,"href":"https:\/\/famaura.com.br\/home\/wp-json\/wp\/v2\/comments?post=36280"}],"version-history":[{"count":2,"href":"https:\/\/famaura.com.br\/home\/wp-json\/wp\/v2\/product\/36280\/revisions"}],"predecessor-version":[{"id":36282,"href":"https:\/\/famaura.com.br\/home\/wp-json\/wp\/v2\/product\/36280\/revisions\/36282"}],"wp:featuredmedia":[{"embeddable":true,"href":"https:\/\/famaura.com.br\/home\/wp-json\/wp\/v2\/media\/36283"}],"wp:attachment":[{"href":"https:\/\/famaura.com.br\/home\/wp-json\/wp\/v2\/media?parent=36280"}],"wp:term":[{"taxonomy":"product_brand","embeddable":true,"href":"https:\/\/famaura.com.br\/home\/wp-json\/wp\/v2\/product_brand?post=36280"},{"taxonomy":"product_cat","embeddable":true,"href":"https:\/\/famaura.com.br\/home\/wp-json\/wp\/v2\/product_cat?post=36280"},{"taxonomy":"product_tag","embeddable":true,"href":"https:\/\/famaura.com.br\/home\/wp-json\/wp\/v2\/product_tag?post=36280"},{"taxonomy":"giftcard-category","embeddable":true,"href":"https:\/\/famaura.com.br\/home\/wp-json\/wp\/v2\/giftcard-category?post=36280"}],"curies":[{"name":"wp","href":"https:\/\/api.w.org\/{rel}","templated":true}]}}